{"id":99962,"date":"2024-12-11T12:46:16","date_gmt":"2024-12-11T11:46:16","guid":{"rendered":"https:\/\/deseopatisserie.com\/?post_type=product&#038;p=99962"},"modified":"2025-04-02T15:35:05","modified_gmt":"2025-04-02T13:35:05","slug":"chocolate-halloween-workshop-kids-kopia-kopia","status":"publish","type":"product","link":"https:\/\/deseopatisserie.com\/en\/product\/chocolate-halloween-workshop-kids-kopia-kopia\/","title":{"rendered":"DESEO SOPOT KIDS Chocolate Workshops"},"content":{"rendered":"<p>During the workshops, kids have the opportunity not only to try craft chocolate produced in our Workshop from bean to bar, but also to learn how chocolate is made, how and where cocoa is grown and why. Chocolate is a salad! \ud83d\ude42 Kids will try, taste, create, pack and have a great time! \ud83d\ude42<\/p>\n<h2>What do we do during the workshop?<\/h2>\n<p>\u2022 learning how bean-to-bar chocolate is made, i.e. from cocoa bean to bar<\/p>\n<p>\u2022 stories about cocoa cultivation and cocoa plantations with photos from plantations in Mexico, Costa Rica and Guatemala, which were personally visited by DESEO owners<\/p>\n<p>\u2022 trying different types of chocolate \u2013 not only milk or dry, but also our own chocolates \u2013 we cannot suggest which ones, because one of the children&#8217;s tasks will be to guess what their taste \ud83d\ude42<\/p>\n<p>\u2022 learning the differences between white, milk and dry chocolate<\/p>\n<p>\u2022 learning what a sharpener is and what role it plays in the production of chocolate<\/p>\n<p>\u2022 creating your own bean-to-bar chocolate with toppings selected by your child<\/p>\n<p>\u2022 decorating chocolate \u2013 every child&#8217;s \ud83d\ude42<\/p>\n<p>\u2022 creating your own bean-to-bar chocolate decorated with original chocolate flores \u2013 according to the child&#8217;s idea and invention<\/p>\n<p>\u2022 packaging chocolates in a similar way as at DESEO we pack them every day<\/p>\n<h2><strong>What does each of our Participants get?<\/strong><\/h2>\n<p>\u2022 Samples of different types of chocolate to eat on site<\/p>\n<p>\u2022 chocolate bars \u2013 such as we produce at DESEO \u2013 one of the bars is a bar decorated by the child with various inclusions (additions), the other is chocolate flores \u2013 both chocolates will be professionally packaged \u2013 they can be a souvenir or a gift for loved ones<\/p>\n<p><strong>Duration: 1.5 hours<br \/>\n<\/strong><strong>Price: PLN 125 per child<br \/>\n<\/strong><strong>Minimum age of participant: 5 years<br \/>\n<\/strong><strong>Maximum age: depending on the child <\/strong><strong>\u2013 <\/strong>Classes are open to all children \ud83d\ude42<\/p>\n<p>By definition, children participate in classes alone \ud83d\ude42 For younger children, classes together with their parents are coming soon!<\/p>\n<p><strong>*<\/strong>Note: the minimum group for a given date is 5 people, the maximum is 8 people.<\/p>\n<p>* We reserve the right to cancel the workshop and propose another date if a group of at least 5 children in the case of DESEO Kids workshops and a minimum of 3 pairs Adult + Child in the case of DESEO Babies does not gather for a given time.<\/p>\n<h2><strong>Where does the chocolate workshop take place?<\/strong><\/h2>\n<p>Sopot chocolate workshops take place in  <strong>our showroom at Plac Zdrojowy 2.  <\/strong><\/p>\n<p>Welcome!! \ud83d\ude42<\/p>\n<p>* for organized \/ birthday groups, the minimum group is 8 people<\/p>\n<p>NOTE: After purchasing a workshop for a specific date, it is not possible to postpone the child&#8217;s participation to another date. However, you can transfer\/resell the ticket to another child \ud83d\ude42 <\/p>\n<p>If you have additional questions about the workshop, please write to: contact@deseopatisserie.com<\/p>\n<p>IMPORTANT! We will ask you to arrive 15 minutes before the workshop start time. Before the workshops, the kids change into coats, wash their hands, take their seats \ud83d\ude42 These extra minutes are needed to organize our time \ud83d\ude42 together well  <\/p>\n<p>Enjoy your meal!<\/p>\n","protected":false},"excerpt":{"rendered":"<p><strong><u>Stw\u00f3rz w\u0142asne tabliczki czekolady \u2013 takie jak najbardziej lubisz!<\/u><\/strong>Warsztaty czekoladowe DESEO to cudowna przygoda dedykowana wszystkim Dzieciom, kt\u00f3re kochaj\u0105 czekolad\u0119, a zarazem uwielbiaj\u0105 ciekawe zaj\u0119cia. Ba! Kto nie kocha czekolady i nie lubi ciekawych zaj\u0119\u0107? \ud83d\ude42<\/p>\n<style>.bookero-plugin-header {    background: #bf883b !important;}.calendar-days-list-cell.is-valid , .hours-section .hours-wrapper .hours-list-item {    background: #f4efea !important;    border: 1px solid #bf883b !important;    color: #bf883b !important;}.calendar-days-list-cell.is-selected , .hours-section .hours-wrapper .hours-list-item.is-selected {    background: #bf883b !important;    border-color: #bf883b !important;    color: #fff !important;}.submit-section .submit-button[data-v-1f0e9bc0] {    background: #bf883b !important;    border-radius: 1.5625rem !important;    height: 3.125rem !important;    margin-top: 1.25rem !important;    -webkit-transition: .3s background !important;    transition: .3s background !important;    width: 100% !important;}.submit-section .submit-button[data-v-1f0e9bc0]:hover {    background: #000 !important;}#bookero-plugin {    padding-top: 5px !important;    padding-bottom: 5px !important;    background-color: #f1f1f1 !important;}.is-waiting-list {    cursor: not-allowed !important;}.hours-section .hours-wrapper .hours-list-item.is-waiting-list:after {    background: #e63939 !important;    content: \"lista rezerwowa\" !important;    height: 7px !important;    font-size: 6.5px !important;    color: white !important;    width: 85% !important;}<\/style>\n<div id=\"bookero\"><\/div>\n<p><script type=\"text\/javascript\">var bookero_config = {\n    id: 'tidr1tlWQGo8',\n    container: 'bookero',\n    type: 'calendar',\n    position: '',\n    plugin_css: true,\n    lang: 'pl',\n    custom_config: {use_service_id: 66860}\n  };\n  (function() {\n  var d = document, s = d.createElement('script');\n  s.src = 'https:\/\/cdn.bookero.pl\/plugin\/v2\/js\/bookero-compiled.js';\n  d.body.appendChild(s);\n  })();\n<\/script><\/p>\n","protected":false},"featured_media":82830,"template":"","meta":{"_acf_changed":false},"product_brand":[],"product_cat":[1957],"product_tag":[],"class_list":{"0":"post-99962","1":"product","2":"type-product","3":"status-publish","4":"has-post-thumbnail","6":"product_cat-workshop-en","8":"first","9":"instock","10":"taxable","11":"shipping-taxable","12":"product-type-external"},"acf":[],"yoast_head":"<!-- This site is optimized with the Yoast SEO plugin v27.4 - https:\/\/yoast.com\/product\/yoast-seo-wordpress\/ -->\n<title>DESEO SOPOT KIDS Chocolate Workshops - Cukiernia DESEO Warszawa<\/title>\n<meta name=\"description\" content=\"DESEO SOPOT I Chocolate workshops for children \u2013 create your own chocolate bars \u2013 just the way you like them!\" \/>\n<meta name=\"robots\" content=\"index, follow, max-snippet:-1, max-image-preview:large, max-video-preview:-1\" \/>\n<link rel=\"canonical\" href=\"https:\/\/deseopatisserie.com\/en\/product\/chocolate-halloween-workshop-kids-kopia-kopia\/\" \/>\n<meta property=\"og:locale\" content=\"en_US\" \/>\n<meta property=\"og:type\" content=\"article\" \/>\n<meta property=\"og:title\" content=\"DESEO SOPOT KIDS Chocolate Workshops\" \/>\n<meta property=\"og:description\" content=\"DESEO chocolate workshops are a wonderful adventure dedicated to all children who love chocolate and at the same time love interesting activities. Ba! Who doesn&#039;t love chocolate and doesn&#039;t like interesting activities? \ud83d\ude42\" \/>\n<meta property=\"og:url\" content=\"https:\/\/deseopatisserie.com\/en\/product\/chocolate-halloween-workshop-kids-kopia-kopia\/\" \/>\n<meta property=\"og:site_name\" content=\"DESEO\" \/>\n<meta property=\"article:modified_time\" content=\"2025-04-02T13:35:05+00:00\" \/>\n<meta property=\"og:image\" content=\"https:\/\/deseopatisserie.com\/wp-content\/uploads\/2022\/09\/DESEO-warsztaty-czekoladowe_11-1024x768.jpg\" \/>\n<meta name=\"twitter:card\" content=\"summary_large_image\" \/>\n<meta name=\"twitter:label1\" content=\"Est. reading time\" \/>\n\t<meta name=\"twitter:data1\" content=\"2 minutes\" \/>\n<script type=\"application\/ld+json\" class=\"yoast-schema-graph\">{\"@context\":\"https:\\\/\\\/schema.org\",\"@graph\":[{\"@type\":\"WebPage\",\"@id\":\"https:\\\/\\\/deseopatisserie.com\\\/en\\\/product\\\/chocolate-halloween-workshop-kids-kopia-kopia\\\/\",\"url\":\"https:\\\/\\\/deseopatisserie.com\\\/en\\\/product\\\/chocolate-halloween-workshop-kids-kopia-kopia\\\/\",\"name\":\"DESEO SOPOT KIDS Chocolate Workshops - Cukiernia DESEO Warszawa\",\"isPartOf\":{\"@id\":\"https:\\\/\\\/deseopatisserie.com\\\/en\\\/#website\"},\"primaryImageOfPage\":{\"@id\":\"https:\\\/\\\/deseopatisserie.com\\\/en\\\/product\\\/chocolate-halloween-workshop-kids-kopia-kopia\\\/#primaryimage\"},\"image\":{\"@id\":\"https:\\\/\\\/deseopatisserie.com\\\/en\\\/product\\\/chocolate-halloween-workshop-kids-kopia-kopia\\\/#primaryimage\"},\"thumbnailUrl\":\"https:\\\/\\\/deseopatisserie.com\\\/\\\/wp-content\\\/uploads\\\/2021\\\/09\\\/wwwSKLEP_warsztaty.jpg\",\"datePublished\":\"2024-12-11T11:46:16+00:00\",\"dateModified\":\"2025-04-02T13:35:05+00:00\",\"description\":\"DESEO SOPOT I Chocolate workshops for children \u2013 create your own chocolate bars \u2013 just the way you like them!\",\"breadcrumb\":{\"@id\":\"https:\\\/\\\/deseopatisserie.com\\\/en\\\/product\\\/chocolate-halloween-workshop-kids-kopia-kopia\\\/#breadcrumb\"},\"inLanguage\":\"en-US\",\"potentialAction\":[{\"@type\":\"ReadAction\",\"target\":[\"https:\\\/\\\/deseopatisserie.com\\\/en\\\/product\\\/chocolate-halloween-workshop-kids-kopia-kopia\\\/\"]}]},{\"@type\":\"ImageObject\",\"inLanguage\":\"en-US\",\"@id\":\"https:\\\/\\\/deseopatisserie.com\\\/en\\\/product\\\/chocolate-halloween-workshop-kids-kopia-kopia\\\/#primaryimage\",\"url\":\"https:\\\/\\\/deseopatisserie.com\\\/\\\/wp-content\\\/uploads\\\/2021\\\/09\\\/wwwSKLEP_warsztaty.jpg\",\"contentUrl\":\"https:\\\/\\\/deseopatisserie.com\\\/\\\/wp-content\\\/uploads\\\/2021\\\/09\\\/wwwSKLEP_warsztaty.jpg\",\"width\":1357,\"height\":974},{\"@type\":\"BreadcrumbList\",\"@id\":\"https:\\\/\\\/deseopatisserie.com\\\/en\\\/product\\\/chocolate-halloween-workshop-kids-kopia-kopia\\\/#breadcrumb\",\"itemListElement\":[{\"@type\":\"ListItem\",\"position\":1,\"name\":\"Strona g\u0142\u00f3wna\",\"item\":\"https:\\\/\\\/deseopatisserie.com\\\/en\\\/\"},{\"@type\":\"ListItem\",\"position\":2,\"name\":\"DESEO SOPOT KIDS Chocolate Workshops\"}]},{\"@type\":\"WebSite\",\"@id\":\"https:\\\/\\\/deseopatisserie.com\\\/en\\\/#website\",\"url\":\"https:\\\/\\\/deseopatisserie.com\\\/en\\\/\",\"name\":\"DESEO\",\"description\":\"Patisserie &amp; Chocolaterie\",\"potentialAction\":[{\"@type\":\"SearchAction\",\"target\":{\"@type\":\"EntryPoint\",\"urlTemplate\":\"https:\\\/\\\/deseopatisserie.com\\\/en\\\/?s={search_term_string}\"},\"query-input\":{\"@type\":\"PropertyValueSpecification\",\"valueRequired\":true,\"valueName\":\"search_term_string\"}}],\"inLanguage\":\"en-US\"}]}<\/script>\n<!-- \/ Yoast SEO plugin. -->","yoast_head_json":{"title":"DESEO SOPOT KIDS Chocolate Workshops - Cukiernia DESEO Warszawa","description":"DESEO SOPOT I Chocolate workshops for children \u2013 create your own chocolate bars \u2013 just the way you like them!","robots":{"index":"index","follow":"follow","max-snippet":"max-snippet:-1","max-image-preview":"max-image-preview:large","max-video-preview":"max-video-preview:-1"},"canonical":"https:\/\/deseopatisserie.com\/en\/product\/chocolate-halloween-workshop-kids-kopia-kopia\/","og_locale":"en_US","og_type":"article","og_title":"DESEO SOPOT KIDS Chocolate Workshops","og_description":"DESEO chocolate workshops are a wonderful adventure dedicated to all children who love chocolate and at the same time love interesting activities. Ba! Who doesn't love chocolate and doesn't like interesting activities? \ud83d\ude42","og_url":"https:\/\/deseopatisserie.com\/en\/product\/chocolate-halloween-workshop-kids-kopia-kopia\/","og_site_name":"DESEO","article_modified_time":"2025-04-02T13:35:05+00:00","og_image":[{"url":"https:\/\/deseopatisserie.com\/wp-content\/uploads\/2022\/09\/DESEO-warsztaty-czekoladowe_11-1024x768.jpg","type":"","width":"","height":""}],"twitter_card":"summary_large_image","twitter_misc":{"Est. reading time":"2 minutes"},"schema":{"@context":"https:\/\/schema.org","@graph":[{"@type":"WebPage","@id":"https:\/\/deseopatisserie.com\/en\/product\/chocolate-halloween-workshop-kids-kopia-kopia\/","url":"https:\/\/deseopatisserie.com\/en\/product\/chocolate-halloween-workshop-kids-kopia-kopia\/","name":"DESEO SOPOT KIDS Chocolate Workshops - Cukiernia DESEO Warszawa","isPartOf":{"@id":"https:\/\/deseopatisserie.com\/en\/#website"},"primaryImageOfPage":{"@id":"https:\/\/deseopatisserie.com\/en\/product\/chocolate-halloween-workshop-kids-kopia-kopia\/#primaryimage"},"image":{"@id":"https:\/\/deseopatisserie.com\/en\/product\/chocolate-halloween-workshop-kids-kopia-kopia\/#primaryimage"},"thumbnailUrl":"https:\/\/deseopatisserie.com\/\/wp-content\/uploads\/2021\/09\/wwwSKLEP_warsztaty.jpg","datePublished":"2024-12-11T11:46:16+00:00","dateModified":"2025-04-02T13:35:05+00:00","description":"DESEO SOPOT I Chocolate workshops for children \u2013 create your own chocolate bars \u2013 just the way you like them!","breadcrumb":{"@id":"https:\/\/deseopatisserie.com\/en\/product\/chocolate-halloween-workshop-kids-kopia-kopia\/#breadcrumb"},"inLanguage":"en-US","potentialAction":[{"@type":"ReadAction","target":["https:\/\/deseopatisserie.com\/en\/product\/chocolate-halloween-workshop-kids-kopia-kopia\/"]}]},{"@type":"ImageObject","inLanguage":"en-US","@id":"https:\/\/deseopatisserie.com\/en\/product\/chocolate-halloween-workshop-kids-kopia-kopia\/#primaryimage","url":"https:\/\/deseopatisserie.com\/\/wp-content\/uploads\/2021\/09\/wwwSKLEP_warsztaty.jpg","contentUrl":"https:\/\/deseopatisserie.com\/\/wp-content\/uploads\/2021\/09\/wwwSKLEP_warsztaty.jpg","width":1357,"height":974},{"@type":"BreadcrumbList","@id":"https:\/\/deseopatisserie.com\/en\/product\/chocolate-halloween-workshop-kids-kopia-kopia\/#breadcrumb","itemListElement":[{"@type":"ListItem","position":1,"name":"Strona g\u0142\u00f3wna","item":"https:\/\/deseopatisserie.com\/en\/"},{"@type":"ListItem","position":2,"name":"DESEO SOPOT KIDS Chocolate Workshops"}]},{"@type":"WebSite","@id":"https:\/\/deseopatisserie.com\/en\/#website","url":"https:\/\/deseopatisserie.com\/en\/","name":"DESEO","description":"Patisserie &amp; Chocolaterie","potentialAction":[{"@type":"SearchAction","target":{"@type":"EntryPoint","urlTemplate":"https:\/\/deseopatisserie.com\/en\/?s={search_term_string}"},"query-input":{"@type":"PropertyValueSpecification","valueRequired":true,"valueName":"search_term_string"}}],"inLanguage":"en-US"}]}},"_links":{"self":[{"href":"https:\/\/deseopatisserie.com\/en\/wp-json\/wp\/v2\/product\/99962","targetHints":{"allow":["GET"]}}],"collection":[{"href":"https:\/\/deseopatisserie.com\/en\/wp-json\/wp\/v2\/product"}],"about":[{"href":"https:\/\/deseopatisserie.com\/en\/wp-json\/wp\/v2\/types\/product"}],"wp:featuredmedia":[{"embeddable":true,"href":"https:\/\/deseopatisserie.com\/en\/wp-json\/wp\/v2\/media\/82830"}],"wp:attachment":[{"href":"https:\/\/deseopatisserie.com\/en\/wp-json\/wp\/v2\/media?parent=99962"}],"wp:term":[{"taxonomy":"product_brand","embeddable":true,"href":"https:\/\/deseopatisserie.com\/en\/wp-json\/wp\/v2\/product_brand?post=99962"},{"taxonomy":"product_cat","embeddable":true,"href":"https:\/\/deseopatisserie.com\/en\/wp-json\/wp\/v2\/product_cat?post=99962"},{"taxonomy":"product_tag","embeddable":true,"href":"https:\/\/deseopatisserie.com\/en\/wp-json\/wp\/v2\/product_tag?post=99962"}],"curies":[{"name":"wp","href":"https:\/\/api.w.org\/{rel}","templated":true}]}}