{"id":97257,"date":"2024-11-15T14:44:06","date_gmt":"2024-11-15T13:44:06","guid":{"rendered":"https:\/\/deseopatisserie.com\/?post_type=product&#038;p=97257"},"modified":"2025-04-02T15:34:36","modified_gmt":"2025-04-02T13:34:36","slug":"chocolate-halloween-workshop-kids-kopia","status":"publish","type":"product","link":"https:\/\/deseopatisserie.com\/en\/product\/chocolate-halloween-workshop-kids-kopia\/","title":{"rendered":"DESEO Chocolate Workshops CHRISTMAS 2024 &#8211; KIDS"},"content":{"rendered":"<p>This time we invite you to a UNIQUE CHOCOLATE WORKSHOP! We organize Christmas Workshops only a few times a year, so&#8230; Don&#8217;t hesitate! <\/p>\n<p>During the Christmas Chocolate Workshops, kids have the opportunity not only to try craft chocolate made in our Workshop from bean to bar, learn how chocolate is made, how and where cocoa is grown, but they will also create CHRISTMAS SWEETS! During the workshops, they will prepare their own chocolate \u2013 ATTENTION! In the shape of a CHRISTMAS TREE! And then decorate the Santa Cap cake, which you will be able to buy at DESEO for Christmas!   <\/p>\n<p>Kids will try, taste, create, create and have a great time!<\/p>\n<p>&nbsp;<\/p>\n<h2><strong>What do we do during the CHRISTMAS Chocolate Workshops?<\/strong><\/h2>\n<ul style=\"list-style: disc !important;\">\n<li>For starters, learn how bean-to-bar chocolate is made, that is, from cocoa bean to bar<\/li>\n<li>stories about cocoa cultivation and cocoa plantations, along with photos from plantations in Mexico, Costa Rica and Guatemala that DESEO&#8217;s Owners have personally visited &#8211; yes, we&#8217;ll be tasting cocoa beans, too!<\/li>\n<li>trying different types of chocolate &#8211; not only milk or dry chocolate, but also our own chocolates &#8211; we won&#8217;t say which ones, it&#8217;s up to the kids to guess the flavors! Apparently, one raises very extreme opinions! <\/li>\n<li>learning about the differences between white chocolate, milk chocolate and dry chocolate<\/li>\n<li>learning what a sharpener is and its role in making chocolates<\/li>\n<li>creating CHRISTMAS CHOCOLATE according to your own idea!<\/li>\n<li>decorating chocolate with Christmas accessories \u2013 every child&#8217;s favorite task! There will be multi-coloured Christmas sprinkles \u2013 stars, snowballs, Christmas trees, pearls, Christmas jelly beans, marshmallows and pretzels. <\/li>\n<li>Wrapping chocolates in Christmas packaging \u2013 it can turn out to be the perfect edible gift<\/li>\n<li>decorating Christmas MONOPORTIONS \u2013 SANTA CAP! Santa Cap have been with us since 2016! Santa Cap Cookie is our Christmas bestseller. This adorable Santa hat contains milk chocolate mousse, cinnamon caramel, jelly with fresh pear, crunchy hazelnut crisp and sponge cake with pieces of giandui and pear in syrup.   <\/li>\n<\/ul>\n<p>How will children decorate them? Children will first glue coconut flakes on the previously prepared hoop and pompom, and then glue decorations to the cookie so that it will create a one-of-a-kind SANTA HAT! <\/p>\n<p>&nbsp;<\/p>\n<h2><strong>What does each of our Participants get?<\/strong><\/h2>\n<ol style=\"list-style: decimal !important;\">\n<li>samples of different types of chocolate to eat on the spot<\/li>\n<li>a bean-to-bar chocolate bar in the shape of a CHRISTMAS TREE decorated with Christmas accessories \u2013 you can eat it, you can give it wrapped to someone close to you as a gift!<\/li>\n<li>Santa Cap Christmas cookie. To eat or as a gift for your loved ones! <\/li>\n<\/ol>\n<p>&nbsp;<\/p>\n<p><strong>Duration: about 90 min<br \/>\nPrice: PLN 125 per child<br \/>\nMinimum age of participant: 5 years Maximum<br \/>\n<\/strong><strong>age: depending on the child <\/strong><strong>&#8211; <\/strong>The classes are open to all children \ud83d\ude42<\/p>\n<p>By definition, children participate in classes alone \ud83d\ude42<br \/>\nFor younger children <a href=\"https:\/\/deseopatisserie.com\/en\/?post_type=product&#038;p=102008\">, classes can be found here<\/a>.<\/p>\n<p>&nbsp;<\/p>\n<h2><strong>Where does the chocolate workshop take place?<\/strong><\/h2>\n<p>All chocolate workshops are held in  <strong>Our showroom at 3 Suwak Street in Warsaw&#8217;s Mokotow district <\/strong>. This is where our Studio is located, so additionally children can see through the glass at work our Confectioners. The place on the Suwak has additionally quite a travel character &#8211; you can see the jute bags in which the cocoa beans arrive to us (and coffee too!), and the bar is located in a large container &#8211; the same as the products arrive to Europe from, for example, India, Madagascar or the Dominican Republic. But we&#8217;ll tell you more about it during the workshop! \ud83d\ude42<\/p>\n<p>Welcome!! \ud83d\ude42<\/p>\n<p><strong>*Note<\/strong>: the minimum group for a given date is 5 people, the maximum is 12 people.<\/p>\n<p>* for organized \/ birthday groups, the minimum group is 8 people<\/p>\n<p><strong>NOTE:<\/strong> After purchasing a workshop for a specific date, it is not possible to postpone the child&#8217;s participation to another date. However, you can transfer\/resell the ticket to another child \ud83d\ude42 <\/p>\n<p>&nbsp;<\/p>\n<p>If you have additional questions about the workshop, please write to: contact@deseopatisserie.com<\/p>\n<p>&nbsp;<\/p>\n<p>IMPORTANT! We will ask you to arrive 15 minutes before the workshop start time. Before the workshops, the kids change into coats, wash their hands, take their seats \ud83d\ude42 These extra minutes are needed to organize our time \ud83d\ude42 together well  <\/p>\n<p>Enjoy your meal!<\/p>\n","protected":false},"excerpt":{"rendered":"<p><strong><u>Specjalne warsztaty \u015aWI\u0104TECZNE!<\/u><\/strong>Warsztaty czekoladowe DESEO to cudowna przygoda dedykowana wszystkim Dzieciom, kt\u00f3re kochaj\u0105 czekolad\u0119, a zarazem uwielbiaj\u0105 ciekawe zaj\u0119cia. Ba! Kto nie kocha czekolady i nie lubi ciekawych zaj\u0119\u0107? \ud83d\ude42<\/p>\n<style>.bookero-plugin-header {    background: #bf883b !important;}.calendar-days-list-cell.is-valid , .hours-section .hours-wrapper .hours-list-item {    background: #f4efea !important;    border: 1px solid #bf883b !important;    color: #bf883b !important;}.calendar-days-list-cell.is-selected , .hours-section .hours-wrapper .hours-list-item.is-selected {    background: #bf883b !important;    border-color: #bf883b !important;    color: #fff !important;}.submit-section .submit-button[data-v-1f0e9bc0] {    background: #bf883b !important;    border-radius: 1.5625rem !important;    height: 3.125rem !important;    margin-top: 1.25rem !important;    -webkit-transition: .3s background !important;    transition: .3s background !important;    width: 100% !important;}.submit-section .submit-button[data-v-1f0e9bc0]:hover {    background: #000 !important;}#bookero-plugin {    padding-top: 5px !important;    padding-bottom: 5px !important;    background-color: #f1f1f1 !important;}.is-waiting-list {    cursor: not-allowed !important;}.hours-section .hours-wrapper .hours-list-item.is-waiting-list:after {    background: #e63939 !important;    content: \"lista rezerwowa\" !important;    height: 7px !important;    font-size: 6.5px !important;    color: white !important;    width: 85% !important;}<\/style>\n<div id=\"bookero\"><\/div>\n<p><script type=\"text\/javascript\">var bookero_config = {\n    id: 'tidr1tlWQGo8',\n    container: 'bookero',\n    type: 'calendar',\n    position: '',\n    plugin_css: true,\n    lang: 'pl',\n    custom_config: {use_service_id: 65869}\n  };\n  (function() {\n  var d = document, s = d.createElement('script');\n  s.src = 'https:\/\/cdn.bookero.pl\/plugin\/v2\/js\/bookero-compiled.js';\n  d.body.appendChild(s);\n  })();\n<\/script><\/p>\n","protected":false},"featured_media":83060,"template":"","meta":{"_acf_changed":false},"product_brand":[],"product_cat":[1957],"product_tag":[],"class_list":{"0":"post-97257","1":"product","2":"type-product","3":"status-publish","4":"has-post-thumbnail","6":"product_cat-workshop-en","8":"first","9":"instock","10":"taxable","11":"shipping-taxable","12":"product-type-external"},"acf":[],"yoast_head":"<!-- This site is optimized with the Yoast SEO plugin v27.5 - https:\/\/yoast.com\/product\/yoast-seo-wordpress\/ -->\n<title>DESEO Chocolate Workshops CHRISTMAS 2024 - KIDS - Cukiernia DESEO Warszawa<\/title>\n<meta name=\"description\" content=\"Chocolate workshop for kids - make your own chocolate bars - just the way you like them!\" \/>\n<meta name=\"robots\" content=\"index, follow, max-snippet:-1, max-image-preview:large, max-video-preview:-1\" \/>\n<link rel=\"canonical\" href=\"https:\/\/deseopatisserie.com\/en\/product\/chocolate-halloween-workshop-kids-kopia\/\" \/>\n<meta property=\"og:locale\" content=\"en_US\" \/>\n<meta property=\"og:type\" content=\"article\" \/>\n<meta property=\"og:title\" content=\"DESEO Chocolate Workshops CHRISTMAS 2024 - KIDS - Cukiernia DESEO Warszawa\" \/>\n<meta property=\"og:description\" content=\"Chocolate workshop for kids - make your own chocolate bars - just the way you like them!\" \/>\n<meta property=\"og:url\" content=\"https:\/\/deseopatisserie.com\/en\/product\/chocolate-halloween-workshop-kids-kopia\/\" \/>\n<meta property=\"og:site_name\" content=\"DESEO\" \/>\n<meta property=\"article:modified_time\" content=\"2025-04-02T13:34:36+00:00\" \/>\n<meta property=\"og:image\" content=\"https:\/\/deseopatisserie.com\/\/wp-content\/uploads\/2020\/11\/004A8442.jpg\" \/>\n\t<meta property=\"og:image:width\" content=\"2000\" \/>\n\t<meta property=\"og:image:height\" content=\"1333\" \/>\n\t<meta property=\"og:image:type\" content=\"image\/jpeg\" \/>\n<meta name=\"twitter:card\" content=\"summary_large_image\" \/>\n<meta name=\"twitter:label1\" content=\"Est. reading time\" \/>\n\t<meta name=\"twitter:data1\" content=\"3 minutes\" \/>\n<script type=\"application\/ld+json\" class=\"yoast-schema-graph\">{\"@context\":\"https:\\\/\\\/schema.org\",\"@graph\":[{\"@type\":\"WebPage\",\"@id\":\"https:\\\/\\\/deseopatisserie.com\\\/en\\\/product\\\/chocolate-halloween-workshop-kids-kopia\\\/\",\"url\":\"https:\\\/\\\/deseopatisserie.com\\\/en\\\/product\\\/chocolate-halloween-workshop-kids-kopia\\\/\",\"name\":\"DESEO Chocolate Workshops CHRISTMAS 2024 - KIDS - Cukiernia DESEO Warszawa\",\"isPartOf\":{\"@id\":\"https:\\\/\\\/deseopatisserie.com\\\/en\\\/#website\"},\"primaryImageOfPage\":{\"@id\":\"https:\\\/\\\/deseopatisserie.com\\\/en\\\/product\\\/chocolate-halloween-workshop-kids-kopia\\\/#primaryimage\"},\"image\":{\"@id\":\"https:\\\/\\\/deseopatisserie.com\\\/en\\\/product\\\/chocolate-halloween-workshop-kids-kopia\\\/#primaryimage\"},\"thumbnailUrl\":\"https:\\\/\\\/deseopatisserie.com\\\/\\\/wp-content\\\/uploads\\\/2020\\\/11\\\/004A8442.jpg\",\"datePublished\":\"2024-11-15T13:44:06+00:00\",\"dateModified\":\"2025-04-02T13:34:36+00:00\",\"description\":\"Chocolate workshop for kids - make your own chocolate bars - just the way you like them!\",\"breadcrumb\":{\"@id\":\"https:\\\/\\\/deseopatisserie.com\\\/en\\\/product\\\/chocolate-halloween-workshop-kids-kopia\\\/#breadcrumb\"},\"inLanguage\":\"en-US\",\"potentialAction\":[{\"@type\":\"ReadAction\",\"target\":[\"https:\\\/\\\/deseopatisserie.com\\\/en\\\/product\\\/chocolate-halloween-workshop-kids-kopia\\\/\"]}]},{\"@type\":\"ImageObject\",\"inLanguage\":\"en-US\",\"@id\":\"https:\\\/\\\/deseopatisserie.com\\\/en\\\/product\\\/chocolate-halloween-workshop-kids-kopia\\\/#primaryimage\",\"url\":\"https:\\\/\\\/deseopatisserie.com\\\/\\\/wp-content\\\/uploads\\\/2020\\\/11\\\/004A8442.jpg\",\"contentUrl\":\"https:\\\/\\\/deseopatisserie.com\\\/\\\/wp-content\\\/uploads\\\/2020\\\/11\\\/004A8442.jpg\",\"width\":2000,\"height\":1333},{\"@type\":\"BreadcrumbList\",\"@id\":\"https:\\\/\\\/deseopatisserie.com\\\/en\\\/product\\\/chocolate-halloween-workshop-kids-kopia\\\/#breadcrumb\",\"itemListElement\":[{\"@type\":\"ListItem\",\"position\":1,\"name\":\"Strona g\u0142\u00f3wna\",\"item\":\"https:\\\/\\\/deseopatisserie.com\\\/en\\\/\"},{\"@type\":\"ListItem\",\"position\":2,\"name\":\"DESEO Chocolate Workshops CHRISTMAS 2024 &#8211; KIDS\"}]},{\"@type\":\"WebSite\",\"@id\":\"https:\\\/\\\/deseopatisserie.com\\\/en\\\/#website\",\"url\":\"https:\\\/\\\/deseopatisserie.com\\\/en\\\/\",\"name\":\"DESEO\",\"description\":\"Patisserie &amp; Chocolaterie\",\"potentialAction\":[{\"@type\":\"SearchAction\",\"target\":{\"@type\":\"EntryPoint\",\"urlTemplate\":\"https:\\\/\\\/deseopatisserie.com\\\/en\\\/?s={search_term_string}\"},\"query-input\":{\"@type\":\"PropertyValueSpecification\",\"valueRequired\":true,\"valueName\":\"search_term_string\"}}],\"inLanguage\":\"en-US\"}]}<\/script>\n<!-- \/ Yoast SEO plugin. -->","yoast_head_json":{"title":"DESEO Chocolate Workshops CHRISTMAS 2024 - KIDS - Cukiernia DESEO Warszawa","description":"Chocolate workshop for kids - make your own chocolate bars - just the way you like them!","robots":{"index":"index","follow":"follow","max-snippet":"max-snippet:-1","max-image-preview":"max-image-preview:large","max-video-preview":"max-video-preview:-1"},"canonical":"https:\/\/deseopatisserie.com\/en\/product\/chocolate-halloween-workshop-kids-kopia\/","og_locale":"en_US","og_type":"article","og_title":"DESEO Chocolate Workshops CHRISTMAS 2024 - KIDS - Cukiernia DESEO Warszawa","og_description":"Chocolate workshop for kids - make your own chocolate bars - just the way you like them!","og_url":"https:\/\/deseopatisserie.com\/en\/product\/chocolate-halloween-workshop-kids-kopia\/","og_site_name":"DESEO","article_modified_time":"2025-04-02T13:34:36+00:00","og_image":[{"width":2000,"height":1333,"url":"https:\/\/deseopatisserie.com\/\/wp-content\/uploads\/2020\/11\/004A8442.jpg","type":"image\/jpeg"}],"twitter_card":"summary_large_image","twitter_misc":{"Est. reading time":"3 minutes"},"schema":{"@context":"https:\/\/schema.org","@graph":[{"@type":"WebPage","@id":"https:\/\/deseopatisserie.com\/en\/product\/chocolate-halloween-workshop-kids-kopia\/","url":"https:\/\/deseopatisserie.com\/en\/product\/chocolate-halloween-workshop-kids-kopia\/","name":"DESEO Chocolate Workshops CHRISTMAS 2024 - KIDS - Cukiernia DESEO Warszawa","isPartOf":{"@id":"https:\/\/deseopatisserie.com\/en\/#website"},"primaryImageOfPage":{"@id":"https:\/\/deseopatisserie.com\/en\/product\/chocolate-halloween-workshop-kids-kopia\/#primaryimage"},"image":{"@id":"https:\/\/deseopatisserie.com\/en\/product\/chocolate-halloween-workshop-kids-kopia\/#primaryimage"},"thumbnailUrl":"https:\/\/deseopatisserie.com\/\/wp-content\/uploads\/2020\/11\/004A8442.jpg","datePublished":"2024-11-15T13:44:06+00:00","dateModified":"2025-04-02T13:34:36+00:00","description":"Chocolate workshop for kids - make your own chocolate bars - just the way you like them!","breadcrumb":{"@id":"https:\/\/deseopatisserie.com\/en\/product\/chocolate-halloween-workshop-kids-kopia\/#breadcrumb"},"inLanguage":"en-US","potentialAction":[{"@type":"ReadAction","target":["https:\/\/deseopatisserie.com\/en\/product\/chocolate-halloween-workshop-kids-kopia\/"]}]},{"@type":"ImageObject","inLanguage":"en-US","@id":"https:\/\/deseopatisserie.com\/en\/product\/chocolate-halloween-workshop-kids-kopia\/#primaryimage","url":"https:\/\/deseopatisserie.com\/\/wp-content\/uploads\/2020\/11\/004A8442.jpg","contentUrl":"https:\/\/deseopatisserie.com\/\/wp-content\/uploads\/2020\/11\/004A8442.jpg","width":2000,"height":1333},{"@type":"BreadcrumbList","@id":"https:\/\/deseopatisserie.com\/en\/product\/chocolate-halloween-workshop-kids-kopia\/#breadcrumb","itemListElement":[{"@type":"ListItem","position":1,"name":"Strona g\u0142\u00f3wna","item":"https:\/\/deseopatisserie.com\/en\/"},{"@type":"ListItem","position":2,"name":"DESEO Chocolate Workshops CHRISTMAS 2024 &#8211; KIDS"}]},{"@type":"WebSite","@id":"https:\/\/deseopatisserie.com\/en\/#website","url":"https:\/\/deseopatisserie.com\/en\/","name":"DESEO","description":"Patisserie &amp; Chocolaterie","potentialAction":[{"@type":"SearchAction","target":{"@type":"EntryPoint","urlTemplate":"https:\/\/deseopatisserie.com\/en\/?s={search_term_string}"},"query-input":{"@type":"PropertyValueSpecification","valueRequired":true,"valueName":"search_term_string"}}],"inLanguage":"en-US"}]}},"_links":{"self":[{"href":"https:\/\/deseopatisserie.com\/en\/wp-json\/wp\/v2\/product\/97257","targetHints":{"allow":["GET"]}}],"collection":[{"href":"https:\/\/deseopatisserie.com\/en\/wp-json\/wp\/v2\/product"}],"about":[{"href":"https:\/\/deseopatisserie.com\/en\/wp-json\/wp\/v2\/types\/product"}],"wp:featuredmedia":[{"embeddable":true,"href":"https:\/\/deseopatisserie.com\/en\/wp-json\/wp\/v2\/media\/83060"}],"wp:attachment":[{"href":"https:\/\/deseopatisserie.com\/en\/wp-json\/wp\/v2\/media?parent=97257"}],"wp:term":[{"taxonomy":"product_brand","embeddable":true,"href":"https:\/\/deseopatisserie.com\/en\/wp-json\/wp\/v2\/product_brand?post=97257"},{"taxonomy":"product_cat","embeddable":true,"href":"https:\/\/deseopatisserie.com\/en\/wp-json\/wp\/v2\/product_cat?post=97257"},{"taxonomy":"product_tag","embeddable":true,"href":"https:\/\/deseopatisserie.com\/en\/wp-json\/wp\/v2\/product_tag?post=97257"}],"curies":[{"name":"wp","href":"https:\/\/api.w.org\/{rel}","templated":true}]}}