{"id":90127,"date":"2022-02-21T13:59:05","date_gmt":"2022-02-21T12:59:05","guid":{"rendered":"https:\/\/deseopatisserie.com\/produkt\/deseo-kids-chocolate-workshop-ages-5-and-up\/"},"modified":"2025-04-02T15:46:07","modified_gmt":"2025-04-02T13:46:07","slug":"deseo-kids-chocolate-workshop-ages-5-and-up","status":"publish","type":"product","link":"https:\/\/deseopatisserie.com\/en\/product\/deseo-kids-chocolate-workshop-ages-5-and-up\/","title":{"rendered":"DESEO KIDS Chocolate Workshop &#8211; ages 5 and up"},"content":{"rendered":"<p>During the workshop, kids not only have the opportunity to taste kraft chocolate made in our Studio from seed to bar, but also learn how chocolate is made, how and where cocoa is grown and why&#8230;. chocolate is a salad! \ud83d\ude42 Kids will try, taste, create, package and have fun! \ud83d\ude42<\/p>\n<p>&nbsp;<\/p>\n<h2>What do we do during the workshop?<\/h2>\n<ul style=\"list-style: disc !important;\">\n<li>learning how bean-to-bar chocolate is made, that is, from cocoa bean to bar<\/li>\n<li>stories about cocoa cultivation and cocoa plantations, along with photos from plantations in Mexico, Costa Rica and Guatemala, which were personally visited by DESEO Owners<\/li>\n<li>trying different types of chocolates &#8211; not only milk or dry chocolate, but also our own chocolates &#8211; we can&#8217;t hint at which ones, because one of the children&#8217;s tasks will be to guess what they taste like \ud83d\ude42<\/li>\n<li>learning about the differences between white chocolate, milk chocolate and dry chocolate<\/li>\n<li>learning what a sharpener is and its role in making chocolate<\/li>\n<li>Creating your own bean-to-bar chocolate with toppings of your child&#8217;s choice<\/li>\n<li>Decorating chocolate &#8211; every Child&#8217;s favorite task \ud83d\ude42<\/li>\n<li>creation of own bean-to-bar chocolate decorated in author&#8217;s chocolate escapes &#8211; according to Child&#8217;s idea and invention<\/li>\n<li>packing chocolates in a similar way to the way we pack them at DESEO every day<\/li>\n<\/ul>\n<h2><\/h2>\n<h2><strong>What does each of our Participants get?<\/strong><\/h2>\n<ol style=\"list-style: decimal !important;\">\n<li>samples of different types of chocolate to eat on the spot<\/li>\n<li>chocolate bars \u2013 such as we produce at DESEO \u2013 one of the bars is a bar decorated by the child with various inclusions (additions), the other is chocolate flores \u2013 both chocolates will be professionally packaged \u2013 they can be a souvenir or a gift for loved ones<\/li>\n<\/ol>\n<p>&nbsp;<\/p>\n<p><strong>Duration: 1.5 hours<br \/>\n<\/strong><strong>Price: PLN 125 per child<br \/>\n<\/strong><strong>Minimum age of participant: 5 years<br \/>\n<\/strong><strong>Maximum age: depending on the child <\/strong><strong>&#8211; <\/strong>Classes are open to all children \ud83d\ude42<br \/>\nWe are also planning a Chocolate Workshop for adults \u2013 more information will be available soon \ud83d\ude42<\/p>\n<p>By definition, children participate in classes alone \ud83d\ude42 For younger children, classes together with parents are coming soon!<\/p>\n<p><strong>*<\/strong>Note: the minimum group for a given date is 5 people, the maximum is 12 people.<\/p>\n<p>* We reserve the right to cancel the workshop and propose another date if a group of at least 5 children in the case of DESEO Kids workshops and a minimum of 3 pairs Adult + Child in the case of DESEO Babies does not gather for a given time.<\/p>\n<h2><strong>Where does the chocolate workshop take place?<\/strong><\/h2>\n<p>&nbsp;<\/p>\n<p>All chocolate workshops are held in  <strong>Our showroom at 3 Suwak Street in Warsaw&#8217;s Mokotow district <\/strong>. This is where our Workshop is located, so in addition, children can see our confectioners at work through the glass. The restaurant on Suwak also has a rather travel-like character \u2013 you can see jute bags in which cocoa beans arrive (and coffees as well!), and the bar is located in a large container \u2013 just like products from India, Madagascar or the Dominican Republic arrive in Europe. But we will tell you about it during the workshops! \ud83d\ude42    <\/p>\n<p>Welcome!! \ud83d\ude42 <\/p>\n<p>* for organized \/ birthday groups, the minimum group is 8 people<\/p>\n<p>NOTE: Once you purchase a workshop for a specific date, it is not possible to postpone your Child&#8217;s participation to another date. However, you can transfer \/ resell the ticket to another Child \ud83d\ude42 <\/p>\n<p>&nbsp;<\/p>\n<p>If you have additional questions about the workshop, please write to: contact@deseopatisserie.com<\/p>\n<p>&nbsp;<\/p>\n<p>IMPORTANT! We will ask you to arrive 15 minutes before the workshop start time. Before the workshops, the kids change into coats, wash their hands, take their seats \ud83d\ude42 These extra minutes are needed to organize our time together \ud83d\ude42  <\/p>\n<p>Enjoy your meal!<\/p>\n","protected":false},"excerpt":{"rendered":"<p><strong><u>Stw\u00f3rz w\u0142asne tabliczki czekolady \u2013 takie jak najbardziej lubisz!<\/u><\/strong>Warsztaty czekoladowe DESEO to cudowna przygoda dedykowana wszystkim Dzieciom, kt\u00f3re kochaj\u0105 czekolad\u0119, a zarazem uwielbiaj\u0105 ciekawe zaj\u0119cia. Ba! Kto nie kocha czekolady i nie lubi ciekawych zaj\u0119\u0107? \ud83d\ude42<\/p>\n<style>.bookero-plugin-header {    background: #bf883b !important;}.calendar-days-list-cell.is-valid , .hours-section .hours-wrapper .hours-list-item {    background: #f4efea !important;    border: 1px solid #bf883b !important;    color: #bf883b !important;}.calendar-days-list-cell.is-selected , .hours-section .hours-wrapper .hours-list-item.is-selected {    background: #bf883b !important;    border-color: #bf883b !important;    color: #fff !important;}.submit-section .submit-button[data-v-1f0e9bc0] {    background: #bf883b !important;    border-radius: 1.5625rem !important;    height: 3.125rem !important;    margin-top: 1.25rem !important;    -webkit-transition: .3s background !important;    transition: .3s background !important;    width: 100% !important;}.submit-section .submit-button[data-v-1f0e9bc0]:hover {    background: #000 !important;}#bookero-plugin {    padding-top: 5px !important;    padding-bottom: 5px !important;    background-color: #f1f1f1 !important;}.is-waiting-list {    cursor: not-allowed !important;}.hours-section .hours-wrapper .hours-list-item.is-waiting-list:after {    background: #e63939 !important;    content: \"lista rezerwowa\" !important;    height: 7px !important;    font-size: 6.5px !important;    color: white !important;    width: 85% !important;}<\/style>\n<div id=\"bookero\"><\/div>\n<p><script type=\"text\/javascript\">var bookero_config = {\n    id: 'tidr1tlWQGo8',\n    container: 'bookero',\n    type: 'calendar',\n    position: '',\n    plugin_css: true,\n    lang: 'pl',\n    custom_config: {use_service_id: 24804}\n  };\n  (function() {\n  var d = document, s = d.createElement('script');\n  s.src = 'https:\/\/cdn.bookero.pl\/plugin\/v2\/js\/bookero-compiled.js';\n  d.body.appendChild(s);\n  })();\n<\/script><\/p>\n","protected":false},"featured_media":82788,"template":"","meta":{"_acf_changed":false},"product_brand":[],"product_cat":[1957],"product_tag":[],"class_list":{"0":"post-90127","1":"product","2":"type-product","3":"status-publish","4":"has-post-thumbnail","6":"product_cat-workshop-en","8":"first","9":"instock","10":"taxable","11":"shipping-taxable","12":"product-type-external"},"acf":[],"yoast_head":"<!-- This site is optimized with the Yoast SEO plugin v27.4 - https:\/\/yoast.com\/product\/yoast-seo-wordpress\/ -->\n<title>DESEO KIDS Chocolate Workshop - ages 5 and up - Cukiernia DESEO Warszawa<\/title>\n<meta name=\"description\" content=\"Chocolate workshop for kids - make your own chocolate bars - just the way you like them!\" \/>\n<meta name=\"robots\" content=\"index, follow, max-snippet:-1, max-image-preview:large, max-video-preview:-1\" \/>\n<link rel=\"canonical\" href=\"https:\/\/deseopatisserie.com\/en\/product\/deseo-kids-chocolate-workshop-ages-5-and-up\/\" \/>\n<meta property=\"og:locale\" content=\"en_US\" \/>\n<meta property=\"og:type\" content=\"article\" \/>\n<meta property=\"og:title\" content=\"KIDS Chocolate Workshop\" \/>\n<meta property=\"og:description\" content=\"The workshop is an unforgettable experience of creating your own chocolate bar! Super fun for the little ones and beyond!\" \/>\n<meta property=\"og:url\" content=\"https:\/\/deseopatisserie.com\/en\/product\/deseo-kids-chocolate-workshop-ages-5-and-up\/\" \/>\n<meta property=\"og:site_name\" content=\"DESEO\" \/>\n<meta property=\"article:modified_time\" content=\"2025-04-02T13:46:07+00:00\" \/>\n<meta property=\"og:image\" content=\"https:\/\/deseopatisserie.com\/wp-content\/uploads\/2022\/09\/DESEO_warsztaty-czekoladowe_13-1024x768.jpg\" \/>\n<meta name=\"twitter:card\" content=\"summary_large_image\" \/>\n<meta name=\"twitter:label1\" content=\"Est. reading time\" \/>\n\t<meta name=\"twitter:data1\" content=\"3 minutes\" \/>\n<script type=\"application\/ld+json\" class=\"yoast-schema-graph\">{\"@context\":\"https:\\\/\\\/schema.org\",\"@graph\":[{\"@type\":\"WebPage\",\"@id\":\"https:\\\/\\\/deseopatisserie.com\\\/en\\\/product\\\/deseo-kids-chocolate-workshop-ages-5-and-up\\\/\",\"url\":\"https:\\\/\\\/deseopatisserie.com\\\/en\\\/product\\\/deseo-kids-chocolate-workshop-ages-5-and-up\\\/\",\"name\":\"DESEO KIDS Chocolate Workshop - ages 5 and up - Cukiernia DESEO Warszawa\",\"isPartOf\":{\"@id\":\"https:\\\/\\\/deseopatisserie.com\\\/en\\\/#website\"},\"primaryImageOfPage\":{\"@id\":\"https:\\\/\\\/deseopatisserie.com\\\/en\\\/product\\\/deseo-kids-chocolate-workshop-ages-5-and-up\\\/#primaryimage\"},\"image\":{\"@id\":\"https:\\\/\\\/deseopatisserie.com\\\/en\\\/product\\\/deseo-kids-chocolate-workshop-ages-5-and-up\\\/#primaryimage\"},\"thumbnailUrl\":\"https:\\\/\\\/deseopatisserie.com\\\/\\\/wp-content\\\/uploads\\\/2021\\\/09\\\/DESEO-warsztaty-czekoladowe_5.jpg\",\"datePublished\":\"2022-02-21T12:59:05+00:00\",\"dateModified\":\"2025-04-02T13:46:07+00:00\",\"description\":\"Chocolate workshop for kids - make your own chocolate bars - just the way you like them!\",\"breadcrumb\":{\"@id\":\"https:\\\/\\\/deseopatisserie.com\\\/en\\\/product\\\/deseo-kids-chocolate-workshop-ages-5-and-up\\\/#breadcrumb\"},\"inLanguage\":\"en-US\",\"potentialAction\":[{\"@type\":\"ReadAction\",\"target\":[\"https:\\\/\\\/deseopatisserie.com\\\/en\\\/product\\\/deseo-kids-chocolate-workshop-ages-5-and-up\\\/\"]}]},{\"@type\":\"ImageObject\",\"inLanguage\":\"en-US\",\"@id\":\"https:\\\/\\\/deseopatisserie.com\\\/en\\\/product\\\/deseo-kids-chocolate-workshop-ages-5-and-up\\\/#primaryimage\",\"url\":\"https:\\\/\\\/deseopatisserie.com\\\/\\\/wp-content\\\/uploads\\\/2021\\\/09\\\/DESEO-warsztaty-czekoladowe_5.jpg\",\"contentUrl\":\"https:\\\/\\\/deseopatisserie.com\\\/\\\/wp-content\\\/uploads\\\/2021\\\/09\\\/DESEO-warsztaty-czekoladowe_5.jpg\",\"width\":2048,\"height\":1536,\"caption\":\"Warsztaty czekoladowe dla dzieci\"},{\"@type\":\"BreadcrumbList\",\"@id\":\"https:\\\/\\\/deseopatisserie.com\\\/en\\\/product\\\/deseo-kids-chocolate-workshop-ages-5-and-up\\\/#breadcrumb\",\"itemListElement\":[{\"@type\":\"ListItem\",\"position\":1,\"name\":\"Strona g\u0142\u00f3wna\",\"item\":\"https:\\\/\\\/deseopatisserie.com\\\/en\\\/\"},{\"@type\":\"ListItem\",\"position\":2,\"name\":\"DESEO KIDS Chocolate Workshop &#8211; ages 5 and up\"}]},{\"@type\":\"WebSite\",\"@id\":\"https:\\\/\\\/deseopatisserie.com\\\/en\\\/#website\",\"url\":\"https:\\\/\\\/deseopatisserie.com\\\/en\\\/\",\"name\":\"DESEO\",\"description\":\"Patisserie &amp; Chocolaterie\",\"potentialAction\":[{\"@type\":\"SearchAction\",\"target\":{\"@type\":\"EntryPoint\",\"urlTemplate\":\"https:\\\/\\\/deseopatisserie.com\\\/en\\\/?s={search_term_string}\"},\"query-input\":{\"@type\":\"PropertyValueSpecification\",\"valueRequired\":true,\"valueName\":\"search_term_string\"}}],\"inLanguage\":\"en-US\"}]}<\/script>\n<!-- \/ Yoast SEO plugin. -->","yoast_head_json":{"title":"DESEO KIDS Chocolate Workshop - ages 5 and up - Cukiernia DESEO Warszawa","description":"Chocolate workshop for kids - make your own chocolate bars - just the way you like them!","robots":{"index":"index","follow":"follow","max-snippet":"max-snippet:-1","max-image-preview":"max-image-preview:large","max-video-preview":"max-video-preview:-1"},"canonical":"https:\/\/deseopatisserie.com\/en\/product\/deseo-kids-chocolate-workshop-ages-5-and-up\/","og_locale":"en_US","og_type":"article","og_title":"KIDS Chocolate Workshop","og_description":"The workshop is an unforgettable experience of creating your own chocolate bar! Super fun for the little ones and beyond!","og_url":"https:\/\/deseopatisserie.com\/en\/product\/deseo-kids-chocolate-workshop-ages-5-and-up\/","og_site_name":"DESEO","article_modified_time":"2025-04-02T13:46:07+00:00","og_image":[{"url":"https:\/\/deseopatisserie.com\/wp-content\/uploads\/2022\/09\/DESEO_warsztaty-czekoladowe_13-1024x768.jpg","type":"","width":"","height":""}],"twitter_card":"summary_large_image","twitter_misc":{"Est. reading time":"3 minutes"},"schema":{"@context":"https:\/\/schema.org","@graph":[{"@type":"WebPage","@id":"https:\/\/deseopatisserie.com\/en\/product\/deseo-kids-chocolate-workshop-ages-5-and-up\/","url":"https:\/\/deseopatisserie.com\/en\/product\/deseo-kids-chocolate-workshop-ages-5-and-up\/","name":"DESEO KIDS Chocolate Workshop - ages 5 and up - Cukiernia DESEO Warszawa","isPartOf":{"@id":"https:\/\/deseopatisserie.com\/en\/#website"},"primaryImageOfPage":{"@id":"https:\/\/deseopatisserie.com\/en\/product\/deseo-kids-chocolate-workshop-ages-5-and-up\/#primaryimage"},"image":{"@id":"https:\/\/deseopatisserie.com\/en\/product\/deseo-kids-chocolate-workshop-ages-5-and-up\/#primaryimage"},"thumbnailUrl":"https:\/\/deseopatisserie.com\/\/wp-content\/uploads\/2021\/09\/DESEO-warsztaty-czekoladowe_5.jpg","datePublished":"2022-02-21T12:59:05+00:00","dateModified":"2025-04-02T13:46:07+00:00","description":"Chocolate workshop for kids - make your own chocolate bars - just the way you like them!","breadcrumb":{"@id":"https:\/\/deseopatisserie.com\/en\/product\/deseo-kids-chocolate-workshop-ages-5-and-up\/#breadcrumb"},"inLanguage":"en-US","potentialAction":[{"@type":"ReadAction","target":["https:\/\/deseopatisserie.com\/en\/product\/deseo-kids-chocolate-workshop-ages-5-and-up\/"]}]},{"@type":"ImageObject","inLanguage":"en-US","@id":"https:\/\/deseopatisserie.com\/en\/product\/deseo-kids-chocolate-workshop-ages-5-and-up\/#primaryimage","url":"https:\/\/deseopatisserie.com\/\/wp-content\/uploads\/2021\/09\/DESEO-warsztaty-czekoladowe_5.jpg","contentUrl":"https:\/\/deseopatisserie.com\/\/wp-content\/uploads\/2021\/09\/DESEO-warsztaty-czekoladowe_5.jpg","width":2048,"height":1536,"caption":"Warsztaty czekoladowe dla dzieci"},{"@type":"BreadcrumbList","@id":"https:\/\/deseopatisserie.com\/en\/product\/deseo-kids-chocolate-workshop-ages-5-and-up\/#breadcrumb","itemListElement":[{"@type":"ListItem","position":1,"name":"Strona g\u0142\u00f3wna","item":"https:\/\/deseopatisserie.com\/en\/"},{"@type":"ListItem","position":2,"name":"DESEO KIDS Chocolate Workshop &#8211; ages 5 and up"}]},{"@type":"WebSite","@id":"https:\/\/deseopatisserie.com\/en\/#website","url":"https:\/\/deseopatisserie.com\/en\/","name":"DESEO","description":"Patisserie &amp; Chocolaterie","potentialAction":[{"@type":"SearchAction","target":{"@type":"EntryPoint","urlTemplate":"https:\/\/deseopatisserie.com\/en\/?s={search_term_string}"},"query-input":{"@type":"PropertyValueSpecification","valueRequired":true,"valueName":"search_term_string"}}],"inLanguage":"en-US"}]}},"_links":{"self":[{"href":"https:\/\/deseopatisserie.com\/en\/wp-json\/wp\/v2\/product\/90127","targetHints":{"allow":["GET"]}}],"collection":[{"href":"https:\/\/deseopatisserie.com\/en\/wp-json\/wp\/v2\/product"}],"about":[{"href":"https:\/\/deseopatisserie.com\/en\/wp-json\/wp\/v2\/types\/product"}],"wp:featuredmedia":[{"embeddable":true,"href":"https:\/\/deseopatisserie.com\/en\/wp-json\/wp\/v2\/media\/82788"}],"wp:attachment":[{"href":"https:\/\/deseopatisserie.com\/en\/wp-json\/wp\/v2\/media?parent=90127"}],"wp:term":[{"taxonomy":"product_brand","embeddable":true,"href":"https:\/\/deseopatisserie.com\/en\/wp-json\/wp\/v2\/product_brand?post=90127"},{"taxonomy":"product_cat","embeddable":true,"href":"https:\/\/deseopatisserie.com\/en\/wp-json\/wp\/v2\/product_cat?post=90127"},{"taxonomy":"product_tag","embeddable":true,"href":"https:\/\/deseopatisserie.com\/en\/wp-json\/wp\/v2\/product_tag?post=90127"}],"curies":[{"name":"wp","href":"https:\/\/api.w.org\/{rel}","templated":true}]}}