{"id":90001,"date":"2023-11-07T16:24:42","date_gmt":"2023-11-07T15:24:42","guid":{"rendered":"https:\/\/deseopatisserie.com\/produkt\/croissant-with-white-poppy-seeds-and-nuts\/"},"modified":"2025-11-03T10:05:24","modified_gmt":"2025-11-03T09:05:24","slug":"croissant-with-white-poppy-seeds-and-nuts","status":"publish","type":"product","link":"https:\/\/deseopatisserie.com\/en\/product\/croissant-with-white-poppy-seeds-and-nuts\/","title":{"rendered":"Croissant with white poppy seeds and nuts"},"content":{"rendered":"","protected":false},"excerpt":{"rendered":"<p>white poppy seeds \/ marzipan \/ hazelnuts \/ walnuts \/ raisins \/ almond flakes \/ orange peel \/ amaretto<\/p>\n<p>&nbsp;<\/p>\n<p>Croissant with white poppy seeds and nuts is our interpretation of the croissant \u015bwi\u0119tomarci\u0144ski, which is already famous not only in Pozna\u0144! We&#8217;ve eaten the classic croissant more than once in Pozna\u0144, and we&#8217;ve also watched it being made at the Croissant Museum of Pozna\u0144. Our November 11 croissant is a deliciously buttery, crunchy half puff pastry, and inside is a rich filling based on white poppy seeds, hazelnuts and walnuts, marzipan and almonds. We also added orange zest and raisins to the filling and soaked it in amaretto. It is delicious!    <\/p>\n","protected":false},"featured_media":84392,"template":"","meta":{"_acf_changed":false},"product_brand":[],"product_cat":[1822],"product_tag":[],"class_list":{"0":"post-90001","1":"product","2":"type-product","3":"status-publish","4":"has-post-thumbnail","6":"product_cat-croissants","8":"first","9":"instock","10":"taxable","11":"shipping-taxable","12":"purchasable","13":"product-type-simple"},"acf":[],"yoast_head":"<!-- This site is optimized with the Yoast SEO plugin v27.4 - https:\/\/yoast.com\/product\/yoast-seo-wordpress\/ -->\n<title>Croissant with white poppy seeds and nuts - Cukiernia DESEO Warszawa<\/title>\n<meta name=\"robots\" content=\"index, follow, max-snippet:-1, max-image-preview:large, max-video-preview:-1\" \/>\n<link rel=\"canonical\" href=\"https:\/\/deseopatisserie.com\/en\/product\/croissant-with-white-poppy-seeds-and-nuts\/\" \/>\n<meta property=\"og:locale\" content=\"en_US\" \/>\n<meta property=\"og:type\" content=\"article\" \/>\n<meta property=\"og:title\" content=\"Croissant with white poppy seeds and nuts - Cukiernia DESEO Warszawa\" \/>\n<meta property=\"og:description\" content=\"white poppy seeds \/ marzipan \/ hazelnuts \/ walnuts \/ raisins \/ almond flakes \/ orange peel \/ amaretto &nbsp; Croissant with white poppy seeds and nuts is our interpretation of the croissant \u015bwi\u0119tomarci\u0144ski, which is already famous not only in Pozna\u0144! We&#039;ve eaten the classic croissant more than once in Pozna\u0144, and we&#039;ve also watched it being made at the Croissant Museum of Pozna\u0144. Our November 11 croissant is a deliciously buttery, crunchy half puff pastry, and inside is a rich filling based on white poppy seeds, hazelnuts and walnuts, marzipan and almonds. We also added orange zest and raisins to the filling and soaked it in amaretto. It is delicious!\" \/>\n<meta property=\"og:url\" content=\"https:\/\/deseopatisserie.com\/en\/product\/croissant-with-white-poppy-seeds-and-nuts\/\" \/>\n<meta property=\"og:site_name\" content=\"DESEO\" \/>\n<meta property=\"article:modified_time\" content=\"2025-11-03T09:05:24+00:00\" \/>\n<meta property=\"og:image\" content=\"https:\/\/deseopatisserie.com\/\/wp-content\/uploads\/2023\/11\/croissant-z-bialym-makiem_2.jpg\" \/>\n\t<meta property=\"og:image:width\" content=\"2500\" \/>\n\t<meta property=\"og:image:height\" content=\"1667\" \/>\n\t<meta property=\"og:image:type\" content=\"image\/jpeg\" \/>\n<meta name=\"twitter:card\" content=\"summary_large_image\" \/>\n<script type=\"application\/ld+json\" class=\"yoast-schema-graph\">{\"@context\":\"https:\\\/\\\/schema.org\",\"@graph\":[{\"@type\":\"WebPage\",\"@id\":\"https:\\\/\\\/deseopatisserie.com\\\/en\\\/product\\\/croissant-with-white-poppy-seeds-and-nuts\\\/\",\"url\":\"https:\\\/\\\/deseopatisserie.com\\\/en\\\/product\\\/croissant-with-white-poppy-seeds-and-nuts\\\/\",\"name\":\"Croissant with white poppy seeds and nuts - Cukiernia DESEO Warszawa\",\"isPartOf\":{\"@id\":\"https:\\\/\\\/deseopatisserie.com\\\/en\\\/#website\"},\"primaryImageOfPage\":{\"@id\":\"https:\\\/\\\/deseopatisserie.com\\\/en\\\/product\\\/croissant-with-white-poppy-seeds-and-nuts\\\/#primaryimage\"},\"image\":{\"@id\":\"https:\\\/\\\/deseopatisserie.com\\\/en\\\/product\\\/croissant-with-white-poppy-seeds-and-nuts\\\/#primaryimage\"},\"thumbnailUrl\":\"https:\\\/\\\/deseopatisserie.com\\\/\\\/wp-content\\\/uploads\\\/2023\\\/11\\\/croissant-z-bialym-makiem_2.jpg\",\"datePublished\":\"2023-11-07T15:24:42+00:00\",\"dateModified\":\"2025-11-03T09:05:24+00:00\",\"breadcrumb\":{\"@id\":\"https:\\\/\\\/deseopatisserie.com\\\/en\\\/product\\\/croissant-with-white-poppy-seeds-and-nuts\\\/#breadcrumb\"},\"inLanguage\":\"en-US\",\"potentialAction\":[{\"@type\":\"ReadAction\",\"target\":[\"https:\\\/\\\/deseopatisserie.com\\\/en\\\/product\\\/croissant-with-white-poppy-seeds-and-nuts\\\/\"]}]},{\"@type\":\"ImageObject\",\"inLanguage\":\"en-US\",\"@id\":\"https:\\\/\\\/deseopatisserie.com\\\/en\\\/product\\\/croissant-with-white-poppy-seeds-and-nuts\\\/#primaryimage\",\"url\":\"https:\\\/\\\/deseopatisserie.com\\\/\\\/wp-content\\\/uploads\\\/2023\\\/11\\\/croissant-z-bialym-makiem_2.jpg\",\"contentUrl\":\"https:\\\/\\\/deseopatisserie.com\\\/\\\/wp-content\\\/uploads\\\/2023\\\/11\\\/croissant-z-bialym-makiem_2.jpg\",\"width\":2500,\"height\":1667},{\"@type\":\"BreadcrumbList\",\"@id\":\"https:\\\/\\\/deseopatisserie.com\\\/en\\\/product\\\/croissant-with-white-poppy-seeds-and-nuts\\\/#breadcrumb\",\"itemListElement\":[{\"@type\":\"ListItem\",\"position\":1,\"name\":\"Strona g\u0142\u00f3wna\",\"item\":\"https:\\\/\\\/deseopatisserie.com\\\/en\\\/\"},{\"@type\":\"ListItem\",\"position\":2,\"name\":\"Croissant with white poppy seeds and nuts\"}]},{\"@type\":\"WebSite\",\"@id\":\"https:\\\/\\\/deseopatisserie.com\\\/en\\\/#website\",\"url\":\"https:\\\/\\\/deseopatisserie.com\\\/en\\\/\",\"name\":\"DESEO\",\"description\":\"Patisserie &amp; Chocolaterie\",\"potentialAction\":[{\"@type\":\"SearchAction\",\"target\":{\"@type\":\"EntryPoint\",\"urlTemplate\":\"https:\\\/\\\/deseopatisserie.com\\\/en\\\/?s={search_term_string}\"},\"query-input\":{\"@type\":\"PropertyValueSpecification\",\"valueRequired\":true,\"valueName\":\"search_term_string\"}}],\"inLanguage\":\"en-US\"}]}<\/script>\n<!-- \/ Yoast SEO plugin. -->","yoast_head_json":{"title":"Croissant with white poppy seeds and nuts - Cukiernia DESEO Warszawa","robots":{"index":"index","follow":"follow","max-snippet":"max-snippet:-1","max-image-preview":"max-image-preview:large","max-video-preview":"max-video-preview:-1"},"canonical":"https:\/\/deseopatisserie.com\/en\/product\/croissant-with-white-poppy-seeds-and-nuts\/","og_locale":"en_US","og_type":"article","og_title":"Croissant with white poppy seeds and nuts - Cukiernia DESEO Warszawa","og_description":"white poppy seeds \/ marzipan \/ hazelnuts \/ walnuts \/ raisins \/ almond flakes \/ orange peel \/ amaretto &nbsp; Croissant with white poppy seeds and nuts is our interpretation of the croissant \u015bwi\u0119tomarci\u0144ski, which is already famous not only in Pozna\u0144! We've eaten the classic croissant more than once in Pozna\u0144, and we've also watched it being made at the Croissant Museum of Pozna\u0144. Our November 11 croissant is a deliciously buttery, crunchy half puff pastry, and inside is a rich filling based on white poppy seeds, hazelnuts and walnuts, marzipan and almonds. We also added orange zest and raisins to the filling and soaked it in amaretto. It is delicious!","og_url":"https:\/\/deseopatisserie.com\/en\/product\/croissant-with-white-poppy-seeds-and-nuts\/","og_site_name":"DESEO","article_modified_time":"2025-11-03T09:05:24+00:00","og_image":[{"width":2500,"height":1667,"url":"https:\/\/deseopatisserie.com\/\/wp-content\/uploads\/2023\/11\/croissant-z-bialym-makiem_2.jpg","type":"image\/jpeg"}],"twitter_card":"summary_large_image","schema":{"@context":"https:\/\/schema.org","@graph":[{"@type":"WebPage","@id":"https:\/\/deseopatisserie.com\/en\/product\/croissant-with-white-poppy-seeds-and-nuts\/","url":"https:\/\/deseopatisserie.com\/en\/product\/croissant-with-white-poppy-seeds-and-nuts\/","name":"Croissant with white poppy seeds and nuts - Cukiernia DESEO Warszawa","isPartOf":{"@id":"https:\/\/deseopatisserie.com\/en\/#website"},"primaryImageOfPage":{"@id":"https:\/\/deseopatisserie.com\/en\/product\/croissant-with-white-poppy-seeds-and-nuts\/#primaryimage"},"image":{"@id":"https:\/\/deseopatisserie.com\/en\/product\/croissant-with-white-poppy-seeds-and-nuts\/#primaryimage"},"thumbnailUrl":"https:\/\/deseopatisserie.com\/\/wp-content\/uploads\/2023\/11\/croissant-z-bialym-makiem_2.jpg","datePublished":"2023-11-07T15:24:42+00:00","dateModified":"2025-11-03T09:05:24+00:00","breadcrumb":{"@id":"https:\/\/deseopatisserie.com\/en\/product\/croissant-with-white-poppy-seeds-and-nuts\/#breadcrumb"},"inLanguage":"en-US","potentialAction":[{"@type":"ReadAction","target":["https:\/\/deseopatisserie.com\/en\/product\/croissant-with-white-poppy-seeds-and-nuts\/"]}]},{"@type":"ImageObject","inLanguage":"en-US","@id":"https:\/\/deseopatisserie.com\/en\/product\/croissant-with-white-poppy-seeds-and-nuts\/#primaryimage","url":"https:\/\/deseopatisserie.com\/\/wp-content\/uploads\/2023\/11\/croissant-z-bialym-makiem_2.jpg","contentUrl":"https:\/\/deseopatisserie.com\/\/wp-content\/uploads\/2023\/11\/croissant-z-bialym-makiem_2.jpg","width":2500,"height":1667},{"@type":"BreadcrumbList","@id":"https:\/\/deseopatisserie.com\/en\/product\/croissant-with-white-poppy-seeds-and-nuts\/#breadcrumb","itemListElement":[{"@type":"ListItem","position":1,"name":"Strona g\u0142\u00f3wna","item":"https:\/\/deseopatisserie.com\/en\/"},{"@type":"ListItem","position":2,"name":"Croissant with white poppy seeds and nuts"}]},{"@type":"WebSite","@id":"https:\/\/deseopatisserie.com\/en\/#website","url":"https:\/\/deseopatisserie.com\/en\/","name":"DESEO","description":"Patisserie &amp; Chocolaterie","potentialAction":[{"@type":"SearchAction","target":{"@type":"EntryPoint","urlTemplate":"https:\/\/deseopatisserie.com\/en\/?s={search_term_string}"},"query-input":{"@type":"PropertyValueSpecification","valueRequired":true,"valueName":"search_term_string"}}],"inLanguage":"en-US"}]}},"_links":{"self":[{"href":"https:\/\/deseopatisserie.com\/en\/wp-json\/wp\/v2\/product\/90001","targetHints":{"allow":["GET"]}}],"collection":[{"href":"https:\/\/deseopatisserie.com\/en\/wp-json\/wp\/v2\/product"}],"about":[{"href":"https:\/\/deseopatisserie.com\/en\/wp-json\/wp\/v2\/types\/product"}],"wp:featuredmedia":[{"embeddable":true,"href":"https:\/\/deseopatisserie.com\/en\/wp-json\/wp\/v2\/media\/84392"}],"wp:attachment":[{"href":"https:\/\/deseopatisserie.com\/en\/wp-json\/wp\/v2\/media?parent=90001"}],"wp:term":[{"taxonomy":"product_brand","embeddable":true,"href":"https:\/\/deseopatisserie.com\/en\/wp-json\/wp\/v2\/product_brand?post=90001"},{"taxonomy":"product_cat","embeddable":true,"href":"https:\/\/deseopatisserie.com\/en\/wp-json\/wp\/v2\/product_cat?post=90001"},{"taxonomy":"product_tag","embeddable":true,"href":"https:\/\/deseopatisserie.com\/en\/wp-json\/wp\/v2\/product_tag?post=90001"}],"curies":[{"name":"wp","href":"https:\/\/api.w.org\/{rel}","templated":true}]}}