{"id":107664,"date":"2025-03-20T10:51:08","date_gmt":"2025-03-20T09:51:08","guid":{"rendered":"https:\/\/deseopatisserie.com\/produkt\/cheddar-jalapeno-bread\/"},"modified":"2025-03-20T10:51:08","modified_gmt":"2025-03-20T09:51:08","slug":"cheddar-jalapeno-bread","status":"publish","type":"product","link":"https:\/\/deseopatisserie.com\/en\/product\/cheddar-jalapeno-bread\/","title":{"rendered":"Cheddar &amp; jalape\u00f1o bread"},"content":{"rendered":"","protected":false},"excerpt":{"rendered":"<p>wheat and rye bread \/ cheddar \/ jalape\u00f1o pepper<\/p>\n<p>weight: approx. 0.6kg <\/p>\n<p>Infused with creamy cheddar cheese and hot jalape\u00f1os, this bread made a splash on our in-house tasting panel. The combination of the intense flavor of ripe cheddar with the spiciness of jalape\u00f1o gives it character and makes each bite delightful and irresistible to the next. Our cheddar and jalape\u00f1o bread is the perfect sandwich base for those who like bold flavors and a bit of spice in life. \ud83d\ude0a<\/p>\n<p>Suggested Application:<\/p>\n<p><strong>\u00b7 Guacamole, grilled chicken, and fresh cilantro sandwich:<\/strong> Grilled chicken breast combined with creamy guacamole and fresh cilantro on a slice of this bread creates the perfect combination of flavors.<\/p>\n<p><strong>\u00b7 Bacon, lettuce and tomato toast (BLT) with chipotle mayonnaise:<\/strong> Classic BLT toast with spicy chipotle mayonnaise takes on a new dimension with the distinct taste of bread.<\/p>\n<p><strong>\u00b7 Cream cheese, smoked salmon and red onion slices:<\/strong> Tender smoked salmon and crispy onion on toast with cream cheese make a great complement to this bread<\/p>\n","protected":false},"featured_media":106022,"template":"","meta":{"_acf_changed":false},"product_brand":[],"product_cat":[2978,2977,2983],"product_tag":[],"class_list":{"0":"post-107664","1":"product","2":"type-product","3":"status-publish","4":"has-post-thumbnail","6":"product_cat-artisan-breads","7":"product_cat-bakery","8":"product_cat-easter","10":"first","11":"instock","12":"taxable","13":"shipping-taxable","14":"purchasable","15":"product-type-simple"},"acf":[],"yoast_head":"<!-- This site is optimized with the Yoast SEO plugin v27.3 - https:\/\/yoast.com\/product\/yoast-seo-wordpress\/ -->\n<title>Cheddar &amp; jalape\u00f1o bread - DESEO Warsaw<\/title>\n<meta name=\"description\" content=\"Cheddar &amp; jalape\u00f1o bread - The combination of the intense flavor of ripe cheddar with the spiciness of jalape\u00f1o gives it character and makes every bite delightful with its flavor.\" \/>\n<meta name=\"robots\" content=\"index, follow, max-snippet:-1, max-image-preview:large, max-video-preview:-1\" \/>\n<link rel=\"canonical\" href=\"https:\/\/deseopatisserie.com\/en\/product\/cheddar-jalapeno-bread\/\" \/>\n<meta property=\"og:locale\" content=\"en_US\" \/>\n<meta property=\"og:type\" content=\"article\" \/>\n<meta property=\"og:title\" content=\"Cheddar &amp; jalape\u00f1o bread - DESEO\" \/>\n<meta property=\"og:description\" content=\"Infused with creamy cheddar cheese and hot jalape\u00f1os, this bread made a splash on our in-house tasting panel. The combination of the intense flavor of ripe cheddar with the spiciness of jalape\u00f1o gives it character and makes each bite delightful and irresistible to the next.\" \/>\n<meta property=\"og:url\" content=\"https:\/\/deseopatisserie.com\/en\/product\/cheddar-jalapeno-bread\/\" \/>\n<meta property=\"og:site_name\" content=\"DESEO\" \/>\n<meta property=\"og:image\" content=\"https:\/\/deseopatisserie.com\/wp-content\/uploads\/2025\/03\/DESE_chleb-cheddarjalapeno_1-1024x683.jpg\" \/>\n<meta name=\"twitter:card\" content=\"summary_large_image\" \/>\n<script type=\"application\/ld+json\" class=\"yoast-schema-graph\">{\"@context\":\"https:\\\/\\\/schema.org\",\"@graph\":[{\"@type\":\"WebPage\",\"@id\":\"https:\\\/\\\/deseopatisserie.com\\\/en\\\/product\\\/cheddar-jalapeno-bread\\\/\",\"url\":\"https:\\\/\\\/deseopatisserie.com\\\/en\\\/product\\\/cheddar-jalapeno-bread\\\/\",\"name\":\"Cheddar &amp; jalape\u00f1o bread - DESEO Warsaw\",\"isPartOf\":{\"@id\":\"https:\\\/\\\/deseopatisserie.com\\\/en\\\/#website\"},\"primaryImageOfPage\":{\"@id\":\"https:\\\/\\\/deseopatisserie.com\\\/en\\\/product\\\/cheddar-jalapeno-bread\\\/#primaryimage\"},\"image\":{\"@id\":\"https:\\\/\\\/deseopatisserie.com\\\/en\\\/product\\\/cheddar-jalapeno-bread\\\/#primaryimage\"},\"thumbnailUrl\":\"https:\\\/\\\/deseopatisserie.com\\\/\\\/wp-content\\\/uploads\\\/2025\\\/03\\\/DESE_chleb-cheddarjalapeno_1.jpg\",\"datePublished\":\"2025-03-20T09:51:08+00:00\",\"description\":\"Cheddar & jalape\u00f1o bread - The combination of the intense flavor of ripe cheddar with the spiciness of jalape\u00f1o gives it character and makes every bite delightful with its flavor.\",\"breadcrumb\":{\"@id\":\"https:\\\/\\\/deseopatisserie.com\\\/en\\\/product\\\/cheddar-jalapeno-bread\\\/#breadcrumb\"},\"inLanguage\":\"en-US\",\"potentialAction\":[{\"@type\":\"ReadAction\",\"target\":[\"https:\\\/\\\/deseopatisserie.com\\\/en\\\/product\\\/cheddar-jalapeno-bread\\\/\"]}]},{\"@type\":\"ImageObject\",\"inLanguage\":\"en-US\",\"@id\":\"https:\\\/\\\/deseopatisserie.com\\\/en\\\/product\\\/cheddar-jalapeno-bread\\\/#primaryimage\",\"url\":\"https:\\\/\\\/deseopatisserie.com\\\/\\\/wp-content\\\/uploads\\\/2025\\\/03\\\/DESE_chleb-cheddarjalapeno_1.jpg\",\"contentUrl\":\"https:\\\/\\\/deseopatisserie.com\\\/\\\/wp-content\\\/uploads\\\/2025\\\/03\\\/DESE_chleb-cheddarjalapeno_1.jpg\",\"width\":2500,\"height\":1667,\"caption\":\"Chleb cheddar & jalape\u00f1o DESEO\"},{\"@type\":\"BreadcrumbList\",\"@id\":\"https:\\\/\\\/deseopatisserie.com\\\/en\\\/product\\\/cheddar-jalapeno-bread\\\/#breadcrumb\",\"itemListElement\":[{\"@type\":\"ListItem\",\"position\":1,\"name\":\"Strona g\u0142\u00f3wna\",\"item\":\"https:\\\/\\\/deseopatisserie.com\\\/en\\\/\"},{\"@type\":\"ListItem\",\"position\":2,\"name\":\"Cheddar &amp; jalape\u00f1o bread\"}]},{\"@type\":\"WebSite\",\"@id\":\"https:\\\/\\\/deseopatisserie.com\\\/en\\\/#website\",\"url\":\"https:\\\/\\\/deseopatisserie.com\\\/en\\\/\",\"name\":\"DESEO\",\"description\":\"Patisserie &amp; Chocolaterie\",\"potentialAction\":[{\"@type\":\"SearchAction\",\"target\":{\"@type\":\"EntryPoint\",\"urlTemplate\":\"https:\\\/\\\/deseopatisserie.com\\\/en\\\/?s={search_term_string}\"},\"query-input\":{\"@type\":\"PropertyValueSpecification\",\"valueRequired\":true,\"valueName\":\"search_term_string\"}}],\"inLanguage\":\"en-US\"}]}<\/script>\n<!-- \/ Yoast SEO plugin. -->","yoast_head_json":{"title":"Cheddar &amp; jalape\u00f1o bread - DESEO Warsaw","description":"Cheddar & jalape\u00f1o bread - The combination of the intense flavor of ripe cheddar with the spiciness of jalape\u00f1o gives it character and makes every bite delightful with its flavor.","robots":{"index":"index","follow":"follow","max-snippet":"max-snippet:-1","max-image-preview":"max-image-preview:large","max-video-preview":"max-video-preview:-1"},"canonical":"https:\/\/deseopatisserie.com\/en\/product\/cheddar-jalapeno-bread\/","og_locale":"en_US","og_type":"article","og_title":"Cheddar & jalape\u00f1o bread - DESEO","og_description":"Infused with creamy cheddar cheese and hot jalape\u00f1os, this bread made a splash on our in-house tasting panel. The combination of the intense flavor of ripe cheddar with the spiciness of jalape\u00f1o gives it character and makes each bite delightful and irresistible to the next.","og_url":"https:\/\/deseopatisserie.com\/en\/product\/cheddar-jalapeno-bread\/","og_site_name":"DESEO","og_image":[{"url":"https:\/\/deseopatisserie.com\/wp-content\/uploads\/2025\/03\/DESE_chleb-cheddarjalapeno_1-1024x683.jpg","type":"","width":"","height":""}],"twitter_card":"summary_large_image","schema":{"@context":"https:\/\/schema.org","@graph":[{"@type":"WebPage","@id":"https:\/\/deseopatisserie.com\/en\/product\/cheddar-jalapeno-bread\/","url":"https:\/\/deseopatisserie.com\/en\/product\/cheddar-jalapeno-bread\/","name":"Cheddar &amp; jalape\u00f1o bread - DESEO Warsaw","isPartOf":{"@id":"https:\/\/deseopatisserie.com\/en\/#website"},"primaryImageOfPage":{"@id":"https:\/\/deseopatisserie.com\/en\/product\/cheddar-jalapeno-bread\/#primaryimage"},"image":{"@id":"https:\/\/deseopatisserie.com\/en\/product\/cheddar-jalapeno-bread\/#primaryimage"},"thumbnailUrl":"https:\/\/deseopatisserie.com\/\/wp-content\/uploads\/2025\/03\/DESE_chleb-cheddarjalapeno_1.jpg","datePublished":"2025-03-20T09:51:08+00:00","description":"Cheddar & jalape\u00f1o bread - The combination of the intense flavor of ripe cheddar with the spiciness of jalape\u00f1o gives it character and makes every bite delightful with its flavor.","breadcrumb":{"@id":"https:\/\/deseopatisserie.com\/en\/product\/cheddar-jalapeno-bread\/#breadcrumb"},"inLanguage":"en-US","potentialAction":[{"@type":"ReadAction","target":["https:\/\/deseopatisserie.com\/en\/product\/cheddar-jalapeno-bread\/"]}]},{"@type":"ImageObject","inLanguage":"en-US","@id":"https:\/\/deseopatisserie.com\/en\/product\/cheddar-jalapeno-bread\/#primaryimage","url":"https:\/\/deseopatisserie.com\/\/wp-content\/uploads\/2025\/03\/DESE_chleb-cheddarjalapeno_1.jpg","contentUrl":"https:\/\/deseopatisserie.com\/\/wp-content\/uploads\/2025\/03\/DESE_chleb-cheddarjalapeno_1.jpg","width":2500,"height":1667,"caption":"Chleb cheddar & jalape\u00f1o DESEO"},{"@type":"BreadcrumbList","@id":"https:\/\/deseopatisserie.com\/en\/product\/cheddar-jalapeno-bread\/#breadcrumb","itemListElement":[{"@type":"ListItem","position":1,"name":"Strona g\u0142\u00f3wna","item":"https:\/\/deseopatisserie.com\/en\/"},{"@type":"ListItem","position":2,"name":"Cheddar &amp; jalape\u00f1o bread"}]},{"@type":"WebSite","@id":"https:\/\/deseopatisserie.com\/en\/#website","url":"https:\/\/deseopatisserie.com\/en\/","name":"DESEO","description":"Patisserie &amp; Chocolaterie","potentialAction":[{"@type":"SearchAction","target":{"@type":"EntryPoint","urlTemplate":"https:\/\/deseopatisserie.com\/en\/?s={search_term_string}"},"query-input":{"@type":"PropertyValueSpecification","valueRequired":true,"valueName":"search_term_string"}}],"inLanguage":"en-US"}]}},"_links":{"self":[{"href":"https:\/\/deseopatisserie.com\/en\/wp-json\/wp\/v2\/product\/107664","targetHints":{"allow":["GET"]}}],"collection":[{"href":"https:\/\/deseopatisserie.com\/en\/wp-json\/wp\/v2\/product"}],"about":[{"href":"https:\/\/deseopatisserie.com\/en\/wp-json\/wp\/v2\/types\/product"}],"wp:featuredmedia":[{"embeddable":true,"href":"https:\/\/deseopatisserie.com\/en\/wp-json\/wp\/v2\/media\/106022"}],"wp:attachment":[{"href":"https:\/\/deseopatisserie.com\/en\/wp-json\/wp\/v2\/media?parent=107664"}],"wp:term":[{"taxonomy":"product_brand","embeddable":true,"href":"https:\/\/deseopatisserie.com\/en\/wp-json\/wp\/v2\/product_brand?post=107664"},{"taxonomy":"product_cat","embeddable":true,"href":"https:\/\/deseopatisserie.com\/en\/wp-json\/wp\/v2\/product_cat?post=107664"},{"taxonomy":"product_tag","embeddable":true,"href":"https:\/\/deseopatisserie.com\/en\/wp-json\/wp\/v2\/product_tag?post=107664"}],"curies":[{"name":"wp","href":"https:\/\/api.w.org\/{rel}","templated":true}]}}