{"id":104862,"date":"2025-03-03T08:59:39","date_gmt":"2025-03-03T07:59:39","guid":{"rendered":"https:\/\/deseopatisserie.com\/?post_type=product&#038;p=104862"},"modified":"2025-04-02T15:36:17","modified_gmt":"2025-04-02T13:36:17","slug":"chocolate-halloween-workshop-kids-kopia-kopia-kopia-kopia","status":"publish","type":"product","link":"https:\/\/deseopatisserie.com\/en\/product\/chocolate-halloween-workshop-kids-kopia-kopia-kopia-kopia\/","title":{"rendered":"DESEO Chocolate Queens Chocolate Workshops"},"content":{"rendered":"<p><strong>Chocolate Queens in Deseo Zipper<\/strong><\/p>\n<p>Spend a feminine evening full of aroma, taste and chocolate! Immerse yourself in a world of sweet pleasures <\/p>\n<p>This is the perfect opportunity to feel like a real chocolate queen! Not only will we have a great time tasting, getting to know and creating our own chocolates, but we will also try the unique Cherry Lady monoportion, which will delight you with its taste and elegance! <\/p>\n<p><strong>What awaits you?<\/strong><\/p>\n<p>During the Chocolate Queens workshops, you will discover the secrets of the world of chocolate in an intimate, atmospheric atmosphere.<\/p>\n<p><strong>Theoretical part:<\/strong><\/p>\n<p>\u2022 You will learn about the process of making &#8220;bean-to-bar&#8221; chocolate \u2013 from the cocoa bean to the bar.<br \/>\n\u2022 You will learn how and where cocoa grows, as well as the differences between white, milk and dry chocolate.<br \/>\n\u2022 You will travel to cocoa plantations in Mexico, Costa Rica and Guatemala, where DESEO owners learned about this unique raw material.<br \/>\n\u2022 You will try different types of chocolate, including our original recipes \u2013 discovering flavors is also great fun!<\/p>\n<p><strong>Practical part:<\/strong><\/p>\n<p>\u2022 Creating your own chocolate bars (each participant creates two bars): This is the favorite part of all participants. We choose our favorite toppings and create one-of-a-kind chocolates. It&#8217;s up to you whether they will be with nuts and dried fruit or maybe crazier? With us, you can make your childhood dreams come true. After decorating, we pack the chocolates together and you take them home. You can eat them yourself, share them with your loved ones, or maybe give someone a homemade bean-to-bar chocolate.     <\/p>\n<p>\u2022 Tasting of the CHERRY LADY monoportion! Cherry monoportion in this version is a March NOVELTY at DESEO! It looks wonderful and tastes great! A velvety mousse based on burnt white chocolate, cherry coulis with cherry pieces, blondies based on Gold chocolate and crunchy crumbles await you.   <\/p>\n<p><strong>Organizational information:<\/strong><\/p>\n<p><strong>Duration: 2 hours<br \/>\n<\/strong><strong>Price: PLN 125 per person<br \/>\n<\/strong><strong>Venue: DESEO Patisserie &amp; Chocolaterie, Suwak 3, Warsaw<br \/>\n<\/strong><strong>Minimum age of participant: 16 years old<\/strong><\/p>\n<p>Join our women&#8217;s chocolate adventure You can sign up yourself, you can take a friend, mother, sister or&#8230; a teenage daughter! We are waiting for all the Chocolate Queens! Book your appointment today!  <\/p>\n<p><strong>The number of places is limited.<br \/>\n<\/strong>If you have any questions, please email us at: contact@deseopatisserie.com<\/p>\n<p>We invite you to chocolate workshops at DESEO Suwak!<\/p>\n","protected":false},"excerpt":{"rendered":"<p><strong><u>Stw\u00f3rz w\u0142asne tabliczki czekolady \u2013 takie jak najbardziej lubisz!<\/u><\/strong>Sp\u0119d\u017a wiecz\u00f3r pe\u0142en aromatu i smaku, zanurz si\u0119 w \u015bwiecie s\u0142odkich przyjemno\u015bci.<\/p>\n<p>To idealna okazja, by poczu\u0107 si\u0119 jak prawdziwa czekoladowa kr\u00f3lowa! B\u0119dzie to wyj\u0105tkowy wiecz\u00f3r, r\u00f3wnie\u017c dlatego, \u017ce mamy przygotowane na t\u0105 okazj\u0119 nowe ciastko \ud83d\ude09<\/p>\n<style>.bookero-plugin-header {    background: #bf883b !important;}.calendar-days-list-cell.is-valid , .hours-section .hours-wrapper .hours-list-item {    background: #f4efea !important;    border: 1px solid #bf883b !important;    color: #bf883b !important;}.calendar-days-list-cell.is-selected , .hours-section .hours-wrapper .hours-list-item.is-selected {    background: #bf883b !important;    border-color: #bf883b !important;    color: #fff !important;}.submit-section .submit-button[data-v-1f0e9bc0] {    background: #bf883b !important;    border-radius: 1.5625rem !important;    height: 3.125rem !important;    margin-top: 1.25rem !important;    -webkit-transition: .3s background !important;    transition: .3s background !important;    width: 100% !important;}.submit-section .submit-button[data-v-1f0e9bc0]:hover {    background: #000 !important;}#bookero-plugin {    padding-top: 5px !important;    padding-bottom: 5px !important;    background-color: #f1f1f1 !important;}.is-waiting-list {    cursor: not-allowed !important;}.hours-section .hours-wrapper .hours-list-item.is-waiting-list:after {    background: #e63939 !important;    content: \"lista rezerwowa\" !important;    height: 7px !important;    font-size: 6.5px !important;    color: white !important;    width: 85% !important;}<\/style>\n<div id=\"bookero\"><\/div>\n<p><script type=\"text\/javascript\">var bookero_config = {\n    id: 'tidr1tlWQGo8',\n    container: 'bookero',\n    type: 'calendar',\n    position: '',\n    plugin_css: true,\n    lang: 'pl',\n    custom_config: {use_service_id: 71150}\n  };\n  (function() {\n  var d = document, s = d.createElement('script');\n  s.src = 'https:\/\/cdn.bookero.pl\/plugin\/v2\/js\/bookero-compiled.js';\n  d.body.appendChild(s);\n  })();\n<\/script><\/p>\n","protected":false},"featured_media":85197,"template":"","meta":{"_acf_changed":false},"product_brand":[],"product_cat":[2066,1957],"product_tag":[],"class_list":{"0":"post-104862","1":"product","2":"type-product","3":"status-publish","4":"has-post-thumbnail","6":"product_cat-womens-day","7":"product_cat-workshop-en","9":"first","10":"instock","11":"taxable","12":"shipping-taxable","13":"product-type-external"},"acf":[],"yoast_head":"<!-- This site is optimized with the Yoast SEO plugin v27.4 - https:\/\/yoast.com\/product\/yoast-seo-wordpress\/ -->\n<title>DESEO Chocolate Queens Chocolate Workshops - DESEO Confectionery<\/title>\n<meta name=\"description\" content=\"DESEO Chocolate Queens Chocolate Workshops - Not only will we have a great time tasting, learning and creating our own chocolates, but we will also try the unique Cherry Lady monoportion, which will delight you with its taste and elegance!\" \/>\n<meta name=\"robots\" content=\"index, follow, max-snippet:-1, max-image-preview:large, max-video-preview:-1\" \/>\n<link rel=\"canonical\" href=\"https:\/\/deseopatisserie.com\/en\/product\/chocolate-halloween-workshop-kids-kopia-kopia-kopia-kopia\/\" \/>\n<meta property=\"og:locale\" content=\"en_US\" \/>\n<meta property=\"og:type\" content=\"article\" \/>\n<meta property=\"og:title\" content=\"DESEO Chocolate Queens Chocolate Workshops\" \/>\n<meta property=\"og:description\" content=\"This is the perfect opportunity to feel like a real chocolate queen! Not only will we have a great time tasting, getting to know and creating our own chocolates, but we will also try the unique Cherry Lady monoportion, which will delight you with its taste and elegance!\" \/>\n<meta property=\"og:url\" content=\"https:\/\/deseopatisserie.com\/en\/product\/chocolate-halloween-workshop-kids-kopia-kopia-kopia-kopia\/\" \/>\n<meta property=\"og:site_name\" content=\"DESEO\" \/>\n<meta property=\"article:modified_time\" content=\"2025-04-02T13:36:17+00:00\" \/>\n<meta property=\"og:image\" content=\"https:\/\/deseopatisserie.com\/wp-content\/uploads\/2022\/09\/DESEO-warsztaty-czekoladowe_11-1024x768.jpg\" \/>\n<meta name=\"twitter:card\" content=\"summary_large_image\" \/>\n<meta name=\"twitter:label1\" content=\"Est. reading time\" \/>\n\t<meta name=\"twitter:data1\" content=\"2 minutes\" \/>\n<script type=\"application\/ld+json\" class=\"yoast-schema-graph\">{\"@context\":\"https:\\\/\\\/schema.org\",\"@graph\":[{\"@type\":\"WebPage\",\"@id\":\"https:\\\/\\\/deseopatisserie.com\\\/en\\\/product\\\/chocolate-halloween-workshop-kids-kopia-kopia-kopia-kopia\\\/\",\"url\":\"https:\\\/\\\/deseopatisserie.com\\\/en\\\/product\\\/chocolate-halloween-workshop-kids-kopia-kopia-kopia-kopia\\\/\",\"name\":\"DESEO Chocolate Queens Chocolate Workshops - DESEO Confectionery\",\"isPartOf\":{\"@id\":\"https:\\\/\\\/deseopatisserie.com\\\/en\\\/#website\"},\"primaryImageOfPage\":{\"@id\":\"https:\\\/\\\/deseopatisserie.com\\\/en\\\/product\\\/chocolate-halloween-workshop-kids-kopia-kopia-kopia-kopia\\\/#primaryimage\"},\"image\":{\"@id\":\"https:\\\/\\\/deseopatisserie.com\\\/en\\\/product\\\/chocolate-halloween-workshop-kids-kopia-kopia-kopia-kopia\\\/#primaryimage\"},\"thumbnailUrl\":\"https:\\\/\\\/deseopatisserie.com\\\/\\\/wp-content\\\/uploads\\\/2024\\\/02\\\/Deseo-Dzien-Kobiet-8632i-czekolada-w-ciastku-kopia.jpg\",\"datePublished\":\"2025-03-03T07:59:39+00:00\",\"dateModified\":\"2025-04-02T13:36:17+00:00\",\"description\":\"DESEO Chocolate Queens Chocolate Workshops - Not only will we have a great time tasting, learning and creating our own chocolates, but we will also try the unique Cherry Lady monoportion, which will delight you with its taste and elegance!\",\"breadcrumb\":{\"@id\":\"https:\\\/\\\/deseopatisserie.com\\\/en\\\/product\\\/chocolate-halloween-workshop-kids-kopia-kopia-kopia-kopia\\\/#breadcrumb\"},\"inLanguage\":\"en-US\",\"potentialAction\":[{\"@type\":\"ReadAction\",\"target\":[\"https:\\\/\\\/deseopatisserie.com\\\/en\\\/product\\\/chocolate-halloween-workshop-kids-kopia-kopia-kopia-kopia\\\/\"]}]},{\"@type\":\"ImageObject\",\"inLanguage\":\"en-US\",\"@id\":\"https:\\\/\\\/deseopatisserie.com\\\/en\\\/product\\\/chocolate-halloween-workshop-kids-kopia-kopia-kopia-kopia\\\/#primaryimage\",\"url\":\"https:\\\/\\\/deseopatisserie.com\\\/\\\/wp-content\\\/uploads\\\/2024\\\/02\\\/Deseo-Dzien-Kobiet-8632i-czekolada-w-ciastku-kopia.jpg\",\"contentUrl\":\"https:\\\/\\\/deseopatisserie.com\\\/\\\/wp-content\\\/uploads\\\/2024\\\/02\\\/Deseo-Dzien-Kobiet-8632i-czekolada-w-ciastku-kopia.jpg\",\"width\":2000,\"height\":1333},{\"@type\":\"BreadcrumbList\",\"@id\":\"https:\\\/\\\/deseopatisserie.com\\\/en\\\/product\\\/chocolate-halloween-workshop-kids-kopia-kopia-kopia-kopia\\\/#breadcrumb\",\"itemListElement\":[{\"@type\":\"ListItem\",\"position\":1,\"name\":\"Strona g\u0142\u00f3wna\",\"item\":\"https:\\\/\\\/deseopatisserie.com\\\/en\\\/\"},{\"@type\":\"ListItem\",\"position\":2,\"name\":\"Prywatne: DESEO Chocolate Queens Chocolate Workshops\"}]},{\"@type\":\"WebSite\",\"@id\":\"https:\\\/\\\/deseopatisserie.com\\\/en\\\/#website\",\"url\":\"https:\\\/\\\/deseopatisserie.com\\\/en\\\/\",\"name\":\"DESEO\",\"description\":\"Patisserie &amp; Chocolaterie\",\"potentialAction\":[{\"@type\":\"SearchAction\",\"target\":{\"@type\":\"EntryPoint\",\"urlTemplate\":\"https:\\\/\\\/deseopatisserie.com\\\/en\\\/?s={search_term_string}\"},\"query-input\":{\"@type\":\"PropertyValueSpecification\",\"valueRequired\":true,\"valueName\":\"search_term_string\"}}],\"inLanguage\":\"en-US\"}]}<\/script>\n<!-- \/ Yoast SEO plugin. -->","yoast_head_json":{"title":"DESEO Chocolate Queens Chocolate Workshops - DESEO Confectionery","description":"DESEO Chocolate Queens Chocolate Workshops - Not only will we have a great time tasting, learning and creating our own chocolates, but we will also try the unique Cherry Lady monoportion, which will delight you with its taste and elegance!","robots":{"index":"index","follow":"follow","max-snippet":"max-snippet:-1","max-image-preview":"max-image-preview:large","max-video-preview":"max-video-preview:-1"},"canonical":"https:\/\/deseopatisserie.com\/en\/product\/chocolate-halloween-workshop-kids-kopia-kopia-kopia-kopia\/","og_locale":"en_US","og_type":"article","og_title":"DESEO Chocolate Queens Chocolate Workshops","og_description":"This is the perfect opportunity to feel like a real chocolate queen! Not only will we have a great time tasting, getting to know and creating our own chocolates, but we will also try the unique Cherry Lady monoportion, which will delight you with its taste and elegance!","og_url":"https:\/\/deseopatisserie.com\/en\/product\/chocolate-halloween-workshop-kids-kopia-kopia-kopia-kopia\/","og_site_name":"DESEO","article_modified_time":"2025-04-02T13:36:17+00:00","og_image":[{"url":"https:\/\/deseopatisserie.com\/wp-content\/uploads\/2022\/09\/DESEO-warsztaty-czekoladowe_11-1024x768.jpg","type":"","width":"","height":""}],"twitter_card":"summary_large_image","twitter_misc":{"Est. reading time":"2 minutes"},"schema":{"@context":"https:\/\/schema.org","@graph":[{"@type":"WebPage","@id":"https:\/\/deseopatisserie.com\/en\/product\/chocolate-halloween-workshop-kids-kopia-kopia-kopia-kopia\/","url":"https:\/\/deseopatisserie.com\/en\/product\/chocolate-halloween-workshop-kids-kopia-kopia-kopia-kopia\/","name":"DESEO Chocolate Queens Chocolate Workshops - DESEO Confectionery","isPartOf":{"@id":"https:\/\/deseopatisserie.com\/en\/#website"},"primaryImageOfPage":{"@id":"https:\/\/deseopatisserie.com\/en\/product\/chocolate-halloween-workshop-kids-kopia-kopia-kopia-kopia\/#primaryimage"},"image":{"@id":"https:\/\/deseopatisserie.com\/en\/product\/chocolate-halloween-workshop-kids-kopia-kopia-kopia-kopia\/#primaryimage"},"thumbnailUrl":"https:\/\/deseopatisserie.com\/\/wp-content\/uploads\/2024\/02\/Deseo-Dzien-Kobiet-8632i-czekolada-w-ciastku-kopia.jpg","datePublished":"2025-03-03T07:59:39+00:00","dateModified":"2025-04-02T13:36:17+00:00","description":"DESEO Chocolate Queens Chocolate Workshops - Not only will we have a great time tasting, learning and creating our own chocolates, but we will also try the unique Cherry Lady monoportion, which will delight you with its taste and elegance!","breadcrumb":{"@id":"https:\/\/deseopatisserie.com\/en\/product\/chocolate-halloween-workshop-kids-kopia-kopia-kopia-kopia\/#breadcrumb"},"inLanguage":"en-US","potentialAction":[{"@type":"ReadAction","target":["https:\/\/deseopatisserie.com\/en\/product\/chocolate-halloween-workshop-kids-kopia-kopia-kopia-kopia\/"]}]},{"@type":"ImageObject","inLanguage":"en-US","@id":"https:\/\/deseopatisserie.com\/en\/product\/chocolate-halloween-workshop-kids-kopia-kopia-kopia-kopia\/#primaryimage","url":"https:\/\/deseopatisserie.com\/\/wp-content\/uploads\/2024\/02\/Deseo-Dzien-Kobiet-8632i-czekolada-w-ciastku-kopia.jpg","contentUrl":"https:\/\/deseopatisserie.com\/\/wp-content\/uploads\/2024\/02\/Deseo-Dzien-Kobiet-8632i-czekolada-w-ciastku-kopia.jpg","width":2000,"height":1333},{"@type":"BreadcrumbList","@id":"https:\/\/deseopatisserie.com\/en\/product\/chocolate-halloween-workshop-kids-kopia-kopia-kopia-kopia\/#breadcrumb","itemListElement":[{"@type":"ListItem","position":1,"name":"Strona g\u0142\u00f3wna","item":"https:\/\/deseopatisserie.com\/en\/"},{"@type":"ListItem","position":2,"name":"Prywatne: DESEO Chocolate Queens Chocolate Workshops"}]},{"@type":"WebSite","@id":"https:\/\/deseopatisserie.com\/en\/#website","url":"https:\/\/deseopatisserie.com\/en\/","name":"DESEO","description":"Patisserie &amp; Chocolaterie","potentialAction":[{"@type":"SearchAction","target":{"@type":"EntryPoint","urlTemplate":"https:\/\/deseopatisserie.com\/en\/?s={search_term_string}"},"query-input":{"@type":"PropertyValueSpecification","valueRequired":true,"valueName":"search_term_string"}}],"inLanguage":"en-US"}]}},"_links":{"self":[{"href":"https:\/\/deseopatisserie.com\/en\/wp-json\/wp\/v2\/product\/104862","targetHints":{"allow":["GET"]}}],"collection":[{"href":"https:\/\/deseopatisserie.com\/en\/wp-json\/wp\/v2\/product"}],"about":[{"href":"https:\/\/deseopatisserie.com\/en\/wp-json\/wp\/v2\/types\/product"}],"wp:featuredmedia":[{"embeddable":true,"href":"https:\/\/deseopatisserie.com\/en\/wp-json\/wp\/v2\/media\/85197"}],"wp:attachment":[{"href":"https:\/\/deseopatisserie.com\/en\/wp-json\/wp\/v2\/media?parent=104862"}],"wp:term":[{"taxonomy":"product_brand","embeddable":true,"href":"https:\/\/deseopatisserie.com\/en\/wp-json\/wp\/v2\/product_brand?post=104862"},{"taxonomy":"product_cat","embeddable":true,"href":"https:\/\/deseopatisserie.com\/en\/wp-json\/wp\/v2\/product_cat?post=104862"},{"taxonomy":"product_tag","embeddable":true,"href":"https:\/\/deseopatisserie.com\/en\/wp-json\/wp\/v2\/product_tag?post=104862"}],"curies":[{"name":"wp","href":"https:\/\/api.w.org\/{rel}","templated":true}]}}