{"id":96733,"date":"2024-05-22T11:27:38","date_gmt":"2024-05-22T09:27:38","guid":{"rendered":"https:\/\/deseopatisserie.com\/deseo-fuzja-lodz\/"},"modified":"2024-05-22T11:27:38","modified_gmt":"2024-05-22T09:27:38","slug":"deseo-fuzja-lodz","status":"publish","type":"page","link":"https:\/\/deseopatisserie.com\/en\/deseo-fuzja-lodz\/","title":{"rendered":"DESEO Fuzja \u0141\u00f3d\u017a"},"content":{"rendered":"<h1 style=\"text-align: center; font-size: 25px; margin-top: -100px;\"><strong>DESEO Patisserie &amp; Chocolaterie<\/strong><br \/>\nDESEO Fuzja \u0141\u00f3d\u017a, 11E ks. bp. Tymienieckiego Street, entrance from 6 Milionowa<br \/>\nStreet,<br \/>\n 90-337 \u0141\u00f3d\u017a  <\/h1>\n<p style=\"text-align: center;\"><span style=\"text-align: center; font-size: 17px;\">Open:<br \/>\n<\/span>Monday 11:00\u201321:00<br \/>\nTuesday 11:00\u201321:00<br \/>\nWednesday 11:00\u201321:00<br \/>\nThursday 11:00\u201321:00<br \/>\nFriday 11:00\u201321:00<br \/>\nSaturday 11:00\u201321:00<br \/>\nSunday 11:00\u201321:00<\/p>\n<p style=\"text-align: center;\"><span style=\"text-align: center; font-size: 17px;\">Telephone:  <\/span><\/p>\n<p style=\"text-align: center;\"><a href=\"tel:+48661124980%22\">  +48661124980<\/a><\/p>\n<p style=\"text-align: center;\"><iframe loading=\"lazy\" style=\"border: 0; margin-bottom: 50px;\" src=\"https:\/\/www.google.com\/maps\/embed?pb=!1m18!1m12!1m3!1d2937.4826364604346!2d19.465051311441776!3d51.74915447748668!2m3!1f0!2f0!3f0!3m2!1i1024!2i768!4f13.1!3m3!1m2!1s0x471a35d5752385af%3A0x28f14f2767628476!2sCukiernia%20Kawiarnia%20DESEO%20FUZJA%20%C5%81%C3%B3d%C5%BA!5e0!3m2!1spl!2spl!4v1716370138050!5m2!1spl!2spl\" width=\"600\" height=\"450\" allowfullscreen=\"allowfullscreen\" data-mce-fragment=\"1\"><\/iframe><\/p>\n<p style=\"margin-bottom: 50px;\">See also our other locations:<br \/>\n<a href=\"https:\/\/deseopatisserie.com\/lokal\/deseo-ul-suwak-3\/\">DESEO Warsaw &#8211; 3 Suwak Street <\/a><br \/>\n<a href=\"https:\/\/deseopatisserie.com\/lokal\/deseo-ul-burakowska-5-7\/\">DESEO Warsaw &#8211; Burakowska 5\/7 <\/a><br \/>\n<a href=\"https:\/\/deseopatisserie.com\/lokal\/deseo-ul-fort-sluzew-1b\/\">DESEO Warsaw &#8211; Fort S\u0142u\u017cew 1b <\/a><br \/>\n<a href=\"https:\/\/deseopatisserie.com\/lokal\/deseo-browary-warszawskie-ul-krochmalna-59\/\">DESEO Warsaw &#8211; Warsaw Brewery, 59 Krochmalna St.   <\/a><br \/>\n<a href=\"https:\/\/deseopatisserie.com\/lokal\/deseo-warszawa-ul-marszalkowska-89\/\">DESEO Warsaw &#8211; 89 Marsza\u0142kowska Street <\/a><br \/>\n<a href=\"https:\/\/deseopatisserie.com\/lokal\/deseo-ul-przyczolkowa-223\/\">DESEO Warsaw &#8211; 223 Przycz\u00f3\u0142kowa Street <\/a><br \/>\n<a href=\"https:\/\/deseopatisserie.com\/lokal\/deseo-stary-browar-poznan\/\">DESEO Pozna\u0144 &#8211; Stary Browar<\/a><br \/>\n<a href=\"https:\/\/deseopatisserie.com\/lokal\/deseo-sopot-plac-zdrojowy-2\/\">DESEO Sopot &#8211; Plac Zdrojowy 2<\/a><br \/>\n<a href=\"https:\/\/deseopatisserie.com\/lokal\/deseo-gdansk-montownia-ul-lisia-grobla-7\/\">DESEO Montownia Food Hall, ul. <\/a><br \/>\n<a href=\"https:\/\/deseopatisserie.com\/lokal\/deseo-wroclaw-bulvary-ul-ksiecia-witolda-11\/\">DESEO Bulvary Wroc\u0142aw, ul. <\/a><\/p>\n","protected":false},"excerpt":{"rendered":"<p>DESEO Patisserie &amp; Chocolaterie DESEO Fuzja \u0141\u00f3d\u017a, 11E ks. bp. Tymienieckiego Street, entrance from 6 Milionowa Street, 90-337 \u0141\u00f3d\u017a Open: Monday 11:00\u201321:00 Tuesday 11:00\u201321:00 Wednesday 11:00\u201321:00 Thursday 11:00\u201321:00 Friday 11:00\u201321:00 Saturday 11:00\u201321:00 Sunday 11:00\u201321:00 Telephone: +48661124980 See also our other locations: DESEO Warsaw &#8211; 3 Suwak Street DESEO Warsaw &#8211; Burakowska 5\/7 DESEO Warsaw &#8211; Fort S\u0142u\u017cew 1b DESEO Warsaw &#8211; Warsaw Brewery, 59 Krochmalna St. DESEO Warsaw &#8211; 89 Marsza\u0142kowska Street DESEO Warsaw &#8211; 223 Przycz\u00f3\u0142kowa Street DESEO Pozna\u0144 &#8211; Stary Browar DESEO Sopot &#8211; Plac Zdrojowy 2 DESEO Montownia Food Hall, ul. DESEO Bulvary Wroc\u0142aw, ul.<\/p>\n","protected":false},"author":4901,"featured_media":86195,"parent":0,"menu_order":0,"comment_status":"closed","ping_status":"closed","template":"single-locations.php","meta":{"_acf_changed":false,"footnotes":""},"class_list":["post-96733","page","type-page","status-publish","has-post-thumbnail","hentry"],"acf":[],"yoast_head":"<!-- This site is optimized with the Yoast SEO plugin v27.4 - https:\/\/yoast.com\/product\/yoast-seo-wordpress\/ -->\n<title>DESEO Fuzja \u0141\u00f3d\u017a - DESEO<\/title>\n<meta name=\"description\" content=\"The latest franchise concept in \u0141\u00f3d\u017a Fuzja. The environment is pleasant, warm and ideal for relaxing with coffee and cake.\" \/>\n<meta name=\"robots\" content=\"index, follow, max-snippet:-1, max-image-preview:large, max-video-preview:-1\" \/>\n<link rel=\"canonical\" href=\"https:\/\/deseopatisserie.com\/en\/deseo-fuzja-lodz\/\" \/>\n<meta property=\"og:locale\" content=\"en_US\" \/>\n<meta property=\"og:type\" content=\"article\" \/>\n<meta property=\"og:title\" content=\"Deseo Fuzja \u0141\u00f3d\u017a\" \/>\n<meta property=\"og:description\" content=\"The latest franchise concept in \u0141\u00f3d\u017a Fuzja. The environment is pleasant, warm and ideal for relaxing with coffee and cake.\" \/>\n<meta property=\"og:url\" content=\"https:\/\/deseopatisserie.com\/en\/deseo-fuzja-lodz\/\" \/>\n<meta property=\"og:site_name\" content=\"DESEO\" \/>\n<meta property=\"og:image\" content=\"https:\/\/deseopatisserie.com\/wp-content\/uploads\/2024\/05\/PG_MG_5031-1024x683.jpg\" \/>\n<meta name=\"twitter:card\" content=\"summary_large_image\" \/>\n<script type=\"application\/ld+json\" class=\"yoast-schema-graph\">{\"@context\":\"https:\\\/\\\/schema.org\",\"@graph\":[{\"@type\":\"WebPage\",\"@id\":\"https:\\\/\\\/deseopatisserie.com\\\/en\\\/deseo-fuzja-lodz\\\/\",\"url\":\"https:\\\/\\\/deseopatisserie.com\\\/en\\\/deseo-fuzja-lodz\\\/\",\"name\":\"DESEO Fuzja \u0141\u00f3d\u017a - DESEO\",\"isPartOf\":{\"@id\":\"https:\\\/\\\/deseopatisserie.com\\\/en\\\/#website\"},\"primaryImageOfPage\":{\"@id\":\"https:\\\/\\\/deseopatisserie.com\\\/en\\\/deseo-fuzja-lodz\\\/#primaryimage\"},\"image\":{\"@id\":\"https:\\\/\\\/deseopatisserie.com\\\/en\\\/deseo-fuzja-lodz\\\/#primaryimage\"},\"thumbnailUrl\":\"https:\\\/\\\/deseopatisserie.com\\\/\\\/wp-content\\\/uploads\\\/2024\\\/09\\\/PG_MG_5031.jpg\",\"datePublished\":\"2024-05-22T09:27:38+00:00\",\"description\":\"The latest franchise concept in \u0141\u00f3d\u017a Fuzja. The environment is pleasant, warm and ideal for relaxing with coffee and cake.\",\"breadcrumb\":{\"@id\":\"https:\\\/\\\/deseopatisserie.com\\\/en\\\/deseo-fuzja-lodz\\\/#breadcrumb\"},\"inLanguage\":\"en-US\",\"potentialAction\":[{\"@type\":\"ReadAction\",\"target\":[\"https:\\\/\\\/deseopatisserie.com\\\/en\\\/deseo-fuzja-lodz\\\/\"]}]},{\"@type\":\"ImageObject\",\"inLanguage\":\"en-US\",\"@id\":\"https:\\\/\\\/deseopatisserie.com\\\/en\\\/deseo-fuzja-lodz\\\/#primaryimage\",\"url\":\"https:\\\/\\\/deseopatisserie.com\\\/\\\/wp-content\\\/uploads\\\/2024\\\/09\\\/PG_MG_5031.jpg\",\"contentUrl\":\"https:\\\/\\\/deseopatisserie.com\\\/\\\/wp-content\\\/uploads\\\/2024\\\/09\\\/PG_MG_5031.jpg\",\"width\":2048,\"height\":1365,\"caption\":\"deseo lodz\"},{\"@type\":\"BreadcrumbList\",\"@id\":\"https:\\\/\\\/deseopatisserie.com\\\/en\\\/deseo-fuzja-lodz\\\/#breadcrumb\",\"itemListElement\":[{\"@type\":\"ListItem\",\"position\":1,\"name\":\"Strona g\u0142\u00f3wna\",\"item\":\"https:\\\/\\\/deseopatisserie.com\\\/en\\\/\"},{\"@type\":\"ListItem\",\"position\":2,\"name\":\"DESEO Fuzja \u0141\u00f3d\u017a\"}]},{\"@type\":\"WebSite\",\"@id\":\"https:\\\/\\\/deseopatisserie.com\\\/en\\\/#website\",\"url\":\"https:\\\/\\\/deseopatisserie.com\\\/en\\\/\",\"name\":\"DESEO\",\"description\":\"Patisserie &amp; Chocolaterie\",\"potentialAction\":[{\"@type\":\"SearchAction\",\"target\":{\"@type\":\"EntryPoint\",\"urlTemplate\":\"https:\\\/\\\/deseopatisserie.com\\\/en\\\/?s={search_term_string}\"},\"query-input\":{\"@type\":\"PropertyValueSpecification\",\"valueRequired\":true,\"valueName\":\"search_term_string\"}}],\"inLanguage\":\"en-US\"}]}<\/script>\n<!-- \/ Yoast SEO plugin. -->","yoast_head_json":{"title":"DESEO Fuzja \u0141\u00f3d\u017a - DESEO","description":"The latest franchise concept in \u0141\u00f3d\u017a Fuzja. The environment is pleasant, warm and ideal for relaxing with coffee and cake.","robots":{"index":"index","follow":"follow","max-snippet":"max-snippet:-1","max-image-preview":"max-image-preview:large","max-video-preview":"max-video-preview:-1"},"canonical":"https:\/\/deseopatisserie.com\/en\/deseo-fuzja-lodz\/","og_locale":"en_US","og_type":"article","og_title":"Deseo Fuzja \u0141\u00f3d\u017a","og_description":"The latest franchise concept in \u0141\u00f3d\u017a Fuzja. The environment is pleasant, warm and ideal for relaxing with coffee and cake.","og_url":"https:\/\/deseopatisserie.com\/en\/deseo-fuzja-lodz\/","og_site_name":"DESEO","og_image":[{"url":"https:\/\/deseopatisserie.com\/wp-content\/uploads\/2024\/05\/PG_MG_5031-1024x683.jpg","type":"","width":"","height":""}],"twitter_card":"summary_large_image","schema":{"@context":"https:\/\/schema.org","@graph":[{"@type":"WebPage","@id":"https:\/\/deseopatisserie.com\/en\/deseo-fuzja-lodz\/","url":"https:\/\/deseopatisserie.com\/en\/deseo-fuzja-lodz\/","name":"DESEO Fuzja \u0141\u00f3d\u017a - DESEO","isPartOf":{"@id":"https:\/\/deseopatisserie.com\/en\/#website"},"primaryImageOfPage":{"@id":"https:\/\/deseopatisserie.com\/en\/deseo-fuzja-lodz\/#primaryimage"},"image":{"@id":"https:\/\/deseopatisserie.com\/en\/deseo-fuzja-lodz\/#primaryimage"},"thumbnailUrl":"https:\/\/deseopatisserie.com\/\/wp-content\/uploads\/2024\/09\/PG_MG_5031.jpg","datePublished":"2024-05-22T09:27:38+00:00","description":"The latest franchise concept in \u0141\u00f3d\u017a Fuzja. The environment is pleasant, warm and ideal for relaxing with coffee and cake.","breadcrumb":{"@id":"https:\/\/deseopatisserie.com\/en\/deseo-fuzja-lodz\/#breadcrumb"},"inLanguage":"en-US","potentialAction":[{"@type":"ReadAction","target":["https:\/\/deseopatisserie.com\/en\/deseo-fuzja-lodz\/"]}]},{"@type":"ImageObject","inLanguage":"en-US","@id":"https:\/\/deseopatisserie.com\/en\/deseo-fuzja-lodz\/#primaryimage","url":"https:\/\/deseopatisserie.com\/\/wp-content\/uploads\/2024\/09\/PG_MG_5031.jpg","contentUrl":"https:\/\/deseopatisserie.com\/\/wp-content\/uploads\/2024\/09\/PG_MG_5031.jpg","width":2048,"height":1365,"caption":"deseo lodz"},{"@type":"BreadcrumbList","@id":"https:\/\/deseopatisserie.com\/en\/deseo-fuzja-lodz\/#breadcrumb","itemListElement":[{"@type":"ListItem","position":1,"name":"Strona g\u0142\u00f3wna","item":"https:\/\/deseopatisserie.com\/en\/"},{"@type":"ListItem","position":2,"name":"DESEO Fuzja \u0141\u00f3d\u017a"}]},{"@type":"WebSite","@id":"https:\/\/deseopatisserie.com\/en\/#website","url":"https:\/\/deseopatisserie.com\/en\/","name":"DESEO","description":"Patisserie &amp; Chocolaterie","potentialAction":[{"@type":"SearchAction","target":{"@type":"EntryPoint","urlTemplate":"https:\/\/deseopatisserie.com\/en\/?s={search_term_string}"},"query-input":{"@type":"PropertyValueSpecification","valueRequired":true,"valueName":"search_term_string"}}],"inLanguage":"en-US"}]}},"_links":{"self":[{"href":"https:\/\/deseopatisserie.com\/en\/wp-json\/wp\/v2\/pages\/96733","targetHints":{"allow":["GET"]}}],"collection":[{"href":"https:\/\/deseopatisserie.com\/en\/wp-json\/wp\/v2\/pages"}],"about":[{"href":"https:\/\/deseopatisserie.com\/en\/wp-json\/wp\/v2\/types\/page"}],"author":[{"embeddable":true,"href":"https:\/\/deseopatisserie.com\/en\/wp-json\/wp\/v2\/users\/4901"}],"replies":[{"embeddable":true,"href":"https:\/\/deseopatisserie.com\/en\/wp-json\/wp\/v2\/comments?post=96733"}],"version-history":[{"count":0,"href":"https:\/\/deseopatisserie.com\/en\/wp-json\/wp\/v2\/pages\/96733\/revisions"}],"wp:featuredmedia":[{"embeddable":true,"href":"https:\/\/deseopatisserie.com\/en\/wp-json\/wp\/v2\/media\/86195"}],"wp:attachment":[{"href":"https:\/\/deseopatisserie.com\/en\/wp-json\/wp\/v2\/media?parent=96733"}],"curies":[{"name":"wp","href":"https:\/\/api.w.org\/{rel}","templated":true}]}}