{"id":96731,"date":"2024-04-18T14:14:46","date_gmt":"2024-04-18T12:14:46","guid":{"rendered":"https:\/\/deseopatisserie.com\/deseo-boulevary-wroclaw\/"},"modified":"2024-04-18T14:14:46","modified_gmt":"2024-04-18T12:14:46","slug":"deseo-boulevary-wroclaw","status":"publish","type":"page","link":"https:\/\/deseopatisserie.com\/en\/deseo-boulevary-wroclaw\/","title":{"rendered":"DESEO Boulevary Wroclaw"},"content":{"rendered":"<h1 style=\"text-align: center; font-size: 25px; margin-top: -100px;\"><strong>DESEO Patisserie &amp; Chocolaterie<\/strong><br \/>\nDESEO Boulevary Wroc\u0142aw, ul. Ksi\u0119cia Witolda 11<br \/>\n50-206 Wroc\u0142aw <\/h1>\n<p style=\"text-align: center;\"><span style=\"text-align: center; font-size: 17px;\">Open:<br \/>\n<\/span>Monday 09:00\u201321:00<br \/>\nTuesday 09:00\u201321:00<br \/>\nWednesday 09:00\u201321:00<br \/>\nThursday 09:00\u201321:00<br \/>\nFriday 09:00\u201321:00<br \/>\nSaturday 09:00\u201321:00<br \/>\nSunday 09:00\u201321:00<\/p>\n<p style=\"text-align: center;\"><span style=\"text-align: center; font-size: 17px;\">Telephone:  <\/span><\/p>\n<p style=\"text-align: center;\"><a href=\"tel:+48728859981%22\">  +48728859981<\/a><\/p>\n<p style=\"text-align: center;\"><iframe loading=\"lazy\" style=\"border: 0; margin-bottom: 50px;\" src=\"https:\/\/www.google.com\/maps\/embed?pb=!1m18!1m12!1m3!1d2504.650321177981!2d17.027857975241254!3d51.11491153930172!2m3!1f0!2f0!3f0!3m2!1i1024!2i768!4f13.1!3m3!1m2!1s0x470fe9f58e185fcd%3A0x5600b400f551c1c8!2sCukiernia%20Kawiarnia%20DESEO%20Bulvary%20Wroc%C5%82aw!5e0!3m2!1spl!2spl!4v1713438490238!5m2!1spl!2spl\" width=\"600\" height=\"450\" allowfullscreen=\"allowfullscreen\" data-mce-fragment=\"1\"><\/iframe><\/p>\n<p style=\"margin-bottom: 50px;\">See also our other locations:<br \/>\n<a href=\"https:\/\/deseopatisserie.com\/lokal\/deseo-ul-suwak-3\/\">DESEO Warsaw &#8211; 3 Suwak Street <\/a><br \/>\n<a href=\"https:\/\/deseopatisserie.com\/lokal\/deseo-ul-burakowska-5-7\/\">DESEO Warsaw &#8211; Burakowska 5\/7 <\/a><br \/>\n<a href=\"https:\/\/deseopatisserie.com\/lokal\/deseo-ul-fort-sluzew-1b\/\">DESEO Warsaw &#8211; Fort S\u0142u\u017cew 1b <\/a><br \/>\n<a href=\"https:\/\/deseopatisserie.com\/lokal\/deseo-browary-warszawskie-ul-krochmalna-59\/\">DESEO Warsaw &#8211; Warsaw Brewery, 59 Krochmalna St.   <\/a><br \/>\n<a href=\"https:\/\/deseopatisserie.com\/lokal\/deseo-ul-przyczolkowa-223\/\">DESEO Warsaw &#8211; 223 Przycz\u00f3\u0142kowa Street <\/a><br \/>\n<a href=\"https:\/\/deseopatisserie.com\/lokal\/deseo-warszawa-ul-marszalkowska-89\/\">DESEO Warsaw &#8211; 89 Marsza\u0142kowska Street <\/a><br \/>\n<a href=\"https:\/\/deseopatisserie.com\/lokal\/deseo-stary-browar-poznan\/\">DESEO Pozna\u0144 &#8211; Stary Browar<\/a><br \/>\n<a href=\"https:\/\/deseopatisserie.com\/lokal\/deseo-montownia-gdansk\/\">DESEO Gda\u0144sk \u2013 Montownia Food Hall<\/a><br \/>\n<a href=\"https:\/\/deseopatisserie.com\/deseo-lodz\/\">DESEO \u0141\u00f3d\u017a &#8211; 11E Ks. bp. Tymienieckiego Street  <\/a><\/p>\n","protected":false},"excerpt":{"rendered":"<p>DESEO Patisserie &amp; Chocolaterie DESEO Boulevary Wroc\u0142aw, ul. Ksi\u0119cia Witolda 11 50-206 Wroc\u0142aw Open: Monday 09:00\u201321:00 Tuesday 09:00\u201321:00 Wednesday 09:00\u201321:00 Thursday 09:00\u201321:00 Friday 09:00\u201321:00 Saturday 09:00\u201321:00 Sunday 09:00\u201321:00 Telephone: +48728859981 See also our other locations: DESEO Warsaw &#8211; 3 Suwak Street DESEO Warsaw &#8211; Burakowska 5\/7 DESEO Warsaw &#8211; Fort S\u0142u\u017cew 1b DESEO Warsaw &#8211; Warsaw Brewery, 59 Krochmalna St. DESEO Warsaw &#8211; 223 Przycz\u00f3\u0142kowa Street DESEO Warsaw &#8211; 89 Marsza\u0142kowska Street DESEO Pozna\u0144 &#8211; Stary Browar DESEO Gda\u0144sk \u2013 Montownia Food Hall DESEO \u0141\u00f3d\u017a &#8211; 11E Ks. bp. Tymienieckiego Street<\/p>\n","protected":false},"author":4901,"featured_media":85493,"parent":0,"menu_order":0,"comment_status":"closed","ping_status":"closed","template":"single-locations.php","meta":{"_acf_changed":false,"footnotes":""},"class_list":["post-96731","page","type-page","status-publish","has-post-thumbnail","hentry"],"acf":[],"yoast_head":"<!-- This site is optimized with the Yoast SEO plugin v27.4 - https:\/\/yoast.com\/product\/yoast-seo-wordpress\/ -->\n<title>DESEO Boulevary Wroclaw - DESEO<\/title>\n<meta name=\"description\" content=\"The long-awaited opening of DESEO in Wroc\u0142aw and a huge success! Cozy interior and delicious sweets - drop by and see for yourself!\" \/>\n<meta name=\"robots\" content=\"index, follow, max-snippet:-1, max-image-preview:large, max-video-preview:-1\" \/>\n<link rel=\"canonical\" href=\"https:\/\/deseopatisserie.com\/en\/deseo-boulevary-wroclaw\/\" \/>\n<meta property=\"og:locale\" content=\"en_US\" \/>\n<meta property=\"og:type\" content=\"article\" \/>\n<meta property=\"og:title\" content=\"DESEO Boulevary Wroclaw\" \/>\n<meta property=\"og:description\" content=\"The long-awaited opening of DESEO in Wroc\u0142aw and a huge success! Cozy interior and delicious sweets - drop by and see for yourself!\" \/>\n<meta property=\"og:url\" content=\"https:\/\/deseopatisserie.com\/en\/deseo-boulevary-wroclaw\/\" \/>\n<meta property=\"og:site_name\" content=\"DESEO\" \/>\n<meta property=\"og:image\" content=\"https:\/\/deseopatisserie.com\/wp-content\/uploads\/2024\/04\/IMG_8743-1024x770.jpg\" \/>\n<meta name=\"twitter:card\" content=\"summary_large_image\" \/>\n<script type=\"application\/ld+json\" class=\"yoast-schema-graph\">{\"@context\":\"https:\\\/\\\/schema.org\",\"@graph\":[{\"@type\":\"WebPage\",\"@id\":\"https:\\\/\\\/deseopatisserie.com\\\/en\\\/deseo-boulevary-wroclaw\\\/\",\"url\":\"https:\\\/\\\/deseopatisserie.com\\\/en\\\/deseo-boulevary-wroclaw\\\/\",\"name\":\"DESEO Boulevary Wroclaw - DESEO\",\"isPartOf\":{\"@id\":\"https:\\\/\\\/deseopatisserie.com\\\/en\\\/#website\"},\"primaryImageOfPage\":{\"@id\":\"https:\\\/\\\/deseopatisserie.com\\\/en\\\/deseo-boulevary-wroclaw\\\/#primaryimage\"},\"image\":{\"@id\":\"https:\\\/\\\/deseopatisserie.com\\\/en\\\/deseo-boulevary-wroclaw\\\/#primaryimage\"},\"thumbnailUrl\":\"https:\\\/\\\/deseopatisserie.com\\\/\\\/wp-content\\\/uploads\\\/2024\\\/04\\\/IMG_874300.jpg\",\"datePublished\":\"2024-04-18T12:14:46+00:00\",\"description\":\"The long-awaited opening of DESEO in Wroc\u0142aw and a huge success! Cozy interior and delicious sweets - drop by and see for yourself!\",\"breadcrumb\":{\"@id\":\"https:\\\/\\\/deseopatisserie.com\\\/en\\\/deseo-boulevary-wroclaw\\\/#breadcrumb\"},\"inLanguage\":\"en-US\",\"potentialAction\":[{\"@type\":\"ReadAction\",\"target\":[\"https:\\\/\\\/deseopatisserie.com\\\/en\\\/deseo-boulevary-wroclaw\\\/\"]}]},{\"@type\":\"ImageObject\",\"inLanguage\":\"en-US\",\"@id\":\"https:\\\/\\\/deseopatisserie.com\\\/en\\\/deseo-boulevary-wroclaw\\\/#primaryimage\",\"url\":\"https:\\\/\\\/deseopatisserie.com\\\/\\\/wp-content\\\/uploads\\\/2024\\\/04\\\/IMG_874300.jpg\",\"contentUrl\":\"https:\\\/\\\/deseopatisserie.com\\\/\\\/wp-content\\\/uploads\\\/2024\\\/04\\\/IMG_874300.jpg\",\"width\":2048,\"height\":1024},{\"@type\":\"BreadcrumbList\",\"@id\":\"https:\\\/\\\/deseopatisserie.com\\\/en\\\/deseo-boulevary-wroclaw\\\/#breadcrumb\",\"itemListElement\":[{\"@type\":\"ListItem\",\"position\":1,\"name\":\"Strona g\u0142\u00f3wna\",\"item\":\"https:\\\/\\\/deseopatisserie.com\\\/en\\\/\"},{\"@type\":\"ListItem\",\"position\":2,\"name\":\"DESEO Boulevary Wroclaw\"}]},{\"@type\":\"WebSite\",\"@id\":\"https:\\\/\\\/deseopatisserie.com\\\/en\\\/#website\",\"url\":\"https:\\\/\\\/deseopatisserie.com\\\/en\\\/\",\"name\":\"DESEO\",\"description\":\"Patisserie &amp; Chocolaterie\",\"potentialAction\":[{\"@type\":\"SearchAction\",\"target\":{\"@type\":\"EntryPoint\",\"urlTemplate\":\"https:\\\/\\\/deseopatisserie.com\\\/en\\\/?s={search_term_string}\"},\"query-input\":{\"@type\":\"PropertyValueSpecification\",\"valueRequired\":true,\"valueName\":\"search_term_string\"}}],\"inLanguage\":\"en-US\"}]}<\/script>\n<!-- \/ Yoast SEO plugin. -->","yoast_head_json":{"title":"DESEO Boulevary Wroclaw - DESEO","description":"The long-awaited opening of DESEO in Wroc\u0142aw and a huge success! Cozy interior and delicious sweets - drop by and see for yourself!","robots":{"index":"index","follow":"follow","max-snippet":"max-snippet:-1","max-image-preview":"max-image-preview:large","max-video-preview":"max-video-preview:-1"},"canonical":"https:\/\/deseopatisserie.com\/en\/deseo-boulevary-wroclaw\/","og_locale":"en_US","og_type":"article","og_title":"DESEO Boulevary Wroclaw","og_description":"The long-awaited opening of DESEO in Wroc\u0142aw and a huge success! Cozy interior and delicious sweets - drop by and see for yourself!","og_url":"https:\/\/deseopatisserie.com\/en\/deseo-boulevary-wroclaw\/","og_site_name":"DESEO","og_image":[{"url":"https:\/\/deseopatisserie.com\/wp-content\/uploads\/2024\/04\/IMG_8743-1024x770.jpg","type":"","width":"","height":""}],"twitter_card":"summary_large_image","schema":{"@context":"https:\/\/schema.org","@graph":[{"@type":"WebPage","@id":"https:\/\/deseopatisserie.com\/en\/deseo-boulevary-wroclaw\/","url":"https:\/\/deseopatisserie.com\/en\/deseo-boulevary-wroclaw\/","name":"DESEO Boulevary Wroclaw - DESEO","isPartOf":{"@id":"https:\/\/deseopatisserie.com\/en\/#website"},"primaryImageOfPage":{"@id":"https:\/\/deseopatisserie.com\/en\/deseo-boulevary-wroclaw\/#primaryimage"},"image":{"@id":"https:\/\/deseopatisserie.com\/en\/deseo-boulevary-wroclaw\/#primaryimage"},"thumbnailUrl":"https:\/\/deseopatisserie.com\/\/wp-content\/uploads\/2024\/04\/IMG_874300.jpg","datePublished":"2024-04-18T12:14:46+00:00","description":"The long-awaited opening of DESEO in Wroc\u0142aw and a huge success! Cozy interior and delicious sweets - drop by and see for yourself!","breadcrumb":{"@id":"https:\/\/deseopatisserie.com\/en\/deseo-boulevary-wroclaw\/#breadcrumb"},"inLanguage":"en-US","potentialAction":[{"@type":"ReadAction","target":["https:\/\/deseopatisserie.com\/en\/deseo-boulevary-wroclaw\/"]}]},{"@type":"ImageObject","inLanguage":"en-US","@id":"https:\/\/deseopatisserie.com\/en\/deseo-boulevary-wroclaw\/#primaryimage","url":"https:\/\/deseopatisserie.com\/\/wp-content\/uploads\/2024\/04\/IMG_874300.jpg","contentUrl":"https:\/\/deseopatisserie.com\/\/wp-content\/uploads\/2024\/04\/IMG_874300.jpg","width":2048,"height":1024},{"@type":"BreadcrumbList","@id":"https:\/\/deseopatisserie.com\/en\/deseo-boulevary-wroclaw\/#breadcrumb","itemListElement":[{"@type":"ListItem","position":1,"name":"Strona g\u0142\u00f3wna","item":"https:\/\/deseopatisserie.com\/en\/"},{"@type":"ListItem","position":2,"name":"DESEO Boulevary Wroclaw"}]},{"@type":"WebSite","@id":"https:\/\/deseopatisserie.com\/en\/#website","url":"https:\/\/deseopatisserie.com\/en\/","name":"DESEO","description":"Patisserie &amp; Chocolaterie","potentialAction":[{"@type":"SearchAction","target":{"@type":"EntryPoint","urlTemplate":"https:\/\/deseopatisserie.com\/en\/?s={search_term_string}"},"query-input":{"@type":"PropertyValueSpecification","valueRequired":true,"valueName":"search_term_string"}}],"inLanguage":"en-US"}]}},"_links":{"self":[{"href":"https:\/\/deseopatisserie.com\/en\/wp-json\/wp\/v2\/pages\/96731","targetHints":{"allow":["GET"]}}],"collection":[{"href":"https:\/\/deseopatisserie.com\/en\/wp-json\/wp\/v2\/pages"}],"about":[{"href":"https:\/\/deseopatisserie.com\/en\/wp-json\/wp\/v2\/types\/page"}],"author":[{"embeddable":true,"href":"https:\/\/deseopatisserie.com\/en\/wp-json\/wp\/v2\/users\/4901"}],"replies":[{"embeddable":true,"href":"https:\/\/deseopatisserie.com\/en\/wp-json\/wp\/v2\/comments?post=96731"}],"version-history":[{"count":0,"href":"https:\/\/deseopatisserie.com\/en\/wp-json\/wp\/v2\/pages\/96731\/revisions"}],"wp:featuredmedia":[{"embeddable":true,"href":"https:\/\/deseopatisserie.com\/en\/wp-json\/wp\/v2\/media\/85493"}],"wp:attachment":[{"href":"https:\/\/deseopatisserie.com\/en\/wp-json\/wp\/v2\/media?parent=96731"}],"curies":[{"name":"wp","href":"https:\/\/api.w.org\/{rel}","templated":true}]}}