{"id":96725,"date":"2024-09-20T14:19:00","date_gmt":"2024-09-20T12:19:00","guid":{"rendered":"https:\/\/deseopatisserie.com\/cakes-lodz\/"},"modified":"2024-09-20T14:19:00","modified_gmt":"2024-09-20T12:19:00","slug":"cakes-lodz","status":"publish","type":"page","link":"https:\/\/deseopatisserie.com\/en\/cakes-lodz\/","title":{"rendered":"Cakes Lodz"},"content":{"rendered":"","protected":false},"excerpt":{"rendered":"","protected":false},"author":6807,"featured_media":83952,"parent":0,"menu_order":0,"comment_status":"closed","ping_status":"closed","template":"page-offer.php","meta":{"_acf_changed":false,"footnotes":""},"class_list":["post-96725","page","type-page","status-publish","has-post-thumbnail","hentry"],"acf":[],"yoast_head":"<!-- This site is optimized with the Yoast SEO plugin v27.4 - https:\/\/yoast.com\/product\/yoast-seo-wordpress\/ -->\n<title>Cakes Lodz - DESEO<\/title>\n<meta name=\"description\" content=\"If you are looking for a unique cake for a special occasion, Deseo in \u0141\u00f3d\u017a is the perfect choice! We offer cakes that combine unique taste with an artistic look, perfectly tailored to your expectations. Our desserts are prepared from the highest quality ingredients.\" \/>\n<meta name=\"robots\" content=\"index, follow, max-snippet:-1, max-image-preview:large, max-video-preview:-1\" \/>\n<link rel=\"canonical\" href=\"https:\/\/deseopatisserie.com\/en\/cakes-lodz\/\" \/>\n<meta property=\"og:locale\" content=\"en_US\" \/>\n<meta property=\"og:type\" content=\"article\" \/>\n<meta property=\"og:title\" content=\"Cakes Boat DESEO\" \/>\n<meta property=\"og:description\" content=\"If you are looking for a unique cake for a special occasion, Deseo in \u0141\u00f3d\u017a is the perfect choice! We offer cakes that combine unique taste with an artistic look, perfectly tailored to your expectations. Our desserts are prepared from the highest quality ingredients.\" \/>\n<meta property=\"og:url\" content=\"https:\/\/deseopatisserie.com\/en\/cakes-lodz\/\" \/>\n<meta property=\"og:site_name\" content=\"DESEO\" \/>\n<meta property=\"og:image\" content=\"https:\/\/deseopatisserie.com\/wp-content\/uploads\/2023\/01\/TORT.PISTACHIO_1-1024x683.jpg\" \/>\n<meta name=\"twitter:card\" content=\"summary_large_image\" \/>\n<script type=\"application\/ld+json\" class=\"yoast-schema-graph\">{\"@context\":\"https:\\\/\\\/schema.org\",\"@graph\":[{\"@type\":\"WebPage\",\"@id\":\"https:\\\/\\\/deseopatisserie.com\\\/en\\\/cakes-lodz\\\/\",\"url\":\"https:\\\/\\\/deseopatisserie.com\\\/en\\\/cakes-lodz\\\/\",\"name\":\"Cakes Lodz - DESEO\",\"isPartOf\":{\"@id\":\"https:\\\/\\\/deseopatisserie.com\\\/en\\\/#website\"},\"primaryImageOfPage\":{\"@id\":\"https:\\\/\\\/deseopatisserie.com\\\/en\\\/cakes-lodz\\\/#primaryimage\"},\"image\":{\"@id\":\"https:\\\/\\\/deseopatisserie.com\\\/en\\\/cakes-lodz\\\/#primaryimage\"},\"thumbnailUrl\":\"https:\\\/\\\/deseopatisserie.com\\\/\\\/wp-content\\\/uploads\\\/2023\\\/01\\\/TORT.PISTACHIO_2.jpg\",\"datePublished\":\"2024-09-20T12:19:00+00:00\",\"description\":\"If you are looking for a unique cake for a special occasion, Deseo in \u0141\u00f3d\u017a is the perfect choice! We offer cakes that combine unique taste with an artistic look, perfectly tailored to your expectations. Our desserts are prepared from the highest quality ingredients.\",\"breadcrumb\":{\"@id\":\"https:\\\/\\\/deseopatisserie.com\\\/en\\\/cakes-lodz\\\/#breadcrumb\"},\"inLanguage\":\"en-US\",\"potentialAction\":[{\"@type\":\"ReadAction\",\"target\":[\"https:\\\/\\\/deseopatisserie.com\\\/en\\\/cakes-lodz\\\/\"]}]},{\"@type\":\"ImageObject\",\"inLanguage\":\"en-US\",\"@id\":\"https:\\\/\\\/deseopatisserie.com\\\/en\\\/cakes-lodz\\\/#primaryimage\",\"url\":\"https:\\\/\\\/deseopatisserie.com\\\/\\\/wp-content\\\/uploads\\\/2023\\\/01\\\/TORT.PISTACHIO_2.jpg\",\"contentUrl\":\"https:\\\/\\\/deseopatisserie.com\\\/\\\/wp-content\\\/uploads\\\/2023\\\/01\\\/TORT.PISTACHIO_2.jpg\",\"width\":2500,\"height\":1667},{\"@type\":\"BreadcrumbList\",\"@id\":\"https:\\\/\\\/deseopatisserie.com\\\/en\\\/cakes-lodz\\\/#breadcrumb\",\"itemListElement\":[{\"@type\":\"ListItem\",\"position\":1,\"name\":\"Strona g\u0142\u00f3wna\",\"item\":\"https:\\\/\\\/deseopatisserie.com\\\/en\\\/\"},{\"@type\":\"ListItem\",\"position\":2,\"name\":\"Cakes Lodz\"}]},{\"@type\":\"WebSite\",\"@id\":\"https:\\\/\\\/deseopatisserie.com\\\/en\\\/#website\",\"url\":\"https:\\\/\\\/deseopatisserie.com\\\/en\\\/\",\"name\":\"DESEO\",\"description\":\"Patisserie &amp; Chocolaterie\",\"potentialAction\":[{\"@type\":\"SearchAction\",\"target\":{\"@type\":\"EntryPoint\",\"urlTemplate\":\"https:\\\/\\\/deseopatisserie.com\\\/en\\\/?s={search_term_string}\"},\"query-input\":{\"@type\":\"PropertyValueSpecification\",\"valueRequired\":true,\"valueName\":\"search_term_string\"}}],\"inLanguage\":\"en-US\"}]}<\/script>\n<!-- \/ Yoast SEO plugin. -->","yoast_head_json":{"title":"Cakes Lodz - DESEO","description":"If you are looking for a unique cake for a special occasion, Deseo in \u0141\u00f3d\u017a is the perfect choice! We offer cakes that combine unique taste with an artistic look, perfectly tailored to your expectations. Our desserts are prepared from the highest quality ingredients.","robots":{"index":"index","follow":"follow","max-snippet":"max-snippet:-1","max-image-preview":"max-image-preview:large","max-video-preview":"max-video-preview:-1"},"canonical":"https:\/\/deseopatisserie.com\/en\/cakes-lodz\/","og_locale":"en_US","og_type":"article","og_title":"Cakes Boat DESEO","og_description":"If you are looking for a unique cake for a special occasion, Deseo in \u0141\u00f3d\u017a is the perfect choice! We offer cakes that combine unique taste with an artistic look, perfectly tailored to your expectations. Our desserts are prepared from the highest quality ingredients.","og_url":"https:\/\/deseopatisserie.com\/en\/cakes-lodz\/","og_site_name":"DESEO","og_image":[{"url":"https:\/\/deseopatisserie.com\/wp-content\/uploads\/2023\/01\/TORT.PISTACHIO_1-1024x683.jpg","type":"","width":"","height":""}],"twitter_card":"summary_large_image","schema":{"@context":"https:\/\/schema.org","@graph":[{"@type":"WebPage","@id":"https:\/\/deseopatisserie.com\/en\/cakes-lodz\/","url":"https:\/\/deseopatisserie.com\/en\/cakes-lodz\/","name":"Cakes Lodz - DESEO","isPartOf":{"@id":"https:\/\/deseopatisserie.com\/en\/#website"},"primaryImageOfPage":{"@id":"https:\/\/deseopatisserie.com\/en\/cakes-lodz\/#primaryimage"},"image":{"@id":"https:\/\/deseopatisserie.com\/en\/cakes-lodz\/#primaryimage"},"thumbnailUrl":"https:\/\/deseopatisserie.com\/\/wp-content\/uploads\/2023\/01\/TORT.PISTACHIO_2.jpg","datePublished":"2024-09-20T12:19:00+00:00","description":"If you are looking for a unique cake for a special occasion, Deseo in \u0141\u00f3d\u017a is the perfect choice! We offer cakes that combine unique taste with an artistic look, perfectly tailored to your expectations. Our desserts are prepared from the highest quality ingredients.","breadcrumb":{"@id":"https:\/\/deseopatisserie.com\/en\/cakes-lodz\/#breadcrumb"},"inLanguage":"en-US","potentialAction":[{"@type":"ReadAction","target":["https:\/\/deseopatisserie.com\/en\/cakes-lodz\/"]}]},{"@type":"ImageObject","inLanguage":"en-US","@id":"https:\/\/deseopatisserie.com\/en\/cakes-lodz\/#primaryimage","url":"https:\/\/deseopatisserie.com\/\/wp-content\/uploads\/2023\/01\/TORT.PISTACHIO_2.jpg","contentUrl":"https:\/\/deseopatisserie.com\/\/wp-content\/uploads\/2023\/01\/TORT.PISTACHIO_2.jpg","width":2500,"height":1667},{"@type":"BreadcrumbList","@id":"https:\/\/deseopatisserie.com\/en\/cakes-lodz\/#breadcrumb","itemListElement":[{"@type":"ListItem","position":1,"name":"Strona g\u0142\u00f3wna","item":"https:\/\/deseopatisserie.com\/en\/"},{"@type":"ListItem","position":2,"name":"Cakes Lodz"}]},{"@type":"WebSite","@id":"https:\/\/deseopatisserie.com\/en\/#website","url":"https:\/\/deseopatisserie.com\/en\/","name":"DESEO","description":"Patisserie &amp; Chocolaterie","potentialAction":[{"@type":"SearchAction","target":{"@type":"EntryPoint","urlTemplate":"https:\/\/deseopatisserie.com\/en\/?s={search_term_string}"},"query-input":{"@type":"PropertyValueSpecification","valueRequired":true,"valueName":"search_term_string"}}],"inLanguage":"en-US"}]}},"_links":{"self":[{"href":"https:\/\/deseopatisserie.com\/en\/wp-json\/wp\/v2\/pages\/96725","targetHints":{"allow":["GET"]}}],"collection":[{"href":"https:\/\/deseopatisserie.com\/en\/wp-json\/wp\/v2\/pages"}],"about":[{"href":"https:\/\/deseopatisserie.com\/en\/wp-json\/wp\/v2\/types\/page"}],"author":[{"embeddable":true,"href":"https:\/\/deseopatisserie.com\/en\/wp-json\/wp\/v2\/users\/6807"}],"replies":[{"embeddable":true,"href":"https:\/\/deseopatisserie.com\/en\/wp-json\/wp\/v2\/comments?post=96725"}],"version-history":[{"count":0,"href":"https:\/\/deseopatisserie.com\/en\/wp-json\/wp\/v2\/pages\/96725\/revisions"}],"wp:featuredmedia":[{"embeddable":true,"href":"https:\/\/deseopatisserie.com\/en\/wp-json\/wp\/v2\/media\/83952"}],"wp:attachment":[{"href":"https:\/\/deseopatisserie.com\/en\/wp-json\/wp\/v2\/media?parent=96725"}],"curies":[{"name":"wp","href":"https:\/\/api.w.org\/{rel}","templated":true}]}}