{"id":96697,"date":"2020-04-08T12:29:49","date_gmt":"2020-04-08T10:29:49","guid":{"rendered":"https:\/\/deseopatisserie.com\/contact\/"},"modified":"2020-04-08T12:29:49","modified_gmt":"2020-04-08T10:29:49","slug":"contact","status":"publish","type":"page","link":"https:\/\/deseopatisserie.com\/en\/contact\/","title":{"rendered":"Contact"},"content":{"rendered":"<p style=\"text-align: center; margin-top: -100px;\">DESEO Patisserie &amp; Chocolaterie is a luxury Warsaw confectionery specializing in petit gateau cookies, cakes and chocolate pralines.<\/p>\n<p style=\"text-align: center;\">See all our locations:<\/p>\n<p style=\"text-align: center;\"><strong>Warsaw<\/strong><br \/>\n<span style=\"color: #bf883b;\"><a style=\"color: #bf883b;\" href=\"https:\/\/deseopatisserie.com\/lokal\/deseo-ul-suwak-3\/\">DESEO 3 Suwak Street, Warsaw <\/a><\/span><br \/>\n<span style=\"color: #bf883b;\"><a style=\"color: #bf883b;\" href=\"https:\/\/deseopatisserie.com\/lokal\/deseo-ul-burakowska-5-7\/\">DESEO 5\/7 Burakowska Street, Warsaw <\/a><\/span><br \/>\n<span style=\"color: #bf883b;\"><a style=\"color: #bf883b;\" href=\"https:\/\/deseopatisserie.com\/lokal\/deseo-ul-fort-sluzew-1b\/\">DESEO 1b Fort S\u0142u\u017cew Street, Warsaw <\/a><\/span><br \/>\n<span style=\"color: #bf883b;\"><a style=\"color: #bf883b;\" href=\"https:\/\/deseopatisserie.com\/lokal\/deseo-browary-warszawskie-ul-krochmalna-59\/\">DESEO Warsaw Brewery, 59 Krochmalna Street, Warsaw <\/a><\/span><br \/>\n<span style=\"color: #bf883b;\"><a style=\"color: #bf883b;\" href=\"https:\/\/deseopatisserie.com\/lokal\/deseo-ul-przyczolkowa-223\/\">DESEO 223 Przycz\u00f3\u0142kowa Street, Warsaw <\/a><\/span><br \/>\n<span style=\"color: #bf883b;\"><a style=\"color: #bf883b;\" href=\"https:\/\/deseopatisserie.com\/lokal\/deseo-warszawa-ul-marszalkowska-89\/\">DESEO 89 Marsza\u0142kowska Street, Warsaw <\/a><\/span><\/p>\n<p style=\"text-align: center;\"><strong>Poznan<\/strong><br \/>\n<span style=\"color: #bf883b;\"><a style=\"color: #bf883b;\" href=\"https:\/\/deseopatisserie.com\/lokal\/deseo-poznan-stary-browar-ul-polwiejska-42\/\">DESEO Stary Browar, 42 P\u00f3\u0142wiejska Street, Pozna\u0144 <\/a><\/span><\/p>\n<p style=\"text-align: center;\"><strong>Gdansk<\/strong><br \/>\n<span style=\"color: #bf883b;\"><a style=\"color: #bf883b;\" href=\"https:\/\/deseopatisserie.com\/lokal\/deseo-gdansk-montownia-ul-lisia-grobla-7\/\">DESEO Montownia Food Hall, 7 Lisia Grobla Street, Gda\u0144sk <\/a><\/span><\/p>\n<p style=\"text-align: center;\"><strong>Sopot<\/strong><br \/>\n<span style=\"color: #bf883b;\"><a style=\"color: #bf883b;\" href=\"https:\/\/deseopatisserie.com\/lokal\/deseo-sopot-plac-zdrojowy-2\/\">DESEO Plac Zdrojowy 2, Sopot<\/a><\/span><\/p>\n<p style=\"text-align: center;\"><strong>Wroclaw<\/strong><br \/>\n<span style=\"color: #bf883b;\"><a style=\"color: #bf883b;\" href=\"https:\/\/deseopatisserie.com\/lokal\/deseo-wroclaw-bulvary-ul-ksiecia-witolda-11\/\">DESEO 11 Ksi\u0119cia Witolda Street, Wroclaw <\/a><\/span><\/p>\n<p style=\"text-align: center; margin-bottom: 50px;\"><strong>Boat<\/strong><br \/>\n<span style=\"color: #bf883b;\"><a style=\"color: #bf883b;\" href=\"https:\/\/deseopatisserie.com\/lokal\/deseo-lodz-fuzja-ul-ks-bp-tymienieckiego-11e\/\">DESEO 11E Rev. Bishop Tymienieckiego Street, \u0141\u00f3d\u017a  <\/a><\/span><\/p>\n","protected":false},"excerpt":{"rendered":"<p>DESEO Patisserie &amp; Chocolaterie is a luxury Warsaw confectionery specializing in petit gateau cookies, cakes and chocolate pralines. See all our locations: Warsaw DESEO 3 Suwak Street, Warsaw DESEO 5\/7 Burakowska Street, Warsaw DESEO 1b Fort S\u0142u\u017cew Street, Warsaw DESEO Warsaw Brewery, 59 Krochmalna Street, Warsaw DESEO 223 Przycz\u00f3\u0142kowa Street, Warsaw DESEO 89 Marsza\u0142kowska Street, Warsaw Poznan DESEO Stary Browar, 42 P\u00f3\u0142wiejska Street, Pozna\u0144 Gdansk DESEO Montownia Food Hall, 7 Lisia Grobla Street, Gda\u0144sk Sopot DESEO Plac Zdrojowy 2, Sopot Wroclaw DESEO 11 Ksi\u0119cia Witolda Street, Wroclaw Boat DESEO 11E Rev. Bishop Tymienieckiego Street, \u0141\u00f3d\u017a<\/p>\n","protected":false},"author":1,"featured_media":86195,"parent":0,"menu_order":4,"comment_status":"closed","ping_status":"closed","template":"single-locations.php","meta":{"_acf_changed":false,"footnotes":""},"class_list":["post-96697","page","type-page","status-publish","has-post-thumbnail","hentry"],"acf":[],"yoast_head":"<!-- This site is optimized with the Yoast SEO plugin v27.3 - https:\/\/yoast.com\/product\/yoast-seo-wordpress\/ -->\n<title>Contact with DESEO confectionery in Warsaw<\/title>\n<meta name=\"description\" content=\"Do you want to place an order, are you thinking about cooperation or do you have any questions for us? Come in and contact us. Welcome!\" \/>\n<meta name=\"robots\" content=\"index, follow, max-snippet:-1, max-image-preview:large, max-video-preview:-1\" \/>\n<link rel=\"canonical\" href=\"https:\/\/deseopatisserie.com\/en\/contact\/\" \/>\n<meta property=\"og:locale\" content=\"en_US\" \/>\n<meta property=\"og:type\" content=\"article\" \/>\n<meta property=\"og:title\" content=\"Contact with DESEO confectionery in Warsaw\" \/>\n<meta property=\"og:description\" content=\"Do you want to place an order, are you thinking about cooperation or do you have any questions for us? Come in and contact us. Welcome!\" \/>\n<meta property=\"og:url\" content=\"https:\/\/deseopatisserie.com\/en\/contact\/\" \/>\n<meta property=\"og:site_name\" content=\"DESEO\" \/>\n<meta property=\"og:image\" content=\"https:\/\/deseopatisserie.com\/wp-content\/uploads\/2024\/02\/Deseo-Dzien-Kobiet-8620i-czekolada-w-ciastku-kopia.jpg\" \/>\n<meta name=\"twitter:card\" content=\"summary_large_image\" \/>\n<script type=\"application\/ld+json\" class=\"yoast-schema-graph\">{\"@context\":\"https:\\\/\\\/schema.org\",\"@graph\":[{\"@type\":\"WebPage\",\"@id\":\"https:\\\/\\\/deseopatisserie.com\\\/en\\\/contact\\\/\",\"url\":\"https:\\\/\\\/deseopatisserie.com\\\/en\\\/contact\\\/\",\"name\":\"Contact with DESEO confectionery in Warsaw\",\"isPartOf\":{\"@id\":\"https:\\\/\\\/deseopatisserie.com\\\/en\\\/#website\"},\"primaryImageOfPage\":{\"@id\":\"https:\\\/\\\/deseopatisserie.com\\\/en\\\/contact\\\/#primaryimage\"},\"image\":{\"@id\":\"https:\\\/\\\/deseopatisserie.com\\\/en\\\/contact\\\/#primaryimage\"},\"thumbnailUrl\":\"https:\\\/\\\/deseopatisserie.com\\\/\\\/wp-content\\\/uploads\\\/2024\\\/09\\\/PG_MG_5031.jpg\",\"datePublished\":\"2020-04-08T10:29:49+00:00\",\"description\":\"Do you want to place an order, are you thinking about cooperation or do you have any questions for us? Come in and contact us. Welcome!\",\"breadcrumb\":{\"@id\":\"https:\\\/\\\/deseopatisserie.com\\\/en\\\/contact\\\/#breadcrumb\"},\"inLanguage\":\"en-US\",\"potentialAction\":[{\"@type\":\"ReadAction\",\"target\":[\"https:\\\/\\\/deseopatisserie.com\\\/en\\\/contact\\\/\"]}]},{\"@type\":\"ImageObject\",\"inLanguage\":\"en-US\",\"@id\":\"https:\\\/\\\/deseopatisserie.com\\\/en\\\/contact\\\/#primaryimage\",\"url\":\"https:\\\/\\\/deseopatisserie.com\\\/\\\/wp-content\\\/uploads\\\/2024\\\/09\\\/PG_MG_5031.jpg\",\"contentUrl\":\"https:\\\/\\\/deseopatisserie.com\\\/\\\/wp-content\\\/uploads\\\/2024\\\/09\\\/PG_MG_5031.jpg\",\"width\":2048,\"height\":1365,\"caption\":\"deseo lodz\"},{\"@type\":\"BreadcrumbList\",\"@id\":\"https:\\\/\\\/deseopatisserie.com\\\/en\\\/contact\\\/#breadcrumb\",\"itemListElement\":[{\"@type\":\"ListItem\",\"position\":1,\"name\":\"Strona g\u0142\u00f3wna\",\"item\":\"https:\\\/\\\/deseopatisserie.com\\\/en\\\/\"},{\"@type\":\"ListItem\",\"position\":2,\"name\":\"Contact\"}]},{\"@type\":\"WebSite\",\"@id\":\"https:\\\/\\\/deseopatisserie.com\\\/en\\\/#website\",\"url\":\"https:\\\/\\\/deseopatisserie.com\\\/en\\\/\",\"name\":\"DESEO\",\"description\":\"Patisserie &amp; Chocolaterie\",\"potentialAction\":[{\"@type\":\"SearchAction\",\"target\":{\"@type\":\"EntryPoint\",\"urlTemplate\":\"https:\\\/\\\/deseopatisserie.com\\\/en\\\/?s={search_term_string}\"},\"query-input\":{\"@type\":\"PropertyValueSpecification\",\"valueRequired\":true,\"valueName\":\"search_term_string\"}}],\"inLanguage\":\"en-US\"}]}<\/script>\n<!-- \/ Yoast SEO plugin. -->","yoast_head_json":{"title":"Contact with DESEO confectionery in Warsaw","description":"Do you want to place an order, are you thinking about cooperation or do you have any questions for us? Come in and contact us. Welcome!","robots":{"index":"index","follow":"follow","max-snippet":"max-snippet:-1","max-image-preview":"max-image-preview:large","max-video-preview":"max-video-preview:-1"},"canonical":"https:\/\/deseopatisserie.com\/en\/contact\/","og_locale":"en_US","og_type":"article","og_title":"Contact with DESEO confectionery in Warsaw","og_description":"Do you want to place an order, are you thinking about cooperation or do you have any questions for us? Come in and contact us. Welcome!","og_url":"https:\/\/deseopatisserie.com\/en\/contact\/","og_site_name":"DESEO","og_image":[{"url":"https:\/\/deseopatisserie.com\/wp-content\/uploads\/2024\/02\/Deseo-Dzien-Kobiet-8620i-czekolada-w-ciastku-kopia.jpg","type":"","width":"","height":""}],"twitter_card":"summary_large_image","schema":{"@context":"https:\/\/schema.org","@graph":[{"@type":"WebPage","@id":"https:\/\/deseopatisserie.com\/en\/contact\/","url":"https:\/\/deseopatisserie.com\/en\/contact\/","name":"Contact with DESEO confectionery in Warsaw","isPartOf":{"@id":"https:\/\/deseopatisserie.com\/en\/#website"},"primaryImageOfPage":{"@id":"https:\/\/deseopatisserie.com\/en\/contact\/#primaryimage"},"image":{"@id":"https:\/\/deseopatisserie.com\/en\/contact\/#primaryimage"},"thumbnailUrl":"https:\/\/deseopatisserie.com\/\/wp-content\/uploads\/2024\/09\/PG_MG_5031.jpg","datePublished":"2020-04-08T10:29:49+00:00","description":"Do you want to place an order, are you thinking about cooperation or do you have any questions for us? Come in and contact us. Welcome!","breadcrumb":{"@id":"https:\/\/deseopatisserie.com\/en\/contact\/#breadcrumb"},"inLanguage":"en-US","potentialAction":[{"@type":"ReadAction","target":["https:\/\/deseopatisserie.com\/en\/contact\/"]}]},{"@type":"ImageObject","inLanguage":"en-US","@id":"https:\/\/deseopatisserie.com\/en\/contact\/#primaryimage","url":"https:\/\/deseopatisserie.com\/\/wp-content\/uploads\/2024\/09\/PG_MG_5031.jpg","contentUrl":"https:\/\/deseopatisserie.com\/\/wp-content\/uploads\/2024\/09\/PG_MG_5031.jpg","width":2048,"height":1365,"caption":"deseo lodz"},{"@type":"BreadcrumbList","@id":"https:\/\/deseopatisserie.com\/en\/contact\/#breadcrumb","itemListElement":[{"@type":"ListItem","position":1,"name":"Strona g\u0142\u00f3wna","item":"https:\/\/deseopatisserie.com\/en\/"},{"@type":"ListItem","position":2,"name":"Contact"}]},{"@type":"WebSite","@id":"https:\/\/deseopatisserie.com\/en\/#website","url":"https:\/\/deseopatisserie.com\/en\/","name":"DESEO","description":"Patisserie &amp; Chocolaterie","potentialAction":[{"@type":"SearchAction","target":{"@type":"EntryPoint","urlTemplate":"https:\/\/deseopatisserie.com\/en\/?s={search_term_string}"},"query-input":{"@type":"PropertyValueSpecification","valueRequired":true,"valueName":"search_term_string"}}],"inLanguage":"en-US"}]}},"_links":{"self":[{"href":"https:\/\/deseopatisserie.com\/en\/wp-json\/wp\/v2\/pages\/96697","targetHints":{"allow":["GET"]}}],"collection":[{"href":"https:\/\/deseopatisserie.com\/en\/wp-json\/wp\/v2\/pages"}],"about":[{"href":"https:\/\/deseopatisserie.com\/en\/wp-json\/wp\/v2\/types\/page"}],"author":[{"embeddable":true,"href":"https:\/\/deseopatisserie.com\/en\/wp-json\/wp\/v2\/users\/1"}],"replies":[{"embeddable":true,"href":"https:\/\/deseopatisserie.com\/en\/wp-json\/wp\/v2\/comments?post=96697"}],"version-history":[{"count":0,"href":"https:\/\/deseopatisserie.com\/en\/wp-json\/wp\/v2\/pages\/96697\/revisions"}],"wp:featuredmedia":[{"embeddable":true,"href":"https:\/\/deseopatisserie.com\/en\/wp-json\/wp\/v2\/media\/86195"}],"wp:attachment":[{"href":"https:\/\/deseopatisserie.com\/en\/wp-json\/wp\/v2\/media?parent=96697"}],"curies":[{"name":"wp","href":"https:\/\/api.w.org\/{rel}","templated":true}]}}