{"id":107301,"date":"2022-03-07T16:00:14","date_gmt":"2022-03-07T15:00:14","guid":{"rendered":"https:\/\/deseopatisserie.com\/deseo-stary-browar-poznan\/"},"modified":"2022-03-07T16:00:14","modified_gmt":"2022-03-07T15:00:14","slug":"deseo-stary-browar-poznan","status":"publish","type":"page","link":"https:\/\/deseopatisserie.com\/en\/deseo-stary-browar-poznan\/","title":{"rendered":"DESEO Stary Browar Pozna\u0144"},"content":{"rendered":"<h1 style=\"text-align: center; font-size: 25px; margin-top: -100px;\"><strong>DESEO Patisserie &amp; Chocolaterie<\/strong><br \/>\nStary Browar, 42<br \/>\n P\u00f3\u0142wiejska Street (entrance from Ratajczaka Street)<br \/>\n61-888 Pozna\u0144 <\/h1>\n<p style=\"text-align: center;\"><span style=\"text-align: center; font-size: 17px;\">Open:<br \/>\n<\/span>Monday 09:00\u201321:00<br \/>\nTuesday 09:00\u201321:00<br \/>\nWednesday 09:00\u201321:00<br \/>\nThursday 09:00\u201321:00<br \/>\nFriday 09:00\u201321:00<br \/>\nSaturday 09:00\u201321:00<br \/>\nSunday 09:00\u201320:00<\/p>\n<p style=\"text-align: center;\">Phone: 691 745 812<\/p>\n<p style=\"text-align: center;\"><iframe loading=\"lazy\" style=\"border: 0; margin-bottom: 50px;\" src=\"https:\/\/www.google.com\/maps\/embed?pb=!1m14!1m8!1m3!1d9736.250126929575!2d16.9257369!3d52.4055429!3m2!1i1024!2i768!4f13.1!3m3!1m2!1s0x0%3A0x94457064aa546f82!2sCukiernia%20Kawiarnia%20DESEO%20Stary%20Browar%20Pozna%C5%84!5e0!3m2!1spl!2spl!4v1635919786047!5m2!1spl!2spl\" width=\"600\" height=\"450\" allowfullscreen=\"allowfullscreen\" data-mce-fragment=\"1\"><\/iframe><\/p>\n<p style=\"margin-bottom: 50px;\">See also our other locations:<br \/>\n<a href=\"https:\/\/deseopatisserie.com\/de\/lokal\/deseo-suesswaren-warschau-suwak\/\">DESEO Warsaw &#8211; 3 Suwak Street <\/a><br \/>\n<a href=\"https:\/\/deseopatisserie.com\/de\/lokal\/deseo-suesswaren-warschau-burakowska\/\">DESEO Warsaw &#8211; Burakowska 5\/7 <\/a><br \/>\n<a href=\"https:\/\/deseopatisserie.com\/de\/lokal\/deseo-konditorei-warschau-fort-sluzew\/\">DESEO Warsaw &#8211; Fort S\u0142u\u017cew 1b <\/a><br \/>\n<a href=\"https:\/\/deseopatisserie.com\/de\/lokal\/deseo-suesswaren-warschau-warschauer-brauereien\/\">DESEO Warsaw &#8211; Warsaw Brewery, 59 Krochmalna St.   <\/a><br \/>\n<a href=\"https:\/\/deseopatisserie.com\/de\/lokal\/deseo-suesswaren-warschau-marszalkowska\/\">DESEO Warsaw &#8211; 89 Marsza\u0142kowska Street <\/a><br \/>\n<a href=\"https:\/\/deseopatisserie.com\/de\/lokal\/deseo-suesswaren-warschau-przyczolkowa\/\">DESEO Warsaw &#8211; 223 Przycz\u00f3\u0142kowa Street <\/a><br \/>\n<a href=\"https:\/\/deseopatisserie.com\/en\/deseo-montownia-gdansk\/?preview=true\">DESEO Gda\u0144sk &#8211; Montownia Food Hall<\/a><br \/>\n<a href=\"https:\/\/deseopatisserie.com\/en\/deseo-sopot\/\">DESEO Sopot &#8211; Plac Zdrojowy 2<\/a><\/p>\n","protected":false},"excerpt":{"rendered":"<p>DESEO Patisserie &amp; Chocolaterie Stary Browar, 42 P\u00f3\u0142wiejska Street (entrance from Ratajczaka Street) 61-888 Pozna\u0144 Open: Monday 09:00\u201321:00 Tuesday 09:00\u201321:00 Wednesday 09:00\u201321:00 Thursday 09:00\u201321:00 Friday 09:00\u201321:00 Saturday 09:00\u201321:00 Sunday 09:00\u201320:00 Phone: 691 745 812 See also our other locations: DESEO Warsaw &#8211; 3 Suwak Street DESEO Warsaw &#8211; Burakowska 5\/7 DESEO Warsaw &#8211; Fort S\u0142u\u017cew 1b DESEO Warsaw &#8211; Warsaw Brewery, 59 Krochmalna St. DESEO Warsaw &#8211; 89 Marsza\u0142kowska Street DESEO Warsaw &#8211; 223 Przycz\u00f3\u0142kowa Street DESEO Gda\u0144sk &#8211; Montownia Food Hall DESEO Sopot &#8211; Plac Zdrojowy 2<\/p>\n","protected":false},"author":916,"featured_media":82956,"parent":0,"menu_order":0,"comment_status":"closed","ping_status":"closed","template":"single-locations.php","meta":{"_acf_changed":false,"footnotes":""},"class_list":["post-107301","page","type-page","status-publish","has-post-thumbnail","hentry"],"acf":[],"yoast_head":"<!-- This site is optimized with the Yoast SEO plugin v27.5 - https:\/\/yoast.com\/product\/yoast-seo-wordpress\/ -->\n<title>DESEO Stary Browar Pozna\u0144 - DESEO<\/title>\n<meta name=\"robots\" content=\"index, follow, max-snippet:-1, max-image-preview:large, max-video-preview:-1\" \/>\n<link rel=\"canonical\" href=\"https:\/\/deseopatisserie.com\/en\/deseo-stary-browar-poznan\/\" \/>\n<meta property=\"og:locale\" content=\"en_US\" \/>\n<meta property=\"og:type\" content=\"article\" \/>\n<meta property=\"og:title\" content=\"DESEO Stary Browar Pozna\u0144 - DESEO\" \/>\n<meta property=\"og:description\" content=\"DESEO Patisserie &amp; Chocolaterie Stary Browar, 42 P\u00f3\u0142wiejska Street (entrance from Ratajczaka Street) 61-888 Pozna\u0144 Open: Monday 09:00\u201321:00 Tuesday 09:00\u201321:00 Wednesday 09:00\u201321:00 Thursday 09:00\u201321:00 Friday 09:00\u201321:00 Saturday 09:00\u201321:00 Sunday 09:00\u201320:00 Phone: 691 745 812 See also our other locations: DESEO Warsaw &#8211; 3 Suwak Street DESEO Warsaw &#8211; Burakowska 5\/7 DESEO Warsaw &#8211; Fort S\u0142u\u017cew 1b DESEO Warsaw &#8211; Warsaw Brewery, 59 Krochmalna St. DESEO Warsaw &#8211; 89 Marsza\u0142kowska Street DESEO Warsaw &#8211; 223 Przycz\u00f3\u0142kowa Street DESEO Gda\u0144sk &#8211; Montownia Food Hall DESEO Sopot &#8211; Plac Zdrojowy 2\" \/>\n<meta property=\"og:url\" content=\"https:\/\/deseopatisserie.com\/en\/deseo-stary-browar-poznan\/\" \/>\n<meta property=\"og:site_name\" content=\"DESEO\" \/>\n<meta property=\"og:image\" content=\"https:\/\/deseopatisserie.com\/\/wp-content\/uploads\/2021\/11\/deseo-stary-browar-poznan.jpeg\" \/>\n\t<meta property=\"og:image:width\" content=\"2100\" \/>\n\t<meta property=\"og:image:height\" content=\"1575\" \/>\n\t<meta property=\"og:image:type\" content=\"image\/jpeg\" \/>\n<meta name=\"twitter:card\" content=\"summary_large_image\" \/>\n<script type=\"application\/ld+json\" class=\"yoast-schema-graph\">{\"@context\":\"https:\\\/\\\/schema.org\",\"@graph\":[{\"@type\":\"WebPage\",\"@id\":\"https:\\\/\\\/deseopatisserie.com\\\/en\\\/deseo-stary-browar-poznan\\\/\",\"url\":\"https:\\\/\\\/deseopatisserie.com\\\/en\\\/deseo-stary-browar-poznan\\\/\",\"name\":\"DESEO Stary Browar Pozna\u0144 - DESEO\",\"isPartOf\":{\"@id\":\"https:\\\/\\\/deseopatisserie.com\\\/en\\\/#website\"},\"primaryImageOfPage\":{\"@id\":\"https:\\\/\\\/deseopatisserie.com\\\/en\\\/deseo-stary-browar-poznan\\\/#primaryimage\"},\"image\":{\"@id\":\"https:\\\/\\\/deseopatisserie.com\\\/en\\\/deseo-stary-browar-poznan\\\/#primaryimage\"},\"thumbnailUrl\":\"https:\\\/\\\/deseopatisserie.com\\\/\\\/wp-content\\\/uploads\\\/2021\\\/11\\\/deseo-stary-browar-poznan.jpeg\",\"datePublished\":\"2022-03-07T15:00:14+00:00\",\"breadcrumb\":{\"@id\":\"https:\\\/\\\/deseopatisserie.com\\\/en\\\/deseo-stary-browar-poznan\\\/#breadcrumb\"},\"inLanguage\":\"en-US\",\"potentialAction\":[{\"@type\":\"ReadAction\",\"target\":[\"https:\\\/\\\/deseopatisserie.com\\\/en\\\/deseo-stary-browar-poznan\\\/\"]}]},{\"@type\":\"ImageObject\",\"inLanguage\":\"en-US\",\"@id\":\"https:\\\/\\\/deseopatisserie.com\\\/en\\\/deseo-stary-browar-poznan\\\/#primaryimage\",\"url\":\"https:\\\/\\\/deseopatisserie.com\\\/\\\/wp-content\\\/uploads\\\/2021\\\/11\\\/deseo-stary-browar-poznan.jpeg\",\"contentUrl\":\"https:\\\/\\\/deseopatisserie.com\\\/\\\/wp-content\\\/uploads\\\/2021\\\/11\\\/deseo-stary-browar-poznan.jpeg\",\"width\":2100,\"height\":1575,\"caption\":\"Cukiernia Kawiarnia DESEO Stary Browar Pozna\u0144\"},{\"@type\":\"BreadcrumbList\",\"@id\":\"https:\\\/\\\/deseopatisserie.com\\\/en\\\/deseo-stary-browar-poznan\\\/#breadcrumb\",\"itemListElement\":[{\"@type\":\"ListItem\",\"position\":1,\"name\":\"Strona g\u0142\u00f3wna\",\"item\":\"https:\\\/\\\/deseopatisserie.com\\\/en\\\/\"},{\"@type\":\"ListItem\",\"position\":2,\"name\":\"DESEO Stary Browar Pozna\u0144\"}]},{\"@type\":\"WebSite\",\"@id\":\"https:\\\/\\\/deseopatisserie.com\\\/en\\\/#website\",\"url\":\"https:\\\/\\\/deseopatisserie.com\\\/en\\\/\",\"name\":\"DESEO\",\"description\":\"Patisserie &amp; Chocolaterie\",\"potentialAction\":[{\"@type\":\"SearchAction\",\"target\":{\"@type\":\"EntryPoint\",\"urlTemplate\":\"https:\\\/\\\/deseopatisserie.com\\\/en\\\/?s={search_term_string}\"},\"query-input\":{\"@type\":\"PropertyValueSpecification\",\"valueRequired\":true,\"valueName\":\"search_term_string\"}}],\"inLanguage\":\"en-US\"}]}<\/script>\n<!-- \/ Yoast SEO plugin. -->","yoast_head_json":{"title":"DESEO Stary Browar Pozna\u0144 - DESEO","robots":{"index":"index","follow":"follow","max-snippet":"max-snippet:-1","max-image-preview":"max-image-preview:large","max-video-preview":"max-video-preview:-1"},"canonical":"https:\/\/deseopatisserie.com\/en\/deseo-stary-browar-poznan\/","og_locale":"en_US","og_type":"article","og_title":"DESEO Stary Browar Pozna\u0144 - DESEO","og_description":"DESEO Patisserie &amp; Chocolaterie Stary Browar, 42 P\u00f3\u0142wiejska Street (entrance from Ratajczaka Street) 61-888 Pozna\u0144 Open: Monday 09:00\u201321:00 Tuesday 09:00\u201321:00 Wednesday 09:00\u201321:00 Thursday 09:00\u201321:00 Friday 09:00\u201321:00 Saturday 09:00\u201321:00 Sunday 09:00\u201320:00 Phone: 691 745 812 See also our other locations: DESEO Warsaw &#8211; 3 Suwak Street DESEO Warsaw &#8211; Burakowska 5\/7 DESEO Warsaw &#8211; Fort S\u0142u\u017cew 1b DESEO Warsaw &#8211; Warsaw Brewery, 59 Krochmalna St. DESEO Warsaw &#8211; 89 Marsza\u0142kowska Street DESEO Warsaw &#8211; 223 Przycz\u00f3\u0142kowa Street DESEO Gda\u0144sk &#8211; Montownia Food Hall DESEO Sopot &#8211; Plac Zdrojowy 2","og_url":"https:\/\/deseopatisserie.com\/en\/deseo-stary-browar-poznan\/","og_site_name":"DESEO","og_image":[{"width":2100,"height":1575,"url":"https:\/\/deseopatisserie.com\/\/wp-content\/uploads\/2021\/11\/deseo-stary-browar-poznan.jpeg","type":"image\/jpeg"}],"twitter_card":"summary_large_image","schema":{"@context":"https:\/\/schema.org","@graph":[{"@type":"WebPage","@id":"https:\/\/deseopatisserie.com\/en\/deseo-stary-browar-poznan\/","url":"https:\/\/deseopatisserie.com\/en\/deseo-stary-browar-poznan\/","name":"DESEO Stary Browar Pozna\u0144 - DESEO","isPartOf":{"@id":"https:\/\/deseopatisserie.com\/en\/#website"},"primaryImageOfPage":{"@id":"https:\/\/deseopatisserie.com\/en\/deseo-stary-browar-poznan\/#primaryimage"},"image":{"@id":"https:\/\/deseopatisserie.com\/en\/deseo-stary-browar-poznan\/#primaryimage"},"thumbnailUrl":"https:\/\/deseopatisserie.com\/\/wp-content\/uploads\/2021\/11\/deseo-stary-browar-poznan.jpeg","datePublished":"2022-03-07T15:00:14+00:00","breadcrumb":{"@id":"https:\/\/deseopatisserie.com\/en\/deseo-stary-browar-poznan\/#breadcrumb"},"inLanguage":"en-US","potentialAction":[{"@type":"ReadAction","target":["https:\/\/deseopatisserie.com\/en\/deseo-stary-browar-poznan\/"]}]},{"@type":"ImageObject","inLanguage":"en-US","@id":"https:\/\/deseopatisserie.com\/en\/deseo-stary-browar-poznan\/#primaryimage","url":"https:\/\/deseopatisserie.com\/\/wp-content\/uploads\/2021\/11\/deseo-stary-browar-poznan.jpeg","contentUrl":"https:\/\/deseopatisserie.com\/\/wp-content\/uploads\/2021\/11\/deseo-stary-browar-poznan.jpeg","width":2100,"height":1575,"caption":"Cukiernia Kawiarnia DESEO Stary Browar Pozna\u0144"},{"@type":"BreadcrumbList","@id":"https:\/\/deseopatisserie.com\/en\/deseo-stary-browar-poznan\/#breadcrumb","itemListElement":[{"@type":"ListItem","position":1,"name":"Strona g\u0142\u00f3wna","item":"https:\/\/deseopatisserie.com\/en\/"},{"@type":"ListItem","position":2,"name":"DESEO Stary Browar Pozna\u0144"}]},{"@type":"WebSite","@id":"https:\/\/deseopatisserie.com\/en\/#website","url":"https:\/\/deseopatisserie.com\/en\/","name":"DESEO","description":"Patisserie &amp; Chocolaterie","potentialAction":[{"@type":"SearchAction","target":{"@type":"EntryPoint","urlTemplate":"https:\/\/deseopatisserie.com\/en\/?s={search_term_string}"},"query-input":{"@type":"PropertyValueSpecification","valueRequired":true,"valueName":"search_term_string"}}],"inLanguage":"en-US"}]}},"_links":{"self":[{"href":"https:\/\/deseopatisserie.com\/en\/wp-json\/wp\/v2\/pages\/107301","targetHints":{"allow":["GET"]}}],"collection":[{"href":"https:\/\/deseopatisserie.com\/en\/wp-json\/wp\/v2\/pages"}],"about":[{"href":"https:\/\/deseopatisserie.com\/en\/wp-json\/wp\/v2\/types\/page"}],"author":[{"embeddable":true,"href":"https:\/\/deseopatisserie.com\/en\/wp-json\/wp\/v2\/users\/916"}],"replies":[{"embeddable":true,"href":"https:\/\/deseopatisserie.com\/en\/wp-json\/wp\/v2\/comments?post=107301"}],"version-history":[{"count":0,"href":"https:\/\/deseopatisserie.com\/en\/wp-json\/wp\/v2\/pages\/107301\/revisions"}],"wp:featuredmedia":[{"embeddable":true,"href":"https:\/\/deseopatisserie.com\/en\/wp-json\/wp\/v2\/media\/82956"}],"wp:attachment":[{"href":"https:\/\/deseopatisserie.com\/en\/wp-json\/wp\/v2\/media?parent=107301"}],"curies":[{"name":"wp","href":"https:\/\/api.w.org\/{rel}","templated":true}]}}