{"id":97256,"date":"2024-11-15T14:44:06","date_gmt":"2024-11-15T13:44:06","guid":{"rendered":"https:\/\/deseopatisserie.com\/?post_type=product&#038;p=97256"},"modified":"2025-04-02T15:34:42","modified_gmt":"2025-04-02T13:34:42","slug":"schokoladen-halloween-workshop-kinder-kopia","status":"publish","type":"product","link":"https:\/\/deseopatisserie.com\/de\/produkt\/schokoladen-halloween-workshop-kinder-kopia\/","title":{"rendered":"DESEO Schokoladen-Workshops WEIHNACHTEN 2024 &#8211; KINDER"},"content":{"rendered":"<p>Dieses Mal laden wir Sie zu einem EINZIGARTIGEN SCHOKOLADEN-WORKSHOP ein! Wir veranstalten nur wenige Male im Jahr Weihnachtsworkshops, also&#8230; Z\u00f6gern Sie nicht! <\/p>\n<p>W\u00e4hrend der Weihnachtsschokoladen-Workshops haben die Kinder nicht nur die M\u00f6glichkeit, die in unserer Werkstatt hergestellte Schokolade von der Bohne bis zur Tafel zu probieren, zu lernen, wie Schokolade hergestellt wird, wie und wo Kakao angebaut wird, sondern sie werden auch WEIHNACHTSS\u00dcSSIGKEITEN herstellen! W\u00e4hrend der Workshops bereiten sie ihre eigene Schokolade zu \u2013 ACHTUNG! In Form eines WEIHNACHTSBAUMS! Und dann dekorieren Sie die Nikolausm\u00fctzen-Torte, die Sie zu Weihnachten bei DESEO kaufen k\u00f6nnen!   <\/p>\n<p>Kinder werden probieren, probieren, kreieren, kreieren und eine tolle Zeit haben!<\/p>\n<p>&nbsp;<\/p>\n<h2><strong>Was machen wir w\u00e4hrend der CHRISTMAS Chocolate Workshops?<\/strong><\/h2>\n<ul style=\"list-style: disc !important;\">\n<li>f\u00fcr den Anfang, zu lernen, wie Schokolade von der Bohne bis zur Tafel hergestellt wird, d.h. von der Kakaobohne bis zur Tafel<\/li>\n<li>Geschichten \u00fcber den Kakaoanbau und Kakaoplantagen, mit Fotos von Plantagen in Mexiko, Costa Rica und Guatemala, die die DESEO-Besitzer pers\u00f6nlich besucht haben &#8211; ja, wir werden auch Kakaobohnen verkosten!<\/li>\n<li>verschiedene Schokoladensorten zu probieren &#8211; nicht nur Milch- oder Trockenschokolade, sondern auch unsere eigenen Pralinen &#8211; wir sagen nicht, welche, die Kinder m\u00fcssen die Geschmacksrichtungen erraten! Offenbar gibt es da sehr extreme Meinungen! <\/li>\n<li>die Unterschiede zwischen wei\u00dfer, Milch- und Trockenschokolade kennen lernen<\/li>\n<li>lernen, was ein Anspitzer ist und welche Rolle er bei der Schokoladenherstellung spielt<\/li>\n<li>WEIHNACHTSSCHOKOLADE nach Ihrer eigenen Idee kreieren!<\/li>\n<li>Schokolade mit weihnachtlichen Accessoires verzieren \u2013 die Lieblingsaufgabe eines jeden Kindes! Es wird bunte Weihnachtsstreusel geben \u2013 Sterne, Schneeb\u00e4lle, Weihnachtsb\u00e4ume, Perlen, Weihnachtsgummib\u00e4rchen, Marshmallows und Brezeln. <\/li>\n<li>Pralinen in Weihnachtsverpackungen verpacken \u2013 das kann sich als perfektes essbares Geschenk herausstellen<\/li>\n<li>Weihnachten dekorieren MONOPORTIONS \u2013 SANTA CAP! Santa Cap gibt es seit 2016 bei uns! Santa Cap Cookie ist unser Weihnachtsbestseller. Diese entz\u00fcckende Nikolausm\u00fctze enth\u00e4lt Milchschokoladenmousse, Zimtkaramell, Gelee mit frischer Birne, knusprige Haselnusschips und Biskuitkuchen mit Giandui-St\u00fccken und Birne in Sirup.   <\/li>\n<\/ul>\n<p>Wie werden die Kinder sie schm\u00fccken? Die Kinder kleben zuerst Kokosflocken auf den zuvor vorbereiteten Reifen und Pompon und kleben dann Dekorationen auf den Keks, so dass er einen einzigartigen WEIHNACHTSMANNHUT ergibt! <\/p>\n<p>&nbsp;<\/p>\n<h2><strong>Was bekommt jeder unserer Teilnehmer?<\/strong><\/h2>\n<ol style=\"list-style: decimal !important;\">\n<li>Proben verschiedener Schokoladensorten zum Verzehr vor Ort<\/li>\n<li>eine Bean-to-Bar-Schokoladentafel in Form eines WEIHNACHTSBAUMS, der mit weihnachtlichen Accessoires geschm\u00fcckt ist \u2013 Sie k\u00f6nnen sie essen, Sie k\u00f6nnen sie verpackt an jemanden verschenken, der Ihnen nahe steht!<\/li>\n<li>Santa Cap Weihnachtspl\u00e4tzchen. Zum Essen oder als Geschenk f\u00fcr Ihre Lieben! <\/li>\n<\/ol>\n<p>&nbsp;<\/p>\n<p><strong>Dauer: ca. 90 min<br \/>\nPreis: 125 PLN pro Kind<br \/>\nMindestalter des Teilnehmers: 5 Jahre H\u00f6chstalter<br \/>\n<\/strong><strong>: je nach Kind <\/strong><strong>&#8211; <\/strong>Der Unterricht steht allen Kindern offen \ud83d\ude42<\/p>\n<p>Per Definition nehmen Kinder alleine am Unterricht teil \ud83d\ude42<br \/>\nF\u00fcr j\u00fcngere Kinder <a href=\"https:\/\/deseopatisserie.com\/de\/?post_type=product&#038;p=102007\">finden Sie hier Kurse<\/a>.<\/p>\n<p>&nbsp;<\/p>\n<h2><strong>Wo finden die Schokoladen-Workshops statt?<\/strong><\/h2>\n<p>Alle Schokoladen-Workshops finden statt in  <strong>unser Ausstellungsraum in der Suwak-Stra\u00dfe 3 im Warschauer Stadtteil Mokot\u00f3w <\/strong>. Hier befindet sich unsere Werkstatt, so dass die Kinder auch durch das Glas unseren Konditoren bei der Arbeit zusehen k\u00f6nnen. Das Restaurant auf Suwak hat auch einen eher reise\u00e4hnlichen Charakter \u2013 man sieht Jutes\u00e4cke, in denen Kakaobohnen ankommen (und auch Kaffee!), und die Bar befindet sich in einem gro\u00dfen Container \u2013 genau wie Produkte aus Indien, Madagaskar oder der Dominikanischen Republik in Europa ankommen. Aber davon erz\u00e4hlen wir euch in den Workshops! \ud83d\ude42<\/p>\n<p>Willkommen!! \ud83d\ude42<\/p>\n<p><strong>*Hinweis<\/strong>: Die Mindestgruppe f\u00fcr ein bestimmtes Datum betr\u00e4gt 5 Personen, die H\u00f6chstgruppe 12 Personen.<\/p>\n<p>* f\u00fcr organisierte \/ Geburtstagsgruppen betr\u00e4gt die Mindestgruppe 8 Personen<\/p>\n<p><strong>HINWEIS:<\/strong> Nach dem Kauf eines Workshops f\u00fcr ein bestimmtes Datum ist es nicht m\u00f6glich, die Teilnahme des Kindes auf einen anderen Termin zu verschieben. Sie k\u00f6nnen das Ticket jedoch auf ein anderes Kind \ud83d\ude42 \u00fcbertragen\/weiterverkaufen <\/p>\n<p>&nbsp;<\/p>\n<p>Wenn Sie weitere Fragen zum Workshop haben, schreiben Sie bitte an: contact@deseopatisserie.com<\/p>\n<p>&nbsp;<\/p>\n<p>WICHTIG! Wir bitten Sie, 15 Minuten vor Workshopbeginn zu erscheinen. Vor den Workshops ziehen sich die Kinder M\u00e4ntel an, waschen sich die H\u00e4nde, nehmen Platz \ud83d\ude42 \ud83d\ude42  <\/p>\n<p>Guten Appetit!<\/p>\n","protected":false},"excerpt":{"rendered":"<p><strong><u>Specjalne warsztaty \u015aWI\u0104TECZNE!<\/u><\/strong>Warsztaty czekoladowe DESEO to cudowna przygoda dedykowana wszystkim Dzieciom, kt\u00f3re kochaj\u0105 czekolad\u0119, a zarazem uwielbiaj\u0105 ciekawe zaj\u0119cia. Ba! Kto nie kocha czekolady i nie lubi ciekawych zaj\u0119\u0107? \ud83d\ude42<\/p>\n<style>.bookero-plugin-header {    background: #bf883b !important;}.calendar-days-list-cell.is-valid , .hours-section .hours-wrapper .hours-list-item {    background: #f4efea !important;    border: 1px solid #bf883b !important;    color: #bf883b !important;}.calendar-days-list-cell.is-selected , .hours-section .hours-wrapper .hours-list-item.is-selected {    background: #bf883b !important;    border-color: #bf883b !important;    color: #fff !important;}.submit-section .submit-button[data-v-1f0e9bc0] {    background: #bf883b !important;    border-radius: 1.5625rem !important;    height: 3.125rem !important;    margin-top: 1.25rem !important;    -webkit-transition: .3s background !important;    transition: .3s background !important;    width: 100% !important;}.submit-section .submit-button[data-v-1f0e9bc0]:hover {    background: #000 !important;}#bookero-plugin {    padding-top: 5px !important;    padding-bottom: 5px !important;    background-color: #f1f1f1 !important;}.is-waiting-list {    cursor: not-allowed !important;}.hours-section .hours-wrapper .hours-list-item.is-waiting-list:after {    background: #e63939 !important;    content: \"lista rezerwowa\" !important;    height: 7px !important;    font-size: 6.5px !important;    color: white !important;    width: 85% !important;}<\/style>\n<div id=\"bookero\"><\/div>\n<p><script type=\"text\/javascript\">var bookero_config = {\n    id: 'tidr1tlWQGo8',\n    container: 'bookero',\n    type: 'calendar',\n    position: '',\n    plugin_css: true,\n    lang: 'pl',\n    custom_config: {use_service_id: 65869}\n  };\n  (function() {\n  var d = document, s = d.createElement('script');\n  s.src = 'https:\/\/cdn.bookero.pl\/plugin\/v2\/js\/bookero-compiled.js';\n  d.body.appendChild(s);\n  })();\n<\/script><\/p>\n","protected":false},"featured_media":83061,"template":"","meta":{"_acf_changed":false},"product_brand":[],"product_cat":[1850],"product_tag":[],"class_list":{"0":"post-97256","1":"product","2":"type-product","3":"status-publish","4":"has-post-thumbnail","6":"product_cat-workshop","8":"first","9":"instock","10":"taxable","11":"shipping-taxable","12":"product-type-external"},"acf":[],"yoast_head":"<!-- This site is optimized with the Yoast SEO plugin v27.5 - https:\/\/yoast.com\/product\/yoast-seo-wordpress\/ -->\n<title>DESEO Schokoladen-Workshops WEIHNACHTEN 2024 - KINDER - Cukiernia DESEO Warszawa<\/title>\n<meta name=\"description\" content=\"Schokoladen-Workshop f\u00fcr Kinder - stellen Sie Ihre eigenen Schokoladentafeln her - genau so, wie Sie sie m\u00f6gen!\" \/>\n<meta name=\"robots\" content=\"index, follow, max-snippet:-1, max-image-preview:large, max-video-preview:-1\" \/>\n<link rel=\"canonical\" href=\"https:\/\/deseopatisserie.com\/de\/produkt\/schokoladen-halloween-workshop-kinder-kopia\/\" \/>\n<meta property=\"og:locale\" content=\"de_DE\" \/>\n<meta property=\"og:type\" content=\"article\" \/>\n<meta property=\"og:title\" content=\"DESEO Schokoladen-Workshops WEIHNACHTEN 2024 - KINDER - Cukiernia DESEO Warszawa\" \/>\n<meta property=\"og:description\" content=\"Schokoladen-Workshop f\u00fcr Kinder - stellen Sie Ihre eigenen Schokoladentafeln her - genau so, wie Sie sie m\u00f6gen!\" \/>\n<meta property=\"og:url\" content=\"https:\/\/deseopatisserie.com\/de\/produkt\/schokoladen-halloween-workshop-kinder-kopia\/\" \/>\n<meta property=\"og:site_name\" content=\"DESEO\" \/>\n<meta property=\"article:modified_time\" content=\"2025-04-02T13:34:42+00:00\" \/>\n<meta property=\"og:image\" content=\"https:\/\/deseopatisserie.com\/\/wp-content\/uploads\/2020\/11\/004A8442.jpg\" \/>\n\t<meta property=\"og:image:width\" content=\"2000\" \/>\n\t<meta property=\"og:image:height\" content=\"1333\" \/>\n\t<meta property=\"og:image:type\" content=\"image\/jpeg\" \/>\n<meta name=\"twitter:card\" content=\"summary_large_image\" \/>\n<meta name=\"twitter:label1\" content=\"Gesch\u00e4tzte Lesezeit\" \/>\n\t<meta name=\"twitter:data1\" content=\"4\u00a0Minute\" \/>\n<script type=\"application\/ld+json\" class=\"yoast-schema-graph\">{\"@context\":\"https:\\\/\\\/schema.org\",\"@graph\":[{\"@type\":\"WebPage\",\"@id\":\"https:\\\/\\\/deseopatisserie.com\\\/de\\\/produkt\\\/schokoladen-halloween-workshop-kinder-kopia\\\/\",\"url\":\"https:\\\/\\\/deseopatisserie.com\\\/de\\\/produkt\\\/schokoladen-halloween-workshop-kinder-kopia\\\/\",\"name\":\"DESEO Schokoladen-Workshops WEIHNACHTEN 2024 - KINDER - Cukiernia DESEO Warszawa\",\"isPartOf\":{\"@id\":\"https:\\\/\\\/deseopatisserie.com\\\/de\\\/#website\"},\"primaryImageOfPage\":{\"@id\":\"https:\\\/\\\/deseopatisserie.com\\\/de\\\/produkt\\\/schokoladen-halloween-workshop-kinder-kopia\\\/#primaryimage\"},\"image\":{\"@id\":\"https:\\\/\\\/deseopatisserie.com\\\/de\\\/produkt\\\/schokoladen-halloween-workshop-kinder-kopia\\\/#primaryimage\"},\"thumbnailUrl\":\"https:\\\/\\\/deseopatisserie.com\\\/\\\/wp-content\\\/uploads\\\/2020\\\/11\\\/004A8442.jpg\",\"datePublished\":\"2024-11-15T13:44:06+00:00\",\"dateModified\":\"2025-04-02T13:34:42+00:00\",\"description\":\"Schokoladen-Workshop f\u00fcr Kinder - stellen Sie Ihre eigenen Schokoladentafeln her - genau so, wie Sie sie m\u00f6gen!\",\"breadcrumb\":{\"@id\":\"https:\\\/\\\/deseopatisserie.com\\\/de\\\/produkt\\\/schokoladen-halloween-workshop-kinder-kopia\\\/#breadcrumb\"},\"inLanguage\":\"de\",\"potentialAction\":[{\"@type\":\"ReadAction\",\"target\":[\"https:\\\/\\\/deseopatisserie.com\\\/de\\\/produkt\\\/schokoladen-halloween-workshop-kinder-kopia\\\/\"]}]},{\"@type\":\"ImageObject\",\"inLanguage\":\"de\",\"@id\":\"https:\\\/\\\/deseopatisserie.com\\\/de\\\/produkt\\\/schokoladen-halloween-workshop-kinder-kopia\\\/#primaryimage\",\"url\":\"https:\\\/\\\/deseopatisserie.com\\\/\\\/wp-content\\\/uploads\\\/2020\\\/11\\\/004A8442.jpg\",\"contentUrl\":\"https:\\\/\\\/deseopatisserie.com\\\/\\\/wp-content\\\/uploads\\\/2020\\\/11\\\/004A8442.jpg\",\"width\":2000,\"height\":1333},{\"@type\":\"BreadcrumbList\",\"@id\":\"https:\\\/\\\/deseopatisserie.com\\\/de\\\/produkt\\\/schokoladen-halloween-workshop-kinder-kopia\\\/#breadcrumb\",\"itemListElement\":[{\"@type\":\"ListItem\",\"position\":1,\"name\":\"Strona g\u0142\u00f3wna\",\"item\":\"https:\\\/\\\/deseopatisserie.com\\\/de\\\/homepage\\\/\"},{\"@type\":\"ListItem\",\"position\":2,\"name\":\"DESEO Schokoladen-Workshops WEIHNACHTEN 2024 &#8211; KINDER\"}]},{\"@type\":\"WebSite\",\"@id\":\"https:\\\/\\\/deseopatisserie.com\\\/de\\\/#website\",\"url\":\"https:\\\/\\\/deseopatisserie.com\\\/de\\\/\",\"name\":\"DESEO\",\"description\":\"Patisserie &amp; Chocolaterie\",\"potentialAction\":[{\"@type\":\"SearchAction\",\"target\":{\"@type\":\"EntryPoint\",\"urlTemplate\":\"https:\\\/\\\/deseopatisserie.com\\\/de\\\/?s={search_term_string}\"},\"query-input\":{\"@type\":\"PropertyValueSpecification\",\"valueRequired\":true,\"valueName\":\"search_term_string\"}}],\"inLanguage\":\"de\"}]}<\/script>\n<!-- \/ Yoast SEO plugin. -->","yoast_head_json":{"title":"DESEO Schokoladen-Workshops WEIHNACHTEN 2024 - KINDER - Cukiernia DESEO Warszawa","description":"Schokoladen-Workshop f\u00fcr Kinder - stellen Sie Ihre eigenen Schokoladentafeln her - genau so, wie Sie sie m\u00f6gen!","robots":{"index":"index","follow":"follow","max-snippet":"max-snippet:-1","max-image-preview":"max-image-preview:large","max-video-preview":"max-video-preview:-1"},"canonical":"https:\/\/deseopatisserie.com\/de\/produkt\/schokoladen-halloween-workshop-kinder-kopia\/","og_locale":"de_DE","og_type":"article","og_title":"DESEO Schokoladen-Workshops WEIHNACHTEN 2024 - KINDER - Cukiernia DESEO Warszawa","og_description":"Schokoladen-Workshop f\u00fcr Kinder - stellen Sie Ihre eigenen Schokoladentafeln her - genau so, wie Sie sie m\u00f6gen!","og_url":"https:\/\/deseopatisserie.com\/de\/produkt\/schokoladen-halloween-workshop-kinder-kopia\/","og_site_name":"DESEO","article_modified_time":"2025-04-02T13:34:42+00:00","og_image":[{"width":2000,"height":1333,"url":"https:\/\/deseopatisserie.com\/\/wp-content\/uploads\/2020\/11\/004A8442.jpg","type":"image\/jpeg"}],"twitter_card":"summary_large_image","twitter_misc":{"Gesch\u00e4tzte Lesezeit":"4\u00a0Minute"},"schema":{"@context":"https:\/\/schema.org","@graph":[{"@type":"WebPage","@id":"https:\/\/deseopatisserie.com\/de\/produkt\/schokoladen-halloween-workshop-kinder-kopia\/","url":"https:\/\/deseopatisserie.com\/de\/produkt\/schokoladen-halloween-workshop-kinder-kopia\/","name":"DESEO Schokoladen-Workshops WEIHNACHTEN 2024 - KINDER - Cukiernia DESEO Warszawa","isPartOf":{"@id":"https:\/\/deseopatisserie.com\/de\/#website"},"primaryImageOfPage":{"@id":"https:\/\/deseopatisserie.com\/de\/produkt\/schokoladen-halloween-workshop-kinder-kopia\/#primaryimage"},"image":{"@id":"https:\/\/deseopatisserie.com\/de\/produkt\/schokoladen-halloween-workshop-kinder-kopia\/#primaryimage"},"thumbnailUrl":"https:\/\/deseopatisserie.com\/\/wp-content\/uploads\/2020\/11\/004A8442.jpg","datePublished":"2024-11-15T13:44:06+00:00","dateModified":"2025-04-02T13:34:42+00:00","description":"Schokoladen-Workshop f\u00fcr Kinder - stellen Sie Ihre eigenen Schokoladentafeln her - genau so, wie Sie sie m\u00f6gen!","breadcrumb":{"@id":"https:\/\/deseopatisserie.com\/de\/produkt\/schokoladen-halloween-workshop-kinder-kopia\/#breadcrumb"},"inLanguage":"de","potentialAction":[{"@type":"ReadAction","target":["https:\/\/deseopatisserie.com\/de\/produkt\/schokoladen-halloween-workshop-kinder-kopia\/"]}]},{"@type":"ImageObject","inLanguage":"de","@id":"https:\/\/deseopatisserie.com\/de\/produkt\/schokoladen-halloween-workshop-kinder-kopia\/#primaryimage","url":"https:\/\/deseopatisserie.com\/\/wp-content\/uploads\/2020\/11\/004A8442.jpg","contentUrl":"https:\/\/deseopatisserie.com\/\/wp-content\/uploads\/2020\/11\/004A8442.jpg","width":2000,"height":1333},{"@type":"BreadcrumbList","@id":"https:\/\/deseopatisserie.com\/de\/produkt\/schokoladen-halloween-workshop-kinder-kopia\/#breadcrumb","itemListElement":[{"@type":"ListItem","position":1,"name":"Strona g\u0142\u00f3wna","item":"https:\/\/deseopatisserie.com\/de\/homepage\/"},{"@type":"ListItem","position":2,"name":"DESEO Schokoladen-Workshops WEIHNACHTEN 2024 &#8211; KINDER"}]},{"@type":"WebSite","@id":"https:\/\/deseopatisserie.com\/de\/#website","url":"https:\/\/deseopatisserie.com\/de\/","name":"DESEO","description":"Patisserie &amp; Chocolaterie","potentialAction":[{"@type":"SearchAction","target":{"@type":"EntryPoint","urlTemplate":"https:\/\/deseopatisserie.com\/de\/?s={search_term_string}"},"query-input":{"@type":"PropertyValueSpecification","valueRequired":true,"valueName":"search_term_string"}}],"inLanguage":"de"}]}},"_links":{"self":[{"href":"https:\/\/deseopatisserie.com\/de\/wp-json\/wp\/v2\/product\/97256","targetHints":{"allow":["GET"]}}],"collection":[{"href":"https:\/\/deseopatisserie.com\/de\/wp-json\/wp\/v2\/product"}],"about":[{"href":"https:\/\/deseopatisserie.com\/de\/wp-json\/wp\/v2\/types\/product"}],"wp:featuredmedia":[{"embeddable":true,"href":"https:\/\/deseopatisserie.com\/de\/wp-json\/wp\/v2\/media\/83061"}],"wp:attachment":[{"href":"https:\/\/deseopatisserie.com\/de\/wp-json\/wp\/v2\/media?parent=97256"}],"wp:term":[{"taxonomy":"product_brand","embeddable":true,"href":"https:\/\/deseopatisserie.com\/de\/wp-json\/wp\/v2\/product_brand?post=97256"},{"taxonomy":"product_cat","embeddable":true,"href":"https:\/\/deseopatisserie.com\/de\/wp-json\/wp\/v2\/product_cat?post=97256"},{"taxonomy":"product_tag","embeddable":true,"href":"https:\/\/deseopatisserie.com\/de\/wp-json\/wp\/v2\/product_tag?post=97256"}],"curies":[{"name":"wp","href":"https:\/\/api.w.org\/{rel}","templated":true}]}}