{"id":92847,"date":"2021-06-23T09:33:06","date_gmt":"2021-06-23T07:33:06","guid":{"rendered":"https:\/\/deseopatisserie.com\/produkt\/erdnusspaste-100-3kg\/"},"modified":"2024-11-18T13:26:00","modified_gmt":"2024-11-18T12:26:00","slug":"erdnusspaste-100-3kg","status":"publish","type":"product","link":"https:\/\/deseopatisserie.com\/de\/produkt\/erdnusspaste-100-3kg\/","title":{"rendered":"Erdnusspaste 100% 3kg"},"content":{"rendered":"","protected":false},"excerpt":{"rendered":"<p>Unsere Erdnusspaste ist ein Klassiker. 100% N\u00fcsse in einem Eimer eingeschlossen. Seinen Geschmack und seine seidige Textur verdankt er der richtigen R\u00f6stung und der Verwendung einer Kugelm\u00fchle. Perfekt als Zugabe zu Desserts, Kuchen, Eiscreme, Brot, Cocktails und Haferbrei. Es schmeckt wunderbar, es f\u00e4llt schwer, sich loszurei\u00dfen. Siehe auch: <a href=\"https:\/\/deseopatisserie.com\/peanut-butter-smoothie-bowl-sniadanie-lub-przekaska-na-lato\/\">Erdnussbutter Smoothie Bowl <\/a> Rezept Siehe auch: <a href=\"https:\/\/deseopatisserie.com\/produkt\/maslo-z-orzechow-arachidowych-100\/\">Erdnussbutter 100%<\/a> I <a href=\"https:\/\/deseopatisserie.com\/produkt\/pasta-z-orzechow-arachidowych-1kg\/\">Erdnusspaste 1kg<\/a> I <a href=\"https:\/\/deseopatisserie.com\/produkt\/pasta-z-orzechow-arachidowych-5kg\/\">Erdnusspaste 5kg<\/a><\/p>\n","protected":false},"featured_media":114623,"template":"","meta":{"_acf_changed":false},"product_brand":[],"product_cat":[1643,2844,1645,2646],"product_tag":[],"class_list":{"0":"post-92847","1":"product","2":"type-product","3":"status-publish","4":"has-post-thumbnail","6":"product_cat-100-nusspasten","7":"product_cat-erdnuss-pasten","8":"product_cat-pasten-cremes","9":"product_cat-produkte-fur-cafes-und-konditoreien","11":"first","12":"instock","13":"taxable","14":"shipping-taxable","15":"purchasable","16":"product-type-simple"},"acf":[],"yoast_head":"<!-- This site is optimized with the Yoast SEO plugin v27.4 - https:\/\/yoast.com\/product\/yoast-seo-wordpress\/ -->\n<title>Erdnusspaste 100% 3kg - Cukiernia DESEO Warszawa<\/title>\n<meta name=\"description\" content=\"Unsere Erdnussbutter ist ein Klassiker. Perfekt als Zugabe zu Desserts, Kuchen, Eiscreme, Brot, Cocktails und Haferbrei.\" \/>\n<meta name=\"robots\" content=\"index, follow, max-snippet:-1, max-image-preview:large, max-video-preview:-1\" \/>\n<link rel=\"canonical\" href=\"https:\/\/deseopatisserie.com\/de\/produkt\/erdnusspaste-100-3kg\/\" \/>\n<meta property=\"og:locale\" content=\"de_DE\" \/>\n<meta property=\"og:type\" content=\"article\" \/>\n<meta property=\"og:title\" content=\"Erdnusspaste 100% 3kg\" \/>\n<meta property=\"og:description\" content=\"Unsere Erdnussbutter ist ein Klassiker. Perfekt als Zugabe zu Desserts, Kuchen, Eiscreme, Brot, Cocktails und Haferbrei.\" \/>\n<meta property=\"og:url\" content=\"https:\/\/deseopatisserie.com\/de\/produkt\/erdnusspaste-100-3kg\/\" \/>\n<meta property=\"og:site_name\" content=\"DESEO\" \/>\n<meta property=\"article:modified_time\" content=\"2024-11-18T12:26:00+00:00\" \/>\n<meta property=\"og:image\" content=\"https:\/\/deseopatisserie.com\/wp-content\/uploads\/2021\/06\/pasta-arachidowa-3kg-1024x682.jpg\" \/>\n<meta name=\"twitter:card\" content=\"summary_large_image\" \/>\n<meta name=\"twitter:label1\" content=\"Gesch\u00e4tzte Lesezeit\" \/>\n\t<meta name=\"twitter:data1\" content=\"1\u00a0Minute\" \/>\n<script type=\"application\/ld+json\" class=\"yoast-schema-graph\">{\"@context\":\"https:\\\/\\\/schema.org\",\"@graph\":[{\"@type\":\"WebPage\",\"@id\":\"https:\\\/\\\/deseopatisserie.com\\\/de\\\/produkt\\\/erdnusspaste-100-3kg\\\/\",\"url\":\"https:\\\/\\\/deseopatisserie.com\\\/de\\\/produkt\\\/erdnusspaste-100-3kg\\\/\",\"name\":\"Erdnusspaste 100% 3kg - Cukiernia DESEO Warszawa\",\"isPartOf\":{\"@id\":\"https:\\\/\\\/deseopatisserie.com\\\/de\\\/#website\"},\"primaryImageOfPage\":{\"@id\":\"https:\\\/\\\/deseopatisserie.com\\\/de\\\/produkt\\\/erdnusspaste-100-3kg\\\/#primaryimage\"},\"image\":{\"@id\":\"https:\\\/\\\/deseopatisserie.com\\\/de\\\/produkt\\\/erdnusspaste-100-3kg\\\/#primaryimage\"},\"thumbnailUrl\":\"https:\\\/\\\/deseopatisserie.com\\\/\\\/wp-content\\\/uploads\\\/2021\\\/06\\\/Pasta-z-orzechow-arachidowych-3kg-DESEO.png\",\"datePublished\":\"2021-06-23T07:33:06+00:00\",\"dateModified\":\"2024-11-18T12:26:00+00:00\",\"description\":\"Unsere Erdnussbutter ist ein Klassiker. Perfekt als Zugabe zu Desserts, Kuchen, Eiscreme, Brot, Cocktails und Haferbrei.\",\"breadcrumb\":{\"@id\":\"https:\\\/\\\/deseopatisserie.com\\\/de\\\/produkt\\\/erdnusspaste-100-3kg\\\/#breadcrumb\"},\"inLanguage\":\"de\",\"potentialAction\":[{\"@type\":\"ReadAction\",\"target\":[\"https:\\\/\\\/deseopatisserie.com\\\/de\\\/produkt\\\/erdnusspaste-100-3kg\\\/\"]}]},{\"@type\":\"ImageObject\",\"inLanguage\":\"de\",\"@id\":\"https:\\\/\\\/deseopatisserie.com\\\/de\\\/produkt\\\/erdnusspaste-100-3kg\\\/#primaryimage\",\"url\":\"https:\\\/\\\/deseopatisserie.com\\\/\\\/wp-content\\\/uploads\\\/2021\\\/06\\\/Pasta-z-orzechow-arachidowych-3kg-DESEO.png\",\"contentUrl\":\"https:\\\/\\\/deseopatisserie.com\\\/\\\/wp-content\\\/uploads\\\/2021\\\/06\\\/Pasta-z-orzechow-arachidowych-3kg-DESEO.png\",\"width\":2048,\"height\":1365,\"caption\":\"Pasta z orzech\u00f3w arachidowych 3kg DESEO\"},{\"@type\":\"BreadcrumbList\",\"@id\":\"https:\\\/\\\/deseopatisserie.com\\\/de\\\/produkt\\\/erdnusspaste-100-3kg\\\/#breadcrumb\",\"itemListElement\":[{\"@type\":\"ListItem\",\"position\":1,\"name\":\"Strona g\u0142\u00f3wna\",\"item\":\"https:\\\/\\\/deseopatisserie.com\\\/de\\\/homepage\\\/\"},{\"@type\":\"ListItem\",\"position\":2,\"name\":\"Erdnusspaste 100% 3kg\"}]},{\"@type\":\"WebSite\",\"@id\":\"https:\\\/\\\/deseopatisserie.com\\\/de\\\/#website\",\"url\":\"https:\\\/\\\/deseopatisserie.com\\\/de\\\/\",\"name\":\"DESEO\",\"description\":\"Patisserie &amp; Chocolaterie\",\"potentialAction\":[{\"@type\":\"SearchAction\",\"target\":{\"@type\":\"EntryPoint\",\"urlTemplate\":\"https:\\\/\\\/deseopatisserie.com\\\/de\\\/?s={search_term_string}\"},\"query-input\":{\"@type\":\"PropertyValueSpecification\",\"valueRequired\":true,\"valueName\":\"search_term_string\"}}],\"inLanguage\":\"de\"}]}<\/script>\n<!-- \/ Yoast SEO plugin. -->","yoast_head_json":{"title":"Erdnusspaste 100% 3kg - Cukiernia DESEO Warszawa","description":"Unsere Erdnussbutter ist ein Klassiker. Perfekt als Zugabe zu Desserts, Kuchen, Eiscreme, Brot, Cocktails und Haferbrei.","robots":{"index":"index","follow":"follow","max-snippet":"max-snippet:-1","max-image-preview":"max-image-preview:large","max-video-preview":"max-video-preview:-1"},"canonical":"https:\/\/deseopatisserie.com\/de\/produkt\/erdnusspaste-100-3kg\/","og_locale":"de_DE","og_type":"article","og_title":"Erdnusspaste 100% 3kg","og_description":"Unsere Erdnussbutter ist ein Klassiker. Perfekt als Zugabe zu Desserts, Kuchen, Eiscreme, Brot, Cocktails und Haferbrei.","og_url":"https:\/\/deseopatisserie.com\/de\/produkt\/erdnusspaste-100-3kg\/","og_site_name":"DESEO","article_modified_time":"2024-11-18T12:26:00+00:00","og_image":[{"url":"https:\/\/deseopatisserie.com\/wp-content\/uploads\/2021\/06\/pasta-arachidowa-3kg-1024x682.jpg","type":"","width":"","height":""}],"twitter_card":"summary_large_image","twitter_misc":{"Gesch\u00e4tzte Lesezeit":"1\u00a0Minute"},"schema":{"@context":"https:\/\/schema.org","@graph":[{"@type":"WebPage","@id":"https:\/\/deseopatisserie.com\/de\/produkt\/erdnusspaste-100-3kg\/","url":"https:\/\/deseopatisserie.com\/de\/produkt\/erdnusspaste-100-3kg\/","name":"Erdnusspaste 100% 3kg - Cukiernia DESEO Warszawa","isPartOf":{"@id":"https:\/\/deseopatisserie.com\/de\/#website"},"primaryImageOfPage":{"@id":"https:\/\/deseopatisserie.com\/de\/produkt\/erdnusspaste-100-3kg\/#primaryimage"},"image":{"@id":"https:\/\/deseopatisserie.com\/de\/produkt\/erdnusspaste-100-3kg\/#primaryimage"},"thumbnailUrl":"https:\/\/deseopatisserie.com\/\/wp-content\/uploads\/2021\/06\/Pasta-z-orzechow-arachidowych-3kg-DESEO.png","datePublished":"2021-06-23T07:33:06+00:00","dateModified":"2024-11-18T12:26:00+00:00","description":"Unsere Erdnussbutter ist ein Klassiker. Perfekt als Zugabe zu Desserts, Kuchen, Eiscreme, Brot, Cocktails und Haferbrei.","breadcrumb":{"@id":"https:\/\/deseopatisserie.com\/de\/produkt\/erdnusspaste-100-3kg\/#breadcrumb"},"inLanguage":"de","potentialAction":[{"@type":"ReadAction","target":["https:\/\/deseopatisserie.com\/de\/produkt\/erdnusspaste-100-3kg\/"]}]},{"@type":"ImageObject","inLanguage":"de","@id":"https:\/\/deseopatisserie.com\/de\/produkt\/erdnusspaste-100-3kg\/#primaryimage","url":"https:\/\/deseopatisserie.com\/\/wp-content\/uploads\/2021\/06\/Pasta-z-orzechow-arachidowych-3kg-DESEO.png","contentUrl":"https:\/\/deseopatisserie.com\/\/wp-content\/uploads\/2021\/06\/Pasta-z-orzechow-arachidowych-3kg-DESEO.png","width":2048,"height":1365,"caption":"Pasta z orzech\u00f3w arachidowych 3kg DESEO"},{"@type":"BreadcrumbList","@id":"https:\/\/deseopatisserie.com\/de\/produkt\/erdnusspaste-100-3kg\/#breadcrumb","itemListElement":[{"@type":"ListItem","position":1,"name":"Strona g\u0142\u00f3wna","item":"https:\/\/deseopatisserie.com\/de\/homepage\/"},{"@type":"ListItem","position":2,"name":"Erdnusspaste 100% 3kg"}]},{"@type":"WebSite","@id":"https:\/\/deseopatisserie.com\/de\/#website","url":"https:\/\/deseopatisserie.com\/de\/","name":"DESEO","description":"Patisserie &amp; Chocolaterie","potentialAction":[{"@type":"SearchAction","target":{"@type":"EntryPoint","urlTemplate":"https:\/\/deseopatisserie.com\/de\/?s={search_term_string}"},"query-input":{"@type":"PropertyValueSpecification","valueRequired":true,"valueName":"search_term_string"}}],"inLanguage":"de"}]}},"_links":{"self":[{"href":"https:\/\/deseopatisserie.com\/de\/wp-json\/wp\/v2\/product\/92847","targetHints":{"allow":["GET"]}}],"collection":[{"href":"https:\/\/deseopatisserie.com\/de\/wp-json\/wp\/v2\/product"}],"about":[{"href":"https:\/\/deseopatisserie.com\/de\/wp-json\/wp\/v2\/types\/product"}],"wp:featuredmedia":[{"embeddable":true,"href":"https:\/\/deseopatisserie.com\/de\/wp-json\/wp\/v2\/media\/114623"}],"wp:attachment":[{"href":"https:\/\/deseopatisserie.com\/de\/wp-json\/wp\/v2\/media?parent=92847"}],"wp:term":[{"taxonomy":"product_brand","embeddable":true,"href":"https:\/\/deseopatisserie.com\/de\/wp-json\/wp\/v2\/product_brand?post=92847"},{"taxonomy":"product_cat","embeddable":true,"href":"https:\/\/deseopatisserie.com\/de\/wp-json\/wp\/v2\/product_cat?post=92847"},{"taxonomy":"product_tag","embeddable":true,"href":"https:\/\/deseopatisserie.com\/de\/wp-json\/wp\/v2\/product_tag?post=92847"}],"curies":[{"name":"wp","href":"https:\/\/api.w.org\/{rel}","templated":true}]}}