{"id":92845,"date":"2021-06-22T15:52:13","date_gmt":"2021-06-22T13:52:13","guid":{"rendered":"https:\/\/deseopatisserie.com\/produkt\/pistazienpaste-100-5kg\/"},"modified":"2025-04-02T15:51:56","modified_gmt":"2025-04-02T13:51:56","slug":"pistazienpaste-100-5kg","status":"publish","type":"product","link":"https:\/\/deseopatisserie.com\/de\/produkt\/pistazienpaste-100-5kg\/","title":{"rendered":"Pistazienpaste 100% 5kg"},"content":{"rendered":"<p data-start=\"42\" data-end=\"617\">Pistazienpaste 100% 5kg ist ein Premium-Produkt mit einem intensiven Geschmack von ger\u00f6steten Pistazien, das perfekt f\u00fcr jede K\u00fcche geeignet ist. Es ist eine ideale Wahl f\u00fcr Menschen, die Wert auf nat\u00fcrliche, gesunde und gesunde Inhaltsstoffe legen. Dank seiner samtigen Textur und seines tiefen Aromas eignet er sich sowohl f\u00fcr s\u00fc\u00dfe als auch f\u00fcr herzhafte Gerichte. Es kann zu Desserts, Kuchen, Haferflocken, Waffeln hinzugef\u00fcgt und auch als Brotaufstrich verwendet werden. Er passt perfekt zu Saucen, Aufstrichen und Cocktails und bereichert Gerichte mit wertvollen N\u00e4hrstoffen und einem einzigartigen Geschmack.    <\/p>\n<p data-start=\"619\" data-end=\"1156\">Die gro\u00dfe, sparsame 5-kg-Packung ist die perfekte L\u00f6sung f\u00fcr professionelle Gastronomiebetriebe wie Konditoreien, Caf\u00e9s, Restaurants und Catering-Unternehmen, die regelm\u00e4\u00dfig hochwertige Zutaten verwenden. Pistazienpaste 100% 5kg eignet sich auch gut f\u00fcr Menschen, die dieses einzigartige Produkt h\u00e4ufig verwenden. Dank seiner Vielseitigkeit erm\u00f6glicht es Ihnen, einzigartige Gerichte und Desserts zuzubereiten, die sowohl die Erwartungen von Kochbegeisterten als auch von Profik\u00f6chen erf\u00fcllen.  <\/p>\n<p data-start=\"619\" data-end=\"1156\">Entdecken Sie unsere <span style=\"color: #bf883b;\"><a style=\"color: #bf883b;\" href=\"https:\/\/deseopatisserie.com\/pasty-kremy-do-smarowania\/\">Spreads und Spreads<\/a><\/span><\/p>\n","protected":false},"excerpt":{"rendered":"<p data-start=\"142\" data-end=\"486\">100% Pistazienpaste ist ein einzigartiges Produkt, das die Vorteile von Pistazien voll ausnutzt. Sein intensiver, nat\u00fcrlicher Geschmack wird durch das entsprechende Verfahren des R\u00f6stens von N\u00fcssen erreicht. Dank der Verwendung einer modernen Kugelm\u00fchle hat die Pistazienpaste eine extrem glatte und streichf\u00e4hige Konsistenz, was sie zu einer idealen Erg\u00e4nzung f\u00fcr viele Gerichte macht.  <\/p>\n<p data-start=\"488\" data-end=\"870\">100% Pistazienpaste ist eine ausgezeichnete Basis f\u00fcr die Zubereitung von Kuchen, Cremes, Desserts, Eis und anderen Backwaren. Es kann auch als Zutat in Cocktails, Mousses oder als Zugabe zu Porridge und Joghurt verwendet werden. Dank der Handarbeit beh\u00e4lt die Pistazienpaste alle wertvollen Eigenschaften der Pistazien, wie gesunde Fette, Proteine und Vitamine, sowie ihren vollen Geschmack und ihr Aroma.  <\/p>\n<p data-start=\"872\" data-end=\"1184\">100% Pistazienpaste ist v\u00f6llig nat\u00fcrlich, ohne Zusatz von Zucker, Salz oder Palm\u00f6l, was sie zu einer idealen Wahl f\u00fcr gesundheitsbewusste Menschen macht. In einer gro\u00dfen 5-kg-Packung ist Pistazienpaste eine ausgezeichnete L\u00f6sung f\u00fcr S\u00fc\u00dfwaren, Restaurants, Catering-Unternehmen und f\u00fcr gr\u00f6\u00dfere Bestellungen. <\/p>\n<h3 data-start=\"1186\" data-end=\"1234\">Warum 100% Pistazienpaste w\u00e4hlen?<\/h3>\n<p data-start=\"1236\" data-end=\"1556\"><span style=\"color: #bf883b;\">\u2714<\/span> <strong data-start=\"1238\" data-end=\"1255\">100% Pistazien<\/strong> \u2013 reine, nat\u00fcrliche Zusammensetzung<br data-start=\"1281\" data-end=\"1284\"><span style=\"color: #bf883b;\">\u2714<\/span> <strong data-start=\"1286\" data-end=\"1305\">Intensiver Geschmack<\/strong> durch die richtige R\u00f6stung der N\u00fcsse<br data-start=\"1344\" data-end=\"1347\"><span style=\"color: #bf883b;\">\u2714 <\/span><strong data-start=\"1349\" data-end=\"1375\">Samtige Textur<\/strong> , die mit einer Kugelm\u00fchle erhalten wird<br data-start=\"1408\" data-end=\"1411\"><span style=\"color: #bf883b;\">\u2714<\/span> <strong data-start=\"1413\" data-end=\"1471\">Ideal f\u00fcr Backwaren, Cremes, Desserts, Eis und Cocktails<\/strong><br data-start=\"1471\" data-end=\"1474\"><span style=\"color: #bf883b;\">\u2714<\/span> <strong data-start=\"1476\" data-end=\"1495\" data-is-only-node=\"\">5 kg Packung<\/strong> \u2013 ideal f\u00fcr Profis, Konditoreien und Gro\u00dfauftr\u00e4ge<\/p>\n<p data-start=\"1558\" data-end=\"1671\">Bestellen Sie 100% Pistazienpaste in der 5 kg Packung und bereichern Sie Ihre Rezepte mit dem nat\u00fcrlichen, intensiven Geschmack der Pistazien!<\/p>\n<p><strong>Siehe auch:<\/strong><br \/>\n<a href=\"https:\/\/deseopatisserie.com\/de\/produkt\/pistazienpaste-100-200g\/\">Pistazienpaste 200g<\/a> | <a href=\"https:\/\/deseopatisserie.com\/de\/produkt\/pistazienpaste-100-1kg\/\">Pistazienpaste 1 kg<\/a> | <a href=\"https:\/\/deseopatisserie.com\/de\/produkt\/pistazienpaste-100-3kg\/\">Pistazienpaste 3 kg<\/a><br \/>\nund <a href=\"https:\/\/deseopatisserie.com\/de\/produkt\/geroestete-pistazien-250g\/\">ger\u00f6stete Pistazien 250 g<\/a> | <a href=\"https:\/\/deseopatisserie.com\/de\/produkt\/geroestete-pistazien-500g\/\">Ger\u00f6stete Pistazien 500 g<\/a> | <a href=\"https:\/\/deseopatisserie.com\/de\/produkt\/geroestete-pistazien-1kg\/\">Ger\u00f6stete Pistazien 1 kg<\/a><\/p>\n<p>\ud83d\udc49 Laden Sie das kostenlose E-Book <a href=\"https:\/\/deseopatisserie.com\/de\/produkt\/pistazie-ebook-deseo\/\">DESEO PISTACHIO EBOOK herunter<\/a> und bereiten Sie k\u00f6stliche Desserts auf Basis von Pistazienpaste zu 100% zu!<\/p>\n","protected":false},"featured_media":114466,"template":"","meta":{"_acf_changed":false},"product_brand":[],"product_cat":[1643,1645,2842,2646],"product_tag":[],"class_list":{"0":"post-92845","1":"product","2":"type-product","3":"status-publish","4":"has-post-thumbnail","6":"product_cat-100-nusspasten","7":"product_cat-pasten-cremes","8":"product_cat-pistazien-pasten","9":"product_cat-produkte-fur-cafes-und-konditoreien","11":"first","12":"instock","13":"taxable","14":"shipping-taxable","15":"purchasable","16":"product-type-simple"},"acf":[],"yoast_head":"<!-- This site is optimized with the Yoast SEO plugin v27.3 - https:\/\/yoast.com\/product\/yoast-seo-wordpress\/ -->\n<title>Pistazienpaste 100% 5kg - DESEO S\u00fc\u00dfwaren Warschau<\/title>\n<meta name=\"description\" content=\"Pistazienpaste 100% 5kg ist handgefertigt, daher wissen wir, dass sie zu 100% aus Pistazien besteht und keine unn\u00f6tigen Inhaltsstoffe enth\u00e4lt.\" \/>\n<meta name=\"robots\" content=\"index, follow, max-snippet:-1, max-image-preview:large, max-video-preview:-1\" \/>\n<link rel=\"canonical\" href=\"https:\/\/deseopatisserie.com\/de\/produkt\/pistazienpaste-100-5kg\/\" \/>\n<meta property=\"og:locale\" content=\"de_DE\" \/>\n<meta property=\"og:type\" content=\"article\" \/>\n<meta property=\"og:title\" content=\"Pistazienpaste 100% 5kg\" \/>\n<meta property=\"og:description\" content=\"Pistazienpaste ist handgefertigt, daher wissen wir, dass sie zu 100% aus Pistazien besteht und keine unn\u00f6tigen Inhaltsstoffe enth\u00e4lt.\" \/>\n<meta property=\"og:url\" content=\"https:\/\/deseopatisserie.com\/de\/produkt\/pistazienpaste-100-5kg\/\" \/>\n<meta property=\"og:site_name\" content=\"DESEO\" \/>\n<meta property=\"article:modified_time\" content=\"2025-04-02T13:51:56+00:00\" \/>\n<meta property=\"og:image\" content=\"https:\/\/deseopatisserie.com\/wp-content\/uploads\/2021\/06\/pasta-pistacjowa-5kg-1024x682.jpg\" \/>\n<meta name=\"twitter:card\" content=\"summary_large_image\" \/>\n<meta name=\"twitter:label1\" content=\"Gesch\u00e4tzte Lesezeit\" \/>\n\t<meta name=\"twitter:data1\" content=\"1\u00a0Minute\" \/>\n<script type=\"application\/ld+json\" class=\"yoast-schema-graph\">{\"@context\":\"https:\\\/\\\/schema.org\",\"@graph\":[{\"@type\":\"WebPage\",\"@id\":\"https:\\\/\\\/deseopatisserie.com\\\/de\\\/produkt\\\/pistazienpaste-100-5kg\\\/\",\"url\":\"https:\\\/\\\/deseopatisserie.com\\\/de\\\/produkt\\\/pistazienpaste-100-5kg\\\/\",\"name\":\"Pistazienpaste 100% 5kg - DESEO S\u00fc\u00dfwaren Warschau\",\"isPartOf\":{\"@id\":\"https:\\\/\\\/deseopatisserie.com\\\/de\\\/#website\"},\"primaryImageOfPage\":{\"@id\":\"https:\\\/\\\/deseopatisserie.com\\\/de\\\/produkt\\\/pistazienpaste-100-5kg\\\/#primaryimage\"},\"image\":{\"@id\":\"https:\\\/\\\/deseopatisserie.com\\\/de\\\/produkt\\\/pistazienpaste-100-5kg\\\/#primaryimage\"},\"thumbnailUrl\":\"https:\\\/\\\/deseopatisserie.com\\\/\\\/wp-content\\\/uploads\\\/2021\\\/06\\\/Pasta-Pistacjowa-5kg-DESEO.png\",\"datePublished\":\"2021-06-22T13:52:13+00:00\",\"dateModified\":\"2025-04-02T13:51:56+00:00\",\"description\":\"Pistazienpaste 100% 5kg ist handgefertigt, daher wissen wir, dass sie zu 100% aus Pistazien besteht und keine unn\u00f6tigen Inhaltsstoffe enth\u00e4lt.\",\"breadcrumb\":{\"@id\":\"https:\\\/\\\/deseopatisserie.com\\\/de\\\/produkt\\\/pistazienpaste-100-5kg\\\/#breadcrumb\"},\"inLanguage\":\"de\",\"potentialAction\":[{\"@type\":\"ReadAction\",\"target\":[\"https:\\\/\\\/deseopatisserie.com\\\/de\\\/produkt\\\/pistazienpaste-100-5kg\\\/\"]}]},{\"@type\":\"ImageObject\",\"inLanguage\":\"de\",\"@id\":\"https:\\\/\\\/deseopatisserie.com\\\/de\\\/produkt\\\/pistazienpaste-100-5kg\\\/#primaryimage\",\"url\":\"https:\\\/\\\/deseopatisserie.com\\\/\\\/wp-content\\\/uploads\\\/2021\\\/06\\\/Pasta-Pistacjowa-5kg-DESEO.png\",\"contentUrl\":\"https:\\\/\\\/deseopatisserie.com\\\/\\\/wp-content\\\/uploads\\\/2021\\\/06\\\/Pasta-Pistacjowa-5kg-DESEO.png\",\"width\":2048,\"height\":1365,\"caption\":\"Pasta Pistacjowa 5kg DESEO\"},{\"@type\":\"BreadcrumbList\",\"@id\":\"https:\\\/\\\/deseopatisserie.com\\\/de\\\/produkt\\\/pistazienpaste-100-5kg\\\/#breadcrumb\",\"itemListElement\":[{\"@type\":\"ListItem\",\"position\":1,\"name\":\"Strona g\u0142\u00f3wna\",\"item\":\"https:\\\/\\\/deseopatisserie.com\\\/de\\\/homepage\\\/\"},{\"@type\":\"ListItem\",\"position\":2,\"name\":\"Pistazienpaste 100% 5kg\"}]},{\"@type\":\"WebSite\",\"@id\":\"https:\\\/\\\/deseopatisserie.com\\\/de\\\/#website\",\"url\":\"https:\\\/\\\/deseopatisserie.com\\\/de\\\/\",\"name\":\"DESEO\",\"description\":\"Patisserie &amp; Chocolaterie\",\"potentialAction\":[{\"@type\":\"SearchAction\",\"target\":{\"@type\":\"EntryPoint\",\"urlTemplate\":\"https:\\\/\\\/deseopatisserie.com\\\/de\\\/?s={search_term_string}\"},\"query-input\":{\"@type\":\"PropertyValueSpecification\",\"valueRequired\":true,\"valueName\":\"search_term_string\"}}],\"inLanguage\":\"de\"}]}<\/script>\n<!-- \/ Yoast SEO plugin. -->","yoast_head_json":{"title":"Pistazienpaste 100% 5kg - DESEO S\u00fc\u00dfwaren Warschau","description":"Pistazienpaste 100% 5kg ist handgefertigt, daher wissen wir, dass sie zu 100% aus Pistazien besteht und keine unn\u00f6tigen Inhaltsstoffe enth\u00e4lt.","robots":{"index":"index","follow":"follow","max-snippet":"max-snippet:-1","max-image-preview":"max-image-preview:large","max-video-preview":"max-video-preview:-1"},"canonical":"https:\/\/deseopatisserie.com\/de\/produkt\/pistazienpaste-100-5kg\/","og_locale":"de_DE","og_type":"article","og_title":"Pistazienpaste 100% 5kg","og_description":"Pistazienpaste ist handgefertigt, daher wissen wir, dass sie zu 100% aus Pistazien besteht und keine unn\u00f6tigen Inhaltsstoffe enth\u00e4lt.","og_url":"https:\/\/deseopatisserie.com\/de\/produkt\/pistazienpaste-100-5kg\/","og_site_name":"DESEO","article_modified_time":"2025-04-02T13:51:56+00:00","og_image":[{"url":"https:\/\/deseopatisserie.com\/wp-content\/uploads\/2021\/06\/pasta-pistacjowa-5kg-1024x682.jpg","type":"","width":"","height":""}],"twitter_card":"summary_large_image","twitter_misc":{"Gesch\u00e4tzte Lesezeit":"1\u00a0Minute"},"schema":{"@context":"https:\/\/schema.org","@graph":[{"@type":"WebPage","@id":"https:\/\/deseopatisserie.com\/de\/produkt\/pistazienpaste-100-5kg\/","url":"https:\/\/deseopatisserie.com\/de\/produkt\/pistazienpaste-100-5kg\/","name":"Pistazienpaste 100% 5kg - DESEO S\u00fc\u00dfwaren Warschau","isPartOf":{"@id":"https:\/\/deseopatisserie.com\/de\/#website"},"primaryImageOfPage":{"@id":"https:\/\/deseopatisserie.com\/de\/produkt\/pistazienpaste-100-5kg\/#primaryimage"},"image":{"@id":"https:\/\/deseopatisserie.com\/de\/produkt\/pistazienpaste-100-5kg\/#primaryimage"},"thumbnailUrl":"https:\/\/deseopatisserie.com\/\/wp-content\/uploads\/2021\/06\/Pasta-Pistacjowa-5kg-DESEO.png","datePublished":"2021-06-22T13:52:13+00:00","dateModified":"2025-04-02T13:51:56+00:00","description":"Pistazienpaste 100% 5kg ist handgefertigt, daher wissen wir, dass sie zu 100% aus Pistazien besteht und keine unn\u00f6tigen Inhaltsstoffe enth\u00e4lt.","breadcrumb":{"@id":"https:\/\/deseopatisserie.com\/de\/produkt\/pistazienpaste-100-5kg\/#breadcrumb"},"inLanguage":"de","potentialAction":[{"@type":"ReadAction","target":["https:\/\/deseopatisserie.com\/de\/produkt\/pistazienpaste-100-5kg\/"]}]},{"@type":"ImageObject","inLanguage":"de","@id":"https:\/\/deseopatisserie.com\/de\/produkt\/pistazienpaste-100-5kg\/#primaryimage","url":"https:\/\/deseopatisserie.com\/\/wp-content\/uploads\/2021\/06\/Pasta-Pistacjowa-5kg-DESEO.png","contentUrl":"https:\/\/deseopatisserie.com\/\/wp-content\/uploads\/2021\/06\/Pasta-Pistacjowa-5kg-DESEO.png","width":2048,"height":1365,"caption":"Pasta Pistacjowa 5kg DESEO"},{"@type":"BreadcrumbList","@id":"https:\/\/deseopatisserie.com\/de\/produkt\/pistazienpaste-100-5kg\/#breadcrumb","itemListElement":[{"@type":"ListItem","position":1,"name":"Strona g\u0142\u00f3wna","item":"https:\/\/deseopatisserie.com\/de\/homepage\/"},{"@type":"ListItem","position":2,"name":"Pistazienpaste 100% 5kg"}]},{"@type":"WebSite","@id":"https:\/\/deseopatisserie.com\/de\/#website","url":"https:\/\/deseopatisserie.com\/de\/","name":"DESEO","description":"Patisserie &amp; Chocolaterie","potentialAction":[{"@type":"SearchAction","target":{"@type":"EntryPoint","urlTemplate":"https:\/\/deseopatisserie.com\/de\/?s={search_term_string}"},"query-input":{"@type":"PropertyValueSpecification","valueRequired":true,"valueName":"search_term_string"}}],"inLanguage":"de"}]}},"_links":{"self":[{"href":"https:\/\/deseopatisserie.com\/de\/wp-json\/wp\/v2\/product\/92845","targetHints":{"allow":["GET"]}}],"collection":[{"href":"https:\/\/deseopatisserie.com\/de\/wp-json\/wp\/v2\/product"}],"about":[{"href":"https:\/\/deseopatisserie.com\/de\/wp-json\/wp\/v2\/types\/product"}],"wp:featuredmedia":[{"embeddable":true,"href":"https:\/\/deseopatisserie.com\/de\/wp-json\/wp\/v2\/media\/114466"}],"wp:attachment":[{"href":"https:\/\/deseopatisserie.com\/de\/wp-json\/wp\/v2\/media?parent=92845"}],"wp:term":[{"taxonomy":"product_brand","embeddable":true,"href":"https:\/\/deseopatisserie.com\/de\/wp-json\/wp\/v2\/product_brand?post=92845"},{"taxonomy":"product_cat","embeddable":true,"href":"https:\/\/deseopatisserie.com\/de\/wp-json\/wp\/v2\/product_cat?post=92845"},{"taxonomy":"product_tag","embeddable":true,"href":"https:\/\/deseopatisserie.com\/de\/wp-json\/wp\/v2\/product_tag?post=92845"}],"curies":[{"name":"wp","href":"https:\/\/api.w.org\/{rel}","templated":true}]}}