{"id":92844,"date":"2021-06-22T15:49:53","date_gmt":"2021-06-22T13:49:53","guid":{"rendered":"https:\/\/deseopatisserie.com\/produkt\/pistazienpaste-100-3kg\/"},"modified":"2025-04-02T15:52:00","modified_gmt":"2025-04-02T13:52:00","slug":"pistazienpaste-100-3kg","status":"publish","type":"product","link":"https:\/\/deseopatisserie.com\/de\/produkt\/pistazienpaste-100-3kg\/","title":{"rendered":"Pistazienpaste 100% 3kg"},"content":{"rendered":"<p data-start=\"0\" data-end=\"738\">Pistazienpaste 100% 3kg ist ein Produkt von h\u00f6chster Qualit\u00e4t, das mit dem intensiven Geschmack von ger\u00f6steten Pistazien begeistert. Es ist eine ausgezeichnete Wahl f\u00fcr alle, die auf der Suche nach nat\u00fcrlichen, gesunden und gesunden Zutaten sind. Pistazienpaste 100% passt zu vielen Gerichten, sowohl s\u00fc\u00df als auch herzhaft. Ihr einzigartiger Geschmack und ihre geschmeidige Konsistenz machen 100% Pistazienpaste zu einer idealen Erg\u00e4nzung f\u00fcr Backwaren, Kuchen, Desserts, M\u00fcsli und Sandwiches. Es kann auch als Zutat in verschiedenen Saucen, Aufstrichen oder Smoothies verwendet werden und so Gerichte mit wertvollen N\u00e4hrstoffen anreichern. Dank ihrer Vielseitigkeit ist Pistazienpaste ein Produkt, das in jeder K\u00fcche funktioniert \u2013 sowohl zu Hause als auch im Profi.     <\/p>\n<p data-start=\"740\" data-end=\"1336\" data-is-last-node=\"\" data-is-only-node=\"\">Die gro\u00dfe 3-kg-Packung ist praktisch und wirtschaftlich, insbesondere f\u00fcr Personen, die dieses Produkt regelm\u00e4\u00dfig verwenden oder einen Gastronomiebetrieb betreiben. Pistazienpaste 100% 3kg ist eine perfekte L\u00f6sung f\u00fcr Restaurants, Konditoreien, Caf\u00e9s und andere Catering-Betriebe, die ihre Speisekarte mit einzigartigen Aromen bereichern m\u00f6chten. Das Produkt in gro\u00dfen Verpackungen eignet sich auch ideal f\u00fcr Catering und kulinarische Dienstleistungen, die gr\u00f6\u00dfere Mengen an Zutaten erfordern. Pistazienpaste ist eine vielseitige Zutat, die mit Sicherheit die Erwartungen von Amateuren und Profis in der K\u00fcche erf\u00fcllt.   <\/p>\n<p>Entdecken Sie unsere <span style=\"color: #bf883b;\"><a style=\"color: #bf883b;\" href=\"https:\/\/deseopatisserie.com\/pasty-kremy-do-smarowania\/\">Spreads und Spreads <\/a><\/span> <\/p>\n","protected":false},"excerpt":{"rendered":"<p data-start=\"190\" data-end=\"491\">100% Pistazienpaste ist die Essenz des Besten in Pistazien. Sein einzigartiger, intensiver Geschmack wird durch den entsprechenden Prozess des R\u00f6stens der N\u00fcsse erreicht, der es erm\u00f6glicht, das volle Aroma zu extrahieren. Durch die Verwendung einer Kugelm\u00fchle erh\u00e4lt die Paste eine glatte, samtige Konsistenz, die sich ideal zum Verteilen eignet.  <\/p>\n<p data-start=\"493\" data-end=\"822\">Pistazienpaste eignet sich perfekt f\u00fcr die Zubereitung von Kuchen, Cremes, Desserts oder hausgemachtem Eis. Dank der manuellen Herstellung k\u00f6nnen wir sicher sein, dass das Produkt zu 100% aus Pistazien besteht und keine unn\u00f6tigen Inhaltsstoffe wie Zucker, Salz oder Palm\u00f6l enth\u00e4lt. <\/p>\n<h3 data-start=\"824\" data-end=\"878\">Warum sollten Sie sich f\u00fcr unsere 100% Pistazien entscheiden?<\/h3>\n<p data-start=\"880\" data-end=\"1181\"><span style=\"color: #bf883b;\">\u2714<\/span> <strong data-start=\"882\" data-end=\"899\">100% Pistazien<\/strong> \u2013 reine, nat\u00fcrliche Zusammensetzung<br data-start=\"925\" data-end=\"928\"><span style=\"color: #bf883b;\">\u2714<\/span> <strong data-start=\"930\" data-end=\"960\">Einzigartiger, intensiver Geschmack<\/strong> durch R\u00f6sten der N\u00fcsse<br data-start=\"985\" data-end=\"988\"><span style=\"color: #bf883b;\">\u2714<\/span> <strong data-start=\"990\" data-end=\"1016\">Samtige Textur<\/strong> , die mit einer Kugelm\u00fchle erhalten wird<br data-start=\"1049\" data-end=\"1052\"><span style=\"color: #bf883b;\">\u2714<\/span> <strong data-start=\"1054\" data-end=\"1102\">Ideal f\u00fcr Backwaren, Cremes, Desserts und Eiscreme<\/strong><br data-start=\"1102\" data-end=\"1105\"><span style=\"color: #bf883b;\">\u2714<\/span> <strong data-start=\"1107\" data-end=\"1126\" data-is-only-node=\"\">3 kg Verpackung<\/strong> \u2013 ideal f\u00fcr S\u00fc\u00dfwaren, Unternehmen und gr\u00f6\u00dfere Bestellungen<\/p>\n<p data-start=\"1183\" data-end=\"1295\">Bestellen Sie 100% Pistazienpaste in der 3 kg Packung und bereichern Sie Ihre Backwaren und Desserts mit dem einzigartigen Geschmack von Pistazien!<\/p>\n<p><strong>Siehe auch:<\/strong><br \/>\n<a href=\"https:\/\/deseopatisserie.com\/de\/produkt\/pistazienpaste-100-200g\/\">Pistazienpaste 200g<\/a> | <a href=\"https:\/\/deseopatisserie.com\/de\/produkt\/pistazienpaste-100-1kg\/\">Pistazienpaste 1 kg<\/a> | <a href=\"https:\/\/deseopatisserie.com\/de\/produkt\/pistazienpaste-100-5kg\/\">Pistazienpaste 5 kg<\/a><br \/>\nund <a href=\"https:\/\/deseopatisserie.com\/de\/produkt\/geroestete-pistazien-250g\/\">ger\u00f6stete Pistazien 250 g<\/a> | <a href=\"https:\/\/deseopatisserie.com\/de\/produkt\/geroestete-pistazien-500g\/\">Ger\u00f6stete Pistazien 500 g<\/a> | <a href=\"https:\/\/deseopatisserie.com\/de\/produkt\/geroestete-pistazien-1kg\/\">Ger\u00f6stete Pistazien 1 kg<\/a><\/p>\n<p>\ud83d\udc49 Laden Sie das kostenlose E-Book <a href=\"https:\/\/deseopatisserie.com\/de\/produkt\/pistazie-ebook-deseo\/\">DESEO PISTACHIO EBOOK herunter<\/a> und bereiten Sie k\u00f6stliche Desserts auf Basis von Pistazienpaste zu 100% zu!<\/p>\n","protected":false},"featured_media":114459,"template":"","meta":{"_acf_changed":false},"product_brand":[],"product_cat":[1643,1645,2842,2646],"product_tag":[],"class_list":{"0":"post-92844","1":"product","2":"type-product","3":"status-publish","4":"has-post-thumbnail","6":"product_cat-100-nusspasten","7":"product_cat-pasten-cremes","8":"product_cat-pistazien-pasten","9":"product_cat-produkte-fur-cafes-und-konditoreien","11":"first","12":"instock","13":"taxable","14":"shipping-taxable","15":"purchasable","16":"product-type-simple"},"acf":[],"yoast_head":"<!-- This site is optimized with the Yoast SEO plugin v27.4 - https:\/\/yoast.com\/product\/yoast-seo-wordpress\/ -->\n<title>Pistazienpaste 100% 3kg - Cukiernia DESEO Warszawa<\/title>\n<meta name=\"description\" content=\"Pistazienpaste 100% 3kg ist eine ausgezeichnete Wahl f\u00fcr Nussliebhaber, die ein nat\u00fcrliches, gesundes Produkt mit einzigartigem Geschmack suchen. Hergestellt aus 100% ger\u00f6steten Pistazien, ist es eine ideale Erg\u00e4nzung zu Backwaren, Desserts, M\u00fcsli oder Sandwiches.\" \/>\n<meta name=\"robots\" content=\"index, follow, max-snippet:-1, max-image-preview:large, max-video-preview:-1\" \/>\n<link rel=\"canonical\" href=\"https:\/\/deseopatisserie.com\/de\/produkt\/pistazienpaste-100-3kg\/\" \/>\n<meta property=\"og:locale\" content=\"de_DE\" \/>\n<meta property=\"og:type\" content=\"article\" \/>\n<meta property=\"og:title\" content=\"Pistazienpaste 100% 3kg\" \/>\n<meta property=\"og:description\" content=\"Pistazienpaste ist handgefertigt, daher wissen wir, dass sie zu 100% aus Pistazien besteht und keine unn\u00f6tigen Inhaltsstoffe enth\u00e4lt.\" \/>\n<meta property=\"og:url\" content=\"https:\/\/deseopatisserie.com\/de\/produkt\/pistazienpaste-100-3kg\/\" \/>\n<meta property=\"og:site_name\" content=\"DESEO\" \/>\n<meta property=\"article:modified_time\" content=\"2025-04-02T13:52:00+00:00\" \/>\n<meta property=\"og:image\" content=\"https:\/\/deseopatisserie.com\/wp-content\/uploads\/2024\/06\/Wszystko-co-musisz-wiedziec-o-pascie-pistacjowej-100_DESEO_pasta2-1024x683.jpg\" \/>\n<meta name=\"twitter:card\" content=\"summary_large_image\" \/>\n<meta name=\"twitter:title\" content=\"Pistazienpaste 100% 3kg\" \/>\n<meta name=\"twitter:description\" content=\"Pistazienpaste ist handgefertigt, daher wissen wir, dass sie zu 100% aus Pistazien besteht und keine unn\u00f6tigen Inhaltsstoffe enth\u00e4lt.\" \/>\n<meta name=\"twitter:image\" content=\"https:\/\/deseopatisserie.com\/wp-content\/uploads\/2024\/07\/Wszystko-co-musisz-wiedziec-o-pascie-pistacjowej-100_DESEO_pasta2-1024x683.jpg\" \/>\n<meta name=\"twitter:label1\" content=\"Gesch\u00e4tzte Lesezeit\" \/>\n\t<meta name=\"twitter:data1\" content=\"1\u00a0Minute\" \/>\n<script type=\"application\/ld+json\" class=\"yoast-schema-graph\">{\"@context\":\"https:\\\/\\\/schema.org\",\"@graph\":[{\"@type\":\"WebPage\",\"@id\":\"https:\\\/\\\/deseopatisserie.com\\\/de\\\/produkt\\\/pistazienpaste-100-3kg\\\/\",\"url\":\"https:\\\/\\\/deseopatisserie.com\\\/de\\\/produkt\\\/pistazienpaste-100-3kg\\\/\",\"name\":\"Pistazienpaste 100% 3kg - Cukiernia DESEO Warszawa\",\"isPartOf\":{\"@id\":\"https:\\\/\\\/deseopatisserie.com\\\/de\\\/#website\"},\"primaryImageOfPage\":{\"@id\":\"https:\\\/\\\/deseopatisserie.com\\\/de\\\/produkt\\\/pistazienpaste-100-3kg\\\/#primaryimage\"},\"image\":{\"@id\":\"https:\\\/\\\/deseopatisserie.com\\\/de\\\/produkt\\\/pistazienpaste-100-3kg\\\/#primaryimage\"},\"thumbnailUrl\":\"https:\\\/\\\/deseopatisserie.com\\\/\\\/wp-content\\\/uploads\\\/2021\\\/06\\\/Pasta-Pistacjowa-3kg-DESEO.png\",\"datePublished\":\"2021-06-22T13:49:53+00:00\",\"dateModified\":\"2025-04-02T13:52:00+00:00\",\"description\":\"Pistazienpaste 100% 3kg ist eine ausgezeichnete Wahl f\u00fcr Nussliebhaber, die ein nat\u00fcrliches, gesundes Produkt mit einzigartigem Geschmack suchen. Hergestellt aus 100% ger\u00f6steten Pistazien, ist es eine ideale Erg\u00e4nzung zu Backwaren, Desserts, M\u00fcsli oder Sandwiches.\",\"breadcrumb\":{\"@id\":\"https:\\\/\\\/deseopatisserie.com\\\/de\\\/produkt\\\/pistazienpaste-100-3kg\\\/#breadcrumb\"},\"inLanguage\":\"de\",\"potentialAction\":[{\"@type\":\"ReadAction\",\"target\":[\"https:\\\/\\\/deseopatisserie.com\\\/de\\\/produkt\\\/pistazienpaste-100-3kg\\\/\"]}]},{\"@type\":\"ImageObject\",\"inLanguage\":\"de\",\"@id\":\"https:\\\/\\\/deseopatisserie.com\\\/de\\\/produkt\\\/pistazienpaste-100-3kg\\\/#primaryimage\",\"url\":\"https:\\\/\\\/deseopatisserie.com\\\/\\\/wp-content\\\/uploads\\\/2021\\\/06\\\/Pasta-Pistacjowa-3kg-DESEO.png\",\"contentUrl\":\"https:\\\/\\\/deseopatisserie.com\\\/\\\/wp-content\\\/uploads\\\/2021\\\/06\\\/Pasta-Pistacjowa-3kg-DESEO.png\",\"width\":2048,\"height\":1365,\"caption\":\"Pasta Pistacjowa 3kg DESEO\"},{\"@type\":\"BreadcrumbList\",\"@id\":\"https:\\\/\\\/deseopatisserie.com\\\/de\\\/produkt\\\/pistazienpaste-100-3kg\\\/#breadcrumb\",\"itemListElement\":[{\"@type\":\"ListItem\",\"position\":1,\"name\":\"Strona g\u0142\u00f3wna\",\"item\":\"https:\\\/\\\/deseopatisserie.com\\\/de\\\/homepage\\\/\"},{\"@type\":\"ListItem\",\"position\":2,\"name\":\"Pistazienpaste 100% 3kg\"}]},{\"@type\":\"WebSite\",\"@id\":\"https:\\\/\\\/deseopatisserie.com\\\/de\\\/#website\",\"url\":\"https:\\\/\\\/deseopatisserie.com\\\/de\\\/\",\"name\":\"DESEO\",\"description\":\"Patisserie &amp; Chocolaterie\",\"potentialAction\":[{\"@type\":\"SearchAction\",\"target\":{\"@type\":\"EntryPoint\",\"urlTemplate\":\"https:\\\/\\\/deseopatisserie.com\\\/de\\\/?s={search_term_string}\"},\"query-input\":{\"@type\":\"PropertyValueSpecification\",\"valueRequired\":true,\"valueName\":\"search_term_string\"}}],\"inLanguage\":\"de\"}]}<\/script>\n<!-- \/ Yoast SEO plugin. -->","yoast_head_json":{"title":"Pistazienpaste 100% 3kg - Cukiernia DESEO Warszawa","description":"Pistazienpaste 100% 3kg ist eine ausgezeichnete Wahl f\u00fcr Nussliebhaber, die ein nat\u00fcrliches, gesundes Produkt mit einzigartigem Geschmack suchen. Hergestellt aus 100% ger\u00f6steten Pistazien, ist es eine ideale Erg\u00e4nzung zu Backwaren, Desserts, M\u00fcsli oder Sandwiches.","robots":{"index":"index","follow":"follow","max-snippet":"max-snippet:-1","max-image-preview":"max-image-preview:large","max-video-preview":"max-video-preview:-1"},"canonical":"https:\/\/deseopatisserie.com\/de\/produkt\/pistazienpaste-100-3kg\/","og_locale":"de_DE","og_type":"article","og_title":"Pistazienpaste 100% 3kg","og_description":"Pistazienpaste ist handgefertigt, daher wissen wir, dass sie zu 100% aus Pistazien besteht und keine unn\u00f6tigen Inhaltsstoffe enth\u00e4lt.","og_url":"https:\/\/deseopatisserie.com\/de\/produkt\/pistazienpaste-100-3kg\/","og_site_name":"DESEO","article_modified_time":"2025-04-02T13:52:00+00:00","og_image":[{"url":"https:\/\/deseopatisserie.com\/wp-content\/uploads\/2024\/06\/Wszystko-co-musisz-wiedziec-o-pascie-pistacjowej-100_DESEO_pasta2-1024x683.jpg","type":"","width":"","height":""}],"twitter_card":"summary_large_image","twitter_title":"Pistazienpaste 100% 3kg","twitter_description":"Pistazienpaste ist handgefertigt, daher wissen wir, dass sie zu 100% aus Pistazien besteht und keine unn\u00f6tigen Inhaltsstoffe enth\u00e4lt.","twitter_image":"https:\/\/deseopatisserie.com\/wp-content\/uploads\/2024\/07\/Wszystko-co-musisz-wiedziec-o-pascie-pistacjowej-100_DESEO_pasta2-1024x683.jpg","twitter_misc":{"Gesch\u00e4tzte Lesezeit":"1\u00a0Minute"},"schema":{"@context":"https:\/\/schema.org","@graph":[{"@type":"WebPage","@id":"https:\/\/deseopatisserie.com\/de\/produkt\/pistazienpaste-100-3kg\/","url":"https:\/\/deseopatisserie.com\/de\/produkt\/pistazienpaste-100-3kg\/","name":"Pistazienpaste 100% 3kg - Cukiernia DESEO Warszawa","isPartOf":{"@id":"https:\/\/deseopatisserie.com\/de\/#website"},"primaryImageOfPage":{"@id":"https:\/\/deseopatisserie.com\/de\/produkt\/pistazienpaste-100-3kg\/#primaryimage"},"image":{"@id":"https:\/\/deseopatisserie.com\/de\/produkt\/pistazienpaste-100-3kg\/#primaryimage"},"thumbnailUrl":"https:\/\/deseopatisserie.com\/\/wp-content\/uploads\/2021\/06\/Pasta-Pistacjowa-3kg-DESEO.png","datePublished":"2021-06-22T13:49:53+00:00","dateModified":"2025-04-02T13:52:00+00:00","description":"Pistazienpaste 100% 3kg ist eine ausgezeichnete Wahl f\u00fcr Nussliebhaber, die ein nat\u00fcrliches, gesundes Produkt mit einzigartigem Geschmack suchen. Hergestellt aus 100% ger\u00f6steten Pistazien, ist es eine ideale Erg\u00e4nzung zu Backwaren, Desserts, M\u00fcsli oder Sandwiches.","breadcrumb":{"@id":"https:\/\/deseopatisserie.com\/de\/produkt\/pistazienpaste-100-3kg\/#breadcrumb"},"inLanguage":"de","potentialAction":[{"@type":"ReadAction","target":["https:\/\/deseopatisserie.com\/de\/produkt\/pistazienpaste-100-3kg\/"]}]},{"@type":"ImageObject","inLanguage":"de","@id":"https:\/\/deseopatisserie.com\/de\/produkt\/pistazienpaste-100-3kg\/#primaryimage","url":"https:\/\/deseopatisserie.com\/\/wp-content\/uploads\/2021\/06\/Pasta-Pistacjowa-3kg-DESEO.png","contentUrl":"https:\/\/deseopatisserie.com\/\/wp-content\/uploads\/2021\/06\/Pasta-Pistacjowa-3kg-DESEO.png","width":2048,"height":1365,"caption":"Pasta Pistacjowa 3kg DESEO"},{"@type":"BreadcrumbList","@id":"https:\/\/deseopatisserie.com\/de\/produkt\/pistazienpaste-100-3kg\/#breadcrumb","itemListElement":[{"@type":"ListItem","position":1,"name":"Strona g\u0142\u00f3wna","item":"https:\/\/deseopatisserie.com\/de\/homepage\/"},{"@type":"ListItem","position":2,"name":"Pistazienpaste 100% 3kg"}]},{"@type":"WebSite","@id":"https:\/\/deseopatisserie.com\/de\/#website","url":"https:\/\/deseopatisserie.com\/de\/","name":"DESEO","description":"Patisserie &amp; Chocolaterie","potentialAction":[{"@type":"SearchAction","target":{"@type":"EntryPoint","urlTemplate":"https:\/\/deseopatisserie.com\/de\/?s={search_term_string}"},"query-input":{"@type":"PropertyValueSpecification","valueRequired":true,"valueName":"search_term_string"}}],"inLanguage":"de"}]}},"_links":{"self":[{"href":"https:\/\/deseopatisserie.com\/de\/wp-json\/wp\/v2\/product\/92844","targetHints":{"allow":["GET"]}}],"collection":[{"href":"https:\/\/deseopatisserie.com\/de\/wp-json\/wp\/v2\/product"}],"about":[{"href":"https:\/\/deseopatisserie.com\/de\/wp-json\/wp\/v2\/types\/product"}],"wp:featuredmedia":[{"embeddable":true,"href":"https:\/\/deseopatisserie.com\/de\/wp-json\/wp\/v2\/media\/114459"}],"wp:attachment":[{"href":"https:\/\/deseopatisserie.com\/de\/wp-json\/wp\/v2\/media?parent=92844"}],"wp:term":[{"taxonomy":"product_brand","embeddable":true,"href":"https:\/\/deseopatisserie.com\/de\/wp-json\/wp\/v2\/product_brand?post=92844"},{"taxonomy":"product_cat","embeddable":true,"href":"https:\/\/deseopatisserie.com\/de\/wp-json\/wp\/v2\/product_cat?post=92844"},{"taxonomy":"product_tag","embeddable":true,"href":"https:\/\/deseopatisserie.com\/de\/wp-json\/wp\/v2\/product_tag?post=92844"}],"curies":[{"name":"wp","href":"https:\/\/api.w.org\/{rel}","templated":true}]}}