{"id":92843,"date":"2021-06-22T15:40:14","date_gmt":"2021-06-22T13:40:14","guid":{"rendered":"https:\/\/deseopatisserie.com\/produkt\/pistazienpaste-100-1kg\/"},"modified":"2025-09-25T09:38:41","modified_gmt":"2025-09-25T07:38:41","slug":"pistazienpaste-100-1kg","status":"publish","type":"product","link":"https:\/\/deseopatisserie.com\/de\/produkt\/pistazienpaste-100-1kg\/","title":{"rendered":"Pistazienpaste 100% 1kg"},"content":{"rendered":"<p data-start=\"85\" data-end=\"667\">Pistazienpaste 100% 1kg ist ein Produkt von h\u00f6chster Qualit\u00e4t, das sich durch das intensive Aroma von ger\u00f6steten Pistazien auszeichnet. Es ist eine ausgezeichnete Wahl f\u00fcr alle, die nat\u00fcrliche, gesunde und gesunde Zutaten f\u00fcr den t\u00e4glichen Gebrauch suchen. Dank seiner samtigen Textur und seines tiefen Geschmacks passt er sowohl zu s\u00fc\u00dfen als auch zu herzhaften Gerichten. Es kann zu Desserts, Kuchen, M\u00fcsli, Pfannkuchen hinzugef\u00fcgt und auch als Brotaufstrich verwendet werden. Es passt auch gut in Saucen, Brotaufstrichen oder Cocktails, liefert wertvolle N\u00e4hrstoffe und bereichert den Geschmack von Gerichten.    <\/p>\n<p data-start=\"669\" data-end=\"1185\">Die praktische 1-kg-Verpackung macht das Produkt sowohl f\u00fcr den privaten als auch f\u00fcr den professionellen Gebrauch praktisch. Pistazienpaste 100% 1kg ist eine ideale L\u00f6sung f\u00fcr Caf\u00e9s, Konditoreien, Restaurants und Catering-Unternehmen, die Wert auf hochwertige Zutaten legen. Dank seiner Vielseitigkeit ist es perfekt f\u00fcr jede K\u00fcche und erm\u00f6glicht es Ihnen, einzigartige Gerichte und Desserts zuzubereiten. Egal, ob Sie ein leidenschaftlicher Koch oder ein professioneller Koch sind, dieses Produkt wird mit Sicherheit Ihre Erwartungen erf\u00fcllen.   <\/p>\n<p data-start=\"669\" data-end=\"1185\">Entdecken Sie unsere<span style=\"color: #bf883b;\"> <a style=\"color: #bf883b;\" href=\"https:\/\/deseopatisserie.com\/pasty-kremy-do-smarowania\/\">Spreads und Spreads<\/a><\/span><\/p>\n","protected":false},"excerpt":{"rendered":"<p data-start=\"97\" data-end=\"423\">100% Pistazienpaste ist die Essenz von allem, was in Pistazien am besten ist. Sein einzigartiger, intensiver Geschmack wird durch den entsprechenden Prozess des R\u00f6stens der N\u00fcsse erreicht, der es erm\u00f6glicht, das volle Aroma zu extrahieren. Die Verwendung einer Kugelm\u00fchle verleiht der Pistazienpaste eine extrem glatte, samtige Textur, die sich ideal zum Verteilen eignet.  <\/p>\n<p data-start=\"425\" data-end=\"738\">Diese Pistazienpaste eignet sich perfekt als Basis f\u00fcr Kuchen, Cremes, Desserts oder hausgemachtes Eis, sowie als Erg\u00e4nzung zu Cocktails oder Backwaren. Dank der manuellen Herstellung k\u00f6nnen wir sicher sein, dass das Produkt zu 100% aus Pistazien besteht und keine unn\u00f6tigen Inhaltsstoffe wie Zucker, Salz oder Palm\u00f6l enth\u00e4lt. <\/p>\n<h3 data-start=\"1186\" data-end=\"1234\">Warum 100% Pistazienpaste w\u00e4hlen?<\/h3>\n<p><span style=\"color: #bf883b;\">\u2714<\/span> <strong>100% Pistazien<\/strong> \u2013 reine, nat\u00fcrliche Zusammensetzung<br \/>\n<span style=\"color: #bf883b;\">\u2714<\/span> <strong>Einzigartiger, intensiver Geschmack<\/strong> durch R\u00f6sten der N\u00fcsse<br \/>\n<span style=\"color: #bf883b;\">\u2714<\/span> <strong>Samtige Textur<\/strong> , die mit einer Kugelm\u00fchle erhalten wird<br \/>\n<span style=\"color: #bf883b;\">\u2714<\/span> <strong>Ideal f\u00fcr Backwaren, Cremes, Desserts und Eiscreme<\/strong><br \/>\n<span style=\"color: #bf883b;\">\u2714<\/span> <strong>Gro\u00dfe 1-kg-Packung <\/strong>\u2013 perfekt f\u00fcr den privaten und professionellen Gebrauch<\/p>\n<p>Siehe auch:<br \/>\n<span style=\"color: #bf883b;\"><a style=\"color: #bf883b;\" href=\"https:\/\/deseopatisserie.com\/de\/produkt\/pistazienpaste-100-200g\/\">Pistazienpaste 200g<\/a> | <a style=\"color: #bf883b;\" href=\"https:\/\/deseopatisserie.com\/de\/produkt\/pistazienpaste-100-3kg\/\">Pistazienpaste 3 kg<\/a> | <a style=\"color: #bf883b;\" href=\"https:\/\/deseopatisserie.com\/de\/produkt\/pistazienpaste-100-5kg\/\">Pistazienpaste 5 kg<\/a><\/span><br \/>\nund <span style=\"color: #bf883b;\"><a style=\"color: #bf883b;\" href=\"https:\/\/deseopatisserie.com\/de\/produkt\/geroestete-pistazien-250g\/\">ger\u00f6stete Pistazien 250 g<\/a> | <a style=\"color: #bf883b;\" href=\"https:\/\/deseopatisserie.com\/de\/produkt\/geroestete-pistazien-500g\/\">Ger\u00f6stete Pistazien 500 g<\/a> | <a style=\"color: #bf883b;\" href=\"https:\/\/deseopatisserie.com\/de\/produkt\/geroestete-pistazien-1kg\/\">Ger\u00f6stete Pistazien 1 kg<\/a><\/span><\/p>\n<p>\ud83d\udc49 Laden Sie das kostenlose E-Book <span style=\"color: #bf883b;\"><a style=\"color: #bf883b;\" href=\"https:\/\/deseopatisserie.com\/de\/produkt\/pistazie-ebook-deseo\/\">DESEO PISTACHIO EBOOK herunter<\/a><\/span> und bereiten Sie k\u00f6stliche Desserts auf Basis von Pistazienpaste zu 100% zu!<\/p>\n","protected":false},"featured_media":118609,"template":"","meta":{"_acf_changed":false},"product_brand":[],"product_cat":[1643,1645,2842,2646],"product_tag":[],"class_list":{"0":"post-92843","1":"product","2":"type-product","3":"status-publish","4":"has-post-thumbnail","6":"product_cat-100-nusspasten","7":"product_cat-pasten-cremes","8":"product_cat-pistazien-pasten","9":"product_cat-produkte-fur-cafes-und-konditoreien","11":"first","12":"instock","13":"taxable","14":"shipping-taxable","15":"purchasable","16":"product-type-simple"},"acf":[],"yoast_head":"<!-- This site is optimized with the Yoast SEO plugin v27.4 - https:\/\/yoast.com\/product\/yoast-seo-wordpress\/ -->\n<title>Pistazienpaste 100% 1kg - Cukiernia DESEO Warszawa<\/title>\n<meta name=\"description\" content=\"Pistazienpaste 100% 1kg ist handgefertigt, daher wissen wir, dass sie zu 100% aus Pistazien besteht und keine unn\u00f6tigen Inhaltsstoffe enth\u00e4lt\" \/>\n<meta name=\"robots\" content=\"index, follow, max-snippet:-1, max-image-preview:large, max-video-preview:-1\" \/>\n<link rel=\"canonical\" href=\"https:\/\/deseopatisserie.com\/de\/produkt\/pistazienpaste-100-1kg\/\" \/>\n<meta property=\"og:locale\" content=\"de_DE\" \/>\n<meta property=\"og:type\" content=\"article\" \/>\n<meta property=\"og:title\" content=\"Pistazienpaste 100% 1kg\" \/>\n<meta property=\"og:description\" content=\"Pistazienpaste 100% 1kg ist handgefertigt, daher wissen wir, dass sie zu 100% aus Pistazien besteht und keine unn\u00f6tigen Inhaltsstoffe enth\u00e4lt\" \/>\n<meta property=\"og:url\" content=\"https:\/\/deseopatisserie.com\/de\/produkt\/pistazienpaste-100-1kg\/\" \/>\n<meta property=\"og:site_name\" content=\"DESEO\" \/>\n<meta property=\"article:modified_time\" content=\"2025-09-25T07:38:41+00:00\" \/>\n<meta property=\"og:image\" content=\"https:\/\/deseopatisserie.com\/wp-content\/uploads\/2021\/06\/pasta-pistacjowa-1kg-1024x682.jpg\" \/>\n<meta name=\"twitter:card\" content=\"summary_large_image\" \/>\n<meta name=\"twitter:label1\" content=\"Gesch\u00e4tzte Lesezeit\" \/>\n\t<meta name=\"twitter:data1\" content=\"1\u00a0Minute\" \/>\n<script type=\"application\/ld+json\" class=\"yoast-schema-graph\">{\"@context\":\"https:\\\/\\\/schema.org\",\"@graph\":[{\"@type\":\"WebPage\",\"@id\":\"https:\\\/\\\/deseopatisserie.com\\\/de\\\/produkt\\\/pistazienpaste-100-1kg\\\/\",\"url\":\"https:\\\/\\\/deseopatisserie.com\\\/de\\\/produkt\\\/pistazienpaste-100-1kg\\\/\",\"name\":\"Pistazienpaste 100% 1kg - Cukiernia DESEO Warszawa\",\"isPartOf\":{\"@id\":\"https:\\\/\\\/deseopatisserie.com\\\/de\\\/#website\"},\"primaryImageOfPage\":{\"@id\":\"https:\\\/\\\/deseopatisserie.com\\\/de\\\/produkt\\\/pistazienpaste-100-1kg\\\/#primaryimage\"},\"image\":{\"@id\":\"https:\\\/\\\/deseopatisserie.com\\\/de\\\/produkt\\\/pistazienpaste-100-1kg\\\/#primaryimage\"},\"thumbnailUrl\":\"https:\\\/\\\/deseopatisserie.com\\\/\\\/wp-content\\\/uploads\\\/2021\\\/06\\\/PASTA-PISTACJOWA-SLOIK-DESEO.png\",\"datePublished\":\"2021-06-22T13:40:14+00:00\",\"dateModified\":\"2025-09-25T07:38:41+00:00\",\"description\":\"Pistazienpaste 100% 1kg ist handgefertigt, daher wissen wir, dass sie zu 100% aus Pistazien besteht und keine unn\u00f6tigen Inhaltsstoffe enth\u00e4lt\",\"breadcrumb\":{\"@id\":\"https:\\\/\\\/deseopatisserie.com\\\/de\\\/produkt\\\/pistazienpaste-100-1kg\\\/#breadcrumb\"},\"inLanguage\":\"de\",\"potentialAction\":[{\"@type\":\"ReadAction\",\"target\":[\"https:\\\/\\\/deseopatisserie.com\\\/de\\\/produkt\\\/pistazienpaste-100-1kg\\\/\"]}]},{\"@type\":\"ImageObject\",\"inLanguage\":\"de\",\"@id\":\"https:\\\/\\\/deseopatisserie.com\\\/de\\\/produkt\\\/pistazienpaste-100-1kg\\\/#primaryimage\",\"url\":\"https:\\\/\\\/deseopatisserie.com\\\/\\\/wp-content\\\/uploads\\\/2021\\\/06\\\/PASTA-PISTACJOWA-SLOIK-DESEO.png\",\"contentUrl\":\"https:\\\/\\\/deseopatisserie.com\\\/\\\/wp-content\\\/uploads\\\/2021\\\/06\\\/PASTA-PISTACJOWA-SLOIK-DESEO.png\",\"width\":2048,\"height\":1365},{\"@type\":\"BreadcrumbList\",\"@id\":\"https:\\\/\\\/deseopatisserie.com\\\/de\\\/produkt\\\/pistazienpaste-100-1kg\\\/#breadcrumb\",\"itemListElement\":[{\"@type\":\"ListItem\",\"position\":1,\"name\":\"Strona g\u0142\u00f3wna\",\"item\":\"https:\\\/\\\/deseopatisserie.com\\\/de\\\/homepage\\\/\"},{\"@type\":\"ListItem\",\"position\":2,\"name\":\"Pistazienpaste 100% 1kg\"}]},{\"@type\":\"WebSite\",\"@id\":\"https:\\\/\\\/deseopatisserie.com\\\/de\\\/#website\",\"url\":\"https:\\\/\\\/deseopatisserie.com\\\/de\\\/\",\"name\":\"DESEO\",\"description\":\"Patisserie &amp; Chocolaterie\",\"potentialAction\":[{\"@type\":\"SearchAction\",\"target\":{\"@type\":\"EntryPoint\",\"urlTemplate\":\"https:\\\/\\\/deseopatisserie.com\\\/de\\\/?s={search_term_string}\"},\"query-input\":{\"@type\":\"PropertyValueSpecification\",\"valueRequired\":true,\"valueName\":\"search_term_string\"}}],\"inLanguage\":\"de\"}]}<\/script>\n<!-- \/ Yoast SEO plugin. -->","yoast_head_json":{"title":"Pistazienpaste 100% 1kg - Cukiernia DESEO Warszawa","description":"Pistazienpaste 100% 1kg ist handgefertigt, daher wissen wir, dass sie zu 100% aus Pistazien besteht und keine unn\u00f6tigen Inhaltsstoffe enth\u00e4lt","robots":{"index":"index","follow":"follow","max-snippet":"max-snippet:-1","max-image-preview":"max-image-preview:large","max-video-preview":"max-video-preview:-1"},"canonical":"https:\/\/deseopatisserie.com\/de\/produkt\/pistazienpaste-100-1kg\/","og_locale":"de_DE","og_type":"article","og_title":"Pistazienpaste 100% 1kg","og_description":"Pistazienpaste 100% 1kg ist handgefertigt, daher wissen wir, dass sie zu 100% aus Pistazien besteht und keine unn\u00f6tigen Inhaltsstoffe enth\u00e4lt","og_url":"https:\/\/deseopatisserie.com\/de\/produkt\/pistazienpaste-100-1kg\/","og_site_name":"DESEO","article_modified_time":"2025-09-25T07:38:41+00:00","og_image":[{"url":"https:\/\/deseopatisserie.com\/wp-content\/uploads\/2021\/06\/pasta-pistacjowa-1kg-1024x682.jpg","type":"","width":"","height":""}],"twitter_card":"summary_large_image","twitter_misc":{"Gesch\u00e4tzte Lesezeit":"1\u00a0Minute"},"schema":{"@context":"https:\/\/schema.org","@graph":[{"@type":"WebPage","@id":"https:\/\/deseopatisserie.com\/de\/produkt\/pistazienpaste-100-1kg\/","url":"https:\/\/deseopatisserie.com\/de\/produkt\/pistazienpaste-100-1kg\/","name":"Pistazienpaste 100% 1kg - Cukiernia DESEO Warszawa","isPartOf":{"@id":"https:\/\/deseopatisserie.com\/de\/#website"},"primaryImageOfPage":{"@id":"https:\/\/deseopatisserie.com\/de\/produkt\/pistazienpaste-100-1kg\/#primaryimage"},"image":{"@id":"https:\/\/deseopatisserie.com\/de\/produkt\/pistazienpaste-100-1kg\/#primaryimage"},"thumbnailUrl":"https:\/\/deseopatisserie.com\/\/wp-content\/uploads\/2021\/06\/PASTA-PISTACJOWA-SLOIK-DESEO.png","datePublished":"2021-06-22T13:40:14+00:00","dateModified":"2025-09-25T07:38:41+00:00","description":"Pistazienpaste 100% 1kg ist handgefertigt, daher wissen wir, dass sie zu 100% aus Pistazien besteht und keine unn\u00f6tigen Inhaltsstoffe enth\u00e4lt","breadcrumb":{"@id":"https:\/\/deseopatisserie.com\/de\/produkt\/pistazienpaste-100-1kg\/#breadcrumb"},"inLanguage":"de","potentialAction":[{"@type":"ReadAction","target":["https:\/\/deseopatisserie.com\/de\/produkt\/pistazienpaste-100-1kg\/"]}]},{"@type":"ImageObject","inLanguage":"de","@id":"https:\/\/deseopatisserie.com\/de\/produkt\/pistazienpaste-100-1kg\/#primaryimage","url":"https:\/\/deseopatisserie.com\/\/wp-content\/uploads\/2021\/06\/PASTA-PISTACJOWA-SLOIK-DESEO.png","contentUrl":"https:\/\/deseopatisserie.com\/\/wp-content\/uploads\/2021\/06\/PASTA-PISTACJOWA-SLOIK-DESEO.png","width":2048,"height":1365},{"@type":"BreadcrumbList","@id":"https:\/\/deseopatisserie.com\/de\/produkt\/pistazienpaste-100-1kg\/#breadcrumb","itemListElement":[{"@type":"ListItem","position":1,"name":"Strona g\u0142\u00f3wna","item":"https:\/\/deseopatisserie.com\/de\/homepage\/"},{"@type":"ListItem","position":2,"name":"Pistazienpaste 100% 1kg"}]},{"@type":"WebSite","@id":"https:\/\/deseopatisserie.com\/de\/#website","url":"https:\/\/deseopatisserie.com\/de\/","name":"DESEO","description":"Patisserie &amp; Chocolaterie","potentialAction":[{"@type":"SearchAction","target":{"@type":"EntryPoint","urlTemplate":"https:\/\/deseopatisserie.com\/de\/?s={search_term_string}"},"query-input":{"@type":"PropertyValueSpecification","valueRequired":true,"valueName":"search_term_string"}}],"inLanguage":"de"}]}},"_links":{"self":[{"href":"https:\/\/deseopatisserie.com\/de\/wp-json\/wp\/v2\/product\/92843","targetHints":{"allow":["GET"]}}],"collection":[{"href":"https:\/\/deseopatisserie.com\/de\/wp-json\/wp\/v2\/product"}],"about":[{"href":"https:\/\/deseopatisserie.com\/de\/wp-json\/wp\/v2\/types\/product"}],"wp:featuredmedia":[{"embeddable":true,"href":"https:\/\/deseopatisserie.com\/de\/wp-json\/wp\/v2\/media\/118609"}],"wp:attachment":[{"href":"https:\/\/deseopatisserie.com\/de\/wp-json\/wp\/v2\/media?parent=92843"}],"wp:term":[{"taxonomy":"product_brand","embeddable":true,"href":"https:\/\/deseopatisserie.com\/de\/wp-json\/wp\/v2\/product_brand?post=92843"},{"taxonomy":"product_cat","embeddable":true,"href":"https:\/\/deseopatisserie.com\/de\/wp-json\/wp\/v2\/product_cat?post=92843"},{"taxonomy":"product_tag","embeddable":true,"href":"https:\/\/deseopatisserie.com\/de\/wp-json\/wp\/v2\/product_tag?post=92843"}],"curies":[{"name":"wp","href":"https:\/\/api.w.org\/{rel}","templated":true}]}}