{"id":92841,"date":"2021-06-22T15:23:21","date_gmt":"2021-06-22T13:23:21","guid":{"rendered":"https:\/\/deseopatisserie.com\/produkt\/milchschokolade-drops-dominikanische-republik-52-200g\/"},"modified":"2025-04-02T15:51:54","modified_gmt":"2025-04-02T13:51:54","slug":"milchschokolade-drops-dominikanische-republik-52-200g","status":"publish","type":"product","link":"https:\/\/deseopatisserie.com\/de\/produkt\/milchschokolade-drops-dominikanische-republik-52-200g\/","title":{"rendered":"Milchschokolade Drops Dominikanische Republik 52% 200g"},"content":{"rendered":"","protected":false},"excerpt":{"rendered":"<p>Dominikanische Milchschokolade 52% mit einer samtigen und cremigen Textur zeichnet sich durch einen \u00e4u\u00dferst angenehmen, tiefen Schokoladengeschmack aus. Diese perfekte Kombination aus der Intensit\u00e4t des Kakaos aus der Dominikanischen Republik und der S\u00fc\u00dfe l\u00e4sst uns jeden Bissen dieser Schokolade in ein Schokoladenparadies entf\u00fchren. In der Dominikanischen Republik 52% Schokolade gibt es Noten von Karamell und roten Fr\u00fcchten. <\/p>\n<p>Schokolade ist in Form von handlichen Tropfen \/ Lutschtabletten erh\u00e4ltlich, wodurch sie leicht zu messen und zu schmelzen ist. Er nascht aber auch perfekt direkt aus der Verpackung. Dank der Verpackung &#8211; einem luftdichten Tiegel &#8211; bleiben die Tropfen lange frisch und Sie k\u00f6nnen sie bequem und sicher in Ihrer K\u00fcche aufbewahren.  <\/p>\n<p><strong>Verwenden Sie es in Ihrer eigenen K\u00fcche, um Folgendes zuzubereiten:<\/strong><\/p>\n<p>&#8211; s\u00fc\u00dfes Geb\u00e4ck: Muffins, Muffins, Bananenbrot, Brownies,<\/p>\n<p>&#8211; Toppings f\u00fcr Pfannkuchen, Pfannkuchen, Desserts und Eiscreme,<\/p>\n<p>&#8211; Sahne f\u00fcr Kuchen und Kuchen,<\/p>\n<p>&#8211; Schokoladenfondue, Frucht in Schokolade, Schokoladenbrunnen,<\/p>\n<p>&#8211; hei\u00dfe, trinkbare Schokolade,<\/p>\n<p>&#8211; M\u00fcsli, Haferbrei, Hirse.<\/p>\n<p>Schmeckt gro\u00dfartig, wenn es direkt von der Packung \ud83d\ude0a gegessen wird<\/p>\n<p><strong>\ud83d\udc49 Laden Sie das kostenlose <span style=\"color: #bf883b;\"><a style=\"color: #bf883b;\" href=\"https:\/\/deseopatisserie.com\/de\/produkt\/haselnuss-e-book-deseo\/\">EHANUT E-Book DESEO<\/a> <\/span>herunter und bereiten Sie k\u00f6stliche Desserts mit unseren Schokoladentropfen zu!<\/strong><\/p>\n<p>Dominikanische Milchschokolade 52% ist perfekt f\u00fcr einen Moment der Entspannung nach einem anstrengenden Tag oder als einzigartiges Geschenk f\u00fcr Ihre Lieben.<\/p>\n<p>Basierend auf dominikanischen 52% Schokoladentropfen bereiten wir in unseren Restaurants hei\u00dfe Milchschokolade zu und unser HIT wurde mit der Medaille der International Chocolate Awards \u2013 Peanut Butter Milk Chocolate \u2013 ausgezeichnet. Du kannst es auch zu Hause zubereiten \u2013 mach S&#8217;mores Schokolade mit ger\u00f6steten Marshmallows aus diesen Tropfen \ud83d\ude42 Und f\u00fcr die Kinder. <\/p>\n<p><strong>Im Jahr 2022 wurden die 52%-Schokoladentropfen der Dominikanischen Republik von der Jury der International Chocolate Awards,<\/strong> deren Hauptziel es ist, Unternehmen zu unterst\u00fctzen, die sich auf die Herstellung hochwertiger Schokoladenprodukte spezialisiert haben, mit einer Silbermedaille in der Kategorie &#8222;Milchschokolade&#8220; ausgezeichnet. Die International Chocolate Awards werden seit 2012 verliehen und die Jury setzt sich aus unabh\u00e4ngigen Bean-to-Bar-Schokoladenspezialisten aus Gro\u00dfbritannien, den USA und Italien zusammen. <\/p>\n<p>Bean-to-Bar \/ Bean-to-Chocolate-Schokolade ist Schokolade, die in unserer Werkstatt von Grund auf neu kreiert wird \u2013 aus unverarbeiteten Kakaobohnen, auf handwerkliche Weise. F\u00fcr die Herstellung verwenden wir Kakaobohnen, die wir von Plantagen unserer Wahl aus der ganzen Welt importieren. <\/p>\n","protected":false},"featured_media":115197,"template":"","meta":{"_acf_changed":false},"product_brand":[],"product_cat":[2956,2668,2609],"product_tag":[],"class_list":{"0":"post-92841","1":"product","2":"type-product","3":"status-publish","4":"has-post-thumbnail","6":"product_cat-dubai-schokolade","7":"product_cat-schoko-tropfen","8":"product_cat-schokolade-snacks","10":"first","11":"instock","12":"taxable","13":"shipping-taxable","14":"purchasable","15":"product-type-simple"},"acf":[],"yoast_head":"<!-- This site is optimized with the Yoast SEO plugin v27.4 - https:\/\/yoast.com\/product\/yoast-seo-wordpress\/ -->\n<title>Milchschokolade Drops Dominikanische Republik 52% 200g - Cukiernia DESEO Warszawa<\/title>\n<meta name=\"description\" content=\"Dominikanische Milchschokolade 52% mit einer samtigen und cremigen Textur zeichnet sich durch einen \u00e4u\u00dferst angenehmen, tiefen Schokoladengeschmack aus.\" \/>\n<meta name=\"robots\" content=\"index, follow, max-snippet:-1, max-image-preview:large, max-video-preview:-1\" \/>\n<link rel=\"canonical\" href=\"https:\/\/deseopatisserie.com\/de\/produkt\/milchschokolade-drops-dominikanische-republik-52-200g\/\" \/>\n<meta property=\"og:locale\" content=\"de_DE\" \/>\n<meta property=\"og:type\" content=\"article\" \/>\n<meta property=\"og:title\" content=\"DESEO Tropfen Milchschokolade Dominikanische Republik 52% 200g\" \/>\n<meta property=\"og:description\" content=\"Dominikanische Milchschokolade 52% mit einer samtigen und cremigen Textur zeichnet sich durch einen \u00e4u\u00dferst angenehmen, tiefen Schokoladengeschmack aus.\" \/>\n<meta property=\"og:url\" content=\"https:\/\/deseopatisserie.com\/de\/produkt\/milchschokolade-drops-dominikanische-republik-52-200g\/\" \/>\n<meta property=\"og:site_name\" content=\"DESEO\" \/>\n<meta property=\"article:modified_time\" content=\"2025-04-02T13:51:54+00:00\" \/>\n<meta property=\"og:image\" content=\"https:\/\/deseopatisserie.com\/wp-content\/uploads\/2021\/06\/DOMINIKANA_52-200g-silver-ICA-600x400-v2.jpg\" \/>\n<meta name=\"twitter:card\" content=\"summary_large_image\" \/>\n<script type=\"application\/ld+json\" class=\"yoast-schema-graph\">{\"@context\":\"https:\\\/\\\/schema.org\",\"@graph\":[{\"@type\":\"WebPage\",\"@id\":\"https:\\\/\\\/deseopatisserie.com\\\/de\\\/produkt\\\/milchschokolade-drops-dominikanische-republik-52-200g\\\/\",\"url\":\"https:\\\/\\\/deseopatisserie.com\\\/de\\\/produkt\\\/milchschokolade-drops-dominikanische-republik-52-200g\\\/\",\"name\":\"Milchschokolade Drops Dominikanische Republik 52% 200g - Cukiernia DESEO Warszawa\",\"isPartOf\":{\"@id\":\"https:\\\/\\\/deseopatisserie.com\\\/de\\\/#website\"},\"primaryImageOfPage\":{\"@id\":\"https:\\\/\\\/deseopatisserie.com\\\/de\\\/produkt\\\/milchschokolade-drops-dominikanische-republik-52-200g\\\/#primaryimage\"},\"image\":{\"@id\":\"https:\\\/\\\/deseopatisserie.com\\\/de\\\/produkt\\\/milchschokolade-drops-dominikanische-republik-52-200g\\\/#primaryimage\"},\"thumbnailUrl\":\"https:\\\/\\\/deseopatisserie.com\\\/\\\/wp-content\\\/uploads\\\/2021\\\/06\\\/dropsy-czekoladowe-dominikana-200g.png\",\"datePublished\":\"2021-06-22T13:23:21+00:00\",\"dateModified\":\"2025-04-02T13:51:54+00:00\",\"description\":\"Dominikanische Milchschokolade 52% mit einer samtigen und cremigen Textur zeichnet sich durch einen \u00e4u\u00dferst angenehmen, tiefen Schokoladengeschmack aus.\",\"breadcrumb\":{\"@id\":\"https:\\\/\\\/deseopatisserie.com\\\/de\\\/produkt\\\/milchschokolade-drops-dominikanische-republik-52-200g\\\/#breadcrumb\"},\"inLanguage\":\"de\",\"potentialAction\":[{\"@type\":\"ReadAction\",\"target\":[\"https:\\\/\\\/deseopatisserie.com\\\/de\\\/produkt\\\/milchschokolade-drops-dominikanische-republik-52-200g\\\/\"]}]},{\"@type\":\"ImageObject\",\"inLanguage\":\"de\",\"@id\":\"https:\\\/\\\/deseopatisserie.com\\\/de\\\/produkt\\\/milchschokolade-drops-dominikanische-republik-52-200g\\\/#primaryimage\",\"url\":\"https:\\\/\\\/deseopatisserie.com\\\/\\\/wp-content\\\/uploads\\\/2021\\\/06\\\/dropsy-czekoladowe-dominikana-200g.png\",\"contentUrl\":\"https:\\\/\\\/deseopatisserie.com\\\/\\\/wp-content\\\/uploads\\\/2021\\\/06\\\/dropsy-czekoladowe-dominikana-200g.png\",\"width\":2048,\"height\":1365,\"caption\":\"dropsy czekoladowe - dominikana 200g\"},{\"@type\":\"BreadcrumbList\",\"@id\":\"https:\\\/\\\/deseopatisserie.com\\\/de\\\/produkt\\\/milchschokolade-drops-dominikanische-republik-52-200g\\\/#breadcrumb\",\"itemListElement\":[{\"@type\":\"ListItem\",\"position\":1,\"name\":\"Strona g\u0142\u00f3wna\",\"item\":\"https:\\\/\\\/deseopatisserie.com\\\/de\\\/homepage\\\/\"},{\"@type\":\"ListItem\",\"position\":2,\"name\":\"Milchschokolade Drops Dominikanische Republik 52% 200g\"}]},{\"@type\":\"WebSite\",\"@id\":\"https:\\\/\\\/deseopatisserie.com\\\/de\\\/#website\",\"url\":\"https:\\\/\\\/deseopatisserie.com\\\/de\\\/\",\"name\":\"DESEO\",\"description\":\"Patisserie &amp; Chocolaterie\",\"potentialAction\":[{\"@type\":\"SearchAction\",\"target\":{\"@type\":\"EntryPoint\",\"urlTemplate\":\"https:\\\/\\\/deseopatisserie.com\\\/de\\\/?s={search_term_string}\"},\"query-input\":{\"@type\":\"PropertyValueSpecification\",\"valueRequired\":true,\"valueName\":\"search_term_string\"}}],\"inLanguage\":\"de\"}]}<\/script>\n<!-- \/ Yoast SEO plugin. -->","yoast_head_json":{"title":"Milchschokolade Drops Dominikanische Republik 52% 200g - Cukiernia DESEO Warszawa","description":"Dominikanische Milchschokolade 52% mit einer samtigen und cremigen Textur zeichnet sich durch einen \u00e4u\u00dferst angenehmen, tiefen Schokoladengeschmack aus.","robots":{"index":"index","follow":"follow","max-snippet":"max-snippet:-1","max-image-preview":"max-image-preview:large","max-video-preview":"max-video-preview:-1"},"canonical":"https:\/\/deseopatisserie.com\/de\/produkt\/milchschokolade-drops-dominikanische-republik-52-200g\/","og_locale":"de_DE","og_type":"article","og_title":"DESEO Tropfen Milchschokolade Dominikanische Republik 52% 200g","og_description":"Dominikanische Milchschokolade 52% mit einer samtigen und cremigen Textur zeichnet sich durch einen \u00e4u\u00dferst angenehmen, tiefen Schokoladengeschmack aus.","og_url":"https:\/\/deseopatisserie.com\/de\/produkt\/milchschokolade-drops-dominikanische-republik-52-200g\/","og_site_name":"DESEO","article_modified_time":"2025-04-02T13:51:54+00:00","og_image":[{"url":"https:\/\/deseopatisserie.com\/wp-content\/uploads\/2021\/06\/DOMINIKANA_52-200g-silver-ICA-600x400-v2.jpg","type":"","width":"","height":""}],"twitter_card":"summary_large_image","schema":{"@context":"https:\/\/schema.org","@graph":[{"@type":"WebPage","@id":"https:\/\/deseopatisserie.com\/de\/produkt\/milchschokolade-drops-dominikanische-republik-52-200g\/","url":"https:\/\/deseopatisserie.com\/de\/produkt\/milchschokolade-drops-dominikanische-republik-52-200g\/","name":"Milchschokolade Drops Dominikanische Republik 52% 200g - Cukiernia DESEO Warszawa","isPartOf":{"@id":"https:\/\/deseopatisserie.com\/de\/#website"},"primaryImageOfPage":{"@id":"https:\/\/deseopatisserie.com\/de\/produkt\/milchschokolade-drops-dominikanische-republik-52-200g\/#primaryimage"},"image":{"@id":"https:\/\/deseopatisserie.com\/de\/produkt\/milchschokolade-drops-dominikanische-republik-52-200g\/#primaryimage"},"thumbnailUrl":"https:\/\/deseopatisserie.com\/\/wp-content\/uploads\/2021\/06\/dropsy-czekoladowe-dominikana-200g.png","datePublished":"2021-06-22T13:23:21+00:00","dateModified":"2025-04-02T13:51:54+00:00","description":"Dominikanische Milchschokolade 52% mit einer samtigen und cremigen Textur zeichnet sich durch einen \u00e4u\u00dferst angenehmen, tiefen Schokoladengeschmack aus.","breadcrumb":{"@id":"https:\/\/deseopatisserie.com\/de\/produkt\/milchschokolade-drops-dominikanische-republik-52-200g\/#breadcrumb"},"inLanguage":"de","potentialAction":[{"@type":"ReadAction","target":["https:\/\/deseopatisserie.com\/de\/produkt\/milchschokolade-drops-dominikanische-republik-52-200g\/"]}]},{"@type":"ImageObject","inLanguage":"de","@id":"https:\/\/deseopatisserie.com\/de\/produkt\/milchschokolade-drops-dominikanische-republik-52-200g\/#primaryimage","url":"https:\/\/deseopatisserie.com\/\/wp-content\/uploads\/2021\/06\/dropsy-czekoladowe-dominikana-200g.png","contentUrl":"https:\/\/deseopatisserie.com\/\/wp-content\/uploads\/2021\/06\/dropsy-czekoladowe-dominikana-200g.png","width":2048,"height":1365,"caption":"dropsy czekoladowe - dominikana 200g"},{"@type":"BreadcrumbList","@id":"https:\/\/deseopatisserie.com\/de\/produkt\/milchschokolade-drops-dominikanische-republik-52-200g\/#breadcrumb","itemListElement":[{"@type":"ListItem","position":1,"name":"Strona g\u0142\u00f3wna","item":"https:\/\/deseopatisserie.com\/de\/homepage\/"},{"@type":"ListItem","position":2,"name":"Milchschokolade Drops Dominikanische Republik 52% 200g"}]},{"@type":"WebSite","@id":"https:\/\/deseopatisserie.com\/de\/#website","url":"https:\/\/deseopatisserie.com\/de\/","name":"DESEO","description":"Patisserie &amp; Chocolaterie","potentialAction":[{"@type":"SearchAction","target":{"@type":"EntryPoint","urlTemplate":"https:\/\/deseopatisserie.com\/de\/?s={search_term_string}"},"query-input":{"@type":"PropertyValueSpecification","valueRequired":true,"valueName":"search_term_string"}}],"inLanguage":"de"}]}},"_links":{"self":[{"href":"https:\/\/deseopatisserie.com\/de\/wp-json\/wp\/v2\/product\/92841","targetHints":{"allow":["GET"]}}],"collection":[{"href":"https:\/\/deseopatisserie.com\/de\/wp-json\/wp\/v2\/product"}],"about":[{"href":"https:\/\/deseopatisserie.com\/de\/wp-json\/wp\/v2\/types\/product"}],"wp:featuredmedia":[{"embeddable":true,"href":"https:\/\/deseopatisserie.com\/de\/wp-json\/wp\/v2\/media\/115197"}],"wp:attachment":[{"href":"https:\/\/deseopatisserie.com\/de\/wp-json\/wp\/v2\/media?parent=92841"}],"wp:term":[{"taxonomy":"product_brand","embeddable":true,"href":"https:\/\/deseopatisserie.com\/de\/wp-json\/wp\/v2\/product_brand?post=92841"},{"taxonomy":"product_cat","embeddable":true,"href":"https:\/\/deseopatisserie.com\/de\/wp-json\/wp\/v2\/product_cat?post=92841"},{"taxonomy":"product_tag","embeddable":true,"href":"https:\/\/deseopatisserie.com\/de\/wp-json\/wp\/v2\/product_tag?post=92841"}],"curies":[{"name":"wp","href":"https:\/\/api.w.org\/{rel}","templated":true}]}}