{"id":92837,"date":"2021-06-22T10:46:46","date_gmt":"2021-06-22T08:46:46","guid":{"rendered":"https:\/\/deseopatisserie.com\/produkt\/trockene-schokoladentropfen-nicaragua-70-200g\/"},"modified":"2025-04-02T15:51:48","modified_gmt":"2025-04-02T13:51:48","slug":"trockene-schokoladentropfen-nicaragua-70-200g","status":"publish","type":"product","link":"https:\/\/deseopatisserie.com\/de\/produkt\/trockene-schokoladentropfen-nicaragua-70-200g\/","title":{"rendered":"Trockene Schokoladentropfen Nicaragua 70% 200g"},"content":{"rendered":"","protected":false},"excerpt":{"rendered":"<p>Nicaragua 70% Schokolade hat wohlf\u00fchlbare Noten von getrockneten Fr\u00fcchten und einen leicht nussigen Nachgeschmack. Er ist sehr reich an Geschmack.  Was diese Schokolade von anderen unterscheidet, ist auch ihr geringer S\u00e4uregehalt, der sie \u00e4u\u00dferst sanft am Gaumen macht. Es ist eine ausgezeichnete Wahl f\u00fcr diejenigen, die Schokolade mit einem intensiven Geschmack bevorzugen. Nicaragua Schokolade 70% wird von Kennern geliebt.  <\/p>\n<p>Nicaragua 70% Schokolade ist in praktischen Tropfen erh\u00e4ltlich \u2013 Pastillen, dank derer sie bei der Zubereitung von s\u00fc\u00dfem Geb\u00e4ck, hei\u00dfer Schokolade oder Desserts leicht zu messen und zu schmelzen ist. Dank der Verpackung &#8211; einem luftdichten Tiegel &#8211; bleiben die Tropfen lange frisch und Sie k\u00f6nnen sie bequem und sicher in Ihrer K\u00fcche aufbewahren. <\/p>\n<p><strong>Verwenden Sie es in Ihrer eigenen K\u00fcche, um Folgendes zuzubereiten:<\/strong><\/p>\n<p>&#8211; s\u00fc\u00dfes Geb\u00e4ck: Schokoladen-Cupcakes, Brownies, K\u00e4sekuchen,<\/p>\n<p>&#8211; Toppings f\u00fcr Pfannkuchen, Pfannkuchen, Desserts und Eiscreme,<\/p>\n<p>&#8211; Schokoladencremes f\u00fcr Kuchen und Kuchen,<\/p>\n<p>&#8211; kr\u00e4ftige Schokoladenmousse,<\/p>\n<p>&#8211; Fondue, in Schokolade getauchte Fr\u00fcchte, Schokoladenbrunnen,<\/p>\n<p>&#8211; hei\u00dfe, s\u00fcffige Schokolade mit italienischem Baiser. Fragen Sie uns nach dem Rezept! \ud83d\ude0a<\/p>\n<p>&#8211; Pralinen, hausgemachte Schokolade und Dekorationen,<\/p>\n<p>&#8211; Schokoladentr\u00fcffel,<\/p>\n<p>&#8211; Granola oder Porridge.<\/p>\n<p>Schmeckt gro\u00dfartig, wenn es direkt von der Packung \ud83d\ude0a gegessen wird<\/p>\n<p><strong>\ud83d\udc49 Laden Sie das kostenlose <span style=\"color: #bf883b;\"><a style=\"color: #bf883b;\" href=\"https:\/\/deseopatisserie.com\/de\/produkt\/haselnuss-e-book-deseo\/\">EHANUT E-Book DESEO<\/a> <\/span>herunter und bereiten Sie k\u00f6stliche Desserts mit unseren Schokoladentropfen zu!<\/strong><\/p>\n<p>Bean-to-Bar \/ Bean-to-Chocolate-Schokolade ist Schokolade, die von Grund auf, d.h. aus rohen, unverarbeiteten Bohnen, auf handwerkliche Weise hergestellt wird. F\u00fcr die Herstellung verwenden wir Kakaobohnen, die wir von Plantagen unserer Wahl aus der ganzen Welt importieren. Sie machen den Geschmack und das Aroma solcher Schokolade erstaunlich! <\/p>\n<p>&nbsp;<\/p>\n","protected":false},"featured_media":115211,"template":"","meta":{"_acf_changed":false},"product_brand":[],"product_cat":[2956,2668,2609],"product_tag":[],"class_list":{"0":"post-92837","1":"product","2":"type-product","3":"status-publish","4":"has-post-thumbnail","6":"product_cat-dubai-schokolade","7":"product_cat-schoko-tropfen","8":"product_cat-schokolade-snacks","10":"first","11":"instock","12":"taxable","13":"shipping-taxable","14":"purchasable","15":"product-type-simple"},"acf":[],"yoast_head":"<!-- This site is optimized with the Yoast SEO plugin v27.4 - https:\/\/yoast.com\/product\/yoast-seo-wordpress\/ -->\n<title>Trockene Schokoladentropfen Nicaragua 70% 200g - Cukiernia DESEO Warszawa<\/title>\n<meta name=\"description\" content=\"Nicaragua 70% Schokolade hat wohlf\u00fchlbare Noten von getrockneten Fr\u00fcchten und einen leicht nussigen Nachgeschmack. Er ist sehr reich an Geschmack.\" \/>\n<meta name=\"robots\" content=\"index, follow, max-snippet:-1, max-image-preview:large, max-video-preview:-1\" \/>\n<link rel=\"canonical\" href=\"https:\/\/deseopatisserie.com\/de\/produkt\/trockene-schokoladentropfen-nicaragua-70-200g\/\" \/>\n<meta property=\"og:locale\" content=\"de_DE\" \/>\n<meta property=\"og:type\" content=\"article\" \/>\n<meta property=\"og:title\" content=\"DESEO Drops trockene Schokolade Nicaragua 70% 200g\" \/>\n<meta property=\"og:description\" content=\"Nicaragua 70% Schokolade hat wohlf\u00fchlbare Noten von getrockneten Fr\u00fcchten und einen leicht nussigen Nachgeschmack. Er ist sehr reich an Geschmack.\" \/>\n<meta property=\"og:url\" content=\"https:\/\/deseopatisserie.com\/de\/produkt\/trockene-schokoladentropfen-nicaragua-70-200g\/\" \/>\n<meta property=\"og:site_name\" content=\"DESEO\" \/>\n<meta property=\"article:modified_time\" content=\"2025-04-02T13:51:48+00:00\" \/>\n<meta property=\"og:image\" content=\"https:\/\/deseopatisserie.com\/wp-content\/uploads\/2021\/06\/Dropsy-czekoladowe-NIKARAGUA-70-1024x682.jpg\" \/>\n<meta name=\"twitter:card\" content=\"summary_large_image\" \/>\n<script type=\"application\/ld+json\" class=\"yoast-schema-graph\">{\"@context\":\"https:\\\/\\\/schema.org\",\"@graph\":[{\"@type\":\"WebPage\",\"@id\":\"https:\\\/\\\/deseopatisserie.com\\\/de\\\/produkt\\\/trockene-schokoladentropfen-nicaragua-70-200g\\\/\",\"url\":\"https:\\\/\\\/deseopatisserie.com\\\/de\\\/produkt\\\/trockene-schokoladentropfen-nicaragua-70-200g\\\/\",\"name\":\"Trockene Schokoladentropfen Nicaragua 70% 200g - Cukiernia DESEO Warszawa\",\"isPartOf\":{\"@id\":\"https:\\\/\\\/deseopatisserie.com\\\/de\\\/#website\"},\"primaryImageOfPage\":{\"@id\":\"https:\\\/\\\/deseopatisserie.com\\\/de\\\/produkt\\\/trockene-schokoladentropfen-nicaragua-70-200g\\\/#primaryimage\"},\"image\":{\"@id\":\"https:\\\/\\\/deseopatisserie.com\\\/de\\\/produkt\\\/trockene-schokoladentropfen-nicaragua-70-200g\\\/#primaryimage\"},\"thumbnailUrl\":\"https:\\\/\\\/deseopatisserie.com\\\/\\\/wp-content\\\/uploads\\\/2021\\\/06\\\/dropsy-czekoladowe-nikaragua-200g.png\",\"datePublished\":\"2021-06-22T08:46:46+00:00\",\"dateModified\":\"2025-04-02T13:51:48+00:00\",\"description\":\"Nicaragua 70% Schokolade hat wohlf\u00fchlbare Noten von getrockneten Fr\u00fcchten und einen leicht nussigen Nachgeschmack. Er ist sehr reich an Geschmack.\",\"breadcrumb\":{\"@id\":\"https:\\\/\\\/deseopatisserie.com\\\/de\\\/produkt\\\/trockene-schokoladentropfen-nicaragua-70-200g\\\/#breadcrumb\"},\"inLanguage\":\"de\",\"potentialAction\":[{\"@type\":\"ReadAction\",\"target\":[\"https:\\\/\\\/deseopatisserie.com\\\/de\\\/produkt\\\/trockene-schokoladentropfen-nicaragua-70-200g\\\/\"]}]},{\"@type\":\"ImageObject\",\"inLanguage\":\"de\",\"@id\":\"https:\\\/\\\/deseopatisserie.com\\\/de\\\/produkt\\\/trockene-schokoladentropfen-nicaragua-70-200g\\\/#primaryimage\",\"url\":\"https:\\\/\\\/deseopatisserie.com\\\/\\\/wp-content\\\/uploads\\\/2021\\\/06\\\/dropsy-czekoladowe-nikaragua-200g.png\",\"contentUrl\":\"https:\\\/\\\/deseopatisserie.com\\\/\\\/wp-content\\\/uploads\\\/2021\\\/06\\\/dropsy-czekoladowe-nikaragua-200g.png\",\"width\":2048,\"height\":1365,\"caption\":\"dropsy czekoladowe - nikaragua 200g\"},{\"@type\":\"BreadcrumbList\",\"@id\":\"https:\\\/\\\/deseopatisserie.com\\\/de\\\/produkt\\\/trockene-schokoladentropfen-nicaragua-70-200g\\\/#breadcrumb\",\"itemListElement\":[{\"@type\":\"ListItem\",\"position\":1,\"name\":\"Strona g\u0142\u00f3wna\",\"item\":\"https:\\\/\\\/deseopatisserie.com\\\/de\\\/homepage\\\/\"},{\"@type\":\"ListItem\",\"position\":2,\"name\":\"Trockene Schokoladentropfen Nicaragua 70% 200g\"}]},{\"@type\":\"WebSite\",\"@id\":\"https:\\\/\\\/deseopatisserie.com\\\/de\\\/#website\",\"url\":\"https:\\\/\\\/deseopatisserie.com\\\/de\\\/\",\"name\":\"DESEO\",\"description\":\"Patisserie &amp; Chocolaterie\",\"potentialAction\":[{\"@type\":\"SearchAction\",\"target\":{\"@type\":\"EntryPoint\",\"urlTemplate\":\"https:\\\/\\\/deseopatisserie.com\\\/de\\\/?s={search_term_string}\"},\"query-input\":{\"@type\":\"PropertyValueSpecification\",\"valueRequired\":true,\"valueName\":\"search_term_string\"}}],\"inLanguage\":\"de\"}]}<\/script>\n<!-- \/ Yoast SEO plugin. -->","yoast_head_json":{"title":"Trockene Schokoladentropfen Nicaragua 70% 200g - Cukiernia DESEO Warszawa","description":"Nicaragua 70% Schokolade hat wohlf\u00fchlbare Noten von getrockneten Fr\u00fcchten und einen leicht nussigen Nachgeschmack. Er ist sehr reich an Geschmack.","robots":{"index":"index","follow":"follow","max-snippet":"max-snippet:-1","max-image-preview":"max-image-preview:large","max-video-preview":"max-video-preview:-1"},"canonical":"https:\/\/deseopatisserie.com\/de\/produkt\/trockene-schokoladentropfen-nicaragua-70-200g\/","og_locale":"de_DE","og_type":"article","og_title":"DESEO Drops trockene Schokolade Nicaragua 70% 200g","og_description":"Nicaragua 70% Schokolade hat wohlf\u00fchlbare Noten von getrockneten Fr\u00fcchten und einen leicht nussigen Nachgeschmack. Er ist sehr reich an Geschmack.","og_url":"https:\/\/deseopatisserie.com\/de\/produkt\/trockene-schokoladentropfen-nicaragua-70-200g\/","og_site_name":"DESEO","article_modified_time":"2025-04-02T13:51:48+00:00","og_image":[{"url":"https:\/\/deseopatisserie.com\/wp-content\/uploads\/2021\/06\/Dropsy-czekoladowe-NIKARAGUA-70-1024x682.jpg","type":"","width":"","height":""}],"twitter_card":"summary_large_image","schema":{"@context":"https:\/\/schema.org","@graph":[{"@type":"WebPage","@id":"https:\/\/deseopatisserie.com\/de\/produkt\/trockene-schokoladentropfen-nicaragua-70-200g\/","url":"https:\/\/deseopatisserie.com\/de\/produkt\/trockene-schokoladentropfen-nicaragua-70-200g\/","name":"Trockene Schokoladentropfen Nicaragua 70% 200g - Cukiernia DESEO Warszawa","isPartOf":{"@id":"https:\/\/deseopatisserie.com\/de\/#website"},"primaryImageOfPage":{"@id":"https:\/\/deseopatisserie.com\/de\/produkt\/trockene-schokoladentropfen-nicaragua-70-200g\/#primaryimage"},"image":{"@id":"https:\/\/deseopatisserie.com\/de\/produkt\/trockene-schokoladentropfen-nicaragua-70-200g\/#primaryimage"},"thumbnailUrl":"https:\/\/deseopatisserie.com\/\/wp-content\/uploads\/2021\/06\/dropsy-czekoladowe-nikaragua-200g.png","datePublished":"2021-06-22T08:46:46+00:00","dateModified":"2025-04-02T13:51:48+00:00","description":"Nicaragua 70% Schokolade hat wohlf\u00fchlbare Noten von getrockneten Fr\u00fcchten und einen leicht nussigen Nachgeschmack. Er ist sehr reich an Geschmack.","breadcrumb":{"@id":"https:\/\/deseopatisserie.com\/de\/produkt\/trockene-schokoladentropfen-nicaragua-70-200g\/#breadcrumb"},"inLanguage":"de","potentialAction":[{"@type":"ReadAction","target":["https:\/\/deseopatisserie.com\/de\/produkt\/trockene-schokoladentropfen-nicaragua-70-200g\/"]}]},{"@type":"ImageObject","inLanguage":"de","@id":"https:\/\/deseopatisserie.com\/de\/produkt\/trockene-schokoladentropfen-nicaragua-70-200g\/#primaryimage","url":"https:\/\/deseopatisserie.com\/\/wp-content\/uploads\/2021\/06\/dropsy-czekoladowe-nikaragua-200g.png","contentUrl":"https:\/\/deseopatisserie.com\/\/wp-content\/uploads\/2021\/06\/dropsy-czekoladowe-nikaragua-200g.png","width":2048,"height":1365,"caption":"dropsy czekoladowe - nikaragua 200g"},{"@type":"BreadcrumbList","@id":"https:\/\/deseopatisserie.com\/de\/produkt\/trockene-schokoladentropfen-nicaragua-70-200g\/#breadcrumb","itemListElement":[{"@type":"ListItem","position":1,"name":"Strona g\u0142\u00f3wna","item":"https:\/\/deseopatisserie.com\/de\/homepage\/"},{"@type":"ListItem","position":2,"name":"Trockene Schokoladentropfen Nicaragua 70% 200g"}]},{"@type":"WebSite","@id":"https:\/\/deseopatisserie.com\/de\/#website","url":"https:\/\/deseopatisserie.com\/de\/","name":"DESEO","description":"Patisserie &amp; Chocolaterie","potentialAction":[{"@type":"SearchAction","target":{"@type":"EntryPoint","urlTemplate":"https:\/\/deseopatisserie.com\/de\/?s={search_term_string}"},"query-input":{"@type":"PropertyValueSpecification","valueRequired":true,"valueName":"search_term_string"}}],"inLanguage":"de"}]}},"_links":{"self":[{"href":"https:\/\/deseopatisserie.com\/de\/wp-json\/wp\/v2\/product\/92837","targetHints":{"allow":["GET"]}}],"collection":[{"href":"https:\/\/deseopatisserie.com\/de\/wp-json\/wp\/v2\/product"}],"about":[{"href":"https:\/\/deseopatisserie.com\/de\/wp-json\/wp\/v2\/types\/product"}],"wp:featuredmedia":[{"embeddable":true,"href":"https:\/\/deseopatisserie.com\/de\/wp-json\/wp\/v2\/media\/115211"}],"wp:attachment":[{"href":"https:\/\/deseopatisserie.com\/de\/wp-json\/wp\/v2\/media?parent=92837"}],"wp:term":[{"taxonomy":"product_brand","embeddable":true,"href":"https:\/\/deseopatisserie.com\/de\/wp-json\/wp\/v2\/product_brand?post=92837"},{"taxonomy":"product_cat","embeddable":true,"href":"https:\/\/deseopatisserie.com\/de\/wp-json\/wp\/v2\/product_cat?post=92837"},{"taxonomy":"product_tag","embeddable":true,"href":"https:\/\/deseopatisserie.com\/de\/wp-json\/wp\/v2\/product_tag?post=92837"}],"curies":[{"name":"wp","href":"https:\/\/api.w.org\/{rel}","templated":true}]}}