{"id":92822,"date":"2021-06-02T17:06:56","date_gmt":"2021-06-02T15:06:56","guid":{"rendered":"https:\/\/deseopatisserie.com\/produkt\/matcha-uji-intensive-schokolade\/"},"modified":"2025-04-03T01:00:10","modified_gmt":"2025-04-02T23:00:10","slug":"matcha-uji-intensive-schokolade","status":"publish","type":"product","link":"https:\/\/deseopatisserie.com\/de\/produkt\/matcha-uji-intensive-schokolade\/","title":{"rendered":"Matcha Uji Intensive Schokolade"},"content":{"rendered":"","protected":false},"excerpt":{"rendered":"<p>Japanischer Matcha-Gr\u00fcntee mit wei\u00dfer Schokolade ist eine von uns erprobte und getestete Kombination, die unter unseren G\u00e4sten viele Bef\u00fcrworter gefunden hat. Der Matcha-Geschmack ist deutlich sp\u00fcrbar, und die wei\u00dfe Schokolade bringt S\u00fc\u00dfe mit sich, was die Schokolade nicht so trocken macht. Der Riegel hat eine wunderbare gr\u00fcne Farbe und ist eine tolle Option f\u00fcr alle, die Matcha in einer solchen Kombination noch nicht probiert haben, aber neugierig auf neue Geschmacksrichtungen sind.  <\/p>\n<p>&nbsp;<\/p>\n<p>Lernen Sie unsere JOY Bean to Bar-Schokoladenlinie kennen! Es wurde f\u00fcr diejenigen entwickelt, die neben den ausgepr\u00e4gten Geschmacksnoten der Kakaobohnen auch verschiedene originelle Geschmackskombinationen lieben. Dies sind erschwinglichere Schokoladen, aber immer noch von hoher Qualit\u00e4t. Diese Linie wird von Schokoladen dominiert, deren Grundkomposition durch den Zusatz von 100% Nusspasten oder Nusspralinen, gefriergetrockneten Fr\u00fcchten oder Matcha-Tee angereichert wurde. Diese Schokoladen wurden mit der gleichen Sorgfalt wie unsere Premium-Schokoladen hergestellt, der Prozess der Herstellung und des Gie\u00dfens der Tafeln ist der gleiche wie in unserer ersten Linie. Lernen Sie die neuen Geschmacksrichtungen unserer Schokoladen kennen!     <\/p>\n","protected":false},"featured_media":126022,"template":"","meta":{"_acf_changed":false},"product_brand":[],"product_cat":[2608,2609],"product_tag":[],"class_list":{"0":"post-92822","1":"product","2":"type-product","3":"status-publish","4":"has-post-thumbnail","6":"product_cat-bean-to-bar-pralinen","7":"product_cat-schokolade-snacks","9":"first","10":"instock","11":"taxable","12":"shipping-taxable","13":"purchasable","14":"product-type-simple"},"acf":[],"yoast_head":"<!-- This site is optimized with the Yoast SEO plugin v27.4 - https:\/\/yoast.com\/product\/yoast-seo-wordpress\/ -->\n<title>Matcha Uji Intensive Schokolade - Cukiernia DESEO Warszawa<\/title>\n<meta name=\"description\" content=\"Japanischer Matcha-Gr\u00fcntee mit wei\u00dfer Schokolade ist eine von uns erprobte und getestete Kombination, die unter unseren G\u00e4sten viele Bef\u00fcrworter gefunden hat.\" \/>\n<meta name=\"robots\" content=\"index, follow, max-snippet:-1, max-image-preview:large, max-video-preview:-1\" \/>\n<link rel=\"canonical\" href=\"https:\/\/deseopatisserie.com\/de\/produkt\/matcha-uji-intensive-schokolade\/\" \/>\n<meta property=\"og:locale\" content=\"de_DE\" \/>\n<meta property=\"og:type\" content=\"article\" \/>\n<meta property=\"og:title\" content=\"Matcha Uji Intensive Schokolade\" \/>\n<meta property=\"og:description\" content=\"Japanischer Matcha-Gr\u00fcntee mit wei\u00dfer Schokolade ist eine von uns erprobte und getestete Kombination, die unter unseren G\u00e4sten viele Bef\u00fcrworter gefunden hat.\" \/>\n<meta property=\"og:url\" content=\"https:\/\/deseopatisserie.com\/de\/produkt\/matcha-uji-intensive-schokolade\/\" \/>\n<meta property=\"og:site_name\" content=\"DESEO\" \/>\n<meta property=\"article:modified_time\" content=\"2025-04-02T23:00:10+00:00\" \/>\n<meta property=\"og:image\" content=\"https:\/\/deseopatisserie.com\/wp-content\/uploads\/2023\/11\/Czekolada-Matcha-Uji-Intense-scaled0-300x300.jpg\" \/>\n<meta name=\"twitter:card\" content=\"summary_large_image\" \/>\n<script type=\"application\/ld+json\" class=\"yoast-schema-graph\">{\"@context\":\"https:\\\/\\\/schema.org\",\"@graph\":[{\"@type\":\"WebPage\",\"@id\":\"https:\\\/\\\/deseopatisserie.com\\\/de\\\/produkt\\\/matcha-uji-intensive-schokolade\\\/\",\"url\":\"https:\\\/\\\/deseopatisserie.com\\\/de\\\/produkt\\\/matcha-uji-intensive-schokolade\\\/\",\"name\":\"Matcha Uji Intensive Schokolade - Cukiernia DESEO Warszawa\",\"isPartOf\":{\"@id\":\"https:\\\/\\\/deseopatisserie.com\\\/de\\\/#website\"},\"primaryImageOfPage\":{\"@id\":\"https:\\\/\\\/deseopatisserie.com\\\/de\\\/produkt\\\/matcha-uji-intensive-schokolade\\\/#primaryimage\"},\"image\":{\"@id\":\"https:\\\/\\\/deseopatisserie.com\\\/de\\\/produkt\\\/matcha-uji-intensive-schokolade\\\/#primaryimage\"},\"thumbnailUrl\":\"https:\\\/\\\/deseopatisserie.com\\\/\\\/wp-content\\\/uploads\\\/2021\\\/06\\\/172.png\",\"datePublished\":\"2021-06-02T15:06:56+00:00\",\"dateModified\":\"2025-04-02T23:00:10+00:00\",\"description\":\"Japanischer Matcha-Gr\u00fcntee mit wei\u00dfer Schokolade ist eine von uns erprobte und getestete Kombination, die unter unseren G\u00e4sten viele Bef\u00fcrworter gefunden hat.\",\"breadcrumb\":{\"@id\":\"https:\\\/\\\/deseopatisserie.com\\\/de\\\/produkt\\\/matcha-uji-intensive-schokolade\\\/#breadcrumb\"},\"inLanguage\":\"de\",\"potentialAction\":[{\"@type\":\"ReadAction\",\"target\":[\"https:\\\/\\\/deseopatisserie.com\\\/de\\\/produkt\\\/matcha-uji-intensive-schokolade\\\/\"]}]},{\"@type\":\"ImageObject\",\"inLanguage\":\"de\",\"@id\":\"https:\\\/\\\/deseopatisserie.com\\\/de\\\/produkt\\\/matcha-uji-intensive-schokolade\\\/#primaryimage\",\"url\":\"https:\\\/\\\/deseopatisserie.com\\\/\\\/wp-content\\\/uploads\\\/2021\\\/06\\\/172.png\",\"contentUrl\":\"https:\\\/\\\/deseopatisserie.com\\\/\\\/wp-content\\\/uploads\\\/2021\\\/06\\\/172.png\",\"width\":2048,\"height\":1365},{\"@type\":\"BreadcrumbList\",\"@id\":\"https:\\\/\\\/deseopatisserie.com\\\/de\\\/produkt\\\/matcha-uji-intensive-schokolade\\\/#breadcrumb\",\"itemListElement\":[{\"@type\":\"ListItem\",\"position\":1,\"name\":\"Strona g\u0142\u00f3wna\",\"item\":\"https:\\\/\\\/deseopatisserie.com\\\/de\\\/homepage\\\/\"},{\"@type\":\"ListItem\",\"position\":2,\"name\":\"Matcha Uji Intensive Schokolade\"}]},{\"@type\":\"WebSite\",\"@id\":\"https:\\\/\\\/deseopatisserie.com\\\/de\\\/#website\",\"url\":\"https:\\\/\\\/deseopatisserie.com\\\/de\\\/\",\"name\":\"DESEO\",\"description\":\"Patisserie &amp; Chocolaterie\",\"potentialAction\":[{\"@type\":\"SearchAction\",\"target\":{\"@type\":\"EntryPoint\",\"urlTemplate\":\"https:\\\/\\\/deseopatisserie.com\\\/de\\\/?s={search_term_string}\"},\"query-input\":{\"@type\":\"PropertyValueSpecification\",\"valueRequired\":true,\"valueName\":\"search_term_string\"}}],\"inLanguage\":\"de\"}]}<\/script>\n<!-- \/ Yoast SEO plugin. -->","yoast_head_json":{"title":"Matcha Uji Intensive Schokolade - Cukiernia DESEO Warszawa","description":"Japanischer Matcha-Gr\u00fcntee mit wei\u00dfer Schokolade ist eine von uns erprobte und getestete Kombination, die unter unseren G\u00e4sten viele Bef\u00fcrworter gefunden hat.","robots":{"index":"index","follow":"follow","max-snippet":"max-snippet:-1","max-image-preview":"max-image-preview:large","max-video-preview":"max-video-preview:-1"},"canonical":"https:\/\/deseopatisserie.com\/de\/produkt\/matcha-uji-intensive-schokolade\/","og_locale":"de_DE","og_type":"article","og_title":"Matcha Uji Intensive Schokolade","og_description":"Japanischer Matcha-Gr\u00fcntee mit wei\u00dfer Schokolade ist eine von uns erprobte und getestete Kombination, die unter unseren G\u00e4sten viele Bef\u00fcrworter gefunden hat.","og_url":"https:\/\/deseopatisserie.com\/de\/produkt\/matcha-uji-intensive-schokolade\/","og_site_name":"DESEO","article_modified_time":"2025-04-02T23:00:10+00:00","og_image":[{"url":"https:\/\/deseopatisserie.com\/wp-content\/uploads\/2023\/11\/Czekolada-Matcha-Uji-Intense-scaled0-300x300.jpg","type":"","width":"","height":""}],"twitter_card":"summary_large_image","schema":{"@context":"https:\/\/schema.org","@graph":[{"@type":"WebPage","@id":"https:\/\/deseopatisserie.com\/de\/produkt\/matcha-uji-intensive-schokolade\/","url":"https:\/\/deseopatisserie.com\/de\/produkt\/matcha-uji-intensive-schokolade\/","name":"Matcha Uji Intensive Schokolade - Cukiernia DESEO Warszawa","isPartOf":{"@id":"https:\/\/deseopatisserie.com\/de\/#website"},"primaryImageOfPage":{"@id":"https:\/\/deseopatisserie.com\/de\/produkt\/matcha-uji-intensive-schokolade\/#primaryimage"},"image":{"@id":"https:\/\/deseopatisserie.com\/de\/produkt\/matcha-uji-intensive-schokolade\/#primaryimage"},"thumbnailUrl":"https:\/\/deseopatisserie.com\/\/wp-content\/uploads\/2021\/06\/172.png","datePublished":"2021-06-02T15:06:56+00:00","dateModified":"2025-04-02T23:00:10+00:00","description":"Japanischer Matcha-Gr\u00fcntee mit wei\u00dfer Schokolade ist eine von uns erprobte und getestete Kombination, die unter unseren G\u00e4sten viele Bef\u00fcrworter gefunden hat.","breadcrumb":{"@id":"https:\/\/deseopatisserie.com\/de\/produkt\/matcha-uji-intensive-schokolade\/#breadcrumb"},"inLanguage":"de","potentialAction":[{"@type":"ReadAction","target":["https:\/\/deseopatisserie.com\/de\/produkt\/matcha-uji-intensive-schokolade\/"]}]},{"@type":"ImageObject","inLanguage":"de","@id":"https:\/\/deseopatisserie.com\/de\/produkt\/matcha-uji-intensive-schokolade\/#primaryimage","url":"https:\/\/deseopatisserie.com\/\/wp-content\/uploads\/2021\/06\/172.png","contentUrl":"https:\/\/deseopatisserie.com\/\/wp-content\/uploads\/2021\/06\/172.png","width":2048,"height":1365},{"@type":"BreadcrumbList","@id":"https:\/\/deseopatisserie.com\/de\/produkt\/matcha-uji-intensive-schokolade\/#breadcrumb","itemListElement":[{"@type":"ListItem","position":1,"name":"Strona g\u0142\u00f3wna","item":"https:\/\/deseopatisserie.com\/de\/homepage\/"},{"@type":"ListItem","position":2,"name":"Matcha Uji Intensive Schokolade"}]},{"@type":"WebSite","@id":"https:\/\/deseopatisserie.com\/de\/#website","url":"https:\/\/deseopatisserie.com\/de\/","name":"DESEO","description":"Patisserie &amp; Chocolaterie","potentialAction":[{"@type":"SearchAction","target":{"@type":"EntryPoint","urlTemplate":"https:\/\/deseopatisserie.com\/de\/?s={search_term_string}"},"query-input":{"@type":"PropertyValueSpecification","valueRequired":true,"valueName":"search_term_string"}}],"inLanguage":"de"}]}},"_links":{"self":[{"href":"https:\/\/deseopatisserie.com\/de\/wp-json\/wp\/v2\/product\/92822","targetHints":{"allow":["GET"]}}],"collection":[{"href":"https:\/\/deseopatisserie.com\/de\/wp-json\/wp\/v2\/product"}],"about":[{"href":"https:\/\/deseopatisserie.com\/de\/wp-json\/wp\/v2\/types\/product"}],"wp:featuredmedia":[{"embeddable":true,"href":"https:\/\/deseopatisserie.com\/de\/wp-json\/wp\/v2\/media\/126022"}],"wp:attachment":[{"href":"https:\/\/deseopatisserie.com\/de\/wp-json\/wp\/v2\/media?parent=92822"}],"wp:term":[{"taxonomy":"product_brand","embeddable":true,"href":"https:\/\/deseopatisserie.com\/de\/wp-json\/wp\/v2\/product_brand?post=92822"},{"taxonomy":"product_cat","embeddable":true,"href":"https:\/\/deseopatisserie.com\/de\/wp-json\/wp\/v2\/product_cat?post=92822"},{"taxonomy":"product_tag","embeddable":true,"href":"https:\/\/deseopatisserie.com\/de\/wp-json\/wp\/v2\/product_tag?post=92822"}],"curies":[{"name":"wp","href":"https:\/\/api.w.org\/{rel}","templated":true}]}}