{"id":92731,"date":"2021-06-02T11:28:36","date_gmt":"2021-06-02T09:28:36","guid":{"rendered":"https:\/\/deseopatisserie.com\/produkt\/milchschokolade-mit-schwarzer-johannisbeere\/"},"modified":"2025-04-02T15:51:27","modified_gmt":"2025-04-02T13:51:27","slug":"milchschokolade-mit-schwarzer-johannisbeere","status":"publish","type":"product","link":"https:\/\/deseopatisserie.com\/de\/produkt\/milchschokolade-mit-schwarzer-johannisbeere\/","title":{"rendered":"Milchschokolade mit schwarzer Johannisbeere"},"content":{"rendered":"","protected":false},"excerpt":{"rendered":"<p>Nicaragua Bean Chocolate ist ein Riegel, der in Form von Milchschokolade daherkommt \u2013 das ist das erste Interessante an diesem Riegel. Die Zugabe von Milch verleiht Nicaragua ein subtileres Aroma und eine cremigere Note und bietet eine gro\u00dfartige Kulisse f\u00fcr die rosa-violetten St\u00fccke gefriergetrockneter Johannisbeere, mit denen die Tablette bestreut wird. Die erste solche Kombination von Milchschokolade mit Fr\u00fcchten in unserem Angebot.  <\/p>\n<p>&nbsp;<\/p>\n<p>Lernen Sie unsere JOY-Linie von Bean-to-Bar-Pralinen kennen! Es wurde f\u00fcr diejenigen entwickelt, die neben den ausgepr\u00e4gten Geschmacksnoten der Kakaobohnen auch verschiedene originelle Geschmackskombinationen lieben. Die JOY-Linie ist g\u00fcnstiger, aber immer noch von hoher Qualit\u00e4t. Diese Linie wird von Schokoladen dominiert, deren Grundkomposition durch den Zusatz von 100% Nusspasten oder Nusspralinen, gefriergetrockneten Fr\u00fcchten oder Matcha-Tee angereichert wurde. Diese Schokoladen wurden mit der gleichen Sorgfalt wie unsere Premium-Schokoladen hergestellt, der Prozess der Herstellung und des Gie\u00dfens der Tafeln ist der gleiche wie in unserer ersten Linie. Lernen Sie die neuen Geschmacksrichtungen unserer Schokoladen kennen!     <\/p>\n","protected":false},"featured_media":126014,"template":"","meta":{"_acf_changed":false},"product_brand":[],"product_cat":[2608,2609],"product_tag":[],"class_list":{"0":"post-92731","1":"product","2":"type-product","3":"status-publish","4":"has-post-thumbnail","6":"product_cat-bean-to-bar-pralinen","7":"product_cat-schokolade-snacks","9":"first","10":"instock","11":"taxable","12":"shipping-taxable","13":"purchasable","14":"product-type-simple"},"acf":[],"yoast_head":"<!-- This site is optimized with the Yoast SEO plugin v27.4 - https:\/\/yoast.com\/product\/yoast-seo-wordpress\/ -->\n<title>Milchschokolade mit schwarzer Johannisbeere - Cukiernia DESEO Warszawa<\/title>\n<meta name=\"description\" content=\"Nicaragua Bean Chocolate ist ein Riegel, der in Form von Milchschokolade daherkommt \u2013 das ist das erste Interessante an diesem Riegel.\" \/>\n<meta name=\"robots\" content=\"index, follow, max-snippet:-1, max-image-preview:large, max-video-preview:-1\" \/>\n<link rel=\"canonical\" href=\"https:\/\/deseopatisserie.com\/de\/produkt\/milchschokolade-mit-schwarzer-johannisbeere\/\" \/>\n<meta property=\"og:locale\" content=\"de_DE\" \/>\n<meta property=\"og:type\" content=\"article\" \/>\n<meta property=\"og:title\" content=\"Milchschokolade mit schwarzer Johannisbeere\" \/>\n<meta property=\"og:description\" content=\"Nicaragua Bean Chocolate ist ein Riegel, der in Form von Milchschokolade daherkommt \u2013 das ist das erste Interessante an diesem Riegel.\" \/>\n<meta property=\"og:url\" content=\"https:\/\/deseopatisserie.com\/de\/produkt\/milchschokolade-mit-schwarzer-johannisbeere\/\" \/>\n<meta property=\"og:site_name\" content=\"DESEO\" \/>\n<meta property=\"article:modified_time\" content=\"2025-04-02T13:51:27+00:00\" \/>\n<meta property=\"og:image\" content=\"https:\/\/deseopatisserie.com\/wp-content\/uploads\/2023\/11\/Czekolada-Mleczna-z-Czarna-Porzeczka-scaled0-300x300.jpg\" \/>\n<meta name=\"twitter:card\" content=\"summary_large_image\" \/>\n<script type=\"application\/ld+json\" class=\"yoast-schema-graph\">{\"@context\":\"https:\\\/\\\/schema.org\",\"@graph\":[{\"@type\":\"WebPage\",\"@id\":\"https:\\\/\\\/deseopatisserie.com\\\/de\\\/produkt\\\/milchschokolade-mit-schwarzer-johannisbeere\\\/\",\"url\":\"https:\\\/\\\/deseopatisserie.com\\\/de\\\/produkt\\\/milchschokolade-mit-schwarzer-johannisbeere\\\/\",\"name\":\"Milchschokolade mit schwarzer Johannisbeere - Cukiernia DESEO Warszawa\",\"isPartOf\":{\"@id\":\"https:\\\/\\\/deseopatisserie.com\\\/de\\\/#website\"},\"primaryImageOfPage\":{\"@id\":\"https:\\\/\\\/deseopatisserie.com\\\/de\\\/produkt\\\/milchschokolade-mit-schwarzer-johannisbeere\\\/#primaryimage\"},\"image\":{\"@id\":\"https:\\\/\\\/deseopatisserie.com\\\/de\\\/produkt\\\/milchschokolade-mit-schwarzer-johannisbeere\\\/#primaryimage\"},\"thumbnailUrl\":\"https:\\\/\\\/deseopatisserie.com\\\/\\\/wp-content\\\/uploads\\\/2021\\\/06\\\/171.png\",\"datePublished\":\"2021-06-02T09:28:36+00:00\",\"dateModified\":\"2025-04-02T13:51:27+00:00\",\"description\":\"Nicaragua Bean Chocolate ist ein Riegel, der in Form von Milchschokolade daherkommt \u2013 das ist das erste Interessante an diesem Riegel.\",\"breadcrumb\":{\"@id\":\"https:\\\/\\\/deseopatisserie.com\\\/de\\\/produkt\\\/milchschokolade-mit-schwarzer-johannisbeere\\\/#breadcrumb\"},\"inLanguage\":\"de\",\"potentialAction\":[{\"@type\":\"ReadAction\",\"target\":[\"https:\\\/\\\/deseopatisserie.com\\\/de\\\/produkt\\\/milchschokolade-mit-schwarzer-johannisbeere\\\/\"]}]},{\"@type\":\"ImageObject\",\"inLanguage\":\"de\",\"@id\":\"https:\\\/\\\/deseopatisserie.com\\\/de\\\/produkt\\\/milchschokolade-mit-schwarzer-johannisbeere\\\/#primaryimage\",\"url\":\"https:\\\/\\\/deseopatisserie.com\\\/\\\/wp-content\\\/uploads\\\/2021\\\/06\\\/171.png\",\"contentUrl\":\"https:\\\/\\\/deseopatisserie.com\\\/\\\/wp-content\\\/uploads\\\/2021\\\/06\\\/171.png\",\"width\":2048,\"height\":1365},{\"@type\":\"BreadcrumbList\",\"@id\":\"https:\\\/\\\/deseopatisserie.com\\\/de\\\/produkt\\\/milchschokolade-mit-schwarzer-johannisbeere\\\/#breadcrumb\",\"itemListElement\":[{\"@type\":\"ListItem\",\"position\":1,\"name\":\"Strona g\u0142\u00f3wna\",\"item\":\"https:\\\/\\\/deseopatisserie.com\\\/de\\\/homepage\\\/\"},{\"@type\":\"ListItem\",\"position\":2,\"name\":\"Milchschokolade mit schwarzer Johannisbeere\"}]},{\"@type\":\"WebSite\",\"@id\":\"https:\\\/\\\/deseopatisserie.com\\\/de\\\/#website\",\"url\":\"https:\\\/\\\/deseopatisserie.com\\\/de\\\/\",\"name\":\"DESEO\",\"description\":\"Patisserie &amp; Chocolaterie\",\"potentialAction\":[{\"@type\":\"SearchAction\",\"target\":{\"@type\":\"EntryPoint\",\"urlTemplate\":\"https:\\\/\\\/deseopatisserie.com\\\/de\\\/?s={search_term_string}\"},\"query-input\":{\"@type\":\"PropertyValueSpecification\",\"valueRequired\":true,\"valueName\":\"search_term_string\"}}],\"inLanguage\":\"de\"}]}<\/script>\n<!-- \/ Yoast SEO plugin. -->","yoast_head_json":{"title":"Milchschokolade mit schwarzer Johannisbeere - Cukiernia DESEO Warszawa","description":"Nicaragua Bean Chocolate ist ein Riegel, der in Form von Milchschokolade daherkommt \u2013 das ist das erste Interessante an diesem Riegel.","robots":{"index":"index","follow":"follow","max-snippet":"max-snippet:-1","max-image-preview":"max-image-preview:large","max-video-preview":"max-video-preview:-1"},"canonical":"https:\/\/deseopatisserie.com\/de\/produkt\/milchschokolade-mit-schwarzer-johannisbeere\/","og_locale":"de_DE","og_type":"article","og_title":"Milchschokolade mit schwarzer Johannisbeere","og_description":"Nicaragua Bean Chocolate ist ein Riegel, der in Form von Milchschokolade daherkommt \u2013 das ist das erste Interessante an diesem Riegel.","og_url":"https:\/\/deseopatisserie.com\/de\/produkt\/milchschokolade-mit-schwarzer-johannisbeere\/","og_site_name":"DESEO","article_modified_time":"2025-04-02T13:51:27+00:00","og_image":[{"url":"https:\/\/deseopatisserie.com\/wp-content\/uploads\/2023\/11\/Czekolada-Mleczna-z-Czarna-Porzeczka-scaled0-300x300.jpg","type":"","width":"","height":""}],"twitter_card":"summary_large_image","schema":{"@context":"https:\/\/schema.org","@graph":[{"@type":"WebPage","@id":"https:\/\/deseopatisserie.com\/de\/produkt\/milchschokolade-mit-schwarzer-johannisbeere\/","url":"https:\/\/deseopatisserie.com\/de\/produkt\/milchschokolade-mit-schwarzer-johannisbeere\/","name":"Milchschokolade mit schwarzer Johannisbeere - Cukiernia DESEO Warszawa","isPartOf":{"@id":"https:\/\/deseopatisserie.com\/de\/#website"},"primaryImageOfPage":{"@id":"https:\/\/deseopatisserie.com\/de\/produkt\/milchschokolade-mit-schwarzer-johannisbeere\/#primaryimage"},"image":{"@id":"https:\/\/deseopatisserie.com\/de\/produkt\/milchschokolade-mit-schwarzer-johannisbeere\/#primaryimage"},"thumbnailUrl":"https:\/\/deseopatisserie.com\/\/wp-content\/uploads\/2021\/06\/171.png","datePublished":"2021-06-02T09:28:36+00:00","dateModified":"2025-04-02T13:51:27+00:00","description":"Nicaragua Bean Chocolate ist ein Riegel, der in Form von Milchschokolade daherkommt \u2013 das ist das erste Interessante an diesem Riegel.","breadcrumb":{"@id":"https:\/\/deseopatisserie.com\/de\/produkt\/milchschokolade-mit-schwarzer-johannisbeere\/#breadcrumb"},"inLanguage":"de","potentialAction":[{"@type":"ReadAction","target":["https:\/\/deseopatisserie.com\/de\/produkt\/milchschokolade-mit-schwarzer-johannisbeere\/"]}]},{"@type":"ImageObject","inLanguage":"de","@id":"https:\/\/deseopatisserie.com\/de\/produkt\/milchschokolade-mit-schwarzer-johannisbeere\/#primaryimage","url":"https:\/\/deseopatisserie.com\/\/wp-content\/uploads\/2021\/06\/171.png","contentUrl":"https:\/\/deseopatisserie.com\/\/wp-content\/uploads\/2021\/06\/171.png","width":2048,"height":1365},{"@type":"BreadcrumbList","@id":"https:\/\/deseopatisserie.com\/de\/produkt\/milchschokolade-mit-schwarzer-johannisbeere\/#breadcrumb","itemListElement":[{"@type":"ListItem","position":1,"name":"Strona g\u0142\u00f3wna","item":"https:\/\/deseopatisserie.com\/de\/homepage\/"},{"@type":"ListItem","position":2,"name":"Milchschokolade mit schwarzer Johannisbeere"}]},{"@type":"WebSite","@id":"https:\/\/deseopatisserie.com\/de\/#website","url":"https:\/\/deseopatisserie.com\/de\/","name":"DESEO","description":"Patisserie &amp; Chocolaterie","potentialAction":[{"@type":"SearchAction","target":{"@type":"EntryPoint","urlTemplate":"https:\/\/deseopatisserie.com\/de\/?s={search_term_string}"},"query-input":{"@type":"PropertyValueSpecification","valueRequired":true,"valueName":"search_term_string"}}],"inLanguage":"de"}]}},"_links":{"self":[{"href":"https:\/\/deseopatisserie.com\/de\/wp-json\/wp\/v2\/product\/92731","targetHints":{"allow":["GET"]}}],"collection":[{"href":"https:\/\/deseopatisserie.com\/de\/wp-json\/wp\/v2\/product"}],"about":[{"href":"https:\/\/deseopatisserie.com\/de\/wp-json\/wp\/v2\/types\/product"}],"wp:featuredmedia":[{"embeddable":true,"href":"https:\/\/deseopatisserie.com\/de\/wp-json\/wp\/v2\/media\/126014"}],"wp:attachment":[{"href":"https:\/\/deseopatisserie.com\/de\/wp-json\/wp\/v2\/media?parent=92731"}],"wp:term":[{"taxonomy":"product_brand","embeddable":true,"href":"https:\/\/deseopatisserie.com\/de\/wp-json\/wp\/v2\/product_brand?post=92731"},{"taxonomy":"product_cat","embeddable":true,"href":"https:\/\/deseopatisserie.com\/de\/wp-json\/wp\/v2\/product_cat?post=92731"},{"taxonomy":"product_tag","embeddable":true,"href":"https:\/\/deseopatisserie.com\/de\/wp-json\/wp\/v2\/product_tag?post=92731"}],"curies":[{"name":"wp","href":"https:\/\/api.w.org\/{rel}","templated":true}]}}