{"id":92652,"date":"2021-05-18T10:09:46","date_gmt":"2021-05-18T08:09:46","guid":{"rendered":"https:\/\/deseopatisserie.com\/produkt\/erdnussbutter-100-200g\/"},"modified":"2025-04-02T15:51:03","modified_gmt":"2025-04-02T13:51:03","slug":"erdnussbutter-100-200g","status":"publish","type":"product","link":"https:\/\/deseopatisserie.com\/de\/produkt\/erdnussbutter-100-200g\/","title":{"rendered":"Erdnussbutter 100% 200g"},"content":{"rendered":"","protected":false},"excerpt":{"rendered":"<p>Unsere Erdnussbutter ist ein Klassiker. 100% N\u00fcsse im Glas verschlossen. Seinen Geschmack und seine seidige Textur verdankt er der richtigen R\u00f6stung und der Verwendung einer Kugelm\u00fchle. Perfekt als Zugabe zu Desserts, Kuchen, Eiscreme, Brot, Cocktails und Haferbrei. Es schmeckt auch wunderbar direkt aus dem Glas, da kann man sich nur schwer losrei\u00dfen.    <\/p>\n<p>Siehe auch:<\/p>\n<p><a href=\"https:\/\/deseopatisserie.com\/de\/produkt\/erdnusspaste-100-1kg\/\">Erdnusspaste 1kg<\/a> I <a href=\"https:\/\/deseopatisserie.com\/de\/produkt\/erdnusspaste-100-3kg\/\">Erdnusspaste 3 kg<\/a> I <a href=\"https:\/\/deseopatisserie.com\/de\/produkt\/erdnusspaste-100-5kg\/\">Erdnusspaste 5 kg<\/a><\/p>\n","protected":false},"featured_media":114588,"template":"","meta":{"_acf_changed":false},"product_brand":[],"product_cat":[1643,2844,1645],"product_tag":[],"class_list":{"0":"post-92652","1":"product","2":"type-product","3":"status-publish","4":"has-post-thumbnail","6":"product_cat-100-nusspasten","7":"product_cat-erdnuss-pasten","8":"product_cat-pasten-cremes","10":"first","11":"instock","12":"taxable","13":"shipping-taxable","14":"purchasable","15":"product-type-simple"},"acf":[],"yoast_head":"<!-- This site is optimized with the Yoast SEO plugin v27.4 - https:\/\/yoast.com\/product\/yoast-seo-wordpress\/ -->\n<title>Erdnussbutter 100% 200g - Cukiernia DESEO Warszawa<\/title>\n<meta name=\"description\" content=\"Unsere Erdnussbutter ist ein Klassiker. Perfekt als Zugabe zu Desserts, Kuchen, Eiscreme, Brot, Cocktails und Haferbrei.\" \/>\n<meta name=\"robots\" content=\"index, follow, max-snippet:-1, max-image-preview:large, max-video-preview:-1\" \/>\n<link rel=\"canonical\" href=\"https:\/\/deseopatisserie.com\/de\/produkt\/erdnussbutter-100-200g\/\" \/>\n<meta property=\"og:locale\" content=\"de_DE\" \/>\n<meta property=\"og:type\" content=\"article\" \/>\n<meta property=\"og:title\" content=\"Erdnussbutter 100% 200g\" \/>\n<meta property=\"og:description\" content=\"Unsere Erdnussbutter ist ein Klassiker. Perfekt als Zugabe zu Desserts, Kuchen, Eiscreme, Brot, Cocktails und Haferbrei.\" \/>\n<meta property=\"og:url\" content=\"https:\/\/deseopatisserie.com\/de\/produkt\/erdnussbutter-100-200g\/\" \/>\n<meta property=\"og:site_name\" content=\"DESEO\" \/>\n<meta property=\"article:modified_time\" content=\"2025-04-02T13:51:03+00:00\" \/>\n<meta property=\"og:image\" content=\"https:\/\/deseopatisserie.com\/wp-content\/uploads\/2021\/05\/Maslo-z-orzechow-arachodowych-300x300.jpg\" \/>\n<meta name=\"twitter:card\" content=\"summary_large_image\" \/>\n<meta name=\"twitter:label1\" content=\"Gesch\u00e4tzte Lesezeit\" \/>\n\t<meta name=\"twitter:data1\" content=\"1\u00a0Minute\" \/>\n<script type=\"application\/ld+json\" class=\"yoast-schema-graph\">{\"@context\":\"https:\\\/\\\/schema.org\",\"@graph\":[{\"@type\":\"WebPage\",\"@id\":\"https:\\\/\\\/deseopatisserie.com\\\/de\\\/produkt\\\/erdnussbutter-100-200g\\\/\",\"url\":\"https:\\\/\\\/deseopatisserie.com\\\/de\\\/produkt\\\/erdnussbutter-100-200g\\\/\",\"name\":\"Erdnussbutter 100% 200g - Cukiernia DESEO Warszawa\",\"isPartOf\":{\"@id\":\"https:\\\/\\\/deseopatisserie.com\\\/de\\\/#website\"},\"primaryImageOfPage\":{\"@id\":\"https:\\\/\\\/deseopatisserie.com\\\/de\\\/produkt\\\/erdnussbutter-100-200g\\\/#primaryimage\"},\"image\":{\"@id\":\"https:\\\/\\\/deseopatisserie.com\\\/de\\\/produkt\\\/erdnussbutter-100-200g\\\/#primaryimage\"},\"thumbnailUrl\":\"https:\\\/\\\/deseopatisserie.com\\\/\\\/wp-content\\\/uploads\\\/2021\\\/05\\\/Maslo-orzechowe-200g-DESEO.png\",\"datePublished\":\"2021-05-18T08:09:46+00:00\",\"dateModified\":\"2025-04-02T13:51:03+00:00\",\"description\":\"Unsere Erdnussbutter ist ein Klassiker. Perfekt als Zugabe zu Desserts, Kuchen, Eiscreme, Brot, Cocktails und Haferbrei.\",\"breadcrumb\":{\"@id\":\"https:\\\/\\\/deseopatisserie.com\\\/de\\\/produkt\\\/erdnussbutter-100-200g\\\/#breadcrumb\"},\"inLanguage\":\"de\",\"potentialAction\":[{\"@type\":\"ReadAction\",\"target\":[\"https:\\\/\\\/deseopatisserie.com\\\/de\\\/produkt\\\/erdnussbutter-100-200g\\\/\"]}]},{\"@type\":\"ImageObject\",\"inLanguage\":\"de\",\"@id\":\"https:\\\/\\\/deseopatisserie.com\\\/de\\\/produkt\\\/erdnussbutter-100-200g\\\/#primaryimage\",\"url\":\"https:\\\/\\\/deseopatisserie.com\\\/\\\/wp-content\\\/uploads\\\/2021\\\/05\\\/Maslo-orzechowe-200g-DESEO.png\",\"contentUrl\":\"https:\\\/\\\/deseopatisserie.com\\\/\\\/wp-content\\\/uploads\\\/2021\\\/05\\\/Maslo-orzechowe-200g-DESEO.png\",\"width\":2048,\"height\":1365,\"caption\":\"Mas\u0142o orzechowe 200g DESEO\"},{\"@type\":\"BreadcrumbList\",\"@id\":\"https:\\\/\\\/deseopatisserie.com\\\/de\\\/produkt\\\/erdnussbutter-100-200g\\\/#breadcrumb\",\"itemListElement\":[{\"@type\":\"ListItem\",\"position\":1,\"name\":\"Strona g\u0142\u00f3wna\",\"item\":\"https:\\\/\\\/deseopatisserie.com\\\/de\\\/homepage\\\/\"},{\"@type\":\"ListItem\",\"position\":2,\"name\":\"Erdnussbutter 100% 200g\"}]},{\"@type\":\"WebSite\",\"@id\":\"https:\\\/\\\/deseopatisserie.com\\\/de\\\/#website\",\"url\":\"https:\\\/\\\/deseopatisserie.com\\\/de\\\/\",\"name\":\"DESEO\",\"description\":\"Patisserie &amp; Chocolaterie\",\"potentialAction\":[{\"@type\":\"SearchAction\",\"target\":{\"@type\":\"EntryPoint\",\"urlTemplate\":\"https:\\\/\\\/deseopatisserie.com\\\/de\\\/?s={search_term_string}\"},\"query-input\":{\"@type\":\"PropertyValueSpecification\",\"valueRequired\":true,\"valueName\":\"search_term_string\"}}],\"inLanguage\":\"de\"}]}<\/script>\n<!-- \/ Yoast SEO plugin. -->","yoast_head_json":{"title":"Erdnussbutter 100% 200g - Cukiernia DESEO Warszawa","description":"Unsere Erdnussbutter ist ein Klassiker. Perfekt als Zugabe zu Desserts, Kuchen, Eiscreme, Brot, Cocktails und Haferbrei.","robots":{"index":"index","follow":"follow","max-snippet":"max-snippet:-1","max-image-preview":"max-image-preview:large","max-video-preview":"max-video-preview:-1"},"canonical":"https:\/\/deseopatisserie.com\/de\/produkt\/erdnussbutter-100-200g\/","og_locale":"de_DE","og_type":"article","og_title":"Erdnussbutter 100% 200g","og_description":"Unsere Erdnussbutter ist ein Klassiker. Perfekt als Zugabe zu Desserts, Kuchen, Eiscreme, Brot, Cocktails und Haferbrei.","og_url":"https:\/\/deseopatisserie.com\/de\/produkt\/erdnussbutter-100-200g\/","og_site_name":"DESEO","article_modified_time":"2025-04-02T13:51:03+00:00","og_image":[{"url":"https:\/\/deseopatisserie.com\/wp-content\/uploads\/2021\/05\/Maslo-z-orzechow-arachodowych-300x300.jpg","type":"","width":"","height":""}],"twitter_card":"summary_large_image","twitter_misc":{"Gesch\u00e4tzte Lesezeit":"1\u00a0Minute"},"schema":{"@context":"https:\/\/schema.org","@graph":[{"@type":"WebPage","@id":"https:\/\/deseopatisserie.com\/de\/produkt\/erdnussbutter-100-200g\/","url":"https:\/\/deseopatisserie.com\/de\/produkt\/erdnussbutter-100-200g\/","name":"Erdnussbutter 100% 200g - Cukiernia DESEO Warszawa","isPartOf":{"@id":"https:\/\/deseopatisserie.com\/de\/#website"},"primaryImageOfPage":{"@id":"https:\/\/deseopatisserie.com\/de\/produkt\/erdnussbutter-100-200g\/#primaryimage"},"image":{"@id":"https:\/\/deseopatisserie.com\/de\/produkt\/erdnussbutter-100-200g\/#primaryimage"},"thumbnailUrl":"https:\/\/deseopatisserie.com\/\/wp-content\/uploads\/2021\/05\/Maslo-orzechowe-200g-DESEO.png","datePublished":"2021-05-18T08:09:46+00:00","dateModified":"2025-04-02T13:51:03+00:00","description":"Unsere Erdnussbutter ist ein Klassiker. Perfekt als Zugabe zu Desserts, Kuchen, Eiscreme, Brot, Cocktails und Haferbrei.","breadcrumb":{"@id":"https:\/\/deseopatisserie.com\/de\/produkt\/erdnussbutter-100-200g\/#breadcrumb"},"inLanguage":"de","potentialAction":[{"@type":"ReadAction","target":["https:\/\/deseopatisserie.com\/de\/produkt\/erdnussbutter-100-200g\/"]}]},{"@type":"ImageObject","inLanguage":"de","@id":"https:\/\/deseopatisserie.com\/de\/produkt\/erdnussbutter-100-200g\/#primaryimage","url":"https:\/\/deseopatisserie.com\/\/wp-content\/uploads\/2021\/05\/Maslo-orzechowe-200g-DESEO.png","contentUrl":"https:\/\/deseopatisserie.com\/\/wp-content\/uploads\/2021\/05\/Maslo-orzechowe-200g-DESEO.png","width":2048,"height":1365,"caption":"Mas\u0142o orzechowe 200g DESEO"},{"@type":"BreadcrumbList","@id":"https:\/\/deseopatisserie.com\/de\/produkt\/erdnussbutter-100-200g\/#breadcrumb","itemListElement":[{"@type":"ListItem","position":1,"name":"Strona g\u0142\u00f3wna","item":"https:\/\/deseopatisserie.com\/de\/homepage\/"},{"@type":"ListItem","position":2,"name":"Erdnussbutter 100% 200g"}]},{"@type":"WebSite","@id":"https:\/\/deseopatisserie.com\/de\/#website","url":"https:\/\/deseopatisserie.com\/de\/","name":"DESEO","description":"Patisserie &amp; Chocolaterie","potentialAction":[{"@type":"SearchAction","target":{"@type":"EntryPoint","urlTemplate":"https:\/\/deseopatisserie.com\/de\/?s={search_term_string}"},"query-input":{"@type":"PropertyValueSpecification","valueRequired":true,"valueName":"search_term_string"}}],"inLanguage":"de"}]}},"_links":{"self":[{"href":"https:\/\/deseopatisserie.com\/de\/wp-json\/wp\/v2\/product\/92652","targetHints":{"allow":["GET"]}}],"collection":[{"href":"https:\/\/deseopatisserie.com\/de\/wp-json\/wp\/v2\/product"}],"about":[{"href":"https:\/\/deseopatisserie.com\/de\/wp-json\/wp\/v2\/types\/product"}],"wp:featuredmedia":[{"embeddable":true,"href":"https:\/\/deseopatisserie.com\/de\/wp-json\/wp\/v2\/media\/114588"}],"wp:attachment":[{"href":"https:\/\/deseopatisserie.com\/de\/wp-json\/wp\/v2\/media?parent=92652"}],"wp:term":[{"taxonomy":"product_brand","embeddable":true,"href":"https:\/\/deseopatisserie.com\/de\/wp-json\/wp\/v2\/product_brand?post=92652"},{"taxonomy":"product_cat","embeddable":true,"href":"https:\/\/deseopatisserie.com\/de\/wp-json\/wp\/v2\/product_cat?post=92652"},{"taxonomy":"product_tag","embeddable":true,"href":"https:\/\/deseopatisserie.com\/de\/wp-json\/wp\/v2\/product_tag?post=92652"}],"curies":[{"name":"wp","href":"https:\/\/api.w.org\/{rel}","templated":true}]}}