{"id":92611,"date":"2021-05-10T12:08:43","date_gmt":"2021-05-10T10:08:43","guid":{"rendered":"https:\/\/deseopatisserie.com\/produkt\/kommunionkuchen-izabela\/"},"modified":"2021-05-10T12:08:43","modified_gmt":"2021-05-10T10:08:43","slug":"kommunionkuchen-izabela","status":"publish","type":"product","link":"https:\/\/deseopatisserie.com\/de\/produkt\/kommunionkuchen-izabela\/","title":{"rendered":"Kommunionkuchen &#8211; IZABELA"},"content":{"rendered":"","protected":false},"excerpt":{"rendered":"<p>Die Heilige Kommunion ist in der Regel ein sehr wichtiges Ereignis f\u00fcr die ganze Familie. Die Wahl eines Kuchens f\u00fcr einen solchen Anlass ist eine sehr wichtige Entscheidung. Wir haben die Izabela-Torte mit einer Schokoladeninschrift verziert, die deutlich anzeigt, was wir feiern. Wir haben auch kleine wei\u00dfe Schokoladenbl\u00e4tter zum Servieren hinzugef\u00fcgt. Die Aufschrift &#8222;Erstkommunion&#8220; wird auf einem speziellen 3D-Drucker gedruckt, und unsere Konditoren bereiten jeden Tag Schokoladenbl\u00e4tter von Hand f\u00fcr Sie zu. Ein ideales Angebot f\u00fcr Menschen, die zarte, subtile Dekorationen m\u00f6gen. Um Isabella zu dekorieren, k\u00f6nnen Sie Ihre Lieblingsgeschmacksrichtung des Kuchens ausw\u00e4hlen. Nachfolgend finden Sie alle verf\u00fcgbaren Geschmacksrichtungen: <strong>Lorena<\/strong> \u2013 Mousse mit Vanille Bourbon aus Madagaskar \/ Rotes Fruchtgelee \u2013 Erdbeere, Kirsche, Himbeere \/ Vanille Namelaka Creme \/ Vanille Crisp \/ Vanille Biskuitkuchen \/ <strong>Chantilly Opera<\/strong> Cream \u2013 Kaffeemousse \/ Schokobohnencreme \u2013 to \u2013 Dominikanische Dark Milk Bar 52% \/ Namelaka Creme auf Basis von Karamellschokolade \/ knusprig knusprig mit Kaffeepraline \/ Joconde Biskuit in Kaffeesirup getr\u00e4nkt mit Chopin Lik\u00f6r     <\/p>\n<p><strong>Nocciola<\/strong> \u2013 Haselnussmousse \/ Namelaka-Creme mit Haselnussgeschmack \/ Haselnusspraline \/ Karamellcreme \/ Milchschokoladen-Crisp mit Haseln\u00fcssen \/ Fresamore-Erdnuss-Biskuitkuchen \u2013 Chantilly-Mousse mit Vanille Bourbon aus Madagaskar \/ wei\u00dfer Schokoladen-Crisp mit Mandelbl\u00e4ttchen und gefriergetrockneten Erdbeeren \/ Spinat-Biskuitkuchen mit Orangenschale \/ Gelee mit ganzen Erdbeeren <strong>Nicaragua<\/strong> <strong> \u2013 trockene Schokoladenganache Nicaragua 70% \/ Karamell und trockene Schokoladenganache Nicaragua 70% \/ trockene Schokoladenmousse Nicaragua 70% \/ Moelleux-Kuchen auf Basis von trockener Schokolade Nicaragua 70% \/ <strong>knusprig mit<\/strong> Bella-Nibs \u2013 Himbeermousse \/ Himbeermarmelade mit Bergamotte \/ Mini-Vanille-K\u00e4sekuchen \/ zarter Joconde-Biskuitkuchen mit Limette<\/strong><\/p>\n<p><strong>Azia 2.0<\/strong> \u2013 wei\u00dfe Schokoladenmousse mit Ingwer und Kaffirlimettenbl\u00e4ttern \/ fl\u00fcssiges Inneres auf der Basis von Passionsfrucht, Mango und Calamansi mit frischen Ananasst\u00fccken \/ Kokosnuss-Biskuitkuchen \/ M\u00fcrbeteig mit ger\u00f6steter wei\u00dfer Schokolade<strong>Pistazien<br \/>\n<\/strong> \u2013 Pistazienmousse \/ Pistazien-Namelaka \/ Pistazienenpraline \/ knusprige Pistazien knusprig knusprig \/ Pistazien-Biskuitkuchen<\/p>\n","protected":false},"featured_media":81793,"template":"","meta":{"_acf_changed":false},"product_brand":[],"product_cat":[2612,2753],"product_tag":[],"class_list":{"0":"post-92611","1":"product","2":"type-product","3":"status-publish","4":"has-post-thumbnail","6":"product_cat-kuchen","7":"product_cat-kuchen-zur-erstkommunion","9":"first","10":"instock","11":"taxable","12":"shipping-taxable","13":"purchasable","14":"product-type-variable"},"acf":[],"yoast_head":"<!-- This site is optimized with the Yoast SEO plugin v27.4 - https:\/\/yoast.com\/product\/yoast-seo-wordpress\/ -->\n<title>Kommunionkuchen - IZABELA - Cukiernia DESEO Warszawa<\/title>\n<meta name=\"description\" content=\"Wir haben die Izabela-Torte mit einer Schokoladeninschrift verziert, die deutlich anzeigt, was wir feiern. Wir haben auch kleine wei\u00dfe Schokoladenbl\u00e4tter hinzugef\u00fcgt.\" \/>\n<meta name=\"robots\" content=\"index, follow, max-snippet:-1, max-image-preview:large, max-video-preview:-1\" \/>\n<link rel=\"canonical\" href=\"https:\/\/deseopatisserie.com\/de\/produkt\/kommunionkuchen-izabela\/\" \/>\n<meta property=\"og:locale\" content=\"de_DE\" \/>\n<meta property=\"og:type\" content=\"article\" \/>\n<meta property=\"og:title\" content=\"Kommunionkuchen - IZABELA\" \/>\n<meta property=\"og:description\" content=\"Wir haben die Izabela-Torte mit einer Schokoladeninschrift verziert, die deutlich anzeigt, was wir feiern. Wir haben auch kleine wei\u00dfe Schokoladenbl\u00e4tter hinzugef\u00fcgt.\" \/>\n<meta property=\"og:url\" content=\"https:\/\/deseopatisserie.com\/de\/produkt\/kommunionkuchen-izabela\/\" \/>\n<meta property=\"og:site_name\" content=\"DESEO\" \/>\n<meta property=\"og:image\" content=\"https:\/\/deseopatisserie.com\/wp-content\/uploads\/2021\/05\/tort-komunijny-Izabela_5-1-1024x683.jpg\" \/>\n<meta name=\"twitter:card\" content=\"summary_large_image\" \/>\n<script type=\"application\/ld+json\" class=\"yoast-schema-graph\">{\"@context\":\"https:\\\/\\\/schema.org\",\"@graph\":[{\"@type\":\"WebPage\",\"@id\":\"https:\\\/\\\/deseopatisserie.com\\\/de\\\/produkt\\\/kommunionkuchen-izabela\\\/\",\"url\":\"https:\\\/\\\/deseopatisserie.com\\\/de\\\/produkt\\\/kommunionkuchen-izabela\\\/\",\"name\":\"Kommunionkuchen - IZABELA - Cukiernia DESEO Warszawa\",\"isPartOf\":{\"@id\":\"https:\\\/\\\/deseopatisserie.com\\\/de\\\/#website\"},\"primaryImageOfPage\":{\"@id\":\"https:\\\/\\\/deseopatisserie.com\\\/de\\\/produkt\\\/kommunionkuchen-izabela\\\/#primaryimage\"},\"image\":{\"@id\":\"https:\\\/\\\/deseopatisserie.com\\\/de\\\/produkt\\\/kommunionkuchen-izabela\\\/#primaryimage\"},\"thumbnailUrl\":\"https:\\\/\\\/deseopatisserie.com\\\/\\\/wp-content\\\/uploads\\\/2021\\\/05\\\/tort-komunijny-Izabela_5-1-scaled.jpg\",\"datePublished\":\"2021-05-10T10:08:43+00:00\",\"description\":\"Wir haben die Izabela-Torte mit einer Schokoladeninschrift verziert, die deutlich anzeigt, was wir feiern. Wir haben auch kleine wei\u00dfe Schokoladenbl\u00e4tter hinzugef\u00fcgt.\",\"breadcrumb\":{\"@id\":\"https:\\\/\\\/deseopatisserie.com\\\/de\\\/produkt\\\/kommunionkuchen-izabela\\\/#breadcrumb\"},\"inLanguage\":\"de\",\"potentialAction\":[{\"@type\":\"ReadAction\",\"target\":[\"https:\\\/\\\/deseopatisserie.com\\\/de\\\/produkt\\\/kommunionkuchen-izabela\\\/\"]}]},{\"@type\":\"ImageObject\",\"inLanguage\":\"de\",\"@id\":\"https:\\\/\\\/deseopatisserie.com\\\/de\\\/produkt\\\/kommunionkuchen-izabela\\\/#primaryimage\",\"url\":\"https:\\\/\\\/deseopatisserie.com\\\/\\\/wp-content\\\/uploads\\\/2021\\\/05\\\/tort-komunijny-Izabela_5-1-scaled.jpg\",\"contentUrl\":\"https:\\\/\\\/deseopatisserie.com\\\/\\\/wp-content\\\/uploads\\\/2021\\\/05\\\/tort-komunijny-Izabela_5-1-scaled.jpg\",\"width\":2560,\"height\":1707,\"caption\":\"Tort komunijny IZABELA DESEO\"},{\"@type\":\"BreadcrumbList\",\"@id\":\"https:\\\/\\\/deseopatisserie.com\\\/de\\\/produkt\\\/kommunionkuchen-izabela\\\/#breadcrumb\",\"itemListElement\":[{\"@type\":\"ListItem\",\"position\":1,\"name\":\"Strona g\u0142\u00f3wna\",\"item\":\"https:\\\/\\\/deseopatisserie.com\\\/de\\\/homepage\\\/\"},{\"@type\":\"ListItem\",\"position\":2,\"name\":\"Kommunionkuchen &#8211; IZABELA\"}]},{\"@type\":\"WebSite\",\"@id\":\"https:\\\/\\\/deseopatisserie.com\\\/de\\\/#website\",\"url\":\"https:\\\/\\\/deseopatisserie.com\\\/de\\\/\",\"name\":\"DESEO\",\"description\":\"Patisserie &amp; Chocolaterie\",\"potentialAction\":[{\"@type\":\"SearchAction\",\"target\":{\"@type\":\"EntryPoint\",\"urlTemplate\":\"https:\\\/\\\/deseopatisserie.com\\\/de\\\/?s={search_term_string}\"},\"query-input\":{\"@type\":\"PropertyValueSpecification\",\"valueRequired\":true,\"valueName\":\"search_term_string\"}}],\"inLanguage\":\"de\"}]}<\/script>\n<!-- \/ Yoast SEO plugin. -->","yoast_head_json":{"title":"Kommunionkuchen - IZABELA - Cukiernia DESEO Warszawa","description":"Wir haben die Izabela-Torte mit einer Schokoladeninschrift verziert, die deutlich anzeigt, was wir feiern. Wir haben auch kleine wei\u00dfe Schokoladenbl\u00e4tter hinzugef\u00fcgt.","robots":{"index":"index","follow":"follow","max-snippet":"max-snippet:-1","max-image-preview":"max-image-preview:large","max-video-preview":"max-video-preview:-1"},"canonical":"https:\/\/deseopatisserie.com\/de\/produkt\/kommunionkuchen-izabela\/","og_locale":"de_DE","og_type":"article","og_title":"Kommunionkuchen - IZABELA","og_description":"Wir haben die Izabela-Torte mit einer Schokoladeninschrift verziert, die deutlich anzeigt, was wir feiern. Wir haben auch kleine wei\u00dfe Schokoladenbl\u00e4tter hinzugef\u00fcgt.","og_url":"https:\/\/deseopatisserie.com\/de\/produkt\/kommunionkuchen-izabela\/","og_site_name":"DESEO","og_image":[{"url":"https:\/\/deseopatisserie.com\/wp-content\/uploads\/2021\/05\/tort-komunijny-Izabela_5-1-1024x683.jpg","type":"","width":"","height":""}],"twitter_card":"summary_large_image","schema":{"@context":"https:\/\/schema.org","@graph":[{"@type":"WebPage","@id":"https:\/\/deseopatisserie.com\/de\/produkt\/kommunionkuchen-izabela\/","url":"https:\/\/deseopatisserie.com\/de\/produkt\/kommunionkuchen-izabela\/","name":"Kommunionkuchen - IZABELA - Cukiernia DESEO Warszawa","isPartOf":{"@id":"https:\/\/deseopatisserie.com\/de\/#website"},"primaryImageOfPage":{"@id":"https:\/\/deseopatisserie.com\/de\/produkt\/kommunionkuchen-izabela\/#primaryimage"},"image":{"@id":"https:\/\/deseopatisserie.com\/de\/produkt\/kommunionkuchen-izabela\/#primaryimage"},"thumbnailUrl":"https:\/\/deseopatisserie.com\/\/wp-content\/uploads\/2021\/05\/tort-komunijny-Izabela_5-1-scaled.jpg","datePublished":"2021-05-10T10:08:43+00:00","description":"Wir haben die Izabela-Torte mit einer Schokoladeninschrift verziert, die deutlich anzeigt, was wir feiern. Wir haben auch kleine wei\u00dfe Schokoladenbl\u00e4tter hinzugef\u00fcgt.","breadcrumb":{"@id":"https:\/\/deseopatisserie.com\/de\/produkt\/kommunionkuchen-izabela\/#breadcrumb"},"inLanguage":"de","potentialAction":[{"@type":"ReadAction","target":["https:\/\/deseopatisserie.com\/de\/produkt\/kommunionkuchen-izabela\/"]}]},{"@type":"ImageObject","inLanguage":"de","@id":"https:\/\/deseopatisserie.com\/de\/produkt\/kommunionkuchen-izabela\/#primaryimage","url":"https:\/\/deseopatisserie.com\/\/wp-content\/uploads\/2021\/05\/tort-komunijny-Izabela_5-1-scaled.jpg","contentUrl":"https:\/\/deseopatisserie.com\/\/wp-content\/uploads\/2021\/05\/tort-komunijny-Izabela_5-1-scaled.jpg","width":2560,"height":1707,"caption":"Tort komunijny IZABELA DESEO"},{"@type":"BreadcrumbList","@id":"https:\/\/deseopatisserie.com\/de\/produkt\/kommunionkuchen-izabela\/#breadcrumb","itemListElement":[{"@type":"ListItem","position":1,"name":"Strona g\u0142\u00f3wna","item":"https:\/\/deseopatisserie.com\/de\/homepage\/"},{"@type":"ListItem","position":2,"name":"Kommunionkuchen &#8211; IZABELA"}]},{"@type":"WebSite","@id":"https:\/\/deseopatisserie.com\/de\/#website","url":"https:\/\/deseopatisserie.com\/de\/","name":"DESEO","description":"Patisserie &amp; Chocolaterie","potentialAction":[{"@type":"SearchAction","target":{"@type":"EntryPoint","urlTemplate":"https:\/\/deseopatisserie.com\/de\/?s={search_term_string}"},"query-input":{"@type":"PropertyValueSpecification","valueRequired":true,"valueName":"search_term_string"}}],"inLanguage":"de"}]}},"_links":{"self":[{"href":"https:\/\/deseopatisserie.com\/de\/wp-json\/wp\/v2\/product\/92611","targetHints":{"allow":["GET"]}}],"collection":[{"href":"https:\/\/deseopatisserie.com\/de\/wp-json\/wp\/v2\/product"}],"about":[{"href":"https:\/\/deseopatisserie.com\/de\/wp-json\/wp\/v2\/types\/product"}],"wp:featuredmedia":[{"embeddable":true,"href":"https:\/\/deseopatisserie.com\/de\/wp-json\/wp\/v2\/media\/81793"}],"wp:attachment":[{"href":"https:\/\/deseopatisserie.com\/de\/wp-json\/wp\/v2\/media?parent=92611"}],"wp:term":[{"taxonomy":"product_brand","embeddable":true,"href":"https:\/\/deseopatisserie.com\/de\/wp-json\/wp\/v2\/product_brand?post=92611"},{"taxonomy":"product_cat","embeddable":true,"href":"https:\/\/deseopatisserie.com\/de\/wp-json\/wp\/v2\/product_cat?post=92611"},{"taxonomy":"product_tag","embeddable":true,"href":"https:\/\/deseopatisserie.com\/de\/wp-json\/wp\/v2\/product_tag?post=92611"}],"curies":[{"name":"wp","href":"https:\/\/api.w.org\/{rel}","templated":true}]}}