{"id":92582,"date":"2021-05-07T13:35:26","date_gmt":"2021-05-07T11:35:26","guid":{"rendered":"https:\/\/deseopatisserie.com\/produkt\/haselnusspaste-100-200g\/"},"modified":"2025-04-02T15:50:56","modified_gmt":"2025-04-02T13:50:56","slug":"haselnusspaste-100-200g","status":"publish","type":"product","link":"https:\/\/deseopatisserie.com\/de\/produkt\/haselnusspaste-100-200g\/","title":{"rendered":"Haselnusspaste 100% 200g"},"content":{"rendered":"<p data-start=\"0\" data-end=\"600\">Haselnusspaste 100% 200g ist ein einzigartiges Produkt mit einem tiefen Geschmack von ger\u00f6steten Haseln\u00fcssen. Es ist eine ausgezeichnete Wahl f\u00fcr Menschen, die nach nat\u00fcrlichen, gesunden und gesunden Zutaten in ihrer Ern\u00e4hrung suchen. Dank seiner glatten Textur und seines intensiven Aromas passt er sowohl zu s\u00fc\u00dfen als auch zu herzhaften Gerichten. Es kann zu Kuchen, Keksen, Mousses, Porridge oder Pfannkuchen hinzugef\u00fcgt werden. Er eignet sich auch perfekt f\u00fcr Saucen, Aufstriche, Salate und Cocktails und bereichert Gerichte mit N\u00e4hrwerten und einem einzigartigen, nussigen Geschmack.    <\/p>\n<p data-start=\"602\" data-end=\"1093\" data-is-last-node=\"\" data-is-only-node=\"\">Die handliche 200g-Verpackung ist eine gro\u00dfartige L\u00f6sung f\u00fcr Menschen, die dieses einzigartige Produkt ausprobieren m\u00f6chten oder es in kleineren Mengen ben\u00f6tigen. Haselnusspaste 100% 200g eignet sich sowohl f\u00fcr die Hausmannskost als auch f\u00fcr professionelle Gastronomiebetriebe wie Konditoreien, Caf\u00e9s oder Restaurants. Dank seiner Vielseitigkeit erm\u00f6glicht es Ihnen, einzigartige Gerichte und Desserts zuzubereiten, die sowohl die Erwartungen von kulinarischen Enthusiasten als auch von Profik\u00f6chen erf\u00fcllen.  <\/p>\n<p data-start=\"602\" data-end=\"1093\" data-is-last-node=\"\" data-is-only-node=\"\">Entdecken Sie unsere <span style=\"color: #bf883b;\"><a style=\"color: #bf883b;\" href=\"https:\/\/deseopatisserie.com\/pasty-kremy-do-smarowania\/\">Spreads und Spreads<\/a><\/span><\/p>\n","protected":false},"excerpt":{"rendered":"<p>Handgemachte Haselnusspaste zeichnet sich durch ein angenehmes und tiefes Aroma aus. Wir bereiten es aus 100% Haseln\u00fcssen zu, es enth\u00e4lt keine zus\u00e4tzlichen Zutaten.  Ihren einzigartigen Geschmack verdankt sie dem richtigen R\u00f6sten der N\u00fcsse. Dank der Verwendung einer Kugelm\u00fchle hat es eine perfekt cremige Konsistenz. Perfekt als Erg\u00e4nzung zu Desserts \u2013 Cremes, Kuchen, Eiscreme, perfekt als Aufstrich f\u00fcr Pfannkuchen, Brot oder Haferbrei.  <\/p>\n<p><strong>Siehe auch:<\/strong><br \/>\n<span style=\"color: #bf883b;\"><a style=\"color: #bf883b;\" href=\"https:\/\/deseopatisserie.com\/de\/produkt\/haselnusspaste-100-1kg\/\">Haselnusspaste 1 kg<\/a> <span style=\"color: #000000;\">| <\/span><a style=\"color: #bf883b;\" href=\"https:\/\/deseopatisserie.com\/de\/produkt\/haselnusspaste-100-3kg\/\">Haselnusspaste 3 kg<\/a><span style=\"color: #000000;\"> |<\/span> <a style=\"color: #bf883b;\" href=\"https:\/\/deseopatisserie.com\/de\/produkt\/haselnusspaste-100-5kg\/\">Haselnusspaste 5 kg<\/a> <span style=\"color: #000000;\">|<\/span> <a style=\"color: #bf883b;\" href=\"https:\/\/deseopatisserie.com\/de\/produkt\/haselnuss-praline\/\">Haselnussnougatin 200g<\/a><\/span><\/p>\n<p><span style=\"color: #000000;\">und<\/span> <span style=\"color: #bf883b;\"><a style=\"color: #bf883b;\" href=\"https:\/\/deseopatisserie.com\/de\/produkt\/geroestete-haselnuesse-250g\/\">ger\u00f6stete Haseln\u00fcsse 250 g<\/a> <span style=\"color: #000000;\">|<\/span> <a style=\"color: #bf883b;\" href=\"https:\/\/deseopatisserie.com\/de\/produkt\/geroestete-haselnuesse-500g\/\">ger\u00f6stete Haseln\u00fcsse 500 g<\/a> <span style=\"color: #000000;\">|<\/span> <a style=\"color: #bf883b;\" href=\"https:\/\/deseopatisserie.com\/de\/produkt\/geroestete-haselnuesse-1kg\/\">ger\u00f6stete Haseln\u00fcsse 1 kg<\/a><\/span><\/p>\n<p>\ud83d\udc49 Laden Sie das kostenlose Rezept-E-Book <span style=\"color: #bf883b;\"><a style=\"color: #bf883b;\" href=\"https:\/\/deseopatisserie.com\/de\/produkt\/haselnuss-e-book-deseo\/\">Haselnuss-E-Book DESEO<\/a><\/span> herunter und bereiten Sie k\u00f6stliche Desserts auf Haselnussbasis zu!<\/p>\n","protected":false},"featured_media":114487,"template":"","meta":{"_acf_changed":false},"product_brand":[],"product_cat":[1643,2843,1645],"product_tag":[],"class_list":{"0":"post-92582","1":"product","2":"type-product","3":"status-publish","4":"has-post-thumbnail","6":"product_cat-100-nusspasten","7":"product_cat-haselnuss-pasten","8":"product_cat-pasten-cremes","10":"first","11":"instock","12":"taxable","13":"shipping-taxable","14":"purchasable","15":"product-type-simple"},"acf":[],"yoast_head":"<!-- This site is optimized with the Yoast SEO plugin v27.4 - https:\/\/yoast.com\/product\/yoast-seo-wordpress\/ -->\n<title>Haselnusspaste 100% 200g - DESEO S\u00fc\u00dfwaren<\/title>\n<meta name=\"description\" content=\"Haselnusspaste 100% 200g zeichnet sich durch ein angenehmes und tiefes Aroma aus. Es enth\u00e4lt keine zus\u00e4tzlichen Inhaltsstoffe!\" \/>\n<meta name=\"robots\" content=\"index, follow, max-snippet:-1, max-image-preview:large, max-video-preview:-1\" \/>\n<link rel=\"canonical\" href=\"https:\/\/deseopatisserie.com\/de\/produkt\/haselnusspaste-100-200g\/\" \/>\n<meta property=\"og:locale\" content=\"de_DE\" \/>\n<meta property=\"og:type\" content=\"article\" \/>\n<meta property=\"og:title\" content=\"Haselnusspaste 100% 200g\" \/>\n<meta property=\"og:description\" content=\"Handgemachte Haselnusspaste zeichnet sich durch ein angenehmes und tiefes Aroma aus. Wir bereiten es aus 100% Haseln\u00fcssen zu, es enth\u00e4lt keine zus\u00e4tzlichen Zutaten.\" \/>\n<meta property=\"og:url\" content=\"https:\/\/deseopatisserie.com\/de\/produkt\/haselnusspaste-100-200g\/\" \/>\n<meta property=\"og:site_name\" content=\"DESEO\" \/>\n<meta property=\"article:modified_time\" content=\"2025-04-02T13:50:56+00:00\" \/>\n<meta property=\"og:image\" content=\"https:\/\/deseopatisserie.com\/wp-content\/uploads\/2021\/05\/Pasta-z-orzechow-laskowych-300x300.jpg\" \/>\n<meta name=\"twitter:card\" content=\"summary_large_image\" \/>\n<meta name=\"twitter:label1\" content=\"Gesch\u00e4tzte Lesezeit\" \/>\n\t<meta name=\"twitter:data1\" content=\"1\u00a0Minute\" \/>\n<script type=\"application\/ld+json\" class=\"yoast-schema-graph\">{\"@context\":\"https:\\\/\\\/schema.org\",\"@graph\":[{\"@type\":\"WebPage\",\"@id\":\"https:\\\/\\\/deseopatisserie.com\\\/de\\\/produkt\\\/haselnusspaste-100-200g\\\/\",\"url\":\"https:\\\/\\\/deseopatisserie.com\\\/de\\\/produkt\\\/haselnusspaste-100-200g\\\/\",\"name\":\"Haselnusspaste 100% 200g - DESEO S\u00fc\u00dfwaren\",\"isPartOf\":{\"@id\":\"https:\\\/\\\/deseopatisserie.com\\\/de\\\/#website\"},\"primaryImageOfPage\":{\"@id\":\"https:\\\/\\\/deseopatisserie.com\\\/de\\\/produkt\\\/haselnusspaste-100-200g\\\/#primaryimage\"},\"image\":{\"@id\":\"https:\\\/\\\/deseopatisserie.com\\\/de\\\/produkt\\\/haselnusspaste-100-200g\\\/#primaryimage\"},\"thumbnailUrl\":\"https:\\\/\\\/deseopatisserie.com\\\/\\\/wp-content\\\/uploads\\\/2021\\\/05\\\/21.png\",\"datePublished\":\"2021-05-07T11:35:26+00:00\",\"dateModified\":\"2025-04-02T13:50:56+00:00\",\"description\":\"Haselnusspaste 100% 200g zeichnet sich durch ein angenehmes und tiefes Aroma aus. Es enth\u00e4lt keine zus\u00e4tzlichen Inhaltsstoffe!\",\"breadcrumb\":{\"@id\":\"https:\\\/\\\/deseopatisserie.com\\\/de\\\/produkt\\\/haselnusspaste-100-200g\\\/#breadcrumb\"},\"inLanguage\":\"de\",\"potentialAction\":[{\"@type\":\"ReadAction\",\"target\":[\"https:\\\/\\\/deseopatisserie.com\\\/de\\\/produkt\\\/haselnusspaste-100-200g\\\/\"]}]},{\"@type\":\"ImageObject\",\"inLanguage\":\"de\",\"@id\":\"https:\\\/\\\/deseopatisserie.com\\\/de\\\/produkt\\\/haselnusspaste-100-200g\\\/#primaryimage\",\"url\":\"https:\\\/\\\/deseopatisserie.com\\\/\\\/wp-content\\\/uploads\\\/2021\\\/05\\\/21.png\",\"contentUrl\":\"https:\\\/\\\/deseopatisserie.com\\\/\\\/wp-content\\\/uploads\\\/2021\\\/05\\\/21.png\",\"width\":2048,\"height\":1365,\"caption\":\"pasta z orzech\u00f3w laskowych 200g DESEO\"},{\"@type\":\"BreadcrumbList\",\"@id\":\"https:\\\/\\\/deseopatisserie.com\\\/de\\\/produkt\\\/haselnusspaste-100-200g\\\/#breadcrumb\",\"itemListElement\":[{\"@type\":\"ListItem\",\"position\":1,\"name\":\"Strona g\u0142\u00f3wna\",\"item\":\"https:\\\/\\\/deseopatisserie.com\\\/de\\\/homepage\\\/\"},{\"@type\":\"ListItem\",\"position\":2,\"name\":\"Haselnusspaste 100% 200g\"}]},{\"@type\":\"WebSite\",\"@id\":\"https:\\\/\\\/deseopatisserie.com\\\/de\\\/#website\",\"url\":\"https:\\\/\\\/deseopatisserie.com\\\/de\\\/\",\"name\":\"DESEO\",\"description\":\"Patisserie &amp; Chocolaterie\",\"potentialAction\":[{\"@type\":\"SearchAction\",\"target\":{\"@type\":\"EntryPoint\",\"urlTemplate\":\"https:\\\/\\\/deseopatisserie.com\\\/de\\\/?s={search_term_string}\"},\"query-input\":{\"@type\":\"PropertyValueSpecification\",\"valueRequired\":true,\"valueName\":\"search_term_string\"}}],\"inLanguage\":\"de\"}]}<\/script>\n<!-- \/ Yoast SEO plugin. -->","yoast_head_json":{"title":"Haselnusspaste 100% 200g - DESEO S\u00fc\u00dfwaren","description":"Haselnusspaste 100% 200g zeichnet sich durch ein angenehmes und tiefes Aroma aus. Es enth\u00e4lt keine zus\u00e4tzlichen Inhaltsstoffe!","robots":{"index":"index","follow":"follow","max-snippet":"max-snippet:-1","max-image-preview":"max-image-preview:large","max-video-preview":"max-video-preview:-1"},"canonical":"https:\/\/deseopatisserie.com\/de\/produkt\/haselnusspaste-100-200g\/","og_locale":"de_DE","og_type":"article","og_title":"Haselnusspaste 100% 200g","og_description":"Handgemachte Haselnusspaste zeichnet sich durch ein angenehmes und tiefes Aroma aus. Wir bereiten es aus 100% Haseln\u00fcssen zu, es enth\u00e4lt keine zus\u00e4tzlichen Zutaten.","og_url":"https:\/\/deseopatisserie.com\/de\/produkt\/haselnusspaste-100-200g\/","og_site_name":"DESEO","article_modified_time":"2025-04-02T13:50:56+00:00","og_image":[{"url":"https:\/\/deseopatisserie.com\/wp-content\/uploads\/2021\/05\/Pasta-z-orzechow-laskowych-300x300.jpg","type":"","width":"","height":""}],"twitter_card":"summary_large_image","twitter_misc":{"Gesch\u00e4tzte Lesezeit":"1\u00a0Minute"},"schema":{"@context":"https:\/\/schema.org","@graph":[{"@type":"WebPage","@id":"https:\/\/deseopatisserie.com\/de\/produkt\/haselnusspaste-100-200g\/","url":"https:\/\/deseopatisserie.com\/de\/produkt\/haselnusspaste-100-200g\/","name":"Haselnusspaste 100% 200g - DESEO S\u00fc\u00dfwaren","isPartOf":{"@id":"https:\/\/deseopatisserie.com\/de\/#website"},"primaryImageOfPage":{"@id":"https:\/\/deseopatisserie.com\/de\/produkt\/haselnusspaste-100-200g\/#primaryimage"},"image":{"@id":"https:\/\/deseopatisserie.com\/de\/produkt\/haselnusspaste-100-200g\/#primaryimage"},"thumbnailUrl":"https:\/\/deseopatisserie.com\/\/wp-content\/uploads\/2021\/05\/21.png","datePublished":"2021-05-07T11:35:26+00:00","dateModified":"2025-04-02T13:50:56+00:00","description":"Haselnusspaste 100% 200g zeichnet sich durch ein angenehmes und tiefes Aroma aus. Es enth\u00e4lt keine zus\u00e4tzlichen Inhaltsstoffe!","breadcrumb":{"@id":"https:\/\/deseopatisserie.com\/de\/produkt\/haselnusspaste-100-200g\/#breadcrumb"},"inLanguage":"de","potentialAction":[{"@type":"ReadAction","target":["https:\/\/deseopatisserie.com\/de\/produkt\/haselnusspaste-100-200g\/"]}]},{"@type":"ImageObject","inLanguage":"de","@id":"https:\/\/deseopatisserie.com\/de\/produkt\/haselnusspaste-100-200g\/#primaryimage","url":"https:\/\/deseopatisserie.com\/\/wp-content\/uploads\/2021\/05\/21.png","contentUrl":"https:\/\/deseopatisserie.com\/\/wp-content\/uploads\/2021\/05\/21.png","width":2048,"height":1365,"caption":"pasta z orzech\u00f3w laskowych 200g DESEO"},{"@type":"BreadcrumbList","@id":"https:\/\/deseopatisserie.com\/de\/produkt\/haselnusspaste-100-200g\/#breadcrumb","itemListElement":[{"@type":"ListItem","position":1,"name":"Strona g\u0142\u00f3wna","item":"https:\/\/deseopatisserie.com\/de\/homepage\/"},{"@type":"ListItem","position":2,"name":"Haselnusspaste 100% 200g"}]},{"@type":"WebSite","@id":"https:\/\/deseopatisserie.com\/de\/#website","url":"https:\/\/deseopatisserie.com\/de\/","name":"DESEO","description":"Patisserie &amp; Chocolaterie","potentialAction":[{"@type":"SearchAction","target":{"@type":"EntryPoint","urlTemplate":"https:\/\/deseopatisserie.com\/de\/?s={search_term_string}"},"query-input":{"@type":"PropertyValueSpecification","valueRequired":true,"valueName":"search_term_string"}}],"inLanguage":"de"}]}},"_links":{"self":[{"href":"https:\/\/deseopatisserie.com\/de\/wp-json\/wp\/v2\/product\/92582","targetHints":{"allow":["GET"]}}],"collection":[{"href":"https:\/\/deseopatisserie.com\/de\/wp-json\/wp\/v2\/product"}],"about":[{"href":"https:\/\/deseopatisserie.com\/de\/wp-json\/wp\/v2\/types\/product"}],"wp:featuredmedia":[{"embeddable":true,"href":"https:\/\/deseopatisserie.com\/de\/wp-json\/wp\/v2\/media\/114487"}],"wp:attachment":[{"href":"https:\/\/deseopatisserie.com\/de\/wp-json\/wp\/v2\/media?parent=92582"}],"wp:term":[{"taxonomy":"product_brand","embeddable":true,"href":"https:\/\/deseopatisserie.com\/de\/wp-json\/wp\/v2\/product_brand?post=92582"},{"taxonomy":"product_cat","embeddable":true,"href":"https:\/\/deseopatisserie.com\/de\/wp-json\/wp\/v2\/product_cat?post=92582"},{"taxonomy":"product_tag","embeddable":true,"href":"https:\/\/deseopatisserie.com\/de\/wp-json\/wp\/v2\/product_tag?post=92582"}],"curies":[{"name":"wp","href":"https:\/\/api.w.org\/{rel}","templated":true}]}}