{"id":92581,"date":"2021-04-26T16:41:51","date_gmt":"2021-04-26T14:41:51","guid":{"rendered":"https:\/\/deseopatisserie.com\/produkt\/schokoladen-cluster-weisse-schokolade-kokosnuss-mandel\/"},"modified":"2025-04-02T15:50:43","modified_gmt":"2025-04-02T13:50:43","slug":"schokoladen-cluster-weisse-schokolade-kokosnuss-mandel","status":"publish","type":"product","link":"https:\/\/deseopatisserie.com\/de\/produkt\/schokoladen-cluster-weisse-schokolade-kokosnuss-mandel\/","title":{"rendered":"SCHOKOLADEN-CLUSTER Wei\u00dfe Schokolade &amp; Kokosnuss &amp; Mandel"},"content":{"rendered":"","protected":false},"excerpt":{"rendered":"<p>Wei\u00dfe Bean-to-Bar-Schokolade \/ Kokosraspeln \/ Mandeln \/ Pailet\u00e9 Feuilettine<\/p>\n<p>Wenn Sie unseren COCO Cookie geliebt haben, werden Sie auch die Cluster mit wei\u00dfer Schokolade, Kokosnuss und Mandel lieben. Eine gro\u00dfe Menge Kokosraspeln und Mandelbl\u00e4ttchen, alles kombiniert mit wei\u00dfer Schokolade.  Kokosn\u00fcsse von DESEO!<\/p>\n<p>&nbsp;<\/p>\n<p>Chocolate Clusters ist ein v\u00f6llig originelles Produkt in unseren S\u00fc\u00dfwaren. Die kleinen Schoko-Snacks mit vielen Trockenfr\u00fcchten und N\u00fcssen k\u00f6nnen \u00dcBERALL hin mitgenommen und verschlungen werden \u2013 zu Hause, bei der Arbeit, beim Spaziergang oder im Auto. Perfekt f\u00fcr Erwachsene, aber auch f\u00fcr Kinder. Chocolate Clusters sind von S\u00fc\u00dfigkeiten inspiriert, die die Besitzer von DESEO auf zahlreichen Auslandsreisen, unter anderem in Italien und Japan, gegessen haben.   <\/p>\n<p>Lohnt es sich, Schokoladensnacks zu naschen? Finden Sie <a href=\"https:\/\/deseopatisserie.com\/czekoladowe-przekaski-dla-kazdego\/\">es hier heraus<\/a>. <\/p>\n","protected":false},"featured_media":114903,"template":"","meta":{"_acf_changed":false},"product_brand":[],"product_cat":[1652,2609],"product_tag":[],"class_list":{"0":"post-92581","1":"product","2":"type-product","3":"status-publish","4":"has-post-thumbnail","6":"product_cat-cluster-de","7":"product_cat-schokolade-snacks","9":"first","10":"outofstock","11":"sale","12":"taxable","13":"shipping-taxable","14":"purchasable","15":"product-type-simple"},"acf":[],"yoast_head":"<!-- This site is optimized with the Yoast SEO plugin v27.4 - https:\/\/yoast.com\/product\/yoast-seo-wordpress\/ -->\n<title>SCHOKOLADEN-CLUSTER Wei\u00dfe Schokolade &amp; Kokosnuss &amp; Mandel - Cukiernia DESEO Warszawa<\/title>\n<meta name=\"description\" content=\"Wenn Sie unseren COCO Cookie geliebt haben, werden Sie auch diese Cluster lieben! Eine gro\u00dfe Menge Kokosraspeln und Mandelbl\u00e4ttchen, alles kombiniert mit wei\u00dfer Schokolade.\" \/>\n<meta name=\"robots\" content=\"index, follow, max-snippet:-1, max-image-preview:large, max-video-preview:-1\" \/>\n<link rel=\"canonical\" href=\"https:\/\/deseopatisserie.com\/de\/produkt\/schokoladen-cluster-weisse-schokolade-kokosnuss-mandel\/\" \/>\n<meta property=\"og:locale\" content=\"de_DE\" \/>\n<meta property=\"og:type\" content=\"article\" \/>\n<meta property=\"og:title\" content=\"SCHOKOLADEN-CLUSTER Wei\u00dfe Schokolade &amp; Kokosnuss &amp; Mandel\" \/>\n<meta property=\"og:description\" content=\"Wenn Sie unseren COCO Cookie geliebt haben, werden Sie auch die Cluster mit wei\u00dfer Schokolade, Kokosnuss und Mandel lieben. Eine gro\u00dfe Menge Kokosraspeln und Mandelbl\u00e4ttchen, alles kombiniert mit wei\u00dfer Schokolade.\" \/>\n<meta property=\"og:url\" content=\"https:\/\/deseopatisserie.com\/de\/produkt\/schokoladen-cluster-weisse-schokolade-kokosnuss-mandel\/\" \/>\n<meta property=\"og:site_name\" content=\"DESEO\" \/>\n<meta property=\"article:modified_time\" content=\"2025-04-02T13:50:43+00:00\" \/>\n<meta property=\"og:image\" content=\"https:\/\/deseopatisserie.com\/wp-content\/uploads\/2021\/05\/Clusters_biala-czekolada-kokos-migdal-1024x780.jpg\" \/>\n<meta name=\"twitter:card\" content=\"summary_large_image\" \/>\n<script type=\"application\/ld+json\" class=\"yoast-schema-graph\">{\"@context\":\"https:\\\/\\\/schema.org\",\"@graph\":[{\"@type\":\"WebPage\",\"@id\":\"https:\\\/\\\/deseopatisserie.com\\\/de\\\/produkt\\\/schokoladen-cluster-weisse-schokolade-kokosnuss-mandel\\\/\",\"url\":\"https:\\\/\\\/deseopatisserie.com\\\/de\\\/produkt\\\/schokoladen-cluster-weisse-schokolade-kokosnuss-mandel\\\/\",\"name\":\"SCHOKOLADEN-CLUSTER Wei\u00dfe Schokolade &amp; Kokosnuss &amp; Mandel - Cukiernia DESEO Warszawa\",\"isPartOf\":{\"@id\":\"https:\\\/\\\/deseopatisserie.com\\\/de\\\/#website\"},\"primaryImageOfPage\":{\"@id\":\"https:\\\/\\\/deseopatisserie.com\\\/de\\\/produkt\\\/schokoladen-cluster-weisse-schokolade-kokosnuss-mandel\\\/#primaryimage\"},\"image\":{\"@id\":\"https:\\\/\\\/deseopatisserie.com\\\/de\\\/produkt\\\/schokoladen-cluster-weisse-schokolade-kokosnuss-mandel\\\/#primaryimage\"},\"thumbnailUrl\":\"https:\\\/\\\/deseopatisserie.com\\\/\\\/wp-content\\\/uploads\\\/2021\\\/04\\\/chocolate-cluster-kokos-DESEO.png\",\"datePublished\":\"2021-04-26T14:41:51+00:00\",\"dateModified\":\"2025-04-02T13:50:43+00:00\",\"description\":\"Wenn Sie unseren COCO Cookie geliebt haben, werden Sie auch diese Cluster lieben! Eine gro\u00dfe Menge Kokosraspeln und Mandelbl\u00e4ttchen, alles kombiniert mit wei\u00dfer Schokolade.\",\"breadcrumb\":{\"@id\":\"https:\\\/\\\/deseopatisserie.com\\\/de\\\/produkt\\\/schokoladen-cluster-weisse-schokolade-kokosnuss-mandel\\\/#breadcrumb\"},\"inLanguage\":\"de\",\"potentialAction\":[{\"@type\":\"ReadAction\",\"target\":[\"https:\\\/\\\/deseopatisserie.com\\\/de\\\/produkt\\\/schokoladen-cluster-weisse-schokolade-kokosnuss-mandel\\\/\"]}]},{\"@type\":\"ImageObject\",\"inLanguage\":\"de\",\"@id\":\"https:\\\/\\\/deseopatisserie.com\\\/de\\\/produkt\\\/schokoladen-cluster-weisse-schokolade-kokosnuss-mandel\\\/#primaryimage\",\"url\":\"https:\\\/\\\/deseopatisserie.com\\\/\\\/wp-content\\\/uploads\\\/2021\\\/04\\\/chocolate-cluster-kokos-DESEO.png\",\"contentUrl\":\"https:\\\/\\\/deseopatisserie.com\\\/\\\/wp-content\\\/uploads\\\/2021\\\/04\\\/chocolate-cluster-kokos-DESEO.png\",\"width\":2048,\"height\":1365,\"caption\":\"chocolate clusters kokos DESEO\"},{\"@type\":\"BreadcrumbList\",\"@id\":\"https:\\\/\\\/deseopatisserie.com\\\/de\\\/produkt\\\/schokoladen-cluster-weisse-schokolade-kokosnuss-mandel\\\/#breadcrumb\",\"itemListElement\":[{\"@type\":\"ListItem\",\"position\":1,\"name\":\"Strona g\u0142\u00f3wna\",\"item\":\"https:\\\/\\\/deseopatisserie.com\\\/de\\\/homepage\\\/\"},{\"@type\":\"ListItem\",\"position\":2,\"name\":\"SCHOKOLADEN-CLUSTER Wei\u00dfe Schokolade &amp; Kokosnuss &amp; Mandel\"}]},{\"@type\":\"WebSite\",\"@id\":\"https:\\\/\\\/deseopatisserie.com\\\/de\\\/#website\",\"url\":\"https:\\\/\\\/deseopatisserie.com\\\/de\\\/\",\"name\":\"DESEO\",\"description\":\"Patisserie &amp; Chocolaterie\",\"potentialAction\":[{\"@type\":\"SearchAction\",\"target\":{\"@type\":\"EntryPoint\",\"urlTemplate\":\"https:\\\/\\\/deseopatisserie.com\\\/de\\\/?s={search_term_string}\"},\"query-input\":{\"@type\":\"PropertyValueSpecification\",\"valueRequired\":true,\"valueName\":\"search_term_string\"}}],\"inLanguage\":\"de\"}]}<\/script>\n<!-- \/ Yoast SEO plugin. -->","yoast_head_json":{"title":"SCHOKOLADEN-CLUSTER Wei\u00dfe Schokolade &amp; Kokosnuss &amp; Mandel - Cukiernia DESEO Warszawa","description":"Wenn Sie unseren COCO Cookie geliebt haben, werden Sie auch diese Cluster lieben! Eine gro\u00dfe Menge Kokosraspeln und Mandelbl\u00e4ttchen, alles kombiniert mit wei\u00dfer Schokolade.","robots":{"index":"index","follow":"follow","max-snippet":"max-snippet:-1","max-image-preview":"max-image-preview:large","max-video-preview":"max-video-preview:-1"},"canonical":"https:\/\/deseopatisserie.com\/de\/produkt\/schokoladen-cluster-weisse-schokolade-kokosnuss-mandel\/","og_locale":"de_DE","og_type":"article","og_title":"SCHOKOLADEN-CLUSTER Wei\u00dfe Schokolade & Kokosnuss & Mandel","og_description":"Wenn Sie unseren COCO Cookie geliebt haben, werden Sie auch die Cluster mit wei\u00dfer Schokolade, Kokosnuss und Mandel lieben. Eine gro\u00dfe Menge Kokosraspeln und Mandelbl\u00e4ttchen, alles kombiniert mit wei\u00dfer Schokolade.","og_url":"https:\/\/deseopatisserie.com\/de\/produkt\/schokoladen-cluster-weisse-schokolade-kokosnuss-mandel\/","og_site_name":"DESEO","article_modified_time":"2025-04-02T13:50:43+00:00","og_image":[{"url":"https:\/\/deseopatisserie.com\/wp-content\/uploads\/2021\/05\/Clusters_biala-czekolada-kokos-migdal-1024x780.jpg","type":"","width":"","height":""}],"twitter_card":"summary_large_image","schema":{"@context":"https:\/\/schema.org","@graph":[{"@type":"WebPage","@id":"https:\/\/deseopatisserie.com\/de\/produkt\/schokoladen-cluster-weisse-schokolade-kokosnuss-mandel\/","url":"https:\/\/deseopatisserie.com\/de\/produkt\/schokoladen-cluster-weisse-schokolade-kokosnuss-mandel\/","name":"SCHOKOLADEN-CLUSTER Wei\u00dfe Schokolade &amp; Kokosnuss &amp; Mandel - Cukiernia DESEO Warszawa","isPartOf":{"@id":"https:\/\/deseopatisserie.com\/de\/#website"},"primaryImageOfPage":{"@id":"https:\/\/deseopatisserie.com\/de\/produkt\/schokoladen-cluster-weisse-schokolade-kokosnuss-mandel\/#primaryimage"},"image":{"@id":"https:\/\/deseopatisserie.com\/de\/produkt\/schokoladen-cluster-weisse-schokolade-kokosnuss-mandel\/#primaryimage"},"thumbnailUrl":"https:\/\/deseopatisserie.com\/\/wp-content\/uploads\/2021\/04\/chocolate-cluster-kokos-DESEO.png","datePublished":"2021-04-26T14:41:51+00:00","dateModified":"2025-04-02T13:50:43+00:00","description":"Wenn Sie unseren COCO Cookie geliebt haben, werden Sie auch diese Cluster lieben! Eine gro\u00dfe Menge Kokosraspeln und Mandelbl\u00e4ttchen, alles kombiniert mit wei\u00dfer Schokolade.","breadcrumb":{"@id":"https:\/\/deseopatisserie.com\/de\/produkt\/schokoladen-cluster-weisse-schokolade-kokosnuss-mandel\/#breadcrumb"},"inLanguage":"de","potentialAction":[{"@type":"ReadAction","target":["https:\/\/deseopatisserie.com\/de\/produkt\/schokoladen-cluster-weisse-schokolade-kokosnuss-mandel\/"]}]},{"@type":"ImageObject","inLanguage":"de","@id":"https:\/\/deseopatisserie.com\/de\/produkt\/schokoladen-cluster-weisse-schokolade-kokosnuss-mandel\/#primaryimage","url":"https:\/\/deseopatisserie.com\/\/wp-content\/uploads\/2021\/04\/chocolate-cluster-kokos-DESEO.png","contentUrl":"https:\/\/deseopatisserie.com\/\/wp-content\/uploads\/2021\/04\/chocolate-cluster-kokos-DESEO.png","width":2048,"height":1365,"caption":"chocolate clusters kokos DESEO"},{"@type":"BreadcrumbList","@id":"https:\/\/deseopatisserie.com\/de\/produkt\/schokoladen-cluster-weisse-schokolade-kokosnuss-mandel\/#breadcrumb","itemListElement":[{"@type":"ListItem","position":1,"name":"Strona g\u0142\u00f3wna","item":"https:\/\/deseopatisserie.com\/de\/homepage\/"},{"@type":"ListItem","position":2,"name":"SCHOKOLADEN-CLUSTER Wei\u00dfe Schokolade &amp; Kokosnuss &amp; Mandel"}]},{"@type":"WebSite","@id":"https:\/\/deseopatisserie.com\/de\/#website","url":"https:\/\/deseopatisserie.com\/de\/","name":"DESEO","description":"Patisserie &amp; Chocolaterie","potentialAction":[{"@type":"SearchAction","target":{"@type":"EntryPoint","urlTemplate":"https:\/\/deseopatisserie.com\/de\/?s={search_term_string}"},"query-input":{"@type":"PropertyValueSpecification","valueRequired":true,"valueName":"search_term_string"}}],"inLanguage":"de"}]}},"_links":{"self":[{"href":"https:\/\/deseopatisserie.com\/de\/wp-json\/wp\/v2\/product\/92581","targetHints":{"allow":["GET"]}}],"collection":[{"href":"https:\/\/deseopatisserie.com\/de\/wp-json\/wp\/v2\/product"}],"about":[{"href":"https:\/\/deseopatisserie.com\/de\/wp-json\/wp\/v2\/types\/product"}],"wp:featuredmedia":[{"embeddable":true,"href":"https:\/\/deseopatisserie.com\/de\/wp-json\/wp\/v2\/media\/114903"}],"wp:attachment":[{"href":"https:\/\/deseopatisserie.com\/de\/wp-json\/wp\/v2\/media?parent=92581"}],"wp:term":[{"taxonomy":"product_brand","embeddable":true,"href":"https:\/\/deseopatisserie.com\/de\/wp-json\/wp\/v2\/product_brand?post=92581"},{"taxonomy":"product_cat","embeddable":true,"href":"https:\/\/deseopatisserie.com\/de\/wp-json\/wp\/v2\/product_cat?post=92581"},{"taxonomy":"product_tag","embeddable":true,"href":"https:\/\/deseopatisserie.com\/de\/wp-json\/wp\/v2\/product_tag?post=92581"}],"curies":[{"name":"wp","href":"https:\/\/api.w.org\/{rel}","templated":true}]}}