{"id":92577,"date":"2021-04-26T16:59:24","date_gmt":"2021-04-26T14:59:24","guid":{"rendered":"https:\/\/deseopatisserie.com\/produkt\/schokoladen-cluster-himbeere-schokolade\/"},"modified":"2025-04-02T15:50:52","modified_gmt":"2025-04-02T13:50:52","slug":"schokoladen-cluster-himbeere-schokolade","status":"publish","type":"product","link":"https:\/\/deseopatisserie.com\/de\/produkt\/schokoladen-cluster-himbeere-schokolade\/","title":{"rendered":"SCHOKOLADEN-CLUSTER Himbeere Schokolade"},"content":{"rendered":"","protected":false},"excerpt":{"rendered":"<p>Wei\u00dfe Schokolade Bean-to-Bar \/ Vanille-Crumble \/ Mandeln \/ gefriergetrocknete Himbeeren<\/p>\n<p>Der Geschmack ist sowohl f\u00fcr Erwachsene als auch f\u00fcr Kinder perfekt, d.h. Himbeeren, Himbeeren, Himbeeren&#8230; und Vanille-Crumble. Wer leichte, fruchtige Aromen liebt, wird auf jeden Fall zufrieden sein. Die rosa Farbe wurde durch die Kombination von wei\u00dfer Bean-to-Bar-Schokolade, die von uns in unserem Studio hergestellt wird, mit Himbeeren erhalten.  <\/p>\n<p>&nbsp;<\/p>\n<p>Chocolate Clusters ist ein v\u00f6llig originelles Produkt in unseren S\u00fc\u00dfwaren. Die kleinen Schoko-Snacks mit vielen N\u00fcssen, Trockenfr\u00fcchten und knusprigen Chips k\u00f6nnen \u00dcBERALL hin mitgenommen und vernascht werden \u2013 zu Hause, bei der Arbeit, beim Spaziergang oder im Auto. Perfekt f\u00fcr Erwachsene, aber auch f\u00fcr Kinder. Die Schokoladencluster sind von S\u00fc\u00dfigkeiten inspiriert, die die Besitzer von DESEO auf ihren kulinarischen Reisen gegessen haben, unter anderem in Italien und Japan.   <\/p>\n<p>Lohnt es sich, Schokoladensnacks zu naschen? Finden Sie <a href=\"https:\/\/deseopatisserie.com\/czekoladowe-przekaski-dla-kazdego\/\">es hier heraus<\/a>. <\/p>\n","protected":false},"featured_media":114896,"template":"","meta":{"_acf_changed":false},"product_brand":[],"product_cat":[1652,2609],"product_tag":[],"class_list":{"0":"post-92577","1":"product","2":"type-product","3":"status-publish","4":"has-post-thumbnail","6":"product_cat-cluster-de","7":"product_cat-schokolade-snacks","9":"first","10":"outofstock","11":"sale","12":"taxable","13":"shipping-taxable","14":"purchasable","15":"product-type-simple"},"acf":[],"yoast_head":"<!-- This site is optimized with the Yoast SEO plugin v27.4 - https:\/\/yoast.com\/product\/yoast-seo-wordpress\/ -->\n<title>SCHOKOLADEN-CLUSTER Himbeere Schokolade - Cukiernia DESEO Warszawa<\/title>\n<meta name=\"description\" content=\"Kleine Schoko-Snacks mit vielen N\u00fcssen, Trockenfr\u00fcchten und knusprigen Chips k\u00f6nnen mitgenommen und \u00dcBERALL vernascht werden!\" \/>\n<meta name=\"robots\" content=\"index, follow, max-snippet:-1, max-image-preview:large, max-video-preview:-1\" \/>\n<link rel=\"canonical\" href=\"https:\/\/deseopatisserie.com\/de\/produkt\/schokoladen-cluster-himbeere-schokolade\/\" \/>\n<meta property=\"og:locale\" content=\"de_DE\" \/>\n<meta property=\"og:type\" content=\"article\" \/>\n<meta property=\"og:title\" content=\"SCHOKOLADEN-CLUSTER Himbeere Schokolade\" \/>\n<meta property=\"og:description\" content=\"Kleine Schoko-Snacks mit vielen N\u00fcssen, Trockenfr\u00fcchten und knusprigen Chips k\u00f6nnen mitgenommen und \u00dcBERALL mitgenommen werden \u2013 zu Hause, bei der Arbeit, beim Spaziergang oder im Auto.\" \/>\n<meta property=\"og:url\" content=\"https:\/\/deseopatisserie.com\/de\/produkt\/schokoladen-cluster-himbeere-schokolade\/\" \/>\n<meta property=\"og:site_name\" content=\"DESEO\" \/>\n<meta property=\"article:modified_time\" content=\"2025-04-02T13:50:52+00:00\" \/>\n<meta property=\"og:image\" content=\"https:\/\/deseopatisserie.com\/wp-content\/uploads\/2021\/04\/chocolate-clusters_czekolada-malinowa_1-1024x683.jpg\" \/>\n<meta name=\"twitter:card\" content=\"summary_large_image\" \/>\n<script type=\"application\/ld+json\" class=\"yoast-schema-graph\">{\"@context\":\"https:\\\/\\\/schema.org\",\"@graph\":[{\"@type\":\"WebPage\",\"@id\":\"https:\\\/\\\/deseopatisserie.com\\\/de\\\/produkt\\\/schokoladen-cluster-himbeere-schokolade\\\/\",\"url\":\"https:\\\/\\\/deseopatisserie.com\\\/de\\\/produkt\\\/schokoladen-cluster-himbeere-schokolade\\\/\",\"name\":\"SCHOKOLADEN-CLUSTER Himbeere Schokolade - Cukiernia DESEO Warszawa\",\"isPartOf\":{\"@id\":\"https:\\\/\\\/deseopatisserie.com\\\/de\\\/#website\"},\"primaryImageOfPage\":{\"@id\":\"https:\\\/\\\/deseopatisserie.com\\\/de\\\/produkt\\\/schokoladen-cluster-himbeere-schokolade\\\/#primaryimage\"},\"image\":{\"@id\":\"https:\\\/\\\/deseopatisserie.com\\\/de\\\/produkt\\\/schokoladen-cluster-himbeere-schokolade\\\/#primaryimage\"},\"thumbnailUrl\":\"https:\\\/\\\/deseopatisserie.com\\\/\\\/wp-content\\\/uploads\\\/2021\\\/04\\\/chocolate-cluster-malina-DESEO.png\",\"datePublished\":\"2021-04-26T14:59:24+00:00\",\"dateModified\":\"2025-04-02T13:50:52+00:00\",\"description\":\"Kleine Schoko-Snacks mit vielen N\u00fcssen, Trockenfr\u00fcchten und knusprigen Chips k\u00f6nnen mitgenommen und \u00dcBERALL vernascht werden!\",\"breadcrumb\":{\"@id\":\"https:\\\/\\\/deseopatisserie.com\\\/de\\\/produkt\\\/schokoladen-cluster-himbeere-schokolade\\\/#breadcrumb\"},\"inLanguage\":\"de\",\"potentialAction\":[{\"@type\":\"ReadAction\",\"target\":[\"https:\\\/\\\/deseopatisserie.com\\\/de\\\/produkt\\\/schokoladen-cluster-himbeere-schokolade\\\/\"]}]},{\"@type\":\"ImageObject\",\"inLanguage\":\"de\",\"@id\":\"https:\\\/\\\/deseopatisserie.com\\\/de\\\/produkt\\\/schokoladen-cluster-himbeere-schokolade\\\/#primaryimage\",\"url\":\"https:\\\/\\\/deseopatisserie.com\\\/\\\/wp-content\\\/uploads\\\/2021\\\/04\\\/chocolate-cluster-malina-DESEO.png\",\"contentUrl\":\"https:\\\/\\\/deseopatisserie.com\\\/\\\/wp-content\\\/uploads\\\/2021\\\/04\\\/chocolate-cluster-malina-DESEO.png\",\"width\":2048,\"height\":1365,\"caption\":\"chocolate clusterS malina DESEO\"},{\"@type\":\"BreadcrumbList\",\"@id\":\"https:\\\/\\\/deseopatisserie.com\\\/de\\\/produkt\\\/schokoladen-cluster-himbeere-schokolade\\\/#breadcrumb\",\"itemListElement\":[{\"@type\":\"ListItem\",\"position\":1,\"name\":\"Strona g\u0142\u00f3wna\",\"item\":\"https:\\\/\\\/deseopatisserie.com\\\/de\\\/homepage\\\/\"},{\"@type\":\"ListItem\",\"position\":2,\"name\":\"SCHOKOLADEN-CLUSTER Himbeere Schokolade\"}]},{\"@type\":\"WebSite\",\"@id\":\"https:\\\/\\\/deseopatisserie.com\\\/de\\\/#website\",\"url\":\"https:\\\/\\\/deseopatisserie.com\\\/de\\\/\",\"name\":\"DESEO\",\"description\":\"Patisserie &amp; Chocolaterie\",\"potentialAction\":[{\"@type\":\"SearchAction\",\"target\":{\"@type\":\"EntryPoint\",\"urlTemplate\":\"https:\\\/\\\/deseopatisserie.com\\\/de\\\/?s={search_term_string}\"},\"query-input\":{\"@type\":\"PropertyValueSpecification\",\"valueRequired\":true,\"valueName\":\"search_term_string\"}}],\"inLanguage\":\"de\"}]}<\/script>\n<!-- \/ Yoast SEO plugin. -->","yoast_head_json":{"title":"SCHOKOLADEN-CLUSTER Himbeere Schokolade - Cukiernia DESEO Warszawa","description":"Kleine Schoko-Snacks mit vielen N\u00fcssen, Trockenfr\u00fcchten und knusprigen Chips k\u00f6nnen mitgenommen und \u00dcBERALL vernascht werden!","robots":{"index":"index","follow":"follow","max-snippet":"max-snippet:-1","max-image-preview":"max-image-preview:large","max-video-preview":"max-video-preview:-1"},"canonical":"https:\/\/deseopatisserie.com\/de\/produkt\/schokoladen-cluster-himbeere-schokolade\/","og_locale":"de_DE","og_type":"article","og_title":"SCHOKOLADEN-CLUSTER Himbeere Schokolade","og_description":"Kleine Schoko-Snacks mit vielen N\u00fcssen, Trockenfr\u00fcchten und knusprigen Chips k\u00f6nnen mitgenommen und \u00dcBERALL mitgenommen werden \u2013 zu Hause, bei der Arbeit, beim Spaziergang oder im Auto.","og_url":"https:\/\/deseopatisserie.com\/de\/produkt\/schokoladen-cluster-himbeere-schokolade\/","og_site_name":"DESEO","article_modified_time":"2025-04-02T13:50:52+00:00","og_image":[{"url":"https:\/\/deseopatisserie.com\/wp-content\/uploads\/2021\/04\/chocolate-clusters_czekolada-malinowa_1-1024x683.jpg","type":"","width":"","height":""}],"twitter_card":"summary_large_image","schema":{"@context":"https:\/\/schema.org","@graph":[{"@type":"WebPage","@id":"https:\/\/deseopatisserie.com\/de\/produkt\/schokoladen-cluster-himbeere-schokolade\/","url":"https:\/\/deseopatisserie.com\/de\/produkt\/schokoladen-cluster-himbeere-schokolade\/","name":"SCHOKOLADEN-CLUSTER Himbeere Schokolade - Cukiernia DESEO Warszawa","isPartOf":{"@id":"https:\/\/deseopatisserie.com\/de\/#website"},"primaryImageOfPage":{"@id":"https:\/\/deseopatisserie.com\/de\/produkt\/schokoladen-cluster-himbeere-schokolade\/#primaryimage"},"image":{"@id":"https:\/\/deseopatisserie.com\/de\/produkt\/schokoladen-cluster-himbeere-schokolade\/#primaryimage"},"thumbnailUrl":"https:\/\/deseopatisserie.com\/\/wp-content\/uploads\/2021\/04\/chocolate-cluster-malina-DESEO.png","datePublished":"2021-04-26T14:59:24+00:00","dateModified":"2025-04-02T13:50:52+00:00","description":"Kleine Schoko-Snacks mit vielen N\u00fcssen, Trockenfr\u00fcchten und knusprigen Chips k\u00f6nnen mitgenommen und \u00dcBERALL vernascht werden!","breadcrumb":{"@id":"https:\/\/deseopatisserie.com\/de\/produkt\/schokoladen-cluster-himbeere-schokolade\/#breadcrumb"},"inLanguage":"de","potentialAction":[{"@type":"ReadAction","target":["https:\/\/deseopatisserie.com\/de\/produkt\/schokoladen-cluster-himbeere-schokolade\/"]}]},{"@type":"ImageObject","inLanguage":"de","@id":"https:\/\/deseopatisserie.com\/de\/produkt\/schokoladen-cluster-himbeere-schokolade\/#primaryimage","url":"https:\/\/deseopatisserie.com\/\/wp-content\/uploads\/2021\/04\/chocolate-cluster-malina-DESEO.png","contentUrl":"https:\/\/deseopatisserie.com\/\/wp-content\/uploads\/2021\/04\/chocolate-cluster-malina-DESEO.png","width":2048,"height":1365,"caption":"chocolate clusterS malina DESEO"},{"@type":"BreadcrumbList","@id":"https:\/\/deseopatisserie.com\/de\/produkt\/schokoladen-cluster-himbeere-schokolade\/#breadcrumb","itemListElement":[{"@type":"ListItem","position":1,"name":"Strona g\u0142\u00f3wna","item":"https:\/\/deseopatisserie.com\/de\/homepage\/"},{"@type":"ListItem","position":2,"name":"SCHOKOLADEN-CLUSTER Himbeere Schokolade"}]},{"@type":"WebSite","@id":"https:\/\/deseopatisserie.com\/de\/#website","url":"https:\/\/deseopatisserie.com\/de\/","name":"DESEO","description":"Patisserie &amp; Chocolaterie","potentialAction":[{"@type":"SearchAction","target":{"@type":"EntryPoint","urlTemplate":"https:\/\/deseopatisserie.com\/de\/?s={search_term_string}"},"query-input":{"@type":"PropertyValueSpecification","valueRequired":true,"valueName":"search_term_string"}}],"inLanguage":"de"}]}},"_links":{"self":[{"href":"https:\/\/deseopatisserie.com\/de\/wp-json\/wp\/v2\/product\/92577","targetHints":{"allow":["GET"]}}],"collection":[{"href":"https:\/\/deseopatisserie.com\/de\/wp-json\/wp\/v2\/product"}],"about":[{"href":"https:\/\/deseopatisserie.com\/de\/wp-json\/wp\/v2\/types\/product"}],"wp:featuredmedia":[{"embeddable":true,"href":"https:\/\/deseopatisserie.com\/de\/wp-json\/wp\/v2\/media\/114896"}],"wp:attachment":[{"href":"https:\/\/deseopatisserie.com\/de\/wp-json\/wp\/v2\/media?parent=92577"}],"wp:term":[{"taxonomy":"product_brand","embeddable":true,"href":"https:\/\/deseopatisserie.com\/de\/wp-json\/wp\/v2\/product_brand?post=92577"},{"taxonomy":"product_cat","embeddable":true,"href":"https:\/\/deseopatisserie.com\/de\/wp-json\/wp\/v2\/product_cat?post=92577"},{"taxonomy":"product_tag","embeddable":true,"href":"https:\/\/deseopatisserie.com\/de\/wp-json\/wp\/v2\/product_tag?post=92577"}],"curies":[{"name":"wp","href":"https:\/\/api.w.org\/{rel}","templated":true}]}}