{"id":92570,"date":"2021-03-12T08:57:40","date_gmt":"2021-03-12T07:57:40","guid":{"rendered":"https:\/\/deseopatisserie.com\/produkt\/obstkuchen-pekannuesse-kaffee\/"},"modified":"2025-10-31T13:16:38","modified_gmt":"2025-10-31T12:16:38","slug":"obstkuchen-pekannuesse-kaffee","status":"publish","type":"product","link":"https:\/\/deseopatisserie.com\/de\/produkt\/obstkuchen-pekannuesse-kaffee\/","title":{"rendered":"Obstkuchen, Pekann\u00fcsse &amp; Kaffee"},"content":{"rendered":"","protected":false},"excerpt":{"rendered":"<p>Butter-Obstkuchen auf Basis von ger\u00f6steten Pekann\u00fcssen \/ Ganache auf Basis von Gold-Karamell-Schokolade und Kaffee \/ Ger\u00f6stete Pekann\u00fcsse \/ Gold-Schokoladen\u00fcberzug mit Pekannuss-Praline und knusprigen Chips \/ Weihnachtslebkuchen als Dekoration<\/p>\n<p>&nbsp;<\/p>\n<p>Weihnachtshit 2021 und 2022! Zuerst begeisterte es alle in der internen Verkostungsrunde bei DESEO, und dann waren unsere G\u00e4ste begeistert! Eine einzigartige Kombination aus buttrigen Pekann\u00fcssen, die bei DESEO einen besonderen Platz einnehmen, und Kaffee, samtiger Ganache. Es ist ein Geschmack, den man nicht vergisst und von dem man immer mehr will!   <\/p>\n","protected":false},"featured_media":83055,"template":"","meta":{"_acf_changed":false},"product_brand":[],"product_cat":[2699,2612,2008],"product_tag":[],"class_list":{"0":"post-92570","1":"product","2":"type-product","3":"status-publish","4":"has-post-thumbnail","6":"product_cat-kuchen-de","7":"product_cat-kuchen","8":"product_cat-weihnachten","10":"first","11":"outofstock","12":"taxable","13":"shipping-taxable","14":"purchasable","15":"product-type-simple"},"acf":[],"yoast_head":"<!-- This site is optimized with the Yoast SEO plugin v27.4 - https:\/\/yoast.com\/product\/yoast-seo-wordpress\/ -->\n<title>Obstkuchen, Pekann\u00fcsse &amp; Kaffee - Cukiernia DESEO Warszawa<\/title>\n<meta name=\"robots\" content=\"index, follow, max-snippet:-1, max-image-preview:large, max-video-preview:-1\" \/>\n<link rel=\"canonical\" href=\"https:\/\/deseopatisserie.com\/de\/produkt\/obstkuchen-pekannuesse-kaffee\/\" \/>\n<meta property=\"og:locale\" content=\"de_DE\" \/>\n<meta property=\"og:type\" content=\"article\" \/>\n<meta property=\"og:title\" content=\"Obstkuchen, Pekann\u00fcsse &amp; Kaffee - Cukiernia DESEO Warszawa\" \/>\n<meta property=\"og:description\" content=\"Butter-Obstkuchen auf Basis von ger\u00f6steten Pekann\u00fcssen \/ Ganache auf Basis von Gold-Karamell-Schokolade und Kaffee \/ Ger\u00f6stete Pekann\u00fcsse \/ Gold-Schokoladen\u00fcberzug mit Pekannuss-Praline und knusprigen Chips \/ Weihnachtslebkuchen als Dekoration &nbsp; Weihnachtshit 2021 und 2022! Zuerst begeisterte es alle in der internen Verkostungsrunde bei DESEO, und dann waren unsere G\u00e4ste begeistert! Eine einzigartige Kombination aus buttrigen Pekann\u00fcssen, die bei DESEO einen besonderen Platz einnehmen, und Kaffee, samtiger Ganache. Es ist ein Geschmack, den man nicht vergisst und von dem man immer mehr will!\" \/>\n<meta property=\"og:url\" content=\"https:\/\/deseopatisserie.com\/de\/produkt\/obstkuchen-pekannuesse-kaffee\/\" \/>\n<meta property=\"og:site_name\" content=\"DESEO\" \/>\n<meta property=\"article:modified_time\" content=\"2025-10-31T12:16:38+00:00\" \/>\n<meta property=\"og:image\" content=\"https:\/\/deseopatisserie.com\/\/wp-content\/uploads\/2021\/03\/Keks-pekan_5-scaled.jpg\" \/>\n\t<meta property=\"og:image:width\" content=\"2560\" \/>\n\t<meta property=\"og:image:height\" content=\"1707\" \/>\n\t<meta property=\"og:image:type\" content=\"image\/jpeg\" \/>\n<meta name=\"twitter:card\" content=\"summary_large_image\" \/>\n<script type=\"application\/ld+json\" class=\"yoast-schema-graph\">{\"@context\":\"https:\\\/\\\/schema.org\",\"@graph\":[{\"@type\":\"WebPage\",\"@id\":\"https:\\\/\\\/deseopatisserie.com\\\/de\\\/produkt\\\/obstkuchen-pekannuesse-kaffee\\\/\",\"url\":\"https:\\\/\\\/deseopatisserie.com\\\/de\\\/produkt\\\/obstkuchen-pekannuesse-kaffee\\\/\",\"name\":\"Obstkuchen, Pekann\u00fcsse &amp; Kaffee - Cukiernia DESEO Warszawa\",\"isPartOf\":{\"@id\":\"https:\\\/\\\/deseopatisserie.com\\\/de\\\/#website\"},\"primaryImageOfPage\":{\"@id\":\"https:\\\/\\\/deseopatisserie.com\\\/de\\\/produkt\\\/obstkuchen-pekannuesse-kaffee\\\/#primaryimage\"},\"image\":{\"@id\":\"https:\\\/\\\/deseopatisserie.com\\\/de\\\/produkt\\\/obstkuchen-pekannuesse-kaffee\\\/#primaryimage\"},\"thumbnailUrl\":\"https:\\\/\\\/deseopatisserie.com\\\/\\\/wp-content\\\/uploads\\\/2021\\\/03\\\/Keks-pekan_5-scaled.jpg\",\"datePublished\":\"2021-03-12T07:57:40+00:00\",\"dateModified\":\"2025-10-31T12:16:38+00:00\",\"breadcrumb\":{\"@id\":\"https:\\\/\\\/deseopatisserie.com\\\/de\\\/produkt\\\/obstkuchen-pekannuesse-kaffee\\\/#breadcrumb\"},\"inLanguage\":\"de\",\"potentialAction\":[{\"@type\":\"ReadAction\",\"target\":[\"https:\\\/\\\/deseopatisserie.com\\\/de\\\/produkt\\\/obstkuchen-pekannuesse-kaffee\\\/\"]}]},{\"@type\":\"ImageObject\",\"inLanguage\":\"de\",\"@id\":\"https:\\\/\\\/deseopatisserie.com\\\/de\\\/produkt\\\/obstkuchen-pekannuesse-kaffee\\\/#primaryimage\",\"url\":\"https:\\\/\\\/deseopatisserie.com\\\/\\\/wp-content\\\/uploads\\\/2021\\\/03\\\/Keks-pekan_5-scaled.jpg\",\"contentUrl\":\"https:\\\/\\\/deseopatisserie.com\\\/\\\/wp-content\\\/uploads\\\/2021\\\/03\\\/Keks-pekan_5-scaled.jpg\",\"width\":2560,\"height\":1707},{\"@type\":\"BreadcrumbList\",\"@id\":\"https:\\\/\\\/deseopatisserie.com\\\/de\\\/produkt\\\/obstkuchen-pekannuesse-kaffee\\\/#breadcrumb\",\"itemListElement\":[{\"@type\":\"ListItem\",\"position\":1,\"name\":\"Strona g\u0142\u00f3wna\",\"item\":\"https:\\\/\\\/deseopatisserie.com\\\/de\\\/homepage\\\/\"},{\"@type\":\"ListItem\",\"position\":2,\"name\":\"Obstkuchen, Pekann\u00fcsse &amp; Kaffee\"}]},{\"@type\":\"WebSite\",\"@id\":\"https:\\\/\\\/deseopatisserie.com\\\/de\\\/#website\",\"url\":\"https:\\\/\\\/deseopatisserie.com\\\/de\\\/\",\"name\":\"DESEO\",\"description\":\"Patisserie &amp; Chocolaterie\",\"potentialAction\":[{\"@type\":\"SearchAction\",\"target\":{\"@type\":\"EntryPoint\",\"urlTemplate\":\"https:\\\/\\\/deseopatisserie.com\\\/de\\\/?s={search_term_string}\"},\"query-input\":{\"@type\":\"PropertyValueSpecification\",\"valueRequired\":true,\"valueName\":\"search_term_string\"}}],\"inLanguage\":\"de\"}]}<\/script>\n<!-- \/ Yoast SEO plugin. -->","yoast_head_json":{"title":"Obstkuchen, Pekann\u00fcsse &amp; Kaffee - Cukiernia DESEO Warszawa","robots":{"index":"index","follow":"follow","max-snippet":"max-snippet:-1","max-image-preview":"max-image-preview:large","max-video-preview":"max-video-preview:-1"},"canonical":"https:\/\/deseopatisserie.com\/de\/produkt\/obstkuchen-pekannuesse-kaffee\/","og_locale":"de_DE","og_type":"article","og_title":"Obstkuchen, Pekann\u00fcsse &amp; Kaffee - Cukiernia DESEO Warszawa","og_description":"Butter-Obstkuchen auf Basis von ger\u00f6steten Pekann\u00fcssen \/ Ganache auf Basis von Gold-Karamell-Schokolade und Kaffee \/ Ger\u00f6stete Pekann\u00fcsse \/ Gold-Schokoladen\u00fcberzug mit Pekannuss-Praline und knusprigen Chips \/ Weihnachtslebkuchen als Dekoration &nbsp; Weihnachtshit 2021 und 2022! Zuerst begeisterte es alle in der internen Verkostungsrunde bei DESEO, und dann waren unsere G\u00e4ste begeistert! Eine einzigartige Kombination aus buttrigen Pekann\u00fcssen, die bei DESEO einen besonderen Platz einnehmen, und Kaffee, samtiger Ganache. Es ist ein Geschmack, den man nicht vergisst und von dem man immer mehr will!","og_url":"https:\/\/deseopatisserie.com\/de\/produkt\/obstkuchen-pekannuesse-kaffee\/","og_site_name":"DESEO","article_modified_time":"2025-10-31T12:16:38+00:00","og_image":[{"width":2560,"height":1707,"url":"https:\/\/deseopatisserie.com\/\/wp-content\/uploads\/2021\/03\/Keks-pekan_5-scaled.jpg","type":"image\/jpeg"}],"twitter_card":"summary_large_image","schema":{"@context":"https:\/\/schema.org","@graph":[{"@type":"WebPage","@id":"https:\/\/deseopatisserie.com\/de\/produkt\/obstkuchen-pekannuesse-kaffee\/","url":"https:\/\/deseopatisserie.com\/de\/produkt\/obstkuchen-pekannuesse-kaffee\/","name":"Obstkuchen, Pekann\u00fcsse &amp; Kaffee - Cukiernia DESEO Warszawa","isPartOf":{"@id":"https:\/\/deseopatisserie.com\/de\/#website"},"primaryImageOfPage":{"@id":"https:\/\/deseopatisserie.com\/de\/produkt\/obstkuchen-pekannuesse-kaffee\/#primaryimage"},"image":{"@id":"https:\/\/deseopatisserie.com\/de\/produkt\/obstkuchen-pekannuesse-kaffee\/#primaryimage"},"thumbnailUrl":"https:\/\/deseopatisserie.com\/\/wp-content\/uploads\/2021\/03\/Keks-pekan_5-scaled.jpg","datePublished":"2021-03-12T07:57:40+00:00","dateModified":"2025-10-31T12:16:38+00:00","breadcrumb":{"@id":"https:\/\/deseopatisserie.com\/de\/produkt\/obstkuchen-pekannuesse-kaffee\/#breadcrumb"},"inLanguage":"de","potentialAction":[{"@type":"ReadAction","target":["https:\/\/deseopatisserie.com\/de\/produkt\/obstkuchen-pekannuesse-kaffee\/"]}]},{"@type":"ImageObject","inLanguage":"de","@id":"https:\/\/deseopatisserie.com\/de\/produkt\/obstkuchen-pekannuesse-kaffee\/#primaryimage","url":"https:\/\/deseopatisserie.com\/\/wp-content\/uploads\/2021\/03\/Keks-pekan_5-scaled.jpg","contentUrl":"https:\/\/deseopatisserie.com\/\/wp-content\/uploads\/2021\/03\/Keks-pekan_5-scaled.jpg","width":2560,"height":1707},{"@type":"BreadcrumbList","@id":"https:\/\/deseopatisserie.com\/de\/produkt\/obstkuchen-pekannuesse-kaffee\/#breadcrumb","itemListElement":[{"@type":"ListItem","position":1,"name":"Strona g\u0142\u00f3wna","item":"https:\/\/deseopatisserie.com\/de\/homepage\/"},{"@type":"ListItem","position":2,"name":"Obstkuchen, Pekann\u00fcsse &amp; Kaffee"}]},{"@type":"WebSite","@id":"https:\/\/deseopatisserie.com\/de\/#website","url":"https:\/\/deseopatisserie.com\/de\/","name":"DESEO","description":"Patisserie &amp; Chocolaterie","potentialAction":[{"@type":"SearchAction","target":{"@type":"EntryPoint","urlTemplate":"https:\/\/deseopatisserie.com\/de\/?s={search_term_string}"},"query-input":{"@type":"PropertyValueSpecification","valueRequired":true,"valueName":"search_term_string"}}],"inLanguage":"de"}]}},"_links":{"self":[{"href":"https:\/\/deseopatisserie.com\/de\/wp-json\/wp\/v2\/product\/92570","targetHints":{"allow":["GET"]}}],"collection":[{"href":"https:\/\/deseopatisserie.com\/de\/wp-json\/wp\/v2\/product"}],"about":[{"href":"https:\/\/deseopatisserie.com\/de\/wp-json\/wp\/v2\/types\/product"}],"wp:featuredmedia":[{"embeddable":true,"href":"https:\/\/deseopatisserie.com\/de\/wp-json\/wp\/v2\/media\/83055"}],"wp:attachment":[{"href":"https:\/\/deseopatisserie.com\/de\/wp-json\/wp\/v2\/media?parent=92570"}],"wp:term":[{"taxonomy":"product_brand","embeddable":true,"href":"https:\/\/deseopatisserie.com\/de\/wp-json\/wp\/v2\/product_brand?post=92570"},{"taxonomy":"product_cat","embeddable":true,"href":"https:\/\/deseopatisserie.com\/de\/wp-json\/wp\/v2\/product_cat?post=92570"},{"taxonomy":"product_tag","embeddable":true,"href":"https:\/\/deseopatisserie.com\/de\/wp-json\/wp\/v2\/product_tag?post=92570"}],"curies":[{"name":"wp","href":"https:\/\/api.w.org\/{rel}","templated":true}]}}