{"id":92564,"date":"2021-03-10T15:29:55","date_gmt":"2021-03-10T14:29:55","guid":{"rendered":"https:\/\/deseopatisserie.com\/produkt\/pistazien-mazurka\/"},"modified":"2025-04-02T15:53:28","modified_gmt":"2025-04-02T13:53:28","slug":"pistazien-mazurka","status":"publish","type":"product","link":"https:\/\/deseopatisserie.com\/de\/produkt\/pistazien-mazurka\/","title":{"rendered":"Pistazien-Mazurka"},"content":{"rendered":"","protected":false},"excerpt":{"rendered":"<p>samtige Pistaziencreme auf Basis von Pistazienpaste 100% \/ saftiger Pistazien-Financier mit Himbeermarmelade geschichtet \/ knusprige Milchschokolade knusprig mit Preiselbeeren<\/p>\n<p>&nbsp;<\/p>\n<p>Wir bereiten die Pistazienmazurek zum f\u00fcnften Mal f\u00fcr Ostern vor! Es f\u00e4llt uns schwer zu glauben, dass er schon so viele Jahre bei uns ist, aber du liebst ihn so sehr, dass wir uns Ostern ohne ihn nicht mehr vorstellen k\u00f6nnen! Pistazienmazurek gibt es seit 2019 jedes Jahr bei uns! Er war es, der die Pandemie Ostern 2020 f\u00fcr viele von euch angenehmer gemacht hat! Gl\u00fccklicherweise k\u00f6nnen Sie es jetzt mit Ihren Lieben teilen \ud83d\ude42 Perfekt samtige Pistaziencreme, saftiger Financier, auch Pistazien und angenehm s\u00e4uerliche Himbeermarmelade. Milchschokolade mit Preiselbeeren knuspert am Boden. Liebe!      <\/p>\n<p>Gewicht ca. 870 g <\/p>\n","protected":false},"featured_media":83301,"template":"","meta":{"_acf_changed":false},"product_brand":[],"product_cat":[2698],"product_tag":[],"class_list":{"0":"post-92564","1":"product","2":"type-product","3":"status-publish","4":"has-post-thumbnail","6":"product_cat-ostern","8":"first","9":"instock","10":"taxable","11":"shipping-taxable","12":"purchasable","13":"product-type-simple"},"acf":[],"yoast_head":"<!-- This site is optimized with the Yoast SEO plugin v27.3 - https:\/\/yoast.com\/product\/yoast-seo-wordpress\/ -->\n<title>Pistazien-Mazurka - Cukiernia DESEO Warszawa<\/title>\n<meta name=\"description\" content=\"Pistazie Mazurek - Samtige Pistaziencreme, saftiger Pistazien-Financier, saure Himbeermarmelade und Milchschokolade mit Preiselbeeren auf der Unterseite...\" \/>\n<meta name=\"robots\" content=\"index, follow, max-snippet:-1, max-image-preview:large, max-video-preview:-1\" \/>\n<link rel=\"canonical\" href=\"https:\/\/deseopatisserie.com\/de\/produkt\/pistazien-mazurka\/\" \/>\n<meta property=\"og:locale\" content=\"de_DE\" \/>\n<meta property=\"og:type\" content=\"article\" \/>\n<meta property=\"og:title\" content=\"DESEO Pistazien-Mazurek\" \/>\n<meta property=\"og:description\" content=\"Ihr alle liebt die Pistazien-Mazurek, die seit Jahren zu Ostern zur\u00fcckkommt! In diesem Jahr kam eine neue hinzu - Mazurek Orzech Haselnuss.\" \/>\n<meta property=\"og:url\" content=\"https:\/\/deseopatisserie.com\/de\/produkt\/pistazien-mazurka\/\" \/>\n<meta property=\"og:site_name\" content=\"DESEO\" \/>\n<meta property=\"article:modified_time\" content=\"2025-04-02T13:53:28+00:00\" \/>\n<meta property=\"og:image\" content=\"https:\/\/deseopatisserie.com\/wp-content\/uploads\/2021\/03\/Mazurek-Pistacjowy_5-1024x683.jpg\" \/>\n<meta name=\"twitter:card\" content=\"summary_large_image\" \/>\n<script type=\"application\/ld+json\" class=\"yoast-schema-graph\">{\"@context\":\"https:\\\/\\\/schema.org\",\"@graph\":[{\"@type\":\"WebPage\",\"@id\":\"https:\\\/\\\/deseopatisserie.com\\\/de\\\/produkt\\\/pistazien-mazurka\\\/\",\"url\":\"https:\\\/\\\/deseopatisserie.com\\\/de\\\/produkt\\\/pistazien-mazurka\\\/\",\"name\":\"Pistazien-Mazurka - Cukiernia DESEO Warszawa\",\"isPartOf\":{\"@id\":\"https:\\\/\\\/deseopatisserie.com\\\/de\\\/#website\"},\"primaryImageOfPage\":{\"@id\":\"https:\\\/\\\/deseopatisserie.com\\\/de\\\/produkt\\\/pistazien-mazurka\\\/#primaryimage\"},\"image\":{\"@id\":\"https:\\\/\\\/deseopatisserie.com\\\/de\\\/produkt\\\/pistazien-mazurka\\\/#primaryimage\"},\"thumbnailUrl\":\"https:\\\/\\\/deseopatisserie.com\\\/\\\/wp-content\\\/uploads\\\/2021\\\/03\\\/Mazurek-Pistacjowy_5-scaled.jpg\",\"datePublished\":\"2021-03-10T14:29:55+00:00\",\"dateModified\":\"2025-04-02T13:53:28+00:00\",\"description\":\"Pistazie Mazurek - Samtige Pistaziencreme, saftiger Pistazien-Financier, saure Himbeermarmelade und Milchschokolade mit Preiselbeeren auf der Unterseite...\",\"breadcrumb\":{\"@id\":\"https:\\\/\\\/deseopatisserie.com\\\/de\\\/produkt\\\/pistazien-mazurka\\\/#breadcrumb\"},\"inLanguage\":\"de\",\"potentialAction\":[{\"@type\":\"ReadAction\",\"target\":[\"https:\\\/\\\/deseopatisserie.com\\\/de\\\/produkt\\\/pistazien-mazurka\\\/\"]}]},{\"@type\":\"ImageObject\",\"inLanguage\":\"de\",\"@id\":\"https:\\\/\\\/deseopatisserie.com\\\/de\\\/produkt\\\/pistazien-mazurka\\\/#primaryimage\",\"url\":\"https:\\\/\\\/deseopatisserie.com\\\/\\\/wp-content\\\/uploads\\\/2021\\\/03\\\/Mazurek-Pistacjowy_5-scaled.jpg\",\"contentUrl\":\"https:\\\/\\\/deseopatisserie.com\\\/\\\/wp-content\\\/uploads\\\/2021\\\/03\\\/Mazurek-Pistacjowy_5-scaled.jpg\",\"width\":2560,\"height\":1707},{\"@type\":\"BreadcrumbList\",\"@id\":\"https:\\\/\\\/deseopatisserie.com\\\/de\\\/produkt\\\/pistazien-mazurka\\\/#breadcrumb\",\"itemListElement\":[{\"@type\":\"ListItem\",\"position\":1,\"name\":\"Strona g\u0142\u00f3wna\",\"item\":\"https:\\\/\\\/deseopatisserie.com\\\/de\\\/homepage\\\/\"},{\"@type\":\"ListItem\",\"position\":2,\"name\":\"Pistazien-Mazurka\"}]},{\"@type\":\"WebSite\",\"@id\":\"https:\\\/\\\/deseopatisserie.com\\\/de\\\/#website\",\"url\":\"https:\\\/\\\/deseopatisserie.com\\\/de\\\/\",\"name\":\"DESEO\",\"description\":\"Patisserie &amp; Chocolaterie\",\"potentialAction\":[{\"@type\":\"SearchAction\",\"target\":{\"@type\":\"EntryPoint\",\"urlTemplate\":\"https:\\\/\\\/deseopatisserie.com\\\/de\\\/?s={search_term_string}\"},\"query-input\":{\"@type\":\"PropertyValueSpecification\",\"valueRequired\":true,\"valueName\":\"search_term_string\"}}],\"inLanguage\":\"de\"}]}<\/script>\n<!-- \/ Yoast SEO plugin. -->","yoast_head_json":{"title":"Pistazien-Mazurka - Cukiernia DESEO Warszawa","description":"Pistazie Mazurek - Samtige Pistaziencreme, saftiger Pistazien-Financier, saure Himbeermarmelade und Milchschokolade mit Preiselbeeren auf der Unterseite...","robots":{"index":"index","follow":"follow","max-snippet":"max-snippet:-1","max-image-preview":"max-image-preview:large","max-video-preview":"max-video-preview:-1"},"canonical":"https:\/\/deseopatisserie.com\/de\/produkt\/pistazien-mazurka\/","og_locale":"de_DE","og_type":"article","og_title":"DESEO Pistazien-Mazurek","og_description":"Ihr alle liebt die Pistazien-Mazurek, die seit Jahren zu Ostern zur\u00fcckkommt! In diesem Jahr kam eine neue hinzu - Mazurek Orzech Haselnuss.","og_url":"https:\/\/deseopatisserie.com\/de\/produkt\/pistazien-mazurka\/","og_site_name":"DESEO","article_modified_time":"2025-04-02T13:53:28+00:00","og_image":[{"url":"https:\/\/deseopatisserie.com\/wp-content\/uploads\/2021\/03\/Mazurek-Pistacjowy_5-1024x683.jpg","type":"","width":"","height":""}],"twitter_card":"summary_large_image","schema":{"@context":"https:\/\/schema.org","@graph":[{"@type":"WebPage","@id":"https:\/\/deseopatisserie.com\/de\/produkt\/pistazien-mazurka\/","url":"https:\/\/deseopatisserie.com\/de\/produkt\/pistazien-mazurka\/","name":"Pistazien-Mazurka - Cukiernia DESEO Warszawa","isPartOf":{"@id":"https:\/\/deseopatisserie.com\/de\/#website"},"primaryImageOfPage":{"@id":"https:\/\/deseopatisserie.com\/de\/produkt\/pistazien-mazurka\/#primaryimage"},"image":{"@id":"https:\/\/deseopatisserie.com\/de\/produkt\/pistazien-mazurka\/#primaryimage"},"thumbnailUrl":"https:\/\/deseopatisserie.com\/\/wp-content\/uploads\/2021\/03\/Mazurek-Pistacjowy_5-scaled.jpg","datePublished":"2021-03-10T14:29:55+00:00","dateModified":"2025-04-02T13:53:28+00:00","description":"Pistazie Mazurek - Samtige Pistaziencreme, saftiger Pistazien-Financier, saure Himbeermarmelade und Milchschokolade mit Preiselbeeren auf der Unterseite...","breadcrumb":{"@id":"https:\/\/deseopatisserie.com\/de\/produkt\/pistazien-mazurka\/#breadcrumb"},"inLanguage":"de","potentialAction":[{"@type":"ReadAction","target":["https:\/\/deseopatisserie.com\/de\/produkt\/pistazien-mazurka\/"]}]},{"@type":"ImageObject","inLanguage":"de","@id":"https:\/\/deseopatisserie.com\/de\/produkt\/pistazien-mazurka\/#primaryimage","url":"https:\/\/deseopatisserie.com\/\/wp-content\/uploads\/2021\/03\/Mazurek-Pistacjowy_5-scaled.jpg","contentUrl":"https:\/\/deseopatisserie.com\/\/wp-content\/uploads\/2021\/03\/Mazurek-Pistacjowy_5-scaled.jpg","width":2560,"height":1707},{"@type":"BreadcrumbList","@id":"https:\/\/deseopatisserie.com\/de\/produkt\/pistazien-mazurka\/#breadcrumb","itemListElement":[{"@type":"ListItem","position":1,"name":"Strona g\u0142\u00f3wna","item":"https:\/\/deseopatisserie.com\/de\/homepage\/"},{"@type":"ListItem","position":2,"name":"Pistazien-Mazurka"}]},{"@type":"WebSite","@id":"https:\/\/deseopatisserie.com\/de\/#website","url":"https:\/\/deseopatisserie.com\/de\/","name":"DESEO","description":"Patisserie &amp; Chocolaterie","potentialAction":[{"@type":"SearchAction","target":{"@type":"EntryPoint","urlTemplate":"https:\/\/deseopatisserie.com\/de\/?s={search_term_string}"},"query-input":{"@type":"PropertyValueSpecification","valueRequired":true,"valueName":"search_term_string"}}],"inLanguage":"de"}]}},"_links":{"self":[{"href":"https:\/\/deseopatisserie.com\/de\/wp-json\/wp\/v2\/product\/92564","targetHints":{"allow":["GET"]}}],"collection":[{"href":"https:\/\/deseopatisserie.com\/de\/wp-json\/wp\/v2\/product"}],"about":[{"href":"https:\/\/deseopatisserie.com\/de\/wp-json\/wp\/v2\/types\/product"}],"wp:featuredmedia":[{"embeddable":true,"href":"https:\/\/deseopatisserie.com\/de\/wp-json\/wp\/v2\/media\/83301"}],"wp:attachment":[{"href":"https:\/\/deseopatisserie.com\/de\/wp-json\/wp\/v2\/media?parent=92564"}],"wp:term":[{"taxonomy":"product_brand","embeddable":true,"href":"https:\/\/deseopatisserie.com\/de\/wp-json\/wp\/v2\/product_brand?post=92564"},{"taxonomy":"product_cat","embeddable":true,"href":"https:\/\/deseopatisserie.com\/de\/wp-json\/wp\/v2\/product_cat?post=92564"},{"taxonomy":"product_tag","embeddable":true,"href":"https:\/\/deseopatisserie.com\/de\/wp-json\/wp\/v2\/product_tag?post=92564"}],"curies":[{"name":"wp","href":"https:\/\/api.w.org\/{rel}","templated":true}]}}