{"id":92536,"date":"2021-02-01T13:51:42","date_gmt":"2021-02-01T12:51:42","guid":{"rendered":"https:\/\/deseopatisserie.com\/produkt\/nicaragua\/"},"modified":"2025-04-02T15:53:19","modified_gmt":"2025-04-02T13:53:19","slug":"nicaragua","status":"publish","type":"product","link":"https:\/\/deseopatisserie.com\/de\/produkt\/nicaragua\/","title":{"rendered":"Nicaragua"},"content":{"rendered":"","protected":false},"excerpt":{"rendered":"<p>Nicaragua trockene Schokoladenganache 70% \/ Karamell und Nicaragua trockene Schokoladenganache 70% \/ Nicaragua trockene Schokoladenmousse 70% \/ Moelleux Kuchen auf Basis von Nicaragua trockener Schokolade 70% \/ Nibs knusprig<\/p>\n<p>&nbsp;<\/p>\n<p>Eine absolut einzigartige Torte, auf die wir sehr stolz sind. Seinen Namen verdankt Nicaragua der Bean-to-Bar-Schokolade, aus der es in der DESEO-Werkstatt aus Kakaobohnen hergestellt und hergestellt wird. Kekse wie bei uns in Nicaragua gibt es so gut wie gar nicht! Intensiv schokoladig, nicht zu s\u00fc\u00df, ein Muss f\u00fcr jeden Schokoladenliebhaber. Sp\u00fcren Sie den kr\u00e4ftigen Schokoladengeschmack der nicaraguanischen Bohnen &#8211; wir sind sicher, dass Sie den Unterschied sp\u00fcren werden!    <\/p>\n","protected":false},"featured_media":81323,"template":"","meta":{"_acf_changed":false},"product_brand":[],"product_cat":[2613,1750,2695],"product_tag":[],"class_list":{"0":"post-92536","1":"product","2":"type-product","3":"status-publish","4":"has-post-thumbnail","6":"product_cat-frauentag","7":"product_cat-petit-gateau-kekse","8":"product_cat-tag-der-grossmutter-und-des-grossvaters","10":"first","11":"instock","12":"taxable","13":"shipping-taxable","14":"purchasable","15":"product-type-simple"},"acf":[],"yoast_head":"<!-- This site is optimized with the Yoast SEO plugin v27.4 - https:\/\/yoast.com\/product\/yoast-seo-wordpress\/ -->\n<title>Nicaragua - Cukiernia DESEO Warszawa<\/title>\n<meta name=\"description\" content=\"Seinen Namen verdankt Nicaragua der Bean-to-Bar-Schokolade, aus der es in der DESEO-Werkstatt aus Kakaobohnen hergestellt und hergestellt wird.\" \/>\n<meta name=\"robots\" content=\"index, follow, max-snippet:-1, max-image-preview:large, max-video-preview:-1\" \/>\n<link rel=\"canonical\" href=\"https:\/\/deseopatisserie.com\/de\/produkt\/nicaragua\/\" \/>\n<meta property=\"og:locale\" content=\"de_DE\" \/>\n<meta property=\"og:type\" content=\"article\" \/>\n<meta property=\"og:title\" content=\"DESEO Nicaragua\" \/>\n<meta property=\"og:description\" content=\"Seinen Namen verdankt Nicaragua der Bean-to-Bar-Schokolade, aus der es in der DESEO-Werkstatt aus Kakaobohnen hergestellt und hergestellt wird.\" \/>\n<meta property=\"og:url\" content=\"https:\/\/deseopatisserie.com\/de\/produkt\/nicaragua\/\" \/>\n<meta property=\"og:site_name\" content=\"DESEO\" \/>\n<meta property=\"article:modified_time\" content=\"2025-04-02T13:53:19+00:00\" \/>\n<meta property=\"og:image\" content=\"https:\/\/deseopatisserie.com\/wp-content\/uploads\/2021\/02\/004A7099-1024x683.jpg\" \/>\n<meta name=\"twitter:card\" content=\"summary_large_image\" \/>\n<script type=\"application\/ld+json\" class=\"yoast-schema-graph\">{\"@context\":\"https:\\\/\\\/schema.org\",\"@graph\":[{\"@type\":\"WebPage\",\"@id\":\"https:\\\/\\\/deseopatisserie.com\\\/de\\\/produkt\\\/nicaragua\\\/\",\"url\":\"https:\\\/\\\/deseopatisserie.com\\\/de\\\/produkt\\\/nicaragua\\\/\",\"name\":\"Nicaragua - Cukiernia DESEO Warszawa\",\"isPartOf\":{\"@id\":\"https:\\\/\\\/deseopatisserie.com\\\/de\\\/#website\"},\"primaryImageOfPage\":{\"@id\":\"https:\\\/\\\/deseopatisserie.com\\\/de\\\/produkt\\\/nicaragua\\\/#primaryimage\"},\"image\":{\"@id\":\"https:\\\/\\\/deseopatisserie.com\\\/de\\\/produkt\\\/nicaragua\\\/#primaryimage\"},\"thumbnailUrl\":\"https:\\\/\\\/deseopatisserie.com\\\/\\\/wp-content\\\/uploads\\\/2021\\\/02\\\/004A7099.jpg\",\"datePublished\":\"2021-02-01T12:51:42+00:00\",\"dateModified\":\"2025-04-02T13:53:19+00:00\",\"description\":\"Seinen Namen verdankt Nicaragua der Bean-to-Bar-Schokolade, aus der es in der DESEO-Werkstatt aus Kakaobohnen hergestellt und hergestellt wird.\",\"breadcrumb\":{\"@id\":\"https:\\\/\\\/deseopatisserie.com\\\/de\\\/produkt\\\/nicaragua\\\/#breadcrumb\"},\"inLanguage\":\"de\",\"potentialAction\":[{\"@type\":\"ReadAction\",\"target\":[\"https:\\\/\\\/deseopatisserie.com\\\/de\\\/produkt\\\/nicaragua\\\/\"]}]},{\"@type\":\"ImageObject\",\"inLanguage\":\"de\",\"@id\":\"https:\\\/\\\/deseopatisserie.com\\\/de\\\/produkt\\\/nicaragua\\\/#primaryimage\",\"url\":\"https:\\\/\\\/deseopatisserie.com\\\/\\\/wp-content\\\/uploads\\\/2021\\\/02\\\/004A7099.jpg\",\"contentUrl\":\"https:\\\/\\\/deseopatisserie.com\\\/\\\/wp-content\\\/uploads\\\/2021\\\/02\\\/004A7099.jpg\",\"width\":1800,\"height\":1200},{\"@type\":\"BreadcrumbList\",\"@id\":\"https:\\\/\\\/deseopatisserie.com\\\/de\\\/produkt\\\/nicaragua\\\/#breadcrumb\",\"itemListElement\":[{\"@type\":\"ListItem\",\"position\":1,\"name\":\"Strona g\u0142\u00f3wna\",\"item\":\"https:\\\/\\\/deseopatisserie.com\\\/de\\\/homepage\\\/\"},{\"@type\":\"ListItem\",\"position\":2,\"name\":\"Nicaragua\"}]},{\"@type\":\"WebSite\",\"@id\":\"https:\\\/\\\/deseopatisserie.com\\\/de\\\/#website\",\"url\":\"https:\\\/\\\/deseopatisserie.com\\\/de\\\/\",\"name\":\"DESEO\",\"description\":\"Patisserie &amp; Chocolaterie\",\"potentialAction\":[{\"@type\":\"SearchAction\",\"target\":{\"@type\":\"EntryPoint\",\"urlTemplate\":\"https:\\\/\\\/deseopatisserie.com\\\/de\\\/?s={search_term_string}\"},\"query-input\":{\"@type\":\"PropertyValueSpecification\",\"valueRequired\":true,\"valueName\":\"search_term_string\"}}],\"inLanguage\":\"de\"}]}<\/script>\n<!-- \/ Yoast SEO plugin. -->","yoast_head_json":{"title":"Nicaragua - Cukiernia DESEO Warszawa","description":"Seinen Namen verdankt Nicaragua der Bean-to-Bar-Schokolade, aus der es in der DESEO-Werkstatt aus Kakaobohnen hergestellt und hergestellt wird.","robots":{"index":"index","follow":"follow","max-snippet":"max-snippet:-1","max-image-preview":"max-image-preview:large","max-video-preview":"max-video-preview:-1"},"canonical":"https:\/\/deseopatisserie.com\/de\/produkt\/nicaragua\/","og_locale":"de_DE","og_type":"article","og_title":"DESEO Nicaragua","og_description":"Seinen Namen verdankt Nicaragua der Bean-to-Bar-Schokolade, aus der es in der DESEO-Werkstatt aus Kakaobohnen hergestellt und hergestellt wird.","og_url":"https:\/\/deseopatisserie.com\/de\/produkt\/nicaragua\/","og_site_name":"DESEO","article_modified_time":"2025-04-02T13:53:19+00:00","og_image":[{"url":"https:\/\/deseopatisserie.com\/wp-content\/uploads\/2021\/02\/004A7099-1024x683.jpg","type":"","width":"","height":""}],"twitter_card":"summary_large_image","schema":{"@context":"https:\/\/schema.org","@graph":[{"@type":"WebPage","@id":"https:\/\/deseopatisserie.com\/de\/produkt\/nicaragua\/","url":"https:\/\/deseopatisserie.com\/de\/produkt\/nicaragua\/","name":"Nicaragua - Cukiernia DESEO Warszawa","isPartOf":{"@id":"https:\/\/deseopatisserie.com\/de\/#website"},"primaryImageOfPage":{"@id":"https:\/\/deseopatisserie.com\/de\/produkt\/nicaragua\/#primaryimage"},"image":{"@id":"https:\/\/deseopatisserie.com\/de\/produkt\/nicaragua\/#primaryimage"},"thumbnailUrl":"https:\/\/deseopatisserie.com\/\/wp-content\/uploads\/2021\/02\/004A7099.jpg","datePublished":"2021-02-01T12:51:42+00:00","dateModified":"2025-04-02T13:53:19+00:00","description":"Seinen Namen verdankt Nicaragua der Bean-to-Bar-Schokolade, aus der es in der DESEO-Werkstatt aus Kakaobohnen hergestellt und hergestellt wird.","breadcrumb":{"@id":"https:\/\/deseopatisserie.com\/de\/produkt\/nicaragua\/#breadcrumb"},"inLanguage":"de","potentialAction":[{"@type":"ReadAction","target":["https:\/\/deseopatisserie.com\/de\/produkt\/nicaragua\/"]}]},{"@type":"ImageObject","inLanguage":"de","@id":"https:\/\/deseopatisserie.com\/de\/produkt\/nicaragua\/#primaryimage","url":"https:\/\/deseopatisserie.com\/\/wp-content\/uploads\/2021\/02\/004A7099.jpg","contentUrl":"https:\/\/deseopatisserie.com\/\/wp-content\/uploads\/2021\/02\/004A7099.jpg","width":1800,"height":1200},{"@type":"BreadcrumbList","@id":"https:\/\/deseopatisserie.com\/de\/produkt\/nicaragua\/#breadcrumb","itemListElement":[{"@type":"ListItem","position":1,"name":"Strona g\u0142\u00f3wna","item":"https:\/\/deseopatisserie.com\/de\/homepage\/"},{"@type":"ListItem","position":2,"name":"Nicaragua"}]},{"@type":"WebSite","@id":"https:\/\/deseopatisserie.com\/de\/#website","url":"https:\/\/deseopatisserie.com\/de\/","name":"DESEO","description":"Patisserie &amp; Chocolaterie","potentialAction":[{"@type":"SearchAction","target":{"@type":"EntryPoint","urlTemplate":"https:\/\/deseopatisserie.com\/de\/?s={search_term_string}"},"query-input":{"@type":"PropertyValueSpecification","valueRequired":true,"valueName":"search_term_string"}}],"inLanguage":"de"}]}},"_links":{"self":[{"href":"https:\/\/deseopatisserie.com\/de\/wp-json\/wp\/v2\/product\/92536","targetHints":{"allow":["GET"]}}],"collection":[{"href":"https:\/\/deseopatisserie.com\/de\/wp-json\/wp\/v2\/product"}],"about":[{"href":"https:\/\/deseopatisserie.com\/de\/wp-json\/wp\/v2\/types\/product"}],"wp:featuredmedia":[{"embeddable":true,"href":"https:\/\/deseopatisserie.com\/de\/wp-json\/wp\/v2\/media\/81323"}],"wp:attachment":[{"href":"https:\/\/deseopatisserie.com\/de\/wp-json\/wp\/v2\/media?parent=92536"}],"wp:term":[{"taxonomy":"product_brand","embeddable":true,"href":"https:\/\/deseopatisserie.com\/de\/wp-json\/wp\/v2\/product_brand?post=92536"},{"taxonomy":"product_cat","embeddable":true,"href":"https:\/\/deseopatisserie.com\/de\/wp-json\/wp\/v2\/product_cat?post=92536"},{"taxonomy":"product_tag","embeddable":true,"href":"https:\/\/deseopatisserie.com\/de\/wp-json\/wp\/v2\/product_tag?post=92536"}],"curies":[{"name":"wp","href":"https:\/\/api.w.org\/{rel}","templated":true}]}}