{"id":92532,"date":"2020-12-08T11:53:57","date_gmt":"2020-12-08T10:53:57","guid":{"rendered":"https:\/\/deseopatisserie.com\/produkt\/milchschokolade-mit-karamellisierten-pekannuessen\/"},"modified":"2025-04-02T15:53:02","modified_gmt":"2025-04-02T13:53:02","slug":"milchschokolade-mit-karamellisierten-pekannuessen","status":"publish","type":"product","link":"https:\/\/deseopatisserie.com\/de\/produkt\/milchschokolade-mit-karamellisierten-pekannuessen\/","title":{"rendered":"Milchschokolade mit karamellisierten Pekann\u00fcssen"},"content":{"rendered":"","protected":false},"excerpt":{"rendered":"<p><strong>L\u00e4uft ab 29.03.2025<\/strong><\/p>\n<p><a href=\"https:\/\/www.youtube.com\/watch?v=w0DEbrhjpg8\" target=\"_blank\" rel=\"noopener noreferrer\"><strong>Klicken Sie hier, um mehr \u00fcber die Geschichte unserer Schokolade zu erfahren<\/strong><\/a><\/p>\n<p>Milchschokolade 52%, hergestellt auf der Basis von Kakaobohnen aus der Dominikanischen Republik, begeistert mit der Tiefe s\u00fc\u00dfer, karamelliger Noten. Wir haben knusprige Pekann\u00fcsse hinzugef\u00fcgt, die mit Bourbon-Vanille aus Madagaskar karamellisiert wurden. Die Kombination aus buttrigen Pekann\u00fcssen mit der samtigen Textur der Milchschokolade begeistert vom ersten St\u00fcck an.  <\/p>\n<p>Dominikanische Republik 52% Milchschokolade mit karamellisierten Pekann\u00fcssen wurde <strong>zweimal<\/strong> von der Jury des prestigetr\u00e4chtigen Wettbewerbs International Chocolate Awards ausgezeichnet, dessen Hauptziel es ist, Unternehmen zu unterst\u00fctzen, die sich auf die Herstellung hochwertiger Schokoladenprodukte spezialisiert haben. In der Kategorie &#8222;Milchschokoladen mit F\u00fcllung oder Einschl\u00fcssen&#8220; erhielt unsere Schokolade auch 2023 <strong>wieder eine Bronzemedaille, <\/strong>genau wie schon 2022<strong>!<\/strong> Die International Chocolate Awards werden seit 2012 verliehen und die Jury setzt sich aus unabh\u00e4ngigen Bean-to-Bar-Schokoladenspezialisten aus Gro\u00dfbritannien, den USA und Italien zusammen. <\/p>\n<p>F\u00fcr die Herstellung verwenden wir Kakaobohnen, die wir von Plantagen unserer Wahl aus der ganzen Welt importieren. Jede Tafel DESEO Single Origin Schokolade wird aus Kakaobohnen hergestellt, die nur von einer bestimmten Plantage stammen. <\/p>\n<p>&nbsp;<\/p>\n<p>Um den vollen Geschmack unserer Schokolade zur Geltung zu bringen, schlie\u00dfen Sie die Augen und riechen Sie daran. Brechen Sie das St\u00fcck ab und legen Sie es auf Ihre Zunge, aber kauen Sie es nicht ab. Lass die Schokolade langsam schmelzen. Auf diese Weise k\u00f6nnen Sie alle Nuancen sehen. \u00dcberlegen Sie, welche Geschmacksnoten Sie riechen k\u00f6nnen.    <\/p>\n","protected":false},"featured_media":84211,"template":"","meta":{"_acf_changed":false},"product_brand":[],"product_cat":[2608,2609],"product_tag":[],"class_list":{"0":"post-92532","1":"product","2":"type-product","3":"status-publish","4":"has-post-thumbnail","6":"product_cat-bean-to-bar-pralinen","7":"product_cat-schokolade-snacks","9":"first","10":"outofstock","11":"sale","12":"taxable","13":"shipping-taxable","14":"purchasable","15":"product-type-simple"},"acf":[],"yoast_head":"<!-- This site is optimized with the Yoast SEO plugin v27.5 - https:\/\/yoast.com\/product\/yoast-seo-wordpress\/ -->\n<title>Milchschokolade mit karamellisierten Pekann\u00fcssen - Cukiernia DESEO Warszawa<\/title>\n<meta name=\"description\" content=\"Die Kombination aus buttrigen Pekann\u00fcssen mit der samtigen Textur der Milchschokolade begeistert vom ersten St\u00fcck an. Er begeistert mit der Tiefe s\u00fc\u00dfer Karamellnoten.\" \/>\n<meta name=\"robots\" content=\"index, follow, max-snippet:-1, max-image-preview:large, max-video-preview:-1\" \/>\n<link rel=\"canonical\" href=\"https:\/\/deseopatisserie.com\/de\/produkt\/milchschokolade-mit-karamellisierten-pekannuessen\/\" \/>\n<meta property=\"og:locale\" content=\"de_DE\" \/>\n<meta property=\"og:type\" content=\"article\" \/>\n<meta property=\"og:title\" content=\"Milchschokolade mit karamellisierten Pekann\u00fcssen\" \/>\n<meta property=\"og:description\" content=\"Die Kombination aus buttrigen Pekann\u00fcssen mit der samtigen Textur der Milchschokolade begeistert vom ersten St\u00fcck an. Er begeistert mit der Tiefe s\u00fc\u00dfer Karamellnoten.\" \/>\n<meta property=\"og:url\" content=\"https:\/\/deseopatisserie.com\/de\/produkt\/milchschokolade-mit-karamellisierten-pekannuessen\/\" \/>\n<meta property=\"og:site_name\" content=\"DESEO\" \/>\n<meta property=\"article:modified_time\" content=\"2025-04-02T13:53:02+00:00\" \/>\n<meta property=\"og:image\" content=\"https:\/\/deseopatisserie.com\/wp-content\/uploads\/2020\/12\/czekolada-Dominikana-z-pekanami-Bronze-ICA-600x400-v2.jpg\" \/>\n<meta name=\"twitter:card\" content=\"summary_large_image\" \/>\n<script type=\"application\/ld+json\" class=\"yoast-schema-graph\">{\"@context\":\"https:\\\/\\\/schema.org\",\"@graph\":[{\"@type\":\"WebPage\",\"@id\":\"https:\\\/\\\/deseopatisserie.com\\\/de\\\/produkt\\\/milchschokolade-mit-karamellisierten-pekannuessen\\\/\",\"url\":\"https:\\\/\\\/deseopatisserie.com\\\/de\\\/produkt\\\/milchschokolade-mit-karamellisierten-pekannuessen\\\/\",\"name\":\"Milchschokolade mit karamellisierten Pekann\u00fcssen - Cukiernia DESEO Warszawa\",\"isPartOf\":{\"@id\":\"https:\\\/\\\/deseopatisserie.com\\\/de\\\/#website\"},\"primaryImageOfPage\":{\"@id\":\"https:\\\/\\\/deseopatisserie.com\\\/de\\\/produkt\\\/milchschokolade-mit-karamellisierten-pekannuessen\\\/#primaryimage\"},\"image\":{\"@id\":\"https:\\\/\\\/deseopatisserie.com\\\/de\\\/produkt\\\/milchschokolade-mit-karamellisierten-pekannuessen\\\/#primaryimage\"},\"thumbnailUrl\":\"https:\\\/\\\/deseopatisserie.com\\\/\\\/wp-content\\\/uploads\\\/2020\\\/12\\\/czekolada-Dominikana-z-pekanami-Bronze-ICA-600x400-2023.jpg\",\"datePublished\":\"2020-12-08T10:53:57+00:00\",\"dateModified\":\"2025-04-02T13:53:02+00:00\",\"description\":\"Die Kombination aus buttrigen Pekann\u00fcssen mit der samtigen Textur der Milchschokolade begeistert vom ersten St\u00fcck an. Er begeistert mit der Tiefe s\u00fc\u00dfer Karamellnoten.\",\"breadcrumb\":{\"@id\":\"https:\\\/\\\/deseopatisserie.com\\\/de\\\/produkt\\\/milchschokolade-mit-karamellisierten-pekannuessen\\\/#breadcrumb\"},\"inLanguage\":\"de\",\"potentialAction\":[{\"@type\":\"ReadAction\",\"target\":[\"https:\\\/\\\/deseopatisserie.com\\\/de\\\/produkt\\\/milchschokolade-mit-karamellisierten-pekannuessen\\\/\"]}]},{\"@type\":\"ImageObject\",\"inLanguage\":\"de\",\"@id\":\"https:\\\/\\\/deseopatisserie.com\\\/de\\\/produkt\\\/milchschokolade-mit-karamellisierten-pekannuessen\\\/#primaryimage\",\"url\":\"https:\\\/\\\/deseopatisserie.com\\\/\\\/wp-content\\\/uploads\\\/2020\\\/12\\\/czekolada-Dominikana-z-pekanami-Bronze-ICA-600x400-2023.jpg\",\"contentUrl\":\"https:\\\/\\\/deseopatisserie.com\\\/\\\/wp-content\\\/uploads\\\/2020\\\/12\\\/czekolada-Dominikana-z-pekanami-Bronze-ICA-600x400-2023.jpg\",\"width\":600,\"height\":400},{\"@type\":\"BreadcrumbList\",\"@id\":\"https:\\\/\\\/deseopatisserie.com\\\/de\\\/produkt\\\/milchschokolade-mit-karamellisierten-pekannuessen\\\/#breadcrumb\",\"itemListElement\":[{\"@type\":\"ListItem\",\"position\":1,\"name\":\"Strona g\u0142\u00f3wna\",\"item\":\"https:\\\/\\\/deseopatisserie.com\\\/de\\\/homepage\\\/\"},{\"@type\":\"ListItem\",\"position\":2,\"name\":\"Milchschokolade mit karamellisierten Pekann\u00fcssen\"}]},{\"@type\":\"WebSite\",\"@id\":\"https:\\\/\\\/deseopatisserie.com\\\/de\\\/#website\",\"url\":\"https:\\\/\\\/deseopatisserie.com\\\/de\\\/\",\"name\":\"DESEO\",\"description\":\"Patisserie &amp; Chocolaterie\",\"potentialAction\":[{\"@type\":\"SearchAction\",\"target\":{\"@type\":\"EntryPoint\",\"urlTemplate\":\"https:\\\/\\\/deseopatisserie.com\\\/de\\\/?s={search_term_string}\"},\"query-input\":{\"@type\":\"PropertyValueSpecification\",\"valueRequired\":true,\"valueName\":\"search_term_string\"}}],\"inLanguage\":\"de\"}]}<\/script>\n<!-- \/ Yoast SEO plugin. -->","yoast_head_json":{"title":"Milchschokolade mit karamellisierten Pekann\u00fcssen - Cukiernia DESEO Warszawa","description":"Die Kombination aus buttrigen Pekann\u00fcssen mit der samtigen Textur der Milchschokolade begeistert vom ersten St\u00fcck an. Er begeistert mit der Tiefe s\u00fc\u00dfer Karamellnoten.","robots":{"index":"index","follow":"follow","max-snippet":"max-snippet:-1","max-image-preview":"max-image-preview:large","max-video-preview":"max-video-preview:-1"},"canonical":"https:\/\/deseopatisserie.com\/de\/produkt\/milchschokolade-mit-karamellisierten-pekannuessen\/","og_locale":"de_DE","og_type":"article","og_title":"Milchschokolade mit karamellisierten Pekann\u00fcssen","og_description":"Die Kombination aus buttrigen Pekann\u00fcssen mit der samtigen Textur der Milchschokolade begeistert vom ersten St\u00fcck an. Er begeistert mit der Tiefe s\u00fc\u00dfer Karamellnoten.","og_url":"https:\/\/deseopatisserie.com\/de\/produkt\/milchschokolade-mit-karamellisierten-pekannuessen\/","og_site_name":"DESEO","article_modified_time":"2025-04-02T13:53:02+00:00","og_image":[{"url":"https:\/\/deseopatisserie.com\/wp-content\/uploads\/2020\/12\/czekolada-Dominikana-z-pekanami-Bronze-ICA-600x400-v2.jpg","type":"","width":"","height":""}],"twitter_card":"summary_large_image","schema":{"@context":"https:\/\/schema.org","@graph":[{"@type":"WebPage","@id":"https:\/\/deseopatisserie.com\/de\/produkt\/milchschokolade-mit-karamellisierten-pekannuessen\/","url":"https:\/\/deseopatisserie.com\/de\/produkt\/milchschokolade-mit-karamellisierten-pekannuessen\/","name":"Milchschokolade mit karamellisierten Pekann\u00fcssen - Cukiernia DESEO Warszawa","isPartOf":{"@id":"https:\/\/deseopatisserie.com\/de\/#website"},"primaryImageOfPage":{"@id":"https:\/\/deseopatisserie.com\/de\/produkt\/milchschokolade-mit-karamellisierten-pekannuessen\/#primaryimage"},"image":{"@id":"https:\/\/deseopatisserie.com\/de\/produkt\/milchschokolade-mit-karamellisierten-pekannuessen\/#primaryimage"},"thumbnailUrl":"https:\/\/deseopatisserie.com\/\/wp-content\/uploads\/2020\/12\/czekolada-Dominikana-z-pekanami-Bronze-ICA-600x400-2023.jpg","datePublished":"2020-12-08T10:53:57+00:00","dateModified":"2025-04-02T13:53:02+00:00","description":"Die Kombination aus buttrigen Pekann\u00fcssen mit der samtigen Textur der Milchschokolade begeistert vom ersten St\u00fcck an. Er begeistert mit der Tiefe s\u00fc\u00dfer Karamellnoten.","breadcrumb":{"@id":"https:\/\/deseopatisserie.com\/de\/produkt\/milchschokolade-mit-karamellisierten-pekannuessen\/#breadcrumb"},"inLanguage":"de","potentialAction":[{"@type":"ReadAction","target":["https:\/\/deseopatisserie.com\/de\/produkt\/milchschokolade-mit-karamellisierten-pekannuessen\/"]}]},{"@type":"ImageObject","inLanguage":"de","@id":"https:\/\/deseopatisserie.com\/de\/produkt\/milchschokolade-mit-karamellisierten-pekannuessen\/#primaryimage","url":"https:\/\/deseopatisserie.com\/\/wp-content\/uploads\/2020\/12\/czekolada-Dominikana-z-pekanami-Bronze-ICA-600x400-2023.jpg","contentUrl":"https:\/\/deseopatisserie.com\/\/wp-content\/uploads\/2020\/12\/czekolada-Dominikana-z-pekanami-Bronze-ICA-600x400-2023.jpg","width":600,"height":400},{"@type":"BreadcrumbList","@id":"https:\/\/deseopatisserie.com\/de\/produkt\/milchschokolade-mit-karamellisierten-pekannuessen\/#breadcrumb","itemListElement":[{"@type":"ListItem","position":1,"name":"Strona g\u0142\u00f3wna","item":"https:\/\/deseopatisserie.com\/de\/homepage\/"},{"@type":"ListItem","position":2,"name":"Milchschokolade mit karamellisierten Pekann\u00fcssen"}]},{"@type":"WebSite","@id":"https:\/\/deseopatisserie.com\/de\/#website","url":"https:\/\/deseopatisserie.com\/de\/","name":"DESEO","description":"Patisserie &amp; Chocolaterie","potentialAction":[{"@type":"SearchAction","target":{"@type":"EntryPoint","urlTemplate":"https:\/\/deseopatisserie.com\/de\/?s={search_term_string}"},"query-input":{"@type":"PropertyValueSpecification","valueRequired":true,"valueName":"search_term_string"}}],"inLanguage":"de"}]}},"_links":{"self":[{"href":"https:\/\/deseopatisserie.com\/de\/wp-json\/wp\/v2\/product\/92532","targetHints":{"allow":["GET"]}}],"collection":[{"href":"https:\/\/deseopatisserie.com\/de\/wp-json\/wp\/v2\/product"}],"about":[{"href":"https:\/\/deseopatisserie.com\/de\/wp-json\/wp\/v2\/types\/product"}],"wp:featuredmedia":[{"embeddable":true,"href":"https:\/\/deseopatisserie.com\/de\/wp-json\/wp\/v2\/media\/84211"}],"wp:attachment":[{"href":"https:\/\/deseopatisserie.com\/de\/wp-json\/wp\/v2\/media?parent=92532"}],"wp:term":[{"taxonomy":"product_brand","embeddable":true,"href":"https:\/\/deseopatisserie.com\/de\/wp-json\/wp\/v2\/product_brand?post=92532"},{"taxonomy":"product_cat","embeddable":true,"href":"https:\/\/deseopatisserie.com\/de\/wp-json\/wp\/v2\/product_cat?post=92532"},{"taxonomy":"product_tag","embeddable":true,"href":"https:\/\/deseopatisserie.com\/de\/wp-json\/wp\/v2\/product_tag?post=92532"}],"curies":[{"name":"wp","href":"https:\/\/api.w.org\/{rel}","templated":true}]}}