{"id":92528,"date":"2020-12-08T11:28:21","date_gmt":"2020-12-08T10:28:21","guid":{"rendered":"https:\/\/deseopatisserie.com\/produkt\/trockene-schokolade-mit-zerkleinerten-kakaobohnen\/"},"modified":"2025-04-02T15:53:04","modified_gmt":"2025-04-02T13:53:04","slug":"trockene-schokolade-mit-zerkleinerten-kakaobohnen","status":"publish","type":"product","link":"https:\/\/deseopatisserie.com\/de\/produkt\/trockene-schokolade-mit-zerkleinerten-kakaobohnen\/","title":{"rendered":"Trockene Schokolade mit zerkleinerten Kakaobohnen"},"content":{"rendered":"","protected":false},"excerpt":{"rendered":"<p><a href=\"https:\/\/www.youtube.com\/watch?v=w0DEbrhjpg8\" target=\"_blank\" rel=\"noopener noreferrer\"><strong>Klicken Sie hier, um mehr \u00fcber die Geschichte unserer Schokolade zu erfahren<\/strong><\/a><\/p>\n<p>Nicaragua 70% Schokolade hat einen ausgepr\u00e4gten Schokoladengeschmack mit sp\u00fcrbaren Noten von getrockneten Fr\u00fcchten und einem leicht nussigen Nachgeschmack. Die Kombination des angenehmen Aromas Nicaraguas mit den knusprig zerkleinerten Kakaobohnen, einem beliebten Superfood, ist eine Garantie f\u00fcr ein erstaunliches Erlebnis, sowohl in Bezug auf den Geschmack als auch auf die Textur.<\/p>\n<p>&nbsp;<\/p>\n<p>Nicaragua 70% Schokolade mit zerkleinerten Kakaobohnen wurde zweimal von der Jury der renommierten International Chocolate Awards <strong>ausgezeichnet<\/strong> , deren Hauptziel es ist, Unternehmen zu unterst\u00fctzen, die sich auf die Herstellung hochwertiger Schokoladenprodukte spezialisiert haben. In der Kategorie &#8222;Herzhafte Schokoladen mit F\u00fcllung oder Einschl\u00fcssen&#8220; erhielt unsere Schokolade 2022 eine <strong>Silbermedaille <\/strong>und 2024 eine Bronzemedaille<strong> !<\/strong> Die International Chocolate Awards werden seit 2012 verliehen und die Jury setzt sich aus unabh\u00e4ngigen Bean-to-Bar-Schokoladenspezialisten aus Gro\u00dfbritannien, den USA und Italien zusammen. <\/p>\n<p>&nbsp;<\/p>\n<p>F\u00fcr die Herstellung verwenden wir Kakaobohnen, die wir von Plantagen unserer Wahl aus der ganzen Welt importieren. Jede Tafel DESEO Single Origin Schokolade wird aus Kakaobohnen hergestellt, die nur von einer bestimmten Plantage stammen. <\/p>\n<p>&nbsp;<\/p>\n<p>Um den vollen Geschmack unserer Schokolade zur Geltung zu bringen, schlie\u00dfen Sie die Augen und riechen Sie daran. Brechen Sie das St\u00fcck ab und legen Sie es auf Ihre Zunge, aber kauen Sie es nicht ab. Lass die Schokolade langsam schmelzen. Auf diese Weise k\u00f6nnen Sie alle Nuancen sehen. \u00dcberlegen Sie, welche Geschmacksnoten Sie riechen k\u00f6nnen.    <\/p>\n","protected":false},"featured_media":85904,"template":"","meta":{"_acf_changed":false},"product_brand":[],"product_cat":[2608,2609],"product_tag":[],"class_list":{"0":"post-92528","1":"product","2":"type-product","3":"status-publish","4":"has-post-thumbnail","6":"product_cat-bean-to-bar-pralinen","7":"product_cat-schokolade-snacks","9":"first","10":"outofstock","11":"taxable","12":"shipping-taxable","13":"purchasable","14":"product-type-simple"},"acf":[],"yoast_head":"<!-- This site is optimized with the Yoast SEO plugin v27.5 - https:\/\/yoast.com\/product\/yoast-seo-wordpress\/ -->\n<title>Trockene Schokolade mit zerkleinerten Kakaobohnen - Cukiernia DESEO Warszawa<\/title>\n<meta name=\"description\" content=\"Die Kombination eines angenehmen Aromas mit knusprig zerkleinerten Kakaobohnen ist eine Garantie f\u00fcr ein erstaunliches Erlebnis, sowohl in Bezug auf den Geschmack als auch auf die Textur.\" \/>\n<meta name=\"robots\" content=\"index, follow, max-snippet:-1, max-image-preview:large, max-video-preview:-1\" \/>\n<link rel=\"canonical\" href=\"https:\/\/deseopatisserie.com\/de\/produkt\/trockene-schokolade-mit-zerkleinerten-kakaobohnen\/\" \/>\n<meta property=\"og:locale\" content=\"de_DE\" \/>\n<meta property=\"og:type\" content=\"article\" \/>\n<meta property=\"og:title\" content=\"Trockene Schokolade mit zerkleinerten Kakaobohnen\" \/>\n<meta property=\"og:description\" content=\"Die Kombination eines angenehmen Aromas mit knusprig zerkleinerten Kakaobohnen ist eine Garantie f\u00fcr ein erstaunliches Erlebnis, sowohl in Bezug auf den Geschmack als auch auf die Textur.\" \/>\n<meta property=\"og:url\" content=\"https:\/\/deseopatisserie.com\/de\/produkt\/trockene-schokolade-mit-zerkleinerten-kakaobohnen\/\" \/>\n<meta property=\"og:site_name\" content=\"DESEO\" \/>\n<meta property=\"article:modified_time\" content=\"2025-04-02T13:53:04+00:00\" \/>\n<meta property=\"og:image\" content=\"https:\/\/deseopatisserie.com\/wp-content\/uploads\/2024\/05\/czekolada-Nikaragua-nibsy-silver-ICA-600x400-v20-300x300.jpg\" \/>\n<meta name=\"twitter:card\" content=\"summary_large_image\" \/>\n<script type=\"application\/ld+json\" class=\"yoast-schema-graph\">{\"@context\":\"https:\\\/\\\/schema.org\",\"@graph\":[{\"@type\":\"WebPage\",\"@id\":\"https:\\\/\\\/deseopatisserie.com\\\/de\\\/produkt\\\/trockene-schokolade-mit-zerkleinerten-kakaobohnen\\\/\",\"url\":\"https:\\\/\\\/deseopatisserie.com\\\/de\\\/produkt\\\/trockene-schokolade-mit-zerkleinerten-kakaobohnen\\\/\",\"name\":\"Trockene Schokolade mit zerkleinerten Kakaobohnen - Cukiernia DESEO Warszawa\",\"isPartOf\":{\"@id\":\"https:\\\/\\\/deseopatisserie.com\\\/de\\\/#website\"},\"primaryImageOfPage\":{\"@id\":\"https:\\\/\\\/deseopatisserie.com\\\/de\\\/produkt\\\/trockene-schokolade-mit-zerkleinerten-kakaobohnen\\\/#primaryimage\"},\"image\":{\"@id\":\"https:\\\/\\\/deseopatisserie.com\\\/de\\\/produkt\\\/trockene-schokolade-mit-zerkleinerten-kakaobohnen\\\/#primaryimage\"},\"thumbnailUrl\":\"https:\\\/\\\/deseopatisserie.com\\\/\\\/wp-content\\\/uploads\\\/2020\\\/12\\\/czekolady-ICA-PRIZE-2024-Nicaragua_Kubaly_70_with_Nibs-600x400-1.jpg\",\"datePublished\":\"2020-12-08T10:28:21+00:00\",\"dateModified\":\"2025-04-02T13:53:04+00:00\",\"description\":\"Die Kombination eines angenehmen Aromas mit knusprig zerkleinerten Kakaobohnen ist eine Garantie f\u00fcr ein erstaunliches Erlebnis, sowohl in Bezug auf den Geschmack als auch auf die Textur.\",\"breadcrumb\":{\"@id\":\"https:\\\/\\\/deseopatisserie.com\\\/de\\\/produkt\\\/trockene-schokolade-mit-zerkleinerten-kakaobohnen\\\/#breadcrumb\"},\"inLanguage\":\"de\",\"potentialAction\":[{\"@type\":\"ReadAction\",\"target\":[\"https:\\\/\\\/deseopatisserie.com\\\/de\\\/produkt\\\/trockene-schokolade-mit-zerkleinerten-kakaobohnen\\\/\"]}]},{\"@type\":\"ImageObject\",\"inLanguage\":\"de\",\"@id\":\"https:\\\/\\\/deseopatisserie.com\\\/de\\\/produkt\\\/trockene-schokolade-mit-zerkleinerten-kakaobohnen\\\/#primaryimage\",\"url\":\"https:\\\/\\\/deseopatisserie.com\\\/\\\/wp-content\\\/uploads\\\/2020\\\/12\\\/czekolady-ICA-PRIZE-2024-Nicaragua_Kubaly_70_with_Nibs-600x400-1.jpg\",\"contentUrl\":\"https:\\\/\\\/deseopatisserie.com\\\/\\\/wp-content\\\/uploads\\\/2020\\\/12\\\/czekolady-ICA-PRIZE-2024-Nicaragua_Kubaly_70_with_Nibs-600x400-1.jpg\",\"width\":600,\"height\":400},{\"@type\":\"BreadcrumbList\",\"@id\":\"https:\\\/\\\/deseopatisserie.com\\\/de\\\/produkt\\\/trockene-schokolade-mit-zerkleinerten-kakaobohnen\\\/#breadcrumb\",\"itemListElement\":[{\"@type\":\"ListItem\",\"position\":1,\"name\":\"Strona g\u0142\u00f3wna\",\"item\":\"https:\\\/\\\/deseopatisserie.com\\\/de\\\/homepage\\\/\"},{\"@type\":\"ListItem\",\"position\":2,\"name\":\"Trockene Schokolade mit zerkleinerten Kakaobohnen\"}]},{\"@type\":\"WebSite\",\"@id\":\"https:\\\/\\\/deseopatisserie.com\\\/de\\\/#website\",\"url\":\"https:\\\/\\\/deseopatisserie.com\\\/de\\\/\",\"name\":\"DESEO\",\"description\":\"Patisserie &amp; Chocolaterie\",\"potentialAction\":[{\"@type\":\"SearchAction\",\"target\":{\"@type\":\"EntryPoint\",\"urlTemplate\":\"https:\\\/\\\/deseopatisserie.com\\\/de\\\/?s={search_term_string}\"},\"query-input\":{\"@type\":\"PropertyValueSpecification\",\"valueRequired\":true,\"valueName\":\"search_term_string\"}}],\"inLanguage\":\"de\"}]}<\/script>\n<!-- \/ Yoast SEO plugin. -->","yoast_head_json":{"title":"Trockene Schokolade mit zerkleinerten Kakaobohnen - Cukiernia DESEO Warszawa","description":"Die Kombination eines angenehmen Aromas mit knusprig zerkleinerten Kakaobohnen ist eine Garantie f\u00fcr ein erstaunliches Erlebnis, sowohl in Bezug auf den Geschmack als auch auf die Textur.","robots":{"index":"index","follow":"follow","max-snippet":"max-snippet:-1","max-image-preview":"max-image-preview:large","max-video-preview":"max-video-preview:-1"},"canonical":"https:\/\/deseopatisserie.com\/de\/produkt\/trockene-schokolade-mit-zerkleinerten-kakaobohnen\/","og_locale":"de_DE","og_type":"article","og_title":"Trockene Schokolade mit zerkleinerten Kakaobohnen","og_description":"Die Kombination eines angenehmen Aromas mit knusprig zerkleinerten Kakaobohnen ist eine Garantie f\u00fcr ein erstaunliches Erlebnis, sowohl in Bezug auf den Geschmack als auch auf die Textur.","og_url":"https:\/\/deseopatisserie.com\/de\/produkt\/trockene-schokolade-mit-zerkleinerten-kakaobohnen\/","og_site_name":"DESEO","article_modified_time":"2025-04-02T13:53:04+00:00","og_image":[{"url":"https:\/\/deseopatisserie.com\/wp-content\/uploads\/2024\/05\/czekolada-Nikaragua-nibsy-silver-ICA-600x400-v20-300x300.jpg","type":"","width":"","height":""}],"twitter_card":"summary_large_image","schema":{"@context":"https:\/\/schema.org","@graph":[{"@type":"WebPage","@id":"https:\/\/deseopatisserie.com\/de\/produkt\/trockene-schokolade-mit-zerkleinerten-kakaobohnen\/","url":"https:\/\/deseopatisserie.com\/de\/produkt\/trockene-schokolade-mit-zerkleinerten-kakaobohnen\/","name":"Trockene Schokolade mit zerkleinerten Kakaobohnen - Cukiernia DESEO Warszawa","isPartOf":{"@id":"https:\/\/deseopatisserie.com\/de\/#website"},"primaryImageOfPage":{"@id":"https:\/\/deseopatisserie.com\/de\/produkt\/trockene-schokolade-mit-zerkleinerten-kakaobohnen\/#primaryimage"},"image":{"@id":"https:\/\/deseopatisserie.com\/de\/produkt\/trockene-schokolade-mit-zerkleinerten-kakaobohnen\/#primaryimage"},"thumbnailUrl":"https:\/\/deseopatisserie.com\/\/wp-content\/uploads\/2020\/12\/czekolady-ICA-PRIZE-2024-Nicaragua_Kubaly_70_with_Nibs-600x400-1.jpg","datePublished":"2020-12-08T10:28:21+00:00","dateModified":"2025-04-02T13:53:04+00:00","description":"Die Kombination eines angenehmen Aromas mit knusprig zerkleinerten Kakaobohnen ist eine Garantie f\u00fcr ein erstaunliches Erlebnis, sowohl in Bezug auf den Geschmack als auch auf die Textur.","breadcrumb":{"@id":"https:\/\/deseopatisserie.com\/de\/produkt\/trockene-schokolade-mit-zerkleinerten-kakaobohnen\/#breadcrumb"},"inLanguage":"de","potentialAction":[{"@type":"ReadAction","target":["https:\/\/deseopatisserie.com\/de\/produkt\/trockene-schokolade-mit-zerkleinerten-kakaobohnen\/"]}]},{"@type":"ImageObject","inLanguage":"de","@id":"https:\/\/deseopatisserie.com\/de\/produkt\/trockene-schokolade-mit-zerkleinerten-kakaobohnen\/#primaryimage","url":"https:\/\/deseopatisserie.com\/\/wp-content\/uploads\/2020\/12\/czekolady-ICA-PRIZE-2024-Nicaragua_Kubaly_70_with_Nibs-600x400-1.jpg","contentUrl":"https:\/\/deseopatisserie.com\/\/wp-content\/uploads\/2020\/12\/czekolady-ICA-PRIZE-2024-Nicaragua_Kubaly_70_with_Nibs-600x400-1.jpg","width":600,"height":400},{"@type":"BreadcrumbList","@id":"https:\/\/deseopatisserie.com\/de\/produkt\/trockene-schokolade-mit-zerkleinerten-kakaobohnen\/#breadcrumb","itemListElement":[{"@type":"ListItem","position":1,"name":"Strona g\u0142\u00f3wna","item":"https:\/\/deseopatisserie.com\/de\/homepage\/"},{"@type":"ListItem","position":2,"name":"Trockene Schokolade mit zerkleinerten Kakaobohnen"}]},{"@type":"WebSite","@id":"https:\/\/deseopatisserie.com\/de\/#website","url":"https:\/\/deseopatisserie.com\/de\/","name":"DESEO","description":"Patisserie &amp; Chocolaterie","potentialAction":[{"@type":"SearchAction","target":{"@type":"EntryPoint","urlTemplate":"https:\/\/deseopatisserie.com\/de\/?s={search_term_string}"},"query-input":{"@type":"PropertyValueSpecification","valueRequired":true,"valueName":"search_term_string"}}],"inLanguage":"de"}]}},"_links":{"self":[{"href":"https:\/\/deseopatisserie.com\/de\/wp-json\/wp\/v2\/product\/92528","targetHints":{"allow":["GET"]}}],"collection":[{"href":"https:\/\/deseopatisserie.com\/de\/wp-json\/wp\/v2\/product"}],"about":[{"href":"https:\/\/deseopatisserie.com\/de\/wp-json\/wp\/v2\/types\/product"}],"wp:featuredmedia":[{"embeddable":true,"href":"https:\/\/deseopatisserie.com\/de\/wp-json\/wp\/v2\/media\/85904"}],"wp:attachment":[{"href":"https:\/\/deseopatisserie.com\/de\/wp-json\/wp\/v2\/media?parent=92528"}],"wp:term":[{"taxonomy":"product_brand","embeddable":true,"href":"https:\/\/deseopatisserie.com\/de\/wp-json\/wp\/v2\/product_brand?post=92528"},{"taxonomy":"product_cat","embeddable":true,"href":"https:\/\/deseopatisserie.com\/de\/wp-json\/wp\/v2\/product_cat?post=92528"},{"taxonomy":"product_tag","embeddable":true,"href":"https:\/\/deseopatisserie.com\/de\/wp-json\/wp\/v2\/product_tag?post=92528"}],"curies":[{"name":"wp","href":"https:\/\/api.w.org\/{rel}","templated":true}]}}