{"id":92526,"date":"2020-12-08T11:18:12","date_gmt":"2020-12-08T10:18:12","guid":{"rendered":"https:\/\/deseopatisserie.com\/produkt\/milchschokolade-dominikanische-republik-52\/"},"modified":"2025-04-02T15:53:01","modified_gmt":"2025-04-02T13:53:01","slug":"milchschokolade-dominikanische-republik-52","status":"publish","type":"product","link":"https:\/\/deseopatisserie.com\/de\/produkt\/milchschokolade-dominikanische-republik-52\/","title":{"rendered":"Milchschokolade Dominikanische Republik 52%"},"content":{"rendered":"","protected":false},"excerpt":{"rendered":"<p><strong>Fristablauf: 30.04.2025<\/strong><\/p>\n<p><a href=\"https:\/\/www.youtube.com\/watch?v=w0DEbrhjpg8\" target=\"_blank\" rel=\"noopener noreferrer\"><strong>Klicken Sie hier, um mehr \u00fcber die Geschichte unserer Schokolade zu erfahren<\/strong><\/a><\/p>\n<p>Milchschokolade aus Kakaobohnen von der Zorzal-Plantage in der Dominikanischen Republik. Ihr stark schokoladiger, s\u00fc\u00dfer Geschmack erwies sich als perfekte Grundlage f\u00fcr die Kreation unserer ersten Milchschokolade.  Er zeichnet sich durch eine samtige, cremige Textur und sp\u00fcrbare Noten von Karamell und roten Fr\u00fcchten aus.<\/p>\n<p>F\u00fcr die Herstellung verwenden wir Kakaobohnen, die wir von Plantagen unserer Wahl aus der ganzen Welt importieren. Jede Tafel DESEO Single Origin Schokolade wird aus Kakaobohnen hergestellt, die nur von einer bestimmten Plantage stammen. <\/p>\n<p>&nbsp;<\/p>\n<p>Um den vollen Geschmack unserer Schokolade zur Geltung zu bringen, schlie\u00dfen Sie die Augen und riechen Sie daran. Brechen Sie das St\u00fcck ab und legen Sie es auf Ihre Zunge, aber kauen Sie es nicht ab. Lass die Schokolade langsam schmelzen. Auf diese Weise k\u00f6nnen Sie alle Nuancen sehen. \u00dcberlegen Sie, welche Geschmacksnoten Sie riechen k\u00f6nnen.    <\/p>\n<p>&nbsp;<\/p>\n<p style=\"text-align: center;\">\n","protected":false},"featured_media":81119,"template":"","meta":{"_acf_changed":false},"product_brand":[],"product_cat":[2608,2609],"product_tag":[],"class_list":{"0":"post-92526","1":"product","2":"type-product","3":"status-publish","4":"has-post-thumbnail","6":"product_cat-bean-to-bar-pralinen","7":"product_cat-schokolade-snacks","9":"first","10":"outofstock","11":"taxable","12":"shipping-taxable","13":"purchasable","14":"product-type-simple"},"acf":[],"yoast_head":"<!-- This site is optimized with the Yoast SEO plugin v27.3 - https:\/\/yoast.com\/product\/yoast-seo-wordpress\/ -->\n<title>Milchschokolade Dominikanische Republik 52% - Cukiernia DESEO Warszawa<\/title>\n<meta name=\"description\" content=\"Er zeichnet sich durch eine samtige Textur und Noten von Karamell aus. Milchschokolade aus Kakaobohnen von der Zorzal-Plantage in der Dominikanischen Republik.\" \/>\n<meta name=\"robots\" content=\"index, follow, max-snippet:-1, max-image-preview:large, max-video-preview:-1\" \/>\n<link rel=\"canonical\" href=\"https:\/\/deseopatisserie.com\/de\/produkt\/milchschokolade-dominikanische-republik-52\/\" \/>\n<meta property=\"og:locale\" content=\"de_DE\" \/>\n<meta property=\"og:type\" content=\"article\" \/>\n<meta property=\"og:title\" content=\"Milchschokolade Dominikanische Republik 52%\" \/>\n<meta property=\"og:description\" content=\"Er zeichnet sich durch eine samtige, cremige Textur und sp\u00fcrbare Noten von Karamell und roten Fr\u00fcchten aus.\" \/>\n<meta property=\"og:url\" content=\"https:\/\/deseopatisserie.com\/de\/produkt\/milchschokolade-dominikanische-republik-52\/\" \/>\n<meta property=\"og:site_name\" content=\"DESEO\" \/>\n<meta property=\"article:modified_time\" content=\"2025-04-02T13:53:01+00:00\" \/>\n<meta property=\"og:image\" content=\"https:\/\/deseopatisserie.com\/wp-content\/uploads\/2020\/12\/DOminikana-mleczna-1024x683.jpg\" \/>\n<meta name=\"twitter:card\" content=\"summary_large_image\" \/>\n<script type=\"application\/ld+json\" class=\"yoast-schema-graph\">{\"@context\":\"https:\\\/\\\/schema.org\",\"@graph\":[{\"@type\":\"WebPage\",\"@id\":\"https:\\\/\\\/deseopatisserie.com\\\/de\\\/produkt\\\/milchschokolade-dominikanische-republik-52\\\/\",\"url\":\"https:\\\/\\\/deseopatisserie.com\\\/de\\\/produkt\\\/milchschokolade-dominikanische-republik-52\\\/\",\"name\":\"Milchschokolade Dominikanische Republik 52% - Cukiernia DESEO Warszawa\",\"isPartOf\":{\"@id\":\"https:\\\/\\\/deseopatisserie.com\\\/de\\\/#website\"},\"primaryImageOfPage\":{\"@id\":\"https:\\\/\\\/deseopatisserie.com\\\/de\\\/produkt\\\/milchschokolade-dominikanische-republik-52\\\/#primaryimage\"},\"image\":{\"@id\":\"https:\\\/\\\/deseopatisserie.com\\\/de\\\/produkt\\\/milchschokolade-dominikanische-republik-52\\\/#primaryimage\"},\"thumbnailUrl\":\"https:\\\/\\\/deseopatisserie.com\\\/\\\/wp-content\\\/uploads\\\/2020\\\/12\\\/czekolada-Dominikana-mleczna-zm-m.jpg\",\"datePublished\":\"2020-12-08T10:18:12+00:00\",\"dateModified\":\"2025-04-02T13:53:01+00:00\",\"description\":\"Er zeichnet sich durch eine samtige Textur und Noten von Karamell aus. Milchschokolade aus Kakaobohnen von der Zorzal-Plantage in der Dominikanischen Republik.\",\"breadcrumb\":{\"@id\":\"https:\\\/\\\/deseopatisserie.com\\\/de\\\/produkt\\\/milchschokolade-dominikanische-republik-52\\\/#breadcrumb\"},\"inLanguage\":\"de\",\"potentialAction\":[{\"@type\":\"ReadAction\",\"target\":[\"https:\\\/\\\/deseopatisserie.com\\\/de\\\/produkt\\\/milchschokolade-dominikanische-republik-52\\\/\"]}]},{\"@type\":\"ImageObject\",\"inLanguage\":\"de\",\"@id\":\"https:\\\/\\\/deseopatisserie.com\\\/de\\\/produkt\\\/milchschokolade-dominikanische-republik-52\\\/#primaryimage\",\"url\":\"https:\\\/\\\/deseopatisserie.com\\\/\\\/wp-content\\\/uploads\\\/2020\\\/12\\\/czekolada-Dominikana-mleczna-zm-m.jpg\",\"contentUrl\":\"https:\\\/\\\/deseopatisserie.com\\\/\\\/wp-content\\\/uploads\\\/2020\\\/12\\\/czekolada-Dominikana-mleczna-zm-m.jpg\",\"width\":600,\"height\":400},{\"@type\":\"BreadcrumbList\",\"@id\":\"https:\\\/\\\/deseopatisserie.com\\\/de\\\/produkt\\\/milchschokolade-dominikanische-republik-52\\\/#breadcrumb\",\"itemListElement\":[{\"@type\":\"ListItem\",\"position\":1,\"name\":\"Strona g\u0142\u00f3wna\",\"item\":\"https:\\\/\\\/deseopatisserie.com\\\/de\\\/homepage\\\/\"},{\"@type\":\"ListItem\",\"position\":2,\"name\":\"Milchschokolade Dominikanische Republik 52%\"}]},{\"@type\":\"WebSite\",\"@id\":\"https:\\\/\\\/deseopatisserie.com\\\/de\\\/#website\",\"url\":\"https:\\\/\\\/deseopatisserie.com\\\/de\\\/\",\"name\":\"DESEO\",\"description\":\"Patisserie &amp; Chocolaterie\",\"potentialAction\":[{\"@type\":\"SearchAction\",\"target\":{\"@type\":\"EntryPoint\",\"urlTemplate\":\"https:\\\/\\\/deseopatisserie.com\\\/de\\\/?s={search_term_string}\"},\"query-input\":{\"@type\":\"PropertyValueSpecification\",\"valueRequired\":true,\"valueName\":\"search_term_string\"}}],\"inLanguage\":\"de\"}]}<\/script>\n<!-- \/ Yoast SEO plugin. -->","yoast_head_json":{"title":"Milchschokolade Dominikanische Republik 52% - Cukiernia DESEO Warszawa","description":"Er zeichnet sich durch eine samtige Textur und Noten von Karamell aus. Milchschokolade aus Kakaobohnen von der Zorzal-Plantage in der Dominikanischen Republik.","robots":{"index":"index","follow":"follow","max-snippet":"max-snippet:-1","max-image-preview":"max-image-preview:large","max-video-preview":"max-video-preview:-1"},"canonical":"https:\/\/deseopatisserie.com\/de\/produkt\/milchschokolade-dominikanische-republik-52\/","og_locale":"de_DE","og_type":"article","og_title":"Milchschokolade Dominikanische Republik 52%","og_description":"Er zeichnet sich durch eine samtige, cremige Textur und sp\u00fcrbare Noten von Karamell und roten Fr\u00fcchten aus.","og_url":"https:\/\/deseopatisserie.com\/de\/produkt\/milchschokolade-dominikanische-republik-52\/","og_site_name":"DESEO","article_modified_time":"2025-04-02T13:53:01+00:00","og_image":[{"url":"https:\/\/deseopatisserie.com\/wp-content\/uploads\/2020\/12\/DOminikana-mleczna-1024x683.jpg","type":"","width":"","height":""}],"twitter_card":"summary_large_image","schema":{"@context":"https:\/\/schema.org","@graph":[{"@type":"WebPage","@id":"https:\/\/deseopatisserie.com\/de\/produkt\/milchschokolade-dominikanische-republik-52\/","url":"https:\/\/deseopatisserie.com\/de\/produkt\/milchschokolade-dominikanische-republik-52\/","name":"Milchschokolade Dominikanische Republik 52% - Cukiernia DESEO Warszawa","isPartOf":{"@id":"https:\/\/deseopatisserie.com\/de\/#website"},"primaryImageOfPage":{"@id":"https:\/\/deseopatisserie.com\/de\/produkt\/milchschokolade-dominikanische-republik-52\/#primaryimage"},"image":{"@id":"https:\/\/deseopatisserie.com\/de\/produkt\/milchschokolade-dominikanische-republik-52\/#primaryimage"},"thumbnailUrl":"https:\/\/deseopatisserie.com\/\/wp-content\/uploads\/2020\/12\/czekolada-Dominikana-mleczna-zm-m.jpg","datePublished":"2020-12-08T10:18:12+00:00","dateModified":"2025-04-02T13:53:01+00:00","description":"Er zeichnet sich durch eine samtige Textur und Noten von Karamell aus. Milchschokolade aus Kakaobohnen von der Zorzal-Plantage in der Dominikanischen Republik.","breadcrumb":{"@id":"https:\/\/deseopatisserie.com\/de\/produkt\/milchschokolade-dominikanische-republik-52\/#breadcrumb"},"inLanguage":"de","potentialAction":[{"@type":"ReadAction","target":["https:\/\/deseopatisserie.com\/de\/produkt\/milchschokolade-dominikanische-republik-52\/"]}]},{"@type":"ImageObject","inLanguage":"de","@id":"https:\/\/deseopatisserie.com\/de\/produkt\/milchschokolade-dominikanische-republik-52\/#primaryimage","url":"https:\/\/deseopatisserie.com\/\/wp-content\/uploads\/2020\/12\/czekolada-Dominikana-mleczna-zm-m.jpg","contentUrl":"https:\/\/deseopatisserie.com\/\/wp-content\/uploads\/2020\/12\/czekolada-Dominikana-mleczna-zm-m.jpg","width":600,"height":400},{"@type":"BreadcrumbList","@id":"https:\/\/deseopatisserie.com\/de\/produkt\/milchschokolade-dominikanische-republik-52\/#breadcrumb","itemListElement":[{"@type":"ListItem","position":1,"name":"Strona g\u0142\u00f3wna","item":"https:\/\/deseopatisserie.com\/de\/homepage\/"},{"@type":"ListItem","position":2,"name":"Milchschokolade Dominikanische Republik 52%"}]},{"@type":"WebSite","@id":"https:\/\/deseopatisserie.com\/de\/#website","url":"https:\/\/deseopatisserie.com\/de\/","name":"DESEO","description":"Patisserie &amp; Chocolaterie","potentialAction":[{"@type":"SearchAction","target":{"@type":"EntryPoint","urlTemplate":"https:\/\/deseopatisserie.com\/de\/?s={search_term_string}"},"query-input":{"@type":"PropertyValueSpecification","valueRequired":true,"valueName":"search_term_string"}}],"inLanguage":"de"}]}},"_links":{"self":[{"href":"https:\/\/deseopatisserie.com\/de\/wp-json\/wp\/v2\/product\/92526","targetHints":{"allow":["GET"]}}],"collection":[{"href":"https:\/\/deseopatisserie.com\/de\/wp-json\/wp\/v2\/product"}],"about":[{"href":"https:\/\/deseopatisserie.com\/de\/wp-json\/wp\/v2\/types\/product"}],"wp:featuredmedia":[{"embeddable":true,"href":"https:\/\/deseopatisserie.com\/de\/wp-json\/wp\/v2\/media\/81119"}],"wp:attachment":[{"href":"https:\/\/deseopatisserie.com\/de\/wp-json\/wp\/v2\/media?parent=92526"}],"wp:term":[{"taxonomy":"product_brand","embeddable":true,"href":"https:\/\/deseopatisserie.com\/de\/wp-json\/wp\/v2\/product_brand?post=92526"},{"taxonomy":"product_cat","embeddable":true,"href":"https:\/\/deseopatisserie.com\/de\/wp-json\/wp\/v2\/product_cat?post=92526"},{"taxonomy":"product_tag","embeddable":true,"href":"https:\/\/deseopatisserie.com\/de\/wp-json\/wp\/v2\/product_tag?post=92526"}],"curies":[{"name":"wp","href":"https:\/\/api.w.org\/{rel}","templated":true}]}}