{"id":92525,"date":"2020-12-08T12:00:49","date_gmt":"2020-12-08T11:00:49","guid":{"rendered":"https:\/\/deseopatisserie.com\/produkt\/milchschokolade-mit-karamell-und-salz\/"},"modified":"2025-04-02T15:53:04","modified_gmt":"2025-04-02T13:53:04","slug":"milchschokolade-mit-karamell-und-salz","status":"publish","type":"product","link":"https:\/\/deseopatisserie.com\/de\/produkt\/milchschokolade-mit-karamell-und-salz\/","title":{"rendered":"Milchschokolade mit Karamell und Salz"},"content":{"rendered":"","protected":false},"excerpt":{"rendered":"<p><strong>Fristablauf: 29.04.2025<\/strong><\/p>\n<p><a href=\"https:\/\/www.youtube.com\/watch?v=w0DEbrhjpg8&amp;t=2s\" target=\"_blank\" rel=\"noopener noreferrer\"><strong>Klicken Sie hier, um mehr \u00fcber die Geschichte unserer Schokolade zu erfahren<\/strong><\/a><\/p>\n<p>52% Milchschokolade, hergestellt auf der Basis von Kakaobohnen aus der Dominikanischen Republik, von der Zorzal-Plantage. Die samtige Textur der Milchschokolade haben wir mit knusprigen Karamellst\u00fcckchen und etwas Salz angereichert.  Das Karamell macht den cremig-s\u00fc\u00dfen Geschmack der Milchschokolade noch ausgepr\u00e4gter und die Salzpartikel sorgen f\u00fcr einen angenehmen, leicht \u00fcberraschenden Abgang.<\/p>\n<p>Dominikanische Republik 52% Milchschokolade mit Karamell und Salz wurde zweimal von der Jury des prestigetr\u00e4chtigen Wettbewerbs International Chocolate Awards <strong>ausgezeichnet<\/strong> , dessen Hauptziel es ist, Unternehmen zu unterst\u00fctzen, die sich auf die Herstellung hochwertiger Schokoladenprodukte spezialisiert haben. In der Kategorie &#8222;Milchschokoladen mit F\u00fcllung oder Einschl\u00fcssen&#8220; erhielt unsere Schokolade 2023 eine <strong>Bronzemedaille <\/strong>und 2024<strong> auch eine Bronzemedaille<\/strong> ! Die International Chocolate Awards werden seit 2012 verliehen und die Jury setzt sich aus unabh\u00e4ngigen Bean-to-Bar-Schokoladenspezialisten aus Gro\u00dfbritannien, den USA und Italien zusammen. <\/p>\n<p>&nbsp;<\/p>\n<p>F\u00fcr die Herstellung verwenden wir Kakaobohnen, die wir von Plantagen unserer Wahl aus der ganzen Welt importieren. Jede Tafel DESEO Single Origin Schokolade wird aus Kakaobohnen hergestellt, die nur von einer bestimmten Plantage stammen. <\/p>\n<p>Um den vollen Geschmack unserer Schokolade zur Geltung zu bringen, schlie\u00dfen Sie die Augen und riechen Sie daran. Brechen Sie das St\u00fcck ab und legen Sie es auf Ihre Zunge, aber kauen Sie es nicht ab. Lass die Schokolade langsam schmelzen. Auf diese Weise k\u00f6nnen Sie alle Nuancen sehen. \u00dcberlegen Sie, welche Geschmacksnoten Sie riechen k\u00f6nnen.    <\/p>\n","protected":false},"featured_media":85906,"template":"","meta":{"_acf_changed":false},"product_brand":[],"product_cat":[2608,2609],"product_tag":[],"class_list":{"0":"post-92525","1":"product","2":"type-product","3":"status-publish","4":"has-post-thumbnail","6":"product_cat-bean-to-bar-pralinen","7":"product_cat-schokolade-snacks","9":"first","10":"outofstock","11":"taxable","12":"shipping-taxable","13":"purchasable","14":"product-type-simple"},"acf":[],"yoast_head":"<!-- This site is optimized with the Yoast SEO plugin v27.3 - https:\/\/yoast.com\/product\/yoast-seo-wordpress\/ -->\n<title>Milchschokolade mit Karamell und Salz - Cukiernia DESEO Warszawa<\/title>\n<meta name=\"description\" content=\"Das Karamell macht den cremig-s\u00fc\u00dfen Geschmack der Milchschokolade noch ausgepr\u00e4gter und die Salzpartikel sorgen f\u00fcr einen angenehmen, leicht \u00fcberraschenden Abgang.\" \/>\n<meta name=\"robots\" content=\"index, follow, max-snippet:-1, max-image-preview:large, max-video-preview:-1\" \/>\n<link rel=\"canonical\" href=\"https:\/\/deseopatisserie.com\/de\/produkt\/milchschokolade-mit-karamell-und-salz\/\" \/>\n<meta property=\"og:locale\" content=\"de_DE\" \/>\n<meta property=\"og:type\" content=\"article\" \/>\n<meta property=\"og:title\" content=\"Milchschokolade mit Karamell und Salz\" \/>\n<meta property=\"og:description\" content=\"Das Karamell macht den cremig-s\u00fc\u00dfen Geschmack der Milchschokolade noch ausgepr\u00e4gter und die Salzpartikel sorgen f\u00fcr einen angenehmen, leicht \u00fcberraschenden Abgang.\" \/>\n<meta property=\"og:url\" content=\"https:\/\/deseopatisserie.com\/de\/produkt\/milchschokolade-mit-karamell-und-salz\/\" \/>\n<meta property=\"og:site_name\" content=\"DESEO\" \/>\n<meta property=\"article:modified_time\" content=\"2025-04-02T13:53:04+00:00\" \/>\n<meta property=\"og:image\" content=\"https:\/\/deseopatisserie.com\/wp-content\/uploads\/2020\/12\/czekolada-Dominikana-mleczna-z-karmelem-i-sola-zm-SILVER-ICA-2023.jpg\" \/>\n<meta name=\"twitter:card\" content=\"summary_large_image\" \/>\n<script type=\"application\/ld+json\" class=\"yoast-schema-graph\">{\"@context\":\"https:\\\/\\\/schema.org\",\"@graph\":[{\"@type\":\"WebPage\",\"@id\":\"https:\\\/\\\/deseopatisserie.com\\\/de\\\/produkt\\\/milchschokolade-mit-karamell-und-salz\\\/\",\"url\":\"https:\\\/\\\/deseopatisserie.com\\\/de\\\/produkt\\\/milchschokolade-mit-karamell-und-salz\\\/\",\"name\":\"Milchschokolade mit Karamell und Salz - Cukiernia DESEO Warszawa\",\"isPartOf\":{\"@id\":\"https:\\\/\\\/deseopatisserie.com\\\/de\\\/#website\"},\"primaryImageOfPage\":{\"@id\":\"https:\\\/\\\/deseopatisserie.com\\\/de\\\/produkt\\\/milchschokolade-mit-karamell-und-salz\\\/#primaryimage\"},\"image\":{\"@id\":\"https:\\\/\\\/deseopatisserie.com\\\/de\\\/produkt\\\/milchschokolade-mit-karamell-und-salz\\\/#primaryimage\"},\"thumbnailUrl\":\"https:\\\/\\\/deseopatisserie.com\\\/\\\/wp-content\\\/uploads\\\/2020\\\/12\\\/czekolady-ICA-PRIZE-2023_2024-Darkmilk_52_with_caramel_and_salt-scaled.jpg\",\"datePublished\":\"2020-12-08T11:00:49+00:00\",\"dateModified\":\"2025-04-02T13:53:04+00:00\",\"description\":\"Das Karamell macht den cremig-s\u00fc\u00dfen Geschmack der Milchschokolade noch ausgepr\u00e4gter und die Salzpartikel sorgen f\u00fcr einen angenehmen, leicht \u00fcberraschenden Abgang.\",\"breadcrumb\":{\"@id\":\"https:\\\/\\\/deseopatisserie.com\\\/de\\\/produkt\\\/milchschokolade-mit-karamell-und-salz\\\/#breadcrumb\"},\"inLanguage\":\"de\",\"potentialAction\":[{\"@type\":\"ReadAction\",\"target\":[\"https:\\\/\\\/deseopatisserie.com\\\/de\\\/produkt\\\/milchschokolade-mit-karamell-und-salz\\\/\"]}]},{\"@type\":\"ImageObject\",\"inLanguage\":\"de\",\"@id\":\"https:\\\/\\\/deseopatisserie.com\\\/de\\\/produkt\\\/milchschokolade-mit-karamell-und-salz\\\/#primaryimage\",\"url\":\"https:\\\/\\\/deseopatisserie.com\\\/\\\/wp-content\\\/uploads\\\/2020\\\/12\\\/czekolady-ICA-PRIZE-2023_2024-Darkmilk_52_with_caramel_and_salt-scaled.jpg\",\"contentUrl\":\"https:\\\/\\\/deseopatisserie.com\\\/\\\/wp-content\\\/uploads\\\/2020\\\/12\\\/czekolady-ICA-PRIZE-2023_2024-Darkmilk_52_with_caramel_and_salt-scaled.jpg\",\"width\":2560,\"height\":1707},{\"@type\":\"BreadcrumbList\",\"@id\":\"https:\\\/\\\/deseopatisserie.com\\\/de\\\/produkt\\\/milchschokolade-mit-karamell-und-salz\\\/#breadcrumb\",\"itemListElement\":[{\"@type\":\"ListItem\",\"position\":1,\"name\":\"Strona g\u0142\u00f3wna\",\"item\":\"https:\\\/\\\/deseopatisserie.com\\\/de\\\/homepage\\\/\"},{\"@type\":\"ListItem\",\"position\":2,\"name\":\"Milchschokolade mit Karamell und Salz\"}]},{\"@type\":\"WebSite\",\"@id\":\"https:\\\/\\\/deseopatisserie.com\\\/de\\\/#website\",\"url\":\"https:\\\/\\\/deseopatisserie.com\\\/de\\\/\",\"name\":\"DESEO\",\"description\":\"Patisserie &amp; Chocolaterie\",\"potentialAction\":[{\"@type\":\"SearchAction\",\"target\":{\"@type\":\"EntryPoint\",\"urlTemplate\":\"https:\\\/\\\/deseopatisserie.com\\\/de\\\/?s={search_term_string}\"},\"query-input\":{\"@type\":\"PropertyValueSpecification\",\"valueRequired\":true,\"valueName\":\"search_term_string\"}}],\"inLanguage\":\"de\"}]}<\/script>\n<!-- \/ Yoast SEO plugin. -->","yoast_head_json":{"title":"Milchschokolade mit Karamell und Salz - Cukiernia DESEO Warszawa","description":"Das Karamell macht den cremig-s\u00fc\u00dfen Geschmack der Milchschokolade noch ausgepr\u00e4gter und die Salzpartikel sorgen f\u00fcr einen angenehmen, leicht \u00fcberraschenden Abgang.","robots":{"index":"index","follow":"follow","max-snippet":"max-snippet:-1","max-image-preview":"max-image-preview:large","max-video-preview":"max-video-preview:-1"},"canonical":"https:\/\/deseopatisserie.com\/de\/produkt\/milchschokolade-mit-karamell-und-salz\/","og_locale":"de_DE","og_type":"article","og_title":"Milchschokolade mit Karamell und Salz","og_description":"Das Karamell macht den cremig-s\u00fc\u00dfen Geschmack der Milchschokolade noch ausgepr\u00e4gter und die Salzpartikel sorgen f\u00fcr einen angenehmen, leicht \u00fcberraschenden Abgang.","og_url":"https:\/\/deseopatisserie.com\/de\/produkt\/milchschokolade-mit-karamell-und-salz\/","og_site_name":"DESEO","article_modified_time":"2025-04-02T13:53:04+00:00","og_image":[{"url":"https:\/\/deseopatisserie.com\/wp-content\/uploads\/2020\/12\/czekolada-Dominikana-mleczna-z-karmelem-i-sola-zm-SILVER-ICA-2023.jpg","type":"","width":"","height":""}],"twitter_card":"summary_large_image","schema":{"@context":"https:\/\/schema.org","@graph":[{"@type":"WebPage","@id":"https:\/\/deseopatisserie.com\/de\/produkt\/milchschokolade-mit-karamell-und-salz\/","url":"https:\/\/deseopatisserie.com\/de\/produkt\/milchschokolade-mit-karamell-und-salz\/","name":"Milchschokolade mit Karamell und Salz - Cukiernia DESEO Warszawa","isPartOf":{"@id":"https:\/\/deseopatisserie.com\/de\/#website"},"primaryImageOfPage":{"@id":"https:\/\/deseopatisserie.com\/de\/produkt\/milchschokolade-mit-karamell-und-salz\/#primaryimage"},"image":{"@id":"https:\/\/deseopatisserie.com\/de\/produkt\/milchschokolade-mit-karamell-und-salz\/#primaryimage"},"thumbnailUrl":"https:\/\/deseopatisserie.com\/\/wp-content\/uploads\/2020\/12\/czekolady-ICA-PRIZE-2023_2024-Darkmilk_52_with_caramel_and_salt-scaled.jpg","datePublished":"2020-12-08T11:00:49+00:00","dateModified":"2025-04-02T13:53:04+00:00","description":"Das Karamell macht den cremig-s\u00fc\u00dfen Geschmack der Milchschokolade noch ausgepr\u00e4gter und die Salzpartikel sorgen f\u00fcr einen angenehmen, leicht \u00fcberraschenden Abgang.","breadcrumb":{"@id":"https:\/\/deseopatisserie.com\/de\/produkt\/milchschokolade-mit-karamell-und-salz\/#breadcrumb"},"inLanguage":"de","potentialAction":[{"@type":"ReadAction","target":["https:\/\/deseopatisserie.com\/de\/produkt\/milchschokolade-mit-karamell-und-salz\/"]}]},{"@type":"ImageObject","inLanguage":"de","@id":"https:\/\/deseopatisserie.com\/de\/produkt\/milchschokolade-mit-karamell-und-salz\/#primaryimage","url":"https:\/\/deseopatisserie.com\/\/wp-content\/uploads\/2020\/12\/czekolady-ICA-PRIZE-2023_2024-Darkmilk_52_with_caramel_and_salt-scaled.jpg","contentUrl":"https:\/\/deseopatisserie.com\/\/wp-content\/uploads\/2020\/12\/czekolady-ICA-PRIZE-2023_2024-Darkmilk_52_with_caramel_and_salt-scaled.jpg","width":2560,"height":1707},{"@type":"BreadcrumbList","@id":"https:\/\/deseopatisserie.com\/de\/produkt\/milchschokolade-mit-karamell-und-salz\/#breadcrumb","itemListElement":[{"@type":"ListItem","position":1,"name":"Strona g\u0142\u00f3wna","item":"https:\/\/deseopatisserie.com\/de\/homepage\/"},{"@type":"ListItem","position":2,"name":"Milchschokolade mit Karamell und Salz"}]},{"@type":"WebSite","@id":"https:\/\/deseopatisserie.com\/de\/#website","url":"https:\/\/deseopatisserie.com\/de\/","name":"DESEO","description":"Patisserie &amp; Chocolaterie","potentialAction":[{"@type":"SearchAction","target":{"@type":"EntryPoint","urlTemplate":"https:\/\/deseopatisserie.com\/de\/?s={search_term_string}"},"query-input":{"@type":"PropertyValueSpecification","valueRequired":true,"valueName":"search_term_string"}}],"inLanguage":"de"}]}},"_links":{"self":[{"href":"https:\/\/deseopatisserie.com\/de\/wp-json\/wp\/v2\/product\/92525","targetHints":{"allow":["GET"]}}],"collection":[{"href":"https:\/\/deseopatisserie.com\/de\/wp-json\/wp\/v2\/product"}],"about":[{"href":"https:\/\/deseopatisserie.com\/de\/wp-json\/wp\/v2\/types\/product"}],"wp:featuredmedia":[{"embeddable":true,"href":"https:\/\/deseopatisserie.com\/de\/wp-json\/wp\/v2\/media\/85906"}],"wp:attachment":[{"href":"https:\/\/deseopatisserie.com\/de\/wp-json\/wp\/v2\/media?parent=92525"}],"wp:term":[{"taxonomy":"product_brand","embeddable":true,"href":"https:\/\/deseopatisserie.com\/de\/wp-json\/wp\/v2\/product_brand?post=92525"},{"taxonomy":"product_cat","embeddable":true,"href":"https:\/\/deseopatisserie.com\/de\/wp-json\/wp\/v2\/product_cat?post=92525"},{"taxonomy":"product_tag","embeddable":true,"href":"https:\/\/deseopatisserie.com\/de\/wp-json\/wp\/v2\/product_tag?post=92525"}],"curies":[{"name":"wp","href":"https:\/\/api.w.org\/{rel}","templated":true}]}}