{"id":92516,"date":"2020-11-13T15:51:10","date_gmt":"2020-11-13T14:51:10","guid":{"rendered":"https:\/\/deseopatisserie.com\/produkt\/rudolf\/"},"modified":"2025-04-02T15:52:42","modified_gmt":"2025-04-02T13:52:42","slug":"rudolf","status":"publish","type":"product","link":"https:\/\/deseopatisserie.com\/de\/produkt\/rudolf\/","title":{"rendered":"Rudolf"},"content":{"rendered":"","protected":false},"excerpt":{"rendered":"<p>Marzipanmousse \/ Altpolnischer Lebkuchen in Orangensirup getr\u00e4nkt, geschichtet mit Pflaumenmarmelade und Ganache auf der Basis von dominikanischer Milchschokolade \/ Milchschokolade mit Paillet\u00e9 Feuilletine<\/p>\n<p>&nbsp;<\/p>\n<p>Rudolf tauchte 2020 in unserem Weihnachtsangebot auf und ist aus Weihnachten nicht mehr wegzudenken! Unser Rentier hat Schokoladenh\u00f6rnchen &#8211; alle unsere Konditoren stellen sie von Hand aus Bean-to-Bar-Schokolade her, d.h. aus Kakaobohnen zu einer Tafel \/ Schokolade in unserer Werkstatt. In diesem Jahr umfasst unser Angebot zum ersten Mal auch&#8230; gro\u00dfer Rudolf! Perfekt, wenn Weihnachten f\u00fcr Sie ein sehr famili\u00e4res und magisches Weihnachten ist! \ud83d\ude42<\/p>\n","protected":false},"featured_media":80915,"template":"","meta":{"_acf_changed":false},"product_brand":[],"product_cat":[2841,1750,2008],"product_tag":[],"class_list":{"0":"post-92516","1":"product","2":"type-product","3":"status-publish","4":"has-post-thumbnail","6":"product_cat-neuheiten","7":"product_cat-petit-gateau-kekse","8":"product_cat-weihnachten","10":"first","11":"outofstock","12":"taxable","13":"shipping-taxable","14":"purchasable","15":"product-type-simple"},"acf":[],"yoast_head":"<!-- This site is optimized with the Yoast SEO plugin v27.4 - https:\/\/yoast.com\/product\/yoast-seo-wordpress\/ -->\n<title>RUDOLF Monoportion - DESEO Konditorei Warschau<\/title>\n<meta name=\"description\" content=\"Die Rudolf Monoportion ist die perfekte Torte zu Weihnachten. Hier finden Sie Marzipanmousse, altpolnische Lebkuchen und Pflaumenmarmelade!\" \/>\n<meta name=\"robots\" content=\"index, follow, max-snippet:-1, max-image-preview:large, max-video-preview:-1\" \/>\n<link rel=\"canonical\" href=\"https:\/\/deseopatisserie.com\/de\/produkt\/rudolf\/\" \/>\n<meta property=\"og:locale\" content=\"de_DE\" \/>\n<meta property=\"og:type\" content=\"article\" \/>\n<meta property=\"og:title\" content=\"RUDOLF Monoportion - DESEO Konditorei Warschau\" \/>\n<meta property=\"og:description\" content=\"Die Rudolf Monoportion ist die perfekte Torte zu Weihnachten. Hier finden Sie Marzipanmousse, altpolnische Lebkuchen und Pflaumenmarmelade!\" \/>\n<meta property=\"og:url\" content=\"https:\/\/deseopatisserie.com\/de\/produkt\/rudolf\/\" \/>\n<meta property=\"og:site_name\" content=\"DESEO\" \/>\n<meta property=\"article:modified_time\" content=\"2025-04-02T13:52:42+00:00\" \/>\n<meta property=\"og:image\" content=\"https:\/\/deseopatisserie.com\/\/wp-content\/uploads\/2020\/11\/004A8400.jpg\" \/>\n\t<meta property=\"og:image:width\" content=\"2000\" \/>\n\t<meta property=\"og:image:height\" content=\"1333\" \/>\n\t<meta property=\"og:image:type\" content=\"image\/jpeg\" \/>\n<meta name=\"twitter:card\" content=\"summary_large_image\" \/>\n<script type=\"application\/ld+json\" class=\"yoast-schema-graph\">{\"@context\":\"https:\\\/\\\/schema.org\",\"@graph\":[{\"@type\":\"WebPage\",\"@id\":\"https:\\\/\\\/deseopatisserie.com\\\/de\\\/produkt\\\/rudolf\\\/\",\"url\":\"https:\\\/\\\/deseopatisserie.com\\\/de\\\/produkt\\\/rudolf\\\/\",\"name\":\"RUDOLF Monoportion - DESEO Konditorei Warschau\",\"isPartOf\":{\"@id\":\"https:\\\/\\\/deseopatisserie.com\\\/de\\\/#website\"},\"primaryImageOfPage\":{\"@id\":\"https:\\\/\\\/deseopatisserie.com\\\/de\\\/produkt\\\/rudolf\\\/#primaryimage\"},\"image\":{\"@id\":\"https:\\\/\\\/deseopatisserie.com\\\/de\\\/produkt\\\/rudolf\\\/#primaryimage\"},\"thumbnailUrl\":\"https:\\\/\\\/deseopatisserie.com\\\/\\\/wp-content\\\/uploads\\\/2020\\\/11\\\/004A8400.jpg\",\"datePublished\":\"2020-11-13T14:51:10+00:00\",\"dateModified\":\"2025-04-02T13:52:42+00:00\",\"description\":\"Die Rudolf Monoportion ist die perfekte Torte zu Weihnachten. Hier finden Sie Marzipanmousse, altpolnische Lebkuchen und Pflaumenmarmelade!\",\"breadcrumb\":{\"@id\":\"https:\\\/\\\/deseopatisserie.com\\\/de\\\/produkt\\\/rudolf\\\/#breadcrumb\"},\"inLanguage\":\"de\",\"potentialAction\":[{\"@type\":\"ReadAction\",\"target\":[\"https:\\\/\\\/deseopatisserie.com\\\/de\\\/produkt\\\/rudolf\\\/\"]}]},{\"@type\":\"ImageObject\",\"inLanguage\":\"de\",\"@id\":\"https:\\\/\\\/deseopatisserie.com\\\/de\\\/produkt\\\/rudolf\\\/#primaryimage\",\"url\":\"https:\\\/\\\/deseopatisserie.com\\\/\\\/wp-content\\\/uploads\\\/2020\\\/11\\\/004A8400.jpg\",\"contentUrl\":\"https:\\\/\\\/deseopatisserie.com\\\/\\\/wp-content\\\/uploads\\\/2020\\\/11\\\/004A8400.jpg\",\"width\":2000,\"height\":1333},{\"@type\":\"BreadcrumbList\",\"@id\":\"https:\\\/\\\/deseopatisserie.com\\\/de\\\/produkt\\\/rudolf\\\/#breadcrumb\",\"itemListElement\":[{\"@type\":\"ListItem\",\"position\":1,\"name\":\"Strona g\u0142\u00f3wna\",\"item\":\"https:\\\/\\\/deseopatisserie.com\\\/de\\\/homepage\\\/\"},{\"@type\":\"ListItem\",\"position\":2,\"name\":\"Rudolf\"}]},{\"@type\":\"WebSite\",\"@id\":\"https:\\\/\\\/deseopatisserie.com\\\/de\\\/#website\",\"url\":\"https:\\\/\\\/deseopatisserie.com\\\/de\\\/\",\"name\":\"DESEO\",\"description\":\"Patisserie &amp; Chocolaterie\",\"potentialAction\":[{\"@type\":\"SearchAction\",\"target\":{\"@type\":\"EntryPoint\",\"urlTemplate\":\"https:\\\/\\\/deseopatisserie.com\\\/de\\\/?s={search_term_string}\"},\"query-input\":{\"@type\":\"PropertyValueSpecification\",\"valueRequired\":true,\"valueName\":\"search_term_string\"}}],\"inLanguage\":\"de\"}]}<\/script>\n<!-- \/ Yoast SEO plugin. -->","yoast_head_json":{"title":"RUDOLF Monoportion - DESEO Konditorei Warschau","description":"Die Rudolf Monoportion ist die perfekte Torte zu Weihnachten. Hier finden Sie Marzipanmousse, altpolnische Lebkuchen und Pflaumenmarmelade!","robots":{"index":"index","follow":"follow","max-snippet":"max-snippet:-1","max-image-preview":"max-image-preview:large","max-video-preview":"max-video-preview:-1"},"canonical":"https:\/\/deseopatisserie.com\/de\/produkt\/rudolf\/","og_locale":"de_DE","og_type":"article","og_title":"RUDOLF Monoportion - DESEO Konditorei Warschau","og_description":"Die Rudolf Monoportion ist die perfekte Torte zu Weihnachten. Hier finden Sie Marzipanmousse, altpolnische Lebkuchen und Pflaumenmarmelade!","og_url":"https:\/\/deseopatisserie.com\/de\/produkt\/rudolf\/","og_site_name":"DESEO","article_modified_time":"2025-04-02T13:52:42+00:00","og_image":[{"width":2000,"height":1333,"url":"https:\/\/deseopatisserie.com\/\/wp-content\/uploads\/2020\/11\/004A8400.jpg","type":"image\/jpeg"}],"twitter_card":"summary_large_image","schema":{"@context":"https:\/\/schema.org","@graph":[{"@type":"WebPage","@id":"https:\/\/deseopatisserie.com\/de\/produkt\/rudolf\/","url":"https:\/\/deseopatisserie.com\/de\/produkt\/rudolf\/","name":"RUDOLF Monoportion - DESEO Konditorei Warschau","isPartOf":{"@id":"https:\/\/deseopatisserie.com\/de\/#website"},"primaryImageOfPage":{"@id":"https:\/\/deseopatisserie.com\/de\/produkt\/rudolf\/#primaryimage"},"image":{"@id":"https:\/\/deseopatisserie.com\/de\/produkt\/rudolf\/#primaryimage"},"thumbnailUrl":"https:\/\/deseopatisserie.com\/\/wp-content\/uploads\/2020\/11\/004A8400.jpg","datePublished":"2020-11-13T14:51:10+00:00","dateModified":"2025-04-02T13:52:42+00:00","description":"Die Rudolf Monoportion ist die perfekte Torte zu Weihnachten. Hier finden Sie Marzipanmousse, altpolnische Lebkuchen und Pflaumenmarmelade!","breadcrumb":{"@id":"https:\/\/deseopatisserie.com\/de\/produkt\/rudolf\/#breadcrumb"},"inLanguage":"de","potentialAction":[{"@type":"ReadAction","target":["https:\/\/deseopatisserie.com\/de\/produkt\/rudolf\/"]}]},{"@type":"ImageObject","inLanguage":"de","@id":"https:\/\/deseopatisserie.com\/de\/produkt\/rudolf\/#primaryimage","url":"https:\/\/deseopatisserie.com\/\/wp-content\/uploads\/2020\/11\/004A8400.jpg","contentUrl":"https:\/\/deseopatisserie.com\/\/wp-content\/uploads\/2020\/11\/004A8400.jpg","width":2000,"height":1333},{"@type":"BreadcrumbList","@id":"https:\/\/deseopatisserie.com\/de\/produkt\/rudolf\/#breadcrumb","itemListElement":[{"@type":"ListItem","position":1,"name":"Strona g\u0142\u00f3wna","item":"https:\/\/deseopatisserie.com\/de\/homepage\/"},{"@type":"ListItem","position":2,"name":"Rudolf"}]},{"@type":"WebSite","@id":"https:\/\/deseopatisserie.com\/de\/#website","url":"https:\/\/deseopatisserie.com\/de\/","name":"DESEO","description":"Patisserie &amp; Chocolaterie","potentialAction":[{"@type":"SearchAction","target":{"@type":"EntryPoint","urlTemplate":"https:\/\/deseopatisserie.com\/de\/?s={search_term_string}"},"query-input":{"@type":"PropertyValueSpecification","valueRequired":true,"valueName":"search_term_string"}}],"inLanguage":"de"}]}},"_links":{"self":[{"href":"https:\/\/deseopatisserie.com\/de\/wp-json\/wp\/v2\/product\/92516","targetHints":{"allow":["GET"]}}],"collection":[{"href":"https:\/\/deseopatisserie.com\/de\/wp-json\/wp\/v2\/product"}],"about":[{"href":"https:\/\/deseopatisserie.com\/de\/wp-json\/wp\/v2\/types\/product"}],"wp:featuredmedia":[{"embeddable":true,"href":"https:\/\/deseopatisserie.com\/de\/wp-json\/wp\/v2\/media\/80915"}],"wp:attachment":[{"href":"https:\/\/deseopatisserie.com\/de\/wp-json\/wp\/v2\/media?parent=92516"}],"wp:term":[{"taxonomy":"product_brand","embeddable":true,"href":"https:\/\/deseopatisserie.com\/de\/wp-json\/wp\/v2\/product_brand?post=92516"},{"taxonomy":"product_cat","embeddable":true,"href":"https:\/\/deseopatisserie.com\/de\/wp-json\/wp\/v2\/product_cat?post=92516"},{"taxonomy":"product_tag","embeddable":true,"href":"https:\/\/deseopatisserie.com\/de\/wp-json\/wp\/v2\/product_tag?post=92516"}],"curies":[{"name":"wp","href":"https:\/\/api.w.org\/{rel}","templated":true}]}}