{"id":92514,"date":"2020-11-12T19:07:11","date_gmt":"2020-11-12T18:07:11","guid":{"rendered":"https:\/\/deseopatisserie.com\/produkt\/fresamore\/"},"modified":"2025-04-02T15:52:45","modified_gmt":"2025-04-02T13:52:45","slug":"fresamore","status":"publish","type":"product","link":"https:\/\/deseopatisserie.com\/de\/produkt\/fresamore\/","title":{"rendered":"Fresamore"},"content":{"rendered":"","protected":false},"excerpt":{"rendered":"<p>Chantilly-Mousse mit Vanille Bourbon aus Madagaskar \/ Erdbeerst\u00fccke \/ knusprig mit gefriergetrockneten Erdbeeren \/ fluffiger Biskuitkuchen \/ Erdbeer-Glacage<\/p>\n<p>Fresamore ist ein leichter, fruchtiger Kuchen. Angenehme Assoziationen von sommerlichen, einfachen Desserts, bei denen frische Erdbeeren mit Joghurt oder Sahne kombiniert werden.  Im Inneren des erdbeerf\u00f6rmigen Kuchens, der mit einer gl\u00e4nzenden roten Glasur \u00fcberzogen ist, finden Sie eine zarte Mousse mit Bourbon-Vanille aus Madagaskar und ein Erdbeerherz mit St\u00fccken frischer Erdbeeren. Verschlossen wird alles mit einem fluffigen Biskuit. <\/p>\n","protected":false},"featured_media":80775,"template":"","meta":{"_acf_changed":false},"product_brand":[],"product_cat":[1750],"product_tag":[],"class_list":{"0":"post-92514","1":"product","2":"type-product","3":"status-publish","4":"has-post-thumbnail","6":"product_cat-petit-gateau-kekse","8":"first","9":"instock","10":"taxable","11":"shipping-taxable","12":"purchasable","13":"product-type-simple"},"acf":[],"yoast_head":"<!-- This site is optimized with the Yoast SEO plugin v27.4 - https:\/\/yoast.com\/product\/yoast-seo-wordpress\/ -->\n<title>Fresamore - Cukiernia DESEO Warszawa<\/title>\n<meta name=\"description\" content=\"Fresamore ist ein leichter, fruchtiger Kuchen. Angenehme Assoziationen von sommerlichen, einfachen Desserts, bei denen frische Erdbeeren mit Joghurt oder Sahne kombiniert werden.\" \/>\n<meta name=\"robots\" content=\"index, follow, max-snippet:-1, max-image-preview:large, max-video-preview:-1\" \/>\n<link rel=\"canonical\" href=\"https:\/\/deseopatisserie.com\/de\/produkt\/fresamore\/\" \/>\n<meta property=\"og:locale\" content=\"de_DE\" \/>\n<meta property=\"og:type\" content=\"article\" \/>\n<meta property=\"og:title\" content=\"DESEO Fresamehr\" \/>\n<meta property=\"og:description\" content=\"Fresamore ist ein leichter, fruchtiger Kuchen. Angenehme Assoziationen von sommerlichen, einfachen Desserts, bei denen frische Erdbeeren mit Joghurt oder Sahne kombiniert werden.\" \/>\n<meta property=\"og:url\" content=\"https:\/\/deseopatisserie.com\/de\/produkt\/fresamore\/\" \/>\n<meta property=\"og:site_name\" content=\"DESEO\" \/>\n<meta property=\"article:modified_time\" content=\"2025-04-02T13:52:45+00:00\" \/>\n<meta property=\"og:image\" content=\"https:\/\/deseopatisserie.com\/wp-content\/uploads\/2020\/07\/004A6379-1024x682.jpg\" \/>\n<meta name=\"twitter:card\" content=\"summary_large_image\" \/>\n<script type=\"application\/ld+json\" class=\"yoast-schema-graph\">{\"@context\":\"https:\\\/\\\/schema.org\",\"@graph\":[{\"@type\":\"WebPage\",\"@id\":\"https:\\\/\\\/deseopatisserie.com\\\/de\\\/produkt\\\/fresamore\\\/\",\"url\":\"https:\\\/\\\/deseopatisserie.com\\\/de\\\/produkt\\\/fresamore\\\/\",\"name\":\"Fresamore - Cukiernia DESEO Warszawa\",\"isPartOf\":{\"@id\":\"https:\\\/\\\/deseopatisserie.com\\\/de\\\/#website\"},\"primaryImageOfPage\":{\"@id\":\"https:\\\/\\\/deseopatisserie.com\\\/de\\\/produkt\\\/fresamore\\\/#primaryimage\"},\"image\":{\"@id\":\"https:\\\/\\\/deseopatisserie.com\\\/de\\\/produkt\\\/fresamore\\\/#primaryimage\"},\"thumbnailUrl\":\"https:\\\/\\\/deseopatisserie.com\\\/\\\/wp-content\\\/uploads\\\/2020\\\/07\\\/004A6379.jpg\",\"datePublished\":\"2020-11-12T18:07:11+00:00\",\"dateModified\":\"2025-04-02T13:52:45+00:00\",\"description\":\"Fresamore ist ein leichter, fruchtiger Kuchen. Angenehme Assoziationen von sommerlichen, einfachen Desserts, bei denen frische Erdbeeren mit Joghurt oder Sahne kombiniert werden.\",\"breadcrumb\":{\"@id\":\"https:\\\/\\\/deseopatisserie.com\\\/de\\\/produkt\\\/fresamore\\\/#breadcrumb\"},\"inLanguage\":\"de\",\"potentialAction\":[{\"@type\":\"ReadAction\",\"target\":[\"https:\\\/\\\/deseopatisserie.com\\\/de\\\/produkt\\\/fresamore\\\/\"]}]},{\"@type\":\"ImageObject\",\"inLanguage\":\"de\",\"@id\":\"https:\\\/\\\/deseopatisserie.com\\\/de\\\/produkt\\\/fresamore\\\/#primaryimage\",\"url\":\"https:\\\/\\\/deseopatisserie.com\\\/\\\/wp-content\\\/uploads\\\/2020\\\/07\\\/004A6379.jpg\",\"contentUrl\":\"https:\\\/\\\/deseopatisserie.com\\\/\\\/wp-content\\\/uploads\\\/2020\\\/07\\\/004A6379.jpg\",\"width\":2000,\"height\":1333},{\"@type\":\"BreadcrumbList\",\"@id\":\"https:\\\/\\\/deseopatisserie.com\\\/de\\\/produkt\\\/fresamore\\\/#breadcrumb\",\"itemListElement\":[{\"@type\":\"ListItem\",\"position\":1,\"name\":\"Strona g\u0142\u00f3wna\",\"item\":\"https:\\\/\\\/deseopatisserie.com\\\/de\\\/homepage\\\/\"},{\"@type\":\"ListItem\",\"position\":2,\"name\":\"Fresamore\"}]},{\"@type\":\"WebSite\",\"@id\":\"https:\\\/\\\/deseopatisserie.com\\\/de\\\/#website\",\"url\":\"https:\\\/\\\/deseopatisserie.com\\\/de\\\/\",\"name\":\"DESEO\",\"description\":\"Patisserie &amp; Chocolaterie\",\"potentialAction\":[{\"@type\":\"SearchAction\",\"target\":{\"@type\":\"EntryPoint\",\"urlTemplate\":\"https:\\\/\\\/deseopatisserie.com\\\/de\\\/?s={search_term_string}\"},\"query-input\":{\"@type\":\"PropertyValueSpecification\",\"valueRequired\":true,\"valueName\":\"search_term_string\"}}],\"inLanguage\":\"de\"}]}<\/script>\n<!-- \/ Yoast SEO plugin. -->","yoast_head_json":{"title":"Fresamore - Cukiernia DESEO Warszawa","description":"Fresamore ist ein leichter, fruchtiger Kuchen. Angenehme Assoziationen von sommerlichen, einfachen Desserts, bei denen frische Erdbeeren mit Joghurt oder Sahne kombiniert werden.","robots":{"index":"index","follow":"follow","max-snippet":"max-snippet:-1","max-image-preview":"max-image-preview:large","max-video-preview":"max-video-preview:-1"},"canonical":"https:\/\/deseopatisserie.com\/de\/produkt\/fresamore\/","og_locale":"de_DE","og_type":"article","og_title":"DESEO Fresamehr","og_description":"Fresamore ist ein leichter, fruchtiger Kuchen. Angenehme Assoziationen von sommerlichen, einfachen Desserts, bei denen frische Erdbeeren mit Joghurt oder Sahne kombiniert werden.","og_url":"https:\/\/deseopatisserie.com\/de\/produkt\/fresamore\/","og_site_name":"DESEO","article_modified_time":"2025-04-02T13:52:45+00:00","og_image":[{"url":"https:\/\/deseopatisserie.com\/wp-content\/uploads\/2020\/07\/004A6379-1024x682.jpg","type":"","width":"","height":""}],"twitter_card":"summary_large_image","schema":{"@context":"https:\/\/schema.org","@graph":[{"@type":"WebPage","@id":"https:\/\/deseopatisserie.com\/de\/produkt\/fresamore\/","url":"https:\/\/deseopatisserie.com\/de\/produkt\/fresamore\/","name":"Fresamore - Cukiernia DESEO Warszawa","isPartOf":{"@id":"https:\/\/deseopatisserie.com\/de\/#website"},"primaryImageOfPage":{"@id":"https:\/\/deseopatisserie.com\/de\/produkt\/fresamore\/#primaryimage"},"image":{"@id":"https:\/\/deseopatisserie.com\/de\/produkt\/fresamore\/#primaryimage"},"thumbnailUrl":"https:\/\/deseopatisserie.com\/\/wp-content\/uploads\/2020\/07\/004A6379.jpg","datePublished":"2020-11-12T18:07:11+00:00","dateModified":"2025-04-02T13:52:45+00:00","description":"Fresamore ist ein leichter, fruchtiger Kuchen. Angenehme Assoziationen von sommerlichen, einfachen Desserts, bei denen frische Erdbeeren mit Joghurt oder Sahne kombiniert werden.","breadcrumb":{"@id":"https:\/\/deseopatisserie.com\/de\/produkt\/fresamore\/#breadcrumb"},"inLanguage":"de","potentialAction":[{"@type":"ReadAction","target":["https:\/\/deseopatisserie.com\/de\/produkt\/fresamore\/"]}]},{"@type":"ImageObject","inLanguage":"de","@id":"https:\/\/deseopatisserie.com\/de\/produkt\/fresamore\/#primaryimage","url":"https:\/\/deseopatisserie.com\/\/wp-content\/uploads\/2020\/07\/004A6379.jpg","contentUrl":"https:\/\/deseopatisserie.com\/\/wp-content\/uploads\/2020\/07\/004A6379.jpg","width":2000,"height":1333},{"@type":"BreadcrumbList","@id":"https:\/\/deseopatisserie.com\/de\/produkt\/fresamore\/#breadcrumb","itemListElement":[{"@type":"ListItem","position":1,"name":"Strona g\u0142\u00f3wna","item":"https:\/\/deseopatisserie.com\/de\/homepage\/"},{"@type":"ListItem","position":2,"name":"Fresamore"}]},{"@type":"WebSite","@id":"https:\/\/deseopatisserie.com\/de\/#website","url":"https:\/\/deseopatisserie.com\/de\/","name":"DESEO","description":"Patisserie &amp; Chocolaterie","potentialAction":[{"@type":"SearchAction","target":{"@type":"EntryPoint","urlTemplate":"https:\/\/deseopatisserie.com\/de\/?s={search_term_string}"},"query-input":{"@type":"PropertyValueSpecification","valueRequired":true,"valueName":"search_term_string"}}],"inLanguage":"de"}]}},"_links":{"self":[{"href":"https:\/\/deseopatisserie.com\/de\/wp-json\/wp\/v2\/product\/92514","targetHints":{"allow":["GET"]}}],"collection":[{"href":"https:\/\/deseopatisserie.com\/de\/wp-json\/wp\/v2\/product"}],"about":[{"href":"https:\/\/deseopatisserie.com\/de\/wp-json\/wp\/v2\/types\/product"}],"wp:featuredmedia":[{"embeddable":true,"href":"https:\/\/deseopatisserie.com\/de\/wp-json\/wp\/v2\/media\/80775"}],"wp:attachment":[{"href":"https:\/\/deseopatisserie.com\/de\/wp-json\/wp\/v2\/media?parent=92514"}],"wp:term":[{"taxonomy":"product_brand","embeddable":true,"href":"https:\/\/deseopatisserie.com\/de\/wp-json\/wp\/v2\/product_brand?post=92514"},{"taxonomy":"product_cat","embeddable":true,"href":"https:\/\/deseopatisserie.com\/de\/wp-json\/wp\/v2\/product_cat?post=92514"},{"taxonomy":"product_tag","embeddable":true,"href":"https:\/\/deseopatisserie.com\/de\/wp-json\/wp\/v2\/product_tag?post=92514"}],"curies":[{"name":"wp","href":"https:\/\/api.w.org\/{rel}","templated":true}]}}