{"id":92513,"date":"2020-11-22T11:00:04","date_gmt":"2020-11-22T10:00:04","guid":{"rendered":"https:\/\/deseopatisserie.com\/produkt\/obstkuchen-karamell-haselnuesse\/"},"modified":"2025-04-02T15:52:49","modified_gmt":"2025-04-02T13:52:49","slug":"obstkuchen-karamell-haselnuesse","status":"publish","type":"product","link":"https:\/\/deseopatisserie.com\/de\/produkt\/obstkuchen-karamell-haselnuesse\/","title":{"rendered":"Obstkuchen, Karamell &amp; Haseln\u00fcsse"},"content":{"rendered":"","protected":false},"excerpt":{"rendered":"<p>Erdnuss-Obstkuchen mit Haselnussst\u00fcckchen, getr\u00e4nkt in Tonkabohnensirup \/ Tonka-Karamell \/ Milchschokoladen\u00fcberzug mit Haseln\u00fcssen<\/p>\n<p>&nbsp;<\/p>\n<p>Eine ausschweifende Kombination aus Nuss-Obstkuchen mit Karamell und Milchschokoladen\u00fcberzug. Tr\u00e4nken Sie unseren Obstkuchen mit Tonkabohnesirup, der sowohl eine angenehme Feuchtigkeit als auch einen einzigartigen Geschmack verleiht. Tauchen Sie das Ganze in Schokolade mit der Zugabe von zerkleinerten Haseln\u00fcssen. Effekt? M\u00c4RCHEN! Eine perfekte Wahl f\u00fcr einen Weihnachtstisch, wenn Sie viele Kinder unter den Feiernden haben.     <\/p>\n","protected":false},"featured_media":81171,"template":"","meta":{"_acf_changed":false},"product_brand":[],"product_cat":[2612,2699,2008],"product_tag":[],"class_list":{"0":"post-92513","1":"product","2":"type-product","3":"status-publish","4":"has-post-thumbnail","6":"product_cat-kuchen","7":"product_cat-kuchen-de","8":"product_cat-weihnachten","10":"first","11":"outofstock","12":"taxable","13":"shipping-taxable","14":"purchasable","15":"product-type-simple"},"acf":[],"yoast_head":"<!-- This site is optimized with the Yoast SEO plugin v27.4 - https:\/\/yoast.com\/product\/yoast-seo-wordpress\/ -->\n<title>Obstkuchen, Karamell &amp; Haseln\u00fcsse - Cukiernia DESEO Warszawa<\/title>\n<meta name=\"robots\" content=\"index, follow, max-snippet:-1, max-image-preview:large, max-video-preview:-1\" \/>\n<link rel=\"canonical\" href=\"https:\/\/deseopatisserie.com\/de\/produkt\/obstkuchen-karamell-haselnuesse\/\" \/>\n<meta property=\"og:locale\" content=\"de_DE\" \/>\n<meta property=\"og:type\" content=\"article\" \/>\n<meta property=\"og:title\" content=\"Obstkuchen, Karamell &amp; Haseln\u00fcsse - Cukiernia DESEO Warszawa\" \/>\n<meta property=\"og:description\" content=\"Erdnuss-Obstkuchen mit Haselnussst\u00fcckchen, getr\u00e4nkt in Tonkabohnensirup \/ Tonka-Karamell \/ Milchschokoladen\u00fcberzug mit Haseln\u00fcssen &nbsp; Eine ausschweifende Kombination aus Nuss-Obstkuchen mit Karamell und Milchschokoladen\u00fcberzug. Tr\u00e4nken Sie unseren Obstkuchen mit Tonkabohnesirup, der sowohl eine angenehme Feuchtigkeit als auch einen einzigartigen Geschmack verleiht. Tauchen Sie das Ganze in Schokolade mit der Zugabe von zerkleinerten Haseln\u00fcssen. Effekt? M\u00c4RCHEN! Eine perfekte Wahl f\u00fcr einen Weihnachtstisch, wenn Sie viele Kinder unter den Feiernden haben.\" \/>\n<meta property=\"og:url\" content=\"https:\/\/deseopatisserie.com\/de\/produkt\/obstkuchen-karamell-haselnuesse\/\" \/>\n<meta property=\"og:site_name\" content=\"DESEO\" \/>\n<meta property=\"article:modified_time\" content=\"2025-04-02T13:52:49+00:00\" \/>\n<meta property=\"og:image\" content=\"https:\/\/deseopatisserie.com\/\/wp-content\/uploads\/2020\/11\/004A6590-zm-m.jpg\" \/>\n\t<meta property=\"og:image:width\" content=\"600\" \/>\n\t<meta property=\"og:image:height\" content=\"400\" \/>\n\t<meta property=\"og:image:type\" content=\"image\/jpeg\" \/>\n<meta name=\"twitter:card\" content=\"summary_large_image\" \/>\n<script type=\"application\/ld+json\" class=\"yoast-schema-graph\">{\"@context\":\"https:\\\/\\\/schema.org\",\"@graph\":[{\"@type\":\"WebPage\",\"@id\":\"https:\\\/\\\/deseopatisserie.com\\\/de\\\/produkt\\\/obstkuchen-karamell-haselnuesse\\\/\",\"url\":\"https:\\\/\\\/deseopatisserie.com\\\/de\\\/produkt\\\/obstkuchen-karamell-haselnuesse\\\/\",\"name\":\"Obstkuchen, Karamell &amp; Haseln\u00fcsse - Cukiernia DESEO Warszawa\",\"isPartOf\":{\"@id\":\"https:\\\/\\\/deseopatisserie.com\\\/de\\\/#website\"},\"primaryImageOfPage\":{\"@id\":\"https:\\\/\\\/deseopatisserie.com\\\/de\\\/produkt\\\/obstkuchen-karamell-haselnuesse\\\/#primaryimage\"},\"image\":{\"@id\":\"https:\\\/\\\/deseopatisserie.com\\\/de\\\/produkt\\\/obstkuchen-karamell-haselnuesse\\\/#primaryimage\"},\"thumbnailUrl\":\"https:\\\/\\\/deseopatisserie.com\\\/\\\/wp-content\\\/uploads\\\/2020\\\/11\\\/004A6590-zm-m.jpg\",\"datePublished\":\"2020-11-22T10:00:04+00:00\",\"dateModified\":\"2025-04-02T13:52:49+00:00\",\"breadcrumb\":{\"@id\":\"https:\\\/\\\/deseopatisserie.com\\\/de\\\/produkt\\\/obstkuchen-karamell-haselnuesse\\\/#breadcrumb\"},\"inLanguage\":\"de\",\"potentialAction\":[{\"@type\":\"ReadAction\",\"target\":[\"https:\\\/\\\/deseopatisserie.com\\\/de\\\/produkt\\\/obstkuchen-karamell-haselnuesse\\\/\"]}]},{\"@type\":\"ImageObject\",\"inLanguage\":\"de\",\"@id\":\"https:\\\/\\\/deseopatisserie.com\\\/de\\\/produkt\\\/obstkuchen-karamell-haselnuesse\\\/#primaryimage\",\"url\":\"https:\\\/\\\/deseopatisserie.com\\\/\\\/wp-content\\\/uploads\\\/2020\\\/11\\\/004A6590-zm-m.jpg\",\"contentUrl\":\"https:\\\/\\\/deseopatisserie.com\\\/\\\/wp-content\\\/uploads\\\/2020\\\/11\\\/004A6590-zm-m.jpg\",\"width\":600,\"height\":400},{\"@type\":\"BreadcrumbList\",\"@id\":\"https:\\\/\\\/deseopatisserie.com\\\/de\\\/produkt\\\/obstkuchen-karamell-haselnuesse\\\/#breadcrumb\",\"itemListElement\":[{\"@type\":\"ListItem\",\"position\":1,\"name\":\"Strona g\u0142\u00f3wna\",\"item\":\"https:\\\/\\\/deseopatisserie.com\\\/de\\\/homepage\\\/\"},{\"@type\":\"ListItem\",\"position\":2,\"name\":\"Obstkuchen, Karamell &amp; Haseln\u00fcsse\"}]},{\"@type\":\"WebSite\",\"@id\":\"https:\\\/\\\/deseopatisserie.com\\\/de\\\/#website\",\"url\":\"https:\\\/\\\/deseopatisserie.com\\\/de\\\/\",\"name\":\"DESEO\",\"description\":\"Patisserie &amp; Chocolaterie\",\"potentialAction\":[{\"@type\":\"SearchAction\",\"target\":{\"@type\":\"EntryPoint\",\"urlTemplate\":\"https:\\\/\\\/deseopatisserie.com\\\/de\\\/?s={search_term_string}\"},\"query-input\":{\"@type\":\"PropertyValueSpecification\",\"valueRequired\":true,\"valueName\":\"search_term_string\"}}],\"inLanguage\":\"de\"}]}<\/script>\n<!-- \/ Yoast SEO plugin. -->","yoast_head_json":{"title":"Obstkuchen, Karamell &amp; Haseln\u00fcsse - Cukiernia DESEO Warszawa","robots":{"index":"index","follow":"follow","max-snippet":"max-snippet:-1","max-image-preview":"max-image-preview:large","max-video-preview":"max-video-preview:-1"},"canonical":"https:\/\/deseopatisserie.com\/de\/produkt\/obstkuchen-karamell-haselnuesse\/","og_locale":"de_DE","og_type":"article","og_title":"Obstkuchen, Karamell &amp; Haseln\u00fcsse - Cukiernia DESEO Warszawa","og_description":"Erdnuss-Obstkuchen mit Haselnussst\u00fcckchen, getr\u00e4nkt in Tonkabohnensirup \/ Tonka-Karamell \/ Milchschokoladen\u00fcberzug mit Haseln\u00fcssen &nbsp; Eine ausschweifende Kombination aus Nuss-Obstkuchen mit Karamell und Milchschokoladen\u00fcberzug. Tr\u00e4nken Sie unseren Obstkuchen mit Tonkabohnesirup, der sowohl eine angenehme Feuchtigkeit als auch einen einzigartigen Geschmack verleiht. Tauchen Sie das Ganze in Schokolade mit der Zugabe von zerkleinerten Haseln\u00fcssen. Effekt? M\u00c4RCHEN! Eine perfekte Wahl f\u00fcr einen Weihnachtstisch, wenn Sie viele Kinder unter den Feiernden haben.","og_url":"https:\/\/deseopatisserie.com\/de\/produkt\/obstkuchen-karamell-haselnuesse\/","og_site_name":"DESEO","article_modified_time":"2025-04-02T13:52:49+00:00","og_image":[{"width":600,"height":400,"url":"https:\/\/deseopatisserie.com\/\/wp-content\/uploads\/2020\/11\/004A6590-zm-m.jpg","type":"image\/jpeg"}],"twitter_card":"summary_large_image","schema":{"@context":"https:\/\/schema.org","@graph":[{"@type":"WebPage","@id":"https:\/\/deseopatisserie.com\/de\/produkt\/obstkuchen-karamell-haselnuesse\/","url":"https:\/\/deseopatisserie.com\/de\/produkt\/obstkuchen-karamell-haselnuesse\/","name":"Obstkuchen, Karamell &amp; Haseln\u00fcsse - Cukiernia DESEO Warszawa","isPartOf":{"@id":"https:\/\/deseopatisserie.com\/de\/#website"},"primaryImageOfPage":{"@id":"https:\/\/deseopatisserie.com\/de\/produkt\/obstkuchen-karamell-haselnuesse\/#primaryimage"},"image":{"@id":"https:\/\/deseopatisserie.com\/de\/produkt\/obstkuchen-karamell-haselnuesse\/#primaryimage"},"thumbnailUrl":"https:\/\/deseopatisserie.com\/\/wp-content\/uploads\/2020\/11\/004A6590-zm-m.jpg","datePublished":"2020-11-22T10:00:04+00:00","dateModified":"2025-04-02T13:52:49+00:00","breadcrumb":{"@id":"https:\/\/deseopatisserie.com\/de\/produkt\/obstkuchen-karamell-haselnuesse\/#breadcrumb"},"inLanguage":"de","potentialAction":[{"@type":"ReadAction","target":["https:\/\/deseopatisserie.com\/de\/produkt\/obstkuchen-karamell-haselnuesse\/"]}]},{"@type":"ImageObject","inLanguage":"de","@id":"https:\/\/deseopatisserie.com\/de\/produkt\/obstkuchen-karamell-haselnuesse\/#primaryimage","url":"https:\/\/deseopatisserie.com\/\/wp-content\/uploads\/2020\/11\/004A6590-zm-m.jpg","contentUrl":"https:\/\/deseopatisserie.com\/\/wp-content\/uploads\/2020\/11\/004A6590-zm-m.jpg","width":600,"height":400},{"@type":"BreadcrumbList","@id":"https:\/\/deseopatisserie.com\/de\/produkt\/obstkuchen-karamell-haselnuesse\/#breadcrumb","itemListElement":[{"@type":"ListItem","position":1,"name":"Strona g\u0142\u00f3wna","item":"https:\/\/deseopatisserie.com\/de\/homepage\/"},{"@type":"ListItem","position":2,"name":"Obstkuchen, Karamell &amp; Haseln\u00fcsse"}]},{"@type":"WebSite","@id":"https:\/\/deseopatisserie.com\/de\/#website","url":"https:\/\/deseopatisserie.com\/de\/","name":"DESEO","description":"Patisserie &amp; Chocolaterie","potentialAction":[{"@type":"SearchAction","target":{"@type":"EntryPoint","urlTemplate":"https:\/\/deseopatisserie.com\/de\/?s={search_term_string}"},"query-input":{"@type":"PropertyValueSpecification","valueRequired":true,"valueName":"search_term_string"}}],"inLanguage":"de"}]}},"_links":{"self":[{"href":"https:\/\/deseopatisserie.com\/de\/wp-json\/wp\/v2\/product\/92513","targetHints":{"allow":["GET"]}}],"collection":[{"href":"https:\/\/deseopatisserie.com\/de\/wp-json\/wp\/v2\/product"}],"about":[{"href":"https:\/\/deseopatisserie.com\/de\/wp-json\/wp\/v2\/types\/product"}],"wp:featuredmedia":[{"embeddable":true,"href":"https:\/\/deseopatisserie.com\/de\/wp-json\/wp\/v2\/media\/81171"}],"wp:attachment":[{"href":"https:\/\/deseopatisserie.com\/de\/wp-json\/wp\/v2\/media?parent=92513"}],"wp:term":[{"taxonomy":"product_brand","embeddable":true,"href":"https:\/\/deseopatisserie.com\/de\/wp-json\/wp\/v2\/product_brand?post=92513"},{"taxonomy":"product_cat","embeddable":true,"href":"https:\/\/deseopatisserie.com\/de\/wp-json\/wp\/v2\/product_cat?post=92513"},{"taxonomy":"product_tag","embeddable":true,"href":"https:\/\/deseopatisserie.com\/de\/wp-json\/wp\/v2\/product_tag?post=92513"}],"curies":[{"name":"wp","href":"https:\/\/api.w.org\/{rel}","templated":true}]}}