{"id":92498,"date":"2020-08-03T17:27:42","date_gmt":"2020-08-03T15:27:42","guid":{"rendered":"https:\/\/deseopatisserie.com\/produkt\/personalisierung-der-torte\/"},"modified":"2020-08-03T17:27:42","modified_gmt":"2020-08-03T15:27:42","slug":"personalisierung-der-torte","status":"publish","type":"product","link":"https:\/\/deseopatisserie.com\/de\/produkt\/personalisierung-der-torte\/","title":{"rendered":"Personalisierung der Torte"},"content":{"rendered":"","protected":false},"excerpt":{"rendered":"<p>M\u00f6chten Sie die Standard-Tortendekoration in eine andere Farbe oder ein anderes Finish \u00e4ndern?<br \/>\nSie k\u00f6nnen aus drei Arten der Veredelung w\u00e4hlen:<br \/>\n&#8211; gl\u00e4nzendes Glacage (sog. Spiegelglasur)<br \/>\n&#8211; Schokoladenwildleder<br \/>\n &#8211; halb und halb: die H\u00e4lfte des Kuchens mit Schokoladenwildleder \u00fcberzogen, die andere H\u00e4lfte mit gl\u00e4nzendem Gletscher<br \/>\n&#8211; gl\u00e4nzender Glacage und Schokoladenrand<\/p>\n<p>Bitte schreiben Sie in den Kommentaren zur Bestellung (bei der Auswahl der Abhol-\/Lieferoption), welche Art von Oberfl\u00e4che und deren Farbe Sie gew\u00e4hlt haben.<br \/>\nDie vorgestellten Fotos dienen als Beispiel, die Art der ausgew\u00e4hlten Dekoration sollte in den Kommentaren zur Bestellung beschrieben werden.<\/p>\n","protected":false},"featured_media":80509,"template":"","meta":{"_acf_changed":false},"product_brand":[],"product_cat":[2612],"product_tag":[],"class_list":{"0":"post-92498","1":"product","2":"type-product","3":"status-publish","4":"has-post-thumbnail","6":"product_cat-kuchen","8":"first","9":"instock","10":"taxable","11":"shipping-taxable","12":"purchasable","13":"product-type-simple"},"acf":[],"yoast_head":"<!-- This site is optimized with the Yoast SEO plugin v27.4 - https:\/\/yoast.com\/product\/yoast-seo-wordpress\/ -->\n<title>Personalisierung der Torte - Cukiernia DESEO Warszawa<\/title>\n<meta name=\"robots\" content=\"index, follow, max-snippet:-1, max-image-preview:large, max-video-preview:-1\" \/>\n<link rel=\"canonical\" href=\"https:\/\/deseopatisserie.com\/de\/produkt\/personalisierung-der-torte\/\" \/>\n<meta property=\"og:locale\" content=\"de_DE\" \/>\n<meta property=\"og:type\" content=\"article\" \/>\n<meta property=\"og:title\" content=\"Personalisierung der Torte - Cukiernia DESEO Warszawa\" \/>\n<meta property=\"og:description\" content=\"M\u00f6chten Sie die Standard-Tortendekoration in eine andere Farbe oder ein anderes Finish \u00e4ndern? Sie k\u00f6nnen aus drei Arten der Veredelung w\u00e4hlen: - gl\u00e4nzendes Glacage (sog. Spiegelglasur) - Schokoladenwildleder - halb und halb: die H\u00e4lfte des Kuchens mit Schokoladenwildleder \u00fcberzogen, die andere H\u00e4lfte mit gl\u00e4nzendem Gletscher - gl\u00e4nzender Glacage und Schokoladenrand Bitte schreiben Sie in den Kommentaren zur Bestellung (bei der Auswahl der Abhol-\/Lieferoption), welche Art von Oberfl\u00e4che und deren Farbe Sie gew\u00e4hlt haben. Die vorgestellten Fotos dienen als Beispiel, die Art der ausgew\u00e4hlten Dekoration sollte in den Kommentaren zur Bestellung beschrieben werden.\" \/>\n<meta property=\"og:url\" content=\"https:\/\/deseopatisserie.com\/de\/produkt\/personalisierung-der-torte\/\" \/>\n<meta property=\"og:site_name\" content=\"DESEO\" \/>\n<meta property=\"og:image\" content=\"https:\/\/deseopatisserie.com\/\/wp-content\/uploads\/2020\/06\/New-York-2-zm.jpg\" \/>\n\t<meta property=\"og:image:width\" content=\"600\" \/>\n\t<meta property=\"og:image:height\" content=\"400\" \/>\n\t<meta property=\"og:image:type\" content=\"image\/jpeg\" \/>\n<meta name=\"twitter:card\" content=\"summary_large_image\" \/>\n<script type=\"application\/ld+json\" class=\"yoast-schema-graph\">{\"@context\":\"https:\\\/\\\/schema.org\",\"@graph\":[{\"@type\":\"WebPage\",\"@id\":\"https:\\\/\\\/deseopatisserie.com\\\/de\\\/produkt\\\/personalisierung-der-torte\\\/\",\"url\":\"https:\\\/\\\/deseopatisserie.com\\\/de\\\/produkt\\\/personalisierung-der-torte\\\/\",\"name\":\"Personalisierung der Torte - Cukiernia DESEO Warszawa\",\"isPartOf\":{\"@id\":\"https:\\\/\\\/deseopatisserie.com\\\/de\\\/#website\"},\"primaryImageOfPage\":{\"@id\":\"https:\\\/\\\/deseopatisserie.com\\\/de\\\/produkt\\\/personalisierung-der-torte\\\/#primaryimage\"},\"image\":{\"@id\":\"https:\\\/\\\/deseopatisserie.com\\\/de\\\/produkt\\\/personalisierung-der-torte\\\/#primaryimage\"},\"thumbnailUrl\":\"https:\\\/\\\/deseopatisserie.com\\\/\\\/wp-content\\\/uploads\\\/2020\\\/06\\\/New-York-2-zm.jpg\",\"datePublished\":\"2020-08-03T15:27:42+00:00\",\"breadcrumb\":{\"@id\":\"https:\\\/\\\/deseopatisserie.com\\\/de\\\/produkt\\\/personalisierung-der-torte\\\/#breadcrumb\"},\"inLanguage\":\"de\",\"potentialAction\":[{\"@type\":\"ReadAction\",\"target\":[\"https:\\\/\\\/deseopatisserie.com\\\/de\\\/produkt\\\/personalisierung-der-torte\\\/\"]}]},{\"@type\":\"ImageObject\",\"inLanguage\":\"de\",\"@id\":\"https:\\\/\\\/deseopatisserie.com\\\/de\\\/produkt\\\/personalisierung-der-torte\\\/#primaryimage\",\"url\":\"https:\\\/\\\/deseopatisserie.com\\\/\\\/wp-content\\\/uploads\\\/2020\\\/06\\\/New-York-2-zm.jpg\",\"contentUrl\":\"https:\\\/\\\/deseopatisserie.com\\\/\\\/wp-content\\\/uploads\\\/2020\\\/06\\\/New-York-2-zm.jpg\",\"width\":600,\"height\":400},{\"@type\":\"BreadcrumbList\",\"@id\":\"https:\\\/\\\/deseopatisserie.com\\\/de\\\/produkt\\\/personalisierung-der-torte\\\/#breadcrumb\",\"itemListElement\":[{\"@type\":\"ListItem\",\"position\":1,\"name\":\"Strona g\u0142\u00f3wna\",\"item\":\"https:\\\/\\\/deseopatisserie.com\\\/de\\\/homepage\\\/\"},{\"@type\":\"ListItem\",\"position\":2,\"name\":\"Personalisierung der Torte\"}]},{\"@type\":\"WebSite\",\"@id\":\"https:\\\/\\\/deseopatisserie.com\\\/de\\\/#website\",\"url\":\"https:\\\/\\\/deseopatisserie.com\\\/de\\\/\",\"name\":\"DESEO\",\"description\":\"Patisserie &amp; Chocolaterie\",\"potentialAction\":[{\"@type\":\"SearchAction\",\"target\":{\"@type\":\"EntryPoint\",\"urlTemplate\":\"https:\\\/\\\/deseopatisserie.com\\\/de\\\/?s={search_term_string}\"},\"query-input\":{\"@type\":\"PropertyValueSpecification\",\"valueRequired\":true,\"valueName\":\"search_term_string\"}}],\"inLanguage\":\"de\"}]}<\/script>\n<!-- \/ Yoast SEO plugin. -->","yoast_head_json":{"title":"Personalisierung der Torte - Cukiernia DESEO Warszawa","robots":{"index":"index","follow":"follow","max-snippet":"max-snippet:-1","max-image-preview":"max-image-preview:large","max-video-preview":"max-video-preview:-1"},"canonical":"https:\/\/deseopatisserie.com\/de\/produkt\/personalisierung-der-torte\/","og_locale":"de_DE","og_type":"article","og_title":"Personalisierung der Torte - Cukiernia DESEO Warszawa","og_description":"M\u00f6chten Sie die Standard-Tortendekoration in eine andere Farbe oder ein anderes Finish \u00e4ndern? Sie k\u00f6nnen aus drei Arten der Veredelung w\u00e4hlen: - gl\u00e4nzendes Glacage (sog. Spiegelglasur) - Schokoladenwildleder - halb und halb: die H\u00e4lfte des Kuchens mit Schokoladenwildleder \u00fcberzogen, die andere H\u00e4lfte mit gl\u00e4nzendem Gletscher - gl\u00e4nzender Glacage und Schokoladenrand Bitte schreiben Sie in den Kommentaren zur Bestellung (bei der Auswahl der Abhol-\/Lieferoption), welche Art von Oberfl\u00e4che und deren Farbe Sie gew\u00e4hlt haben. Die vorgestellten Fotos dienen als Beispiel, die Art der ausgew\u00e4hlten Dekoration sollte in den Kommentaren zur Bestellung beschrieben werden.","og_url":"https:\/\/deseopatisserie.com\/de\/produkt\/personalisierung-der-torte\/","og_site_name":"DESEO","og_image":[{"width":600,"height":400,"url":"https:\/\/deseopatisserie.com\/\/wp-content\/uploads\/2020\/06\/New-York-2-zm.jpg","type":"image\/jpeg"}],"twitter_card":"summary_large_image","schema":{"@context":"https:\/\/schema.org","@graph":[{"@type":"WebPage","@id":"https:\/\/deseopatisserie.com\/de\/produkt\/personalisierung-der-torte\/","url":"https:\/\/deseopatisserie.com\/de\/produkt\/personalisierung-der-torte\/","name":"Personalisierung der Torte - Cukiernia DESEO Warszawa","isPartOf":{"@id":"https:\/\/deseopatisserie.com\/de\/#website"},"primaryImageOfPage":{"@id":"https:\/\/deseopatisserie.com\/de\/produkt\/personalisierung-der-torte\/#primaryimage"},"image":{"@id":"https:\/\/deseopatisserie.com\/de\/produkt\/personalisierung-der-torte\/#primaryimage"},"thumbnailUrl":"https:\/\/deseopatisserie.com\/\/wp-content\/uploads\/2020\/06\/New-York-2-zm.jpg","datePublished":"2020-08-03T15:27:42+00:00","breadcrumb":{"@id":"https:\/\/deseopatisserie.com\/de\/produkt\/personalisierung-der-torte\/#breadcrumb"},"inLanguage":"de","potentialAction":[{"@type":"ReadAction","target":["https:\/\/deseopatisserie.com\/de\/produkt\/personalisierung-der-torte\/"]}]},{"@type":"ImageObject","inLanguage":"de","@id":"https:\/\/deseopatisserie.com\/de\/produkt\/personalisierung-der-torte\/#primaryimage","url":"https:\/\/deseopatisserie.com\/\/wp-content\/uploads\/2020\/06\/New-York-2-zm.jpg","contentUrl":"https:\/\/deseopatisserie.com\/\/wp-content\/uploads\/2020\/06\/New-York-2-zm.jpg","width":600,"height":400},{"@type":"BreadcrumbList","@id":"https:\/\/deseopatisserie.com\/de\/produkt\/personalisierung-der-torte\/#breadcrumb","itemListElement":[{"@type":"ListItem","position":1,"name":"Strona g\u0142\u00f3wna","item":"https:\/\/deseopatisserie.com\/de\/homepage\/"},{"@type":"ListItem","position":2,"name":"Personalisierung der Torte"}]},{"@type":"WebSite","@id":"https:\/\/deseopatisserie.com\/de\/#website","url":"https:\/\/deseopatisserie.com\/de\/","name":"DESEO","description":"Patisserie &amp; Chocolaterie","potentialAction":[{"@type":"SearchAction","target":{"@type":"EntryPoint","urlTemplate":"https:\/\/deseopatisserie.com\/de\/?s={search_term_string}"},"query-input":{"@type":"PropertyValueSpecification","valueRequired":true,"valueName":"search_term_string"}}],"inLanguage":"de"}]}},"_links":{"self":[{"href":"https:\/\/deseopatisserie.com\/de\/wp-json\/wp\/v2\/product\/92498","targetHints":{"allow":["GET"]}}],"collection":[{"href":"https:\/\/deseopatisserie.com\/de\/wp-json\/wp\/v2\/product"}],"about":[{"href":"https:\/\/deseopatisserie.com\/de\/wp-json\/wp\/v2\/types\/product"}],"wp:featuredmedia":[{"embeddable":true,"href":"https:\/\/deseopatisserie.com\/de\/wp-json\/wp\/v2\/media\/80509"}],"wp:attachment":[{"href":"https:\/\/deseopatisserie.com\/de\/wp-json\/wp\/v2\/media?parent=92498"}],"wp:term":[{"taxonomy":"product_brand","embeddable":true,"href":"https:\/\/deseopatisserie.com\/de\/wp-json\/wp\/v2\/product_brand?post=92498"},{"taxonomy":"product_cat","embeddable":true,"href":"https:\/\/deseopatisserie.com\/de\/wp-json\/wp\/v2\/product_cat?post=92498"},{"taxonomy":"product_tag","embeddable":true,"href":"https:\/\/deseopatisserie.com\/de\/wp-json\/wp\/v2\/product_tag?post=92498"}],"curies":[{"name":"wp","href":"https:\/\/api.w.org\/{rel}","templated":true}]}}