{"id":92495,"date":"2020-07-15T18:06:50","date_gmt":"2020-07-15T16:06:50","guid":{"rendered":"https:\/\/deseopatisserie.com\/produkt\/jagoptys\/"},"modified":"2020-07-15T18:06:50","modified_gmt":"2020-07-15T16:06:50","slug":"jagoptys","status":"publish","type":"product","link":"https:\/\/deseopatisserie.com\/de\/produkt\/jagoptys\/","title":{"rendered":"Jagopty\u015b"},"content":{"rendered":"","protected":false},"excerpt":{"rendered":"<p>Heidelbeeren \/ Brandteig \/ Patissiere Creme mit Vanille Bourbon aus Madagaskar<br \/>\n&nbsp;<\/p>\n<p>Der Weihnachtsbestseller ist zur\u00fcck! \ud83d\ude42 Jagodzianka von DESEO, oder JAGOPTY\u015a! Die Kraft der Beeren versteckt in einer knusprigen Bl\u00e4tterteigkuppel. Das Ganze ist mit einer Krone aus Patissiercreme mit Zusatz von Bourbon-Vanille aus Madagaskar verziert. Wenn Sie Blaubeeren lieben, ist dies das perfekte Dessert f\u00fcr Sie! Sie m\u00fcssen nicht mehr nach der besten Blaubeersuppe der Stadt suchen &#8211; w\u00e4hlen Sie Jagoptysia!:)<\/p>\n","protected":false},"featured_media":83569,"template":"","meta":{"_acf_changed":false},"product_brand":[],"product_cat":[1750],"product_tag":[],"class_list":{"0":"post-92495","1":"product","2":"type-product","3":"status-publish","4":"has-post-thumbnail","6":"product_cat-petit-gateau-kekse","8":"first","9":"instock","10":"taxable","11":"shipping-taxable","12":"purchasable","13":"product-type-simple"},"acf":[],"yoast_head":"<!-- This site is optimized with the Yoast SEO plugin v27.5 - https:\/\/yoast.com\/product\/yoast-seo-wordpress\/ -->\n<title>Jagopty\u015b - Cukiernia DESEO Warszawa<\/title>\n<meta name=\"description\" content=\"Der Urlaubs-Bestseller ist zur\u00fcck! :) Jagodzianka von DESEO, oder JAGOPTY\u015a! Wenn Sie Blaubeeren lieben, ist dies das perfekte Dessert f\u00fcr Sie!\" \/>\n<meta name=\"robots\" content=\"index, follow, max-snippet:-1, max-image-preview:large, max-video-preview:-1\" \/>\n<link rel=\"canonical\" href=\"https:\/\/deseopatisserie.com\/de\/produkt\/jagoptys\/\" \/>\n<meta property=\"og:locale\" content=\"de_DE\" \/>\n<meta property=\"og:type\" content=\"article\" \/>\n<meta property=\"og:title\" content=\"Jagopty\u015b DESEO\" \/>\n<meta property=\"og:description\" content=\"Der Urlaubs-Bestseller ist zur\u00fcck! :) Jagodzianka von DESEO, oder JAGOPTY\u015a! Die Kraft der Beeren versteckt in einer knusprigen Bl\u00e4tterteigkuppel.\" \/>\n<meta property=\"og:url\" content=\"https:\/\/deseopatisserie.com\/de\/produkt\/jagoptys\/\" \/>\n<meta property=\"og:site_name\" content=\"DESEO\" \/>\n<meta property=\"og:image\" content=\"https:\/\/deseopatisserie.com\/wp-content\/uploads\/2020\/07\/004A5873-1024x683.jpg\" \/>\n<meta name=\"twitter:card\" content=\"summary_large_image\" \/>\n<script type=\"application\/ld+json\" class=\"yoast-schema-graph\">{\"@context\":\"https:\\\/\\\/schema.org\",\"@graph\":[{\"@type\":\"WebPage\",\"@id\":\"https:\\\/\\\/deseopatisserie.com\\\/de\\\/produkt\\\/jagoptys\\\/\",\"url\":\"https:\\\/\\\/deseopatisserie.com\\\/de\\\/produkt\\\/jagoptys\\\/\",\"name\":\"Jagopty\u015b - Cukiernia DESEO Warszawa\",\"isPartOf\":{\"@id\":\"https:\\\/\\\/deseopatisserie.com\\\/de\\\/#website\"},\"primaryImageOfPage\":{\"@id\":\"https:\\\/\\\/deseopatisserie.com\\\/de\\\/produkt\\\/jagoptys\\\/#primaryimage\"},\"image\":{\"@id\":\"https:\\\/\\\/deseopatisserie.com\\\/de\\\/produkt\\\/jagoptys\\\/#primaryimage\"},\"thumbnailUrl\":\"https:\\\/\\\/deseopatisserie.com\\\/\\\/wp-content\\\/uploads\\\/2020\\\/07\\\/004A5873-scaled.jpg\",\"datePublished\":\"2020-07-15T16:06:50+00:00\",\"description\":\"Der Urlaubs-Bestseller ist zur\u00fcck! :) Jagodzianka von DESEO, oder JAGOPTY\u015a! Wenn Sie Blaubeeren lieben, ist dies das perfekte Dessert f\u00fcr Sie!\",\"breadcrumb\":{\"@id\":\"https:\\\/\\\/deseopatisserie.com\\\/de\\\/produkt\\\/jagoptys\\\/#breadcrumb\"},\"inLanguage\":\"de\",\"potentialAction\":[{\"@type\":\"ReadAction\",\"target\":[\"https:\\\/\\\/deseopatisserie.com\\\/de\\\/produkt\\\/jagoptys\\\/\"]}]},{\"@type\":\"ImageObject\",\"inLanguage\":\"de\",\"@id\":\"https:\\\/\\\/deseopatisserie.com\\\/de\\\/produkt\\\/jagoptys\\\/#primaryimage\",\"url\":\"https:\\\/\\\/deseopatisserie.com\\\/\\\/wp-content\\\/uploads\\\/2020\\\/07\\\/004A5873-scaled.jpg\",\"contentUrl\":\"https:\\\/\\\/deseopatisserie.com\\\/\\\/wp-content\\\/uploads\\\/2020\\\/07\\\/004A5873-scaled.jpg\",\"width\":2560,\"height\":1707},{\"@type\":\"BreadcrumbList\",\"@id\":\"https:\\\/\\\/deseopatisserie.com\\\/de\\\/produkt\\\/jagoptys\\\/#breadcrumb\",\"itemListElement\":[{\"@type\":\"ListItem\",\"position\":1,\"name\":\"Strona g\u0142\u00f3wna\",\"item\":\"https:\\\/\\\/deseopatisserie.com\\\/de\\\/homepage\\\/\"},{\"@type\":\"ListItem\",\"position\":2,\"name\":\"Jagopty\u015b\"}]},{\"@type\":\"WebSite\",\"@id\":\"https:\\\/\\\/deseopatisserie.com\\\/de\\\/#website\",\"url\":\"https:\\\/\\\/deseopatisserie.com\\\/de\\\/\",\"name\":\"DESEO\",\"description\":\"Patisserie &amp; Chocolaterie\",\"potentialAction\":[{\"@type\":\"SearchAction\",\"target\":{\"@type\":\"EntryPoint\",\"urlTemplate\":\"https:\\\/\\\/deseopatisserie.com\\\/de\\\/?s={search_term_string}\"},\"query-input\":{\"@type\":\"PropertyValueSpecification\",\"valueRequired\":true,\"valueName\":\"search_term_string\"}}],\"inLanguage\":\"de\"}]}<\/script>\n<!-- \/ Yoast SEO plugin. -->","yoast_head_json":{"title":"Jagopty\u015b - Cukiernia DESEO Warszawa","description":"Der Urlaubs-Bestseller ist zur\u00fcck! :) Jagodzianka von DESEO, oder JAGOPTY\u015a! Wenn Sie Blaubeeren lieben, ist dies das perfekte Dessert f\u00fcr Sie!","robots":{"index":"index","follow":"follow","max-snippet":"max-snippet:-1","max-image-preview":"max-image-preview:large","max-video-preview":"max-video-preview:-1"},"canonical":"https:\/\/deseopatisserie.com\/de\/produkt\/jagoptys\/","og_locale":"de_DE","og_type":"article","og_title":"Jagopty\u015b DESEO","og_description":"Der Urlaubs-Bestseller ist zur\u00fcck! :) Jagodzianka von DESEO, oder JAGOPTY\u015a! Die Kraft der Beeren versteckt in einer knusprigen Bl\u00e4tterteigkuppel.","og_url":"https:\/\/deseopatisserie.com\/de\/produkt\/jagoptys\/","og_site_name":"DESEO","og_image":[{"url":"https:\/\/deseopatisserie.com\/wp-content\/uploads\/2020\/07\/004A5873-1024x683.jpg","type":"","width":"","height":""}],"twitter_card":"summary_large_image","schema":{"@context":"https:\/\/schema.org","@graph":[{"@type":"WebPage","@id":"https:\/\/deseopatisserie.com\/de\/produkt\/jagoptys\/","url":"https:\/\/deseopatisserie.com\/de\/produkt\/jagoptys\/","name":"Jagopty\u015b - Cukiernia DESEO Warszawa","isPartOf":{"@id":"https:\/\/deseopatisserie.com\/de\/#website"},"primaryImageOfPage":{"@id":"https:\/\/deseopatisserie.com\/de\/produkt\/jagoptys\/#primaryimage"},"image":{"@id":"https:\/\/deseopatisserie.com\/de\/produkt\/jagoptys\/#primaryimage"},"thumbnailUrl":"https:\/\/deseopatisserie.com\/\/wp-content\/uploads\/2020\/07\/004A5873-scaled.jpg","datePublished":"2020-07-15T16:06:50+00:00","description":"Der Urlaubs-Bestseller ist zur\u00fcck! :) Jagodzianka von DESEO, oder JAGOPTY\u015a! Wenn Sie Blaubeeren lieben, ist dies das perfekte Dessert f\u00fcr Sie!","breadcrumb":{"@id":"https:\/\/deseopatisserie.com\/de\/produkt\/jagoptys\/#breadcrumb"},"inLanguage":"de","potentialAction":[{"@type":"ReadAction","target":["https:\/\/deseopatisserie.com\/de\/produkt\/jagoptys\/"]}]},{"@type":"ImageObject","inLanguage":"de","@id":"https:\/\/deseopatisserie.com\/de\/produkt\/jagoptys\/#primaryimage","url":"https:\/\/deseopatisserie.com\/\/wp-content\/uploads\/2020\/07\/004A5873-scaled.jpg","contentUrl":"https:\/\/deseopatisserie.com\/\/wp-content\/uploads\/2020\/07\/004A5873-scaled.jpg","width":2560,"height":1707},{"@type":"BreadcrumbList","@id":"https:\/\/deseopatisserie.com\/de\/produkt\/jagoptys\/#breadcrumb","itemListElement":[{"@type":"ListItem","position":1,"name":"Strona g\u0142\u00f3wna","item":"https:\/\/deseopatisserie.com\/de\/homepage\/"},{"@type":"ListItem","position":2,"name":"Jagopty\u015b"}]},{"@type":"WebSite","@id":"https:\/\/deseopatisserie.com\/de\/#website","url":"https:\/\/deseopatisserie.com\/de\/","name":"DESEO","description":"Patisserie &amp; Chocolaterie","potentialAction":[{"@type":"SearchAction","target":{"@type":"EntryPoint","urlTemplate":"https:\/\/deseopatisserie.com\/de\/?s={search_term_string}"},"query-input":{"@type":"PropertyValueSpecification","valueRequired":true,"valueName":"search_term_string"}}],"inLanguage":"de"}]}},"_links":{"self":[{"href":"https:\/\/deseopatisserie.com\/de\/wp-json\/wp\/v2\/product\/92495","targetHints":{"allow":["GET"]}}],"collection":[{"href":"https:\/\/deseopatisserie.com\/de\/wp-json\/wp\/v2\/product"}],"about":[{"href":"https:\/\/deseopatisserie.com\/de\/wp-json\/wp\/v2\/types\/product"}],"wp:featuredmedia":[{"embeddable":true,"href":"https:\/\/deseopatisserie.com\/de\/wp-json\/wp\/v2\/media\/83569"}],"wp:attachment":[{"href":"https:\/\/deseopatisserie.com\/de\/wp-json\/wp\/v2\/media?parent=92495"}],"wp:term":[{"taxonomy":"product_brand","embeddable":true,"href":"https:\/\/deseopatisserie.com\/de\/wp-json\/wp\/v2\/product_brand?post=92495"},{"taxonomy":"product_cat","embeddable":true,"href":"https:\/\/deseopatisserie.com\/de\/wp-json\/wp\/v2\/product_cat?post=92495"},{"taxonomy":"product_tag","embeddable":true,"href":"https:\/\/deseopatisserie.com\/de\/wp-json\/wp\/v2\/product_tag?post=92495"}],"curies":[{"name":"wp","href":"https:\/\/api.w.org\/{rel}","templated":true}]}}