{"id":92478,"date":"2020-05-29T14:02:22","date_gmt":"2020-05-29T12:02:22","guid":{"rendered":"https:\/\/deseopatisserie.com\/produkt\/kuchenzubehoer-dekoration-fuer-ein-kind\/"},"modified":"2020-05-29T14:02:22","modified_gmt":"2020-05-29T12:02:22","slug":"kuchenzubehoer-dekoration-fuer-ein-kind","status":"publish","type":"product","link":"https:\/\/deseopatisserie.com\/de\/produkt\/kuchenzubehoer-dekoration-fuer-ein-kind\/","title":{"rendered":"Kuchenzubeh\u00f6r \u2013 Dekoration f\u00fcr ein Kind"},"content":{"rendered":"","protected":false},"excerpt":{"rendered":"<p>Wir wissen, dass Kinder einzigartige Dekorationen m\u00f6gen. Daher k\u00f6nnen wir f\u00fcr ein Kind einen Kuchen in seinen Lieblingsfarben zubereiten und ihn mit Schokoladenkugeln in verschiedenen Gr\u00f6\u00dfen dekorieren. Kinder freuen sich in der Regel \u00fcber eine solche Dekoration. \ud83d\ude42 Wir bitten Sie, uns in den Kommentaren zur Bestellung (bei der Auswahl der Abhol-\/Lieferoption) mitzuteilen, ob die Torte f\u00fcr ein M\u00e4dchen oder einen Jungen ist und an welchen Farben der Torte Sie interessiert sind, z.B.:<br \/>\n &#8211; Rosa und Lila<br \/>\n &#8211; Blau und Marineblau<br \/>\n &#8211; Rosa und Grau<br \/>\n &#8211; Blau \/ Rot \/ Wei\u00df<br \/>\n &#8211; Gr\u00fcn und Gelb <strong>Hinweis: <\/strong>Die auf den Fotos gezeigten Dekorationen sind Beispiele.<br \/>\n<strong>Wir bieten keine Tortenaufleger an<\/strong>, Sie m\u00fcssen sie selbst kaufen und installieren, das Foto dient nur als Referenz.   <\/p>\n","protected":false},"featured_media":80439,"template":"","meta":{"_acf_changed":false},"product_brand":[],"product_cat":[2612],"product_tag":[],"class_list":{"0":"post-92478","1":"product","2":"type-product","3":"status-publish","4":"has-post-thumbnail","6":"product_cat-kuchen","8":"first","9":"instock","10":"taxable","11":"shipping-taxable","12":"purchasable","13":"product-type-simple"},"acf":[],"yoast_head":"<!-- This site is optimized with the Yoast SEO plugin v27.4 - https:\/\/yoast.com\/product\/yoast-seo-wordpress\/ -->\n<title>Kuchenzubeh\u00f6r \u2013 Dekoration f\u00fcr ein Kind - Cukiernia DESEO Warszawa<\/title>\n<meta name=\"robots\" content=\"index, follow, max-snippet:-1, max-image-preview:large, max-video-preview:-1\" \/>\n<link rel=\"canonical\" href=\"https:\/\/deseopatisserie.com\/de\/produkt\/kuchenzubehoer-dekoration-fuer-ein-kind\/\" \/>\n<meta property=\"og:locale\" content=\"de_DE\" \/>\n<meta property=\"og:type\" content=\"article\" \/>\n<meta property=\"og:title\" content=\"Kuchenzubeh\u00f6r \u2013 Dekoration f\u00fcr ein Kind - Cukiernia DESEO Warszawa\" \/>\n<meta property=\"og:description\" content=\"Wir wissen, dass Kinder einzigartige Dekorationen m\u00f6gen. Daher k\u00f6nnen wir f\u00fcr ein Kind einen Kuchen in seinen Lieblingsfarben zubereiten und ihn mit Schokoladenkugeln in verschiedenen Gr\u00f6\u00dfen dekorieren. Kinder freuen sich in der Regel \u00fcber eine solche Dekoration. :) Wir bitten Sie, uns in den Kommentaren zur Bestellung (bei der Auswahl der Abhol-\/Lieferoption) mitzuteilen, ob die Torte f\u00fcr ein M\u00e4dchen oder einen Jungen ist und an welchen Farben der Torte Sie interessiert sind, z.B.: - Rosa und Lila - Blau und Marineblau - Rosa und Grau - Blau \/ Rot \/ Wei\u00df - Gr\u00fcn und Gelb Hinweis: Die auf den Fotos gezeigten Dekorationen sind Beispiele. Wir bieten keine Tortenaufleger an, Sie m\u00fcssen sie selbst kaufen und installieren, das Foto dient nur als Referenz.\" \/>\n<meta property=\"og:url\" content=\"https:\/\/deseopatisserie.com\/de\/produkt\/kuchenzubehoer-dekoration-fuer-ein-kind\/\" \/>\n<meta property=\"og:site_name\" content=\"DESEO\" \/>\n<meta property=\"og:image\" content=\"https:\/\/deseopatisserie.com\/\/wp-content\/uploads\/2020\/05\/tort-dla-dzieci_roczek.jpg\" \/>\n\t<meta property=\"og:image:width\" content=\"680\" \/>\n\t<meta property=\"og:image:height\" content=\"699\" \/>\n\t<meta property=\"og:image:type\" content=\"image\/jpeg\" \/>\n<meta name=\"twitter:card\" content=\"summary_large_image\" \/>\n<script type=\"application\/ld+json\" class=\"yoast-schema-graph\">{\"@context\":\"https:\\\/\\\/schema.org\",\"@graph\":[{\"@type\":\"WebPage\",\"@id\":\"https:\\\/\\\/deseopatisserie.com\\\/de\\\/produkt\\\/kuchenzubehoer-dekoration-fuer-ein-kind\\\/\",\"url\":\"https:\\\/\\\/deseopatisserie.com\\\/de\\\/produkt\\\/kuchenzubehoer-dekoration-fuer-ein-kind\\\/\",\"name\":\"Kuchenzubeh\u00f6r \u2013 Dekoration f\u00fcr ein Kind - Cukiernia DESEO Warszawa\",\"isPartOf\":{\"@id\":\"https:\\\/\\\/deseopatisserie.com\\\/de\\\/#website\"},\"primaryImageOfPage\":{\"@id\":\"https:\\\/\\\/deseopatisserie.com\\\/de\\\/produkt\\\/kuchenzubehoer-dekoration-fuer-ein-kind\\\/#primaryimage\"},\"image\":{\"@id\":\"https:\\\/\\\/deseopatisserie.com\\\/de\\\/produkt\\\/kuchenzubehoer-dekoration-fuer-ein-kind\\\/#primaryimage\"},\"thumbnailUrl\":\"https:\\\/\\\/deseopatisserie.com\\\/\\\/wp-content\\\/uploads\\\/2020\\\/05\\\/tort-dla-dzieci_roczek.jpg\",\"datePublished\":\"2020-05-29T12:02:22+00:00\",\"breadcrumb\":{\"@id\":\"https:\\\/\\\/deseopatisserie.com\\\/de\\\/produkt\\\/kuchenzubehoer-dekoration-fuer-ein-kind\\\/#breadcrumb\"},\"inLanguage\":\"de\",\"potentialAction\":[{\"@type\":\"ReadAction\",\"target\":[\"https:\\\/\\\/deseopatisserie.com\\\/de\\\/produkt\\\/kuchenzubehoer-dekoration-fuer-ein-kind\\\/\"]}]},{\"@type\":\"ImageObject\",\"inLanguage\":\"de\",\"@id\":\"https:\\\/\\\/deseopatisserie.com\\\/de\\\/produkt\\\/kuchenzubehoer-dekoration-fuer-ein-kind\\\/#primaryimage\",\"url\":\"https:\\\/\\\/deseopatisserie.com\\\/\\\/wp-content\\\/uploads\\\/2020\\\/05\\\/tort-dla-dzieci_roczek.jpg\",\"contentUrl\":\"https:\\\/\\\/deseopatisserie.com\\\/\\\/wp-content\\\/uploads\\\/2020\\\/05\\\/tort-dla-dzieci_roczek.jpg\",\"width\":680,\"height\":699},{\"@type\":\"BreadcrumbList\",\"@id\":\"https:\\\/\\\/deseopatisserie.com\\\/de\\\/produkt\\\/kuchenzubehoer-dekoration-fuer-ein-kind\\\/#breadcrumb\",\"itemListElement\":[{\"@type\":\"ListItem\",\"position\":1,\"name\":\"Strona g\u0142\u00f3wna\",\"item\":\"https:\\\/\\\/deseopatisserie.com\\\/de\\\/homepage\\\/\"},{\"@type\":\"ListItem\",\"position\":2,\"name\":\"Kuchenzubeh\u00f6r \u2013 Dekoration f\u00fcr ein Kind\"}]},{\"@type\":\"WebSite\",\"@id\":\"https:\\\/\\\/deseopatisserie.com\\\/de\\\/#website\",\"url\":\"https:\\\/\\\/deseopatisserie.com\\\/de\\\/\",\"name\":\"DESEO\",\"description\":\"Patisserie &amp; Chocolaterie\",\"potentialAction\":[{\"@type\":\"SearchAction\",\"target\":{\"@type\":\"EntryPoint\",\"urlTemplate\":\"https:\\\/\\\/deseopatisserie.com\\\/de\\\/?s={search_term_string}\"},\"query-input\":{\"@type\":\"PropertyValueSpecification\",\"valueRequired\":true,\"valueName\":\"search_term_string\"}}],\"inLanguage\":\"de\"}]}<\/script>\n<!-- \/ Yoast SEO plugin. -->","yoast_head_json":{"title":"Kuchenzubeh\u00f6r \u2013 Dekoration f\u00fcr ein Kind - Cukiernia DESEO Warszawa","robots":{"index":"index","follow":"follow","max-snippet":"max-snippet:-1","max-image-preview":"max-image-preview:large","max-video-preview":"max-video-preview:-1"},"canonical":"https:\/\/deseopatisserie.com\/de\/produkt\/kuchenzubehoer-dekoration-fuer-ein-kind\/","og_locale":"de_DE","og_type":"article","og_title":"Kuchenzubeh\u00f6r \u2013 Dekoration f\u00fcr ein Kind - Cukiernia DESEO Warszawa","og_description":"Wir wissen, dass Kinder einzigartige Dekorationen m\u00f6gen. Daher k\u00f6nnen wir f\u00fcr ein Kind einen Kuchen in seinen Lieblingsfarben zubereiten und ihn mit Schokoladenkugeln in verschiedenen Gr\u00f6\u00dfen dekorieren. Kinder freuen sich in der Regel \u00fcber eine solche Dekoration. :) Wir bitten Sie, uns in den Kommentaren zur Bestellung (bei der Auswahl der Abhol-\/Lieferoption) mitzuteilen, ob die Torte f\u00fcr ein M\u00e4dchen oder einen Jungen ist und an welchen Farben der Torte Sie interessiert sind, z.B.: - Rosa und Lila - Blau und Marineblau - Rosa und Grau - Blau \/ Rot \/ Wei\u00df - Gr\u00fcn und Gelb Hinweis: Die auf den Fotos gezeigten Dekorationen sind Beispiele. Wir bieten keine Tortenaufleger an, Sie m\u00fcssen sie selbst kaufen und installieren, das Foto dient nur als Referenz.","og_url":"https:\/\/deseopatisserie.com\/de\/produkt\/kuchenzubehoer-dekoration-fuer-ein-kind\/","og_site_name":"DESEO","og_image":[{"width":680,"height":699,"url":"https:\/\/deseopatisserie.com\/\/wp-content\/uploads\/2020\/05\/tort-dla-dzieci_roczek.jpg","type":"image\/jpeg"}],"twitter_card":"summary_large_image","schema":{"@context":"https:\/\/schema.org","@graph":[{"@type":"WebPage","@id":"https:\/\/deseopatisserie.com\/de\/produkt\/kuchenzubehoer-dekoration-fuer-ein-kind\/","url":"https:\/\/deseopatisserie.com\/de\/produkt\/kuchenzubehoer-dekoration-fuer-ein-kind\/","name":"Kuchenzubeh\u00f6r \u2013 Dekoration f\u00fcr ein Kind - Cukiernia DESEO Warszawa","isPartOf":{"@id":"https:\/\/deseopatisserie.com\/de\/#website"},"primaryImageOfPage":{"@id":"https:\/\/deseopatisserie.com\/de\/produkt\/kuchenzubehoer-dekoration-fuer-ein-kind\/#primaryimage"},"image":{"@id":"https:\/\/deseopatisserie.com\/de\/produkt\/kuchenzubehoer-dekoration-fuer-ein-kind\/#primaryimage"},"thumbnailUrl":"https:\/\/deseopatisserie.com\/\/wp-content\/uploads\/2020\/05\/tort-dla-dzieci_roczek.jpg","datePublished":"2020-05-29T12:02:22+00:00","breadcrumb":{"@id":"https:\/\/deseopatisserie.com\/de\/produkt\/kuchenzubehoer-dekoration-fuer-ein-kind\/#breadcrumb"},"inLanguage":"de","potentialAction":[{"@type":"ReadAction","target":["https:\/\/deseopatisserie.com\/de\/produkt\/kuchenzubehoer-dekoration-fuer-ein-kind\/"]}]},{"@type":"ImageObject","inLanguage":"de","@id":"https:\/\/deseopatisserie.com\/de\/produkt\/kuchenzubehoer-dekoration-fuer-ein-kind\/#primaryimage","url":"https:\/\/deseopatisserie.com\/\/wp-content\/uploads\/2020\/05\/tort-dla-dzieci_roczek.jpg","contentUrl":"https:\/\/deseopatisserie.com\/\/wp-content\/uploads\/2020\/05\/tort-dla-dzieci_roczek.jpg","width":680,"height":699},{"@type":"BreadcrumbList","@id":"https:\/\/deseopatisserie.com\/de\/produkt\/kuchenzubehoer-dekoration-fuer-ein-kind\/#breadcrumb","itemListElement":[{"@type":"ListItem","position":1,"name":"Strona g\u0142\u00f3wna","item":"https:\/\/deseopatisserie.com\/de\/homepage\/"},{"@type":"ListItem","position":2,"name":"Kuchenzubeh\u00f6r \u2013 Dekoration f\u00fcr ein Kind"}]},{"@type":"WebSite","@id":"https:\/\/deseopatisserie.com\/de\/#website","url":"https:\/\/deseopatisserie.com\/de\/","name":"DESEO","description":"Patisserie &amp; Chocolaterie","potentialAction":[{"@type":"SearchAction","target":{"@type":"EntryPoint","urlTemplate":"https:\/\/deseopatisserie.com\/de\/?s={search_term_string}"},"query-input":{"@type":"PropertyValueSpecification","valueRequired":true,"valueName":"search_term_string"}}],"inLanguage":"de"}]}},"_links":{"self":[{"href":"https:\/\/deseopatisserie.com\/de\/wp-json\/wp\/v2\/product\/92478","targetHints":{"allow":["GET"]}}],"collection":[{"href":"https:\/\/deseopatisserie.com\/de\/wp-json\/wp\/v2\/product"}],"about":[{"href":"https:\/\/deseopatisserie.com\/de\/wp-json\/wp\/v2\/types\/product"}],"wp:featuredmedia":[{"embeddable":true,"href":"https:\/\/deseopatisserie.com\/de\/wp-json\/wp\/v2\/media\/80439"}],"wp:attachment":[{"href":"https:\/\/deseopatisserie.com\/de\/wp-json\/wp\/v2\/media?parent=92478"}],"wp:term":[{"taxonomy":"product_brand","embeddable":true,"href":"https:\/\/deseopatisserie.com\/de\/wp-json\/wp\/v2\/product_brand?post=92478"},{"taxonomy":"product_cat","embeddable":true,"href":"https:\/\/deseopatisserie.com\/de\/wp-json\/wp\/v2\/product_cat?post=92478"},{"taxonomy":"product_tag","embeddable":true,"href":"https:\/\/deseopatisserie.com\/de\/wp-json\/wp\/v2\/product_tag?post=92478"}],"curies":[{"name":"wp","href":"https:\/\/api.w.org\/{rel}","templated":true}]}}