{"id":92437,"date":"2020-04-25T15:25:24","date_gmt":"2020-04-25T13:25:24","guid":{"rendered":"https:\/\/deseopatisserie.com\/produkt\/schokoladen-inschrift-auf-der-torte\/"},"modified":"2020-04-25T15:25:24","modified_gmt":"2020-04-25T13:25:24","slug":"schokoladen-inschrift-auf-der-torte","status":"publish","type":"product","link":"https:\/\/deseopatisserie.com\/de\/produkt\/schokoladen-inschrift-auf-der-torte\/","title":{"rendered":"Schokoladen-Inschrift auf der Torte"},"content":{"rendered":"","protected":false},"excerpt":{"rendered":"<p>Dekorieren Sie den Kuchen mit einer Schokoladenbeschriftung, die mit einem speziellen 3D-Drucker f\u00fcr Lebensmittel hergestellt wurde.<br \/>\nDank der Verwendung eines Druckers wird die Beschriftung gleichm\u00e4\u00dfig und \u00e4sthetisch ansprechend.<\/p>\n<p>Die l\u00e4ngste Inschrift auf einem 1 kg Kuchen mit einem Durchmesser von 18 cm sollte nicht mehr als<strong> 22 Zeichen<\/strong> umfassen, was in etwa so viele Zeichen sind wie der Satz <strong>&#8222;Happy Birthday&#8220;.<\/strong><\/p>\n<p>Bitte geben Sie das ausgew\u00e4hlte Passwort in das Textfeld ein.<\/p>\n","protected":false},"featured_media":79939,"template":"","meta":{"_acf_changed":false},"product_brand":[],"product_cat":[2612,1715],"product_tag":[],"class_list":{"0":"post-92437","1":"product","2":"type-product","3":"status-publish","4":"has-post-thumbnail","6":"product_cat-kuchen","7":"product_cat-uncategorized","9":"first","10":"instock","11":"taxable","12":"shipping-taxable","13":"purchasable","14":"product-type-simple"},"acf":[],"yoast_head":"<!-- This site is optimized with the Yoast SEO plugin v27.5 - https:\/\/yoast.com\/product\/yoast-seo-wordpress\/ -->\n<title>Schokoladen-Inschrift auf der Torte - Cukiernia DESEO Warszawa<\/title>\n<meta name=\"robots\" content=\"index, follow, max-snippet:-1, max-image-preview:large, max-video-preview:-1\" \/>\n<link rel=\"canonical\" href=\"https:\/\/deseopatisserie.com\/de\/produkt\/schokoladen-inschrift-auf-der-torte\/\" \/>\n<meta property=\"og:locale\" content=\"de_DE\" \/>\n<meta property=\"og:type\" content=\"article\" \/>\n<meta property=\"og:title\" content=\"Schokoladen-Inschrift auf der Torte - Cukiernia DESEO Warszawa\" \/>\n<meta property=\"og:description\" content=\"Dekorieren Sie den Kuchen mit einer Schokoladenbeschriftung, die mit einem speziellen 3D-Drucker f\u00fcr Lebensmittel hergestellt wurde. Dank der Verwendung eines Druckers wird die Beschriftung gleichm\u00e4\u00dfig und \u00e4sthetisch ansprechend. Die l\u00e4ngste Inschrift auf einem 1 kg Kuchen mit einem Durchmesser von 18 cm sollte nicht mehr als 22 Zeichen umfassen, was in etwa so viele Zeichen sind wie der Satz &quot;Happy Birthday&quot;. Bitte geben Sie das ausgew\u00e4hlte Passwort in das Textfeld ein.\" \/>\n<meta property=\"og:url\" content=\"https:\/\/deseopatisserie.com\/de\/produkt\/schokoladen-inschrift-auf-der-torte\/\" \/>\n<meta property=\"og:site_name\" content=\"DESEO\" \/>\n<meta property=\"og:image\" content=\"https:\/\/deseopatisserie.com\/\/wp-content\/uploads\/2020\/04\/Napis_na_tort.jpg\" \/>\n\t<meta property=\"og:image:width\" content=\"2500\" \/>\n\t<meta property=\"og:image:height\" content=\"1667\" \/>\n\t<meta property=\"og:image:type\" content=\"image\/jpeg\" \/>\n<meta name=\"twitter:card\" content=\"summary_large_image\" \/>\n<script type=\"application\/ld+json\" class=\"yoast-schema-graph\">{\"@context\":\"https:\\\/\\\/schema.org\",\"@graph\":[{\"@type\":\"WebPage\",\"@id\":\"https:\\\/\\\/deseopatisserie.com\\\/de\\\/produkt\\\/schokoladen-inschrift-auf-der-torte\\\/\",\"url\":\"https:\\\/\\\/deseopatisserie.com\\\/de\\\/produkt\\\/schokoladen-inschrift-auf-der-torte\\\/\",\"name\":\"Schokoladen-Inschrift auf der Torte - Cukiernia DESEO Warszawa\",\"isPartOf\":{\"@id\":\"https:\\\/\\\/deseopatisserie.com\\\/de\\\/#website\"},\"primaryImageOfPage\":{\"@id\":\"https:\\\/\\\/deseopatisserie.com\\\/de\\\/produkt\\\/schokoladen-inschrift-auf-der-torte\\\/#primaryimage\"},\"image\":{\"@id\":\"https:\\\/\\\/deseopatisserie.com\\\/de\\\/produkt\\\/schokoladen-inschrift-auf-der-torte\\\/#primaryimage\"},\"thumbnailUrl\":\"https:\\\/\\\/deseopatisserie.com\\\/\\\/wp-content\\\/uploads\\\/2020\\\/04\\\/Napis_na_tort.jpg\",\"datePublished\":\"2020-04-25T13:25:24+00:00\",\"breadcrumb\":{\"@id\":\"https:\\\/\\\/deseopatisserie.com\\\/de\\\/produkt\\\/schokoladen-inschrift-auf-der-torte\\\/#breadcrumb\"},\"inLanguage\":\"de\",\"potentialAction\":[{\"@type\":\"ReadAction\",\"target\":[\"https:\\\/\\\/deseopatisserie.com\\\/de\\\/produkt\\\/schokoladen-inschrift-auf-der-torte\\\/\"]}]},{\"@type\":\"ImageObject\",\"inLanguage\":\"de\",\"@id\":\"https:\\\/\\\/deseopatisserie.com\\\/de\\\/produkt\\\/schokoladen-inschrift-auf-der-torte\\\/#primaryimage\",\"url\":\"https:\\\/\\\/deseopatisserie.com\\\/\\\/wp-content\\\/uploads\\\/2020\\\/04\\\/Napis_na_tort.jpg\",\"contentUrl\":\"https:\\\/\\\/deseopatisserie.com\\\/\\\/wp-content\\\/uploads\\\/2020\\\/04\\\/Napis_na_tort.jpg\",\"width\":2500,\"height\":1667},{\"@type\":\"BreadcrumbList\",\"@id\":\"https:\\\/\\\/deseopatisserie.com\\\/de\\\/produkt\\\/schokoladen-inschrift-auf-der-torte\\\/#breadcrumb\",\"itemListElement\":[{\"@type\":\"ListItem\",\"position\":1,\"name\":\"Strona g\u0142\u00f3wna\",\"item\":\"https:\\\/\\\/deseopatisserie.com\\\/de\\\/homepage\\\/\"},{\"@type\":\"ListItem\",\"position\":2,\"name\":\"Schokoladen-Inschrift auf der Torte\"}]},{\"@type\":\"WebSite\",\"@id\":\"https:\\\/\\\/deseopatisserie.com\\\/de\\\/#website\",\"url\":\"https:\\\/\\\/deseopatisserie.com\\\/de\\\/\",\"name\":\"DESEO\",\"description\":\"Patisserie &amp; Chocolaterie\",\"potentialAction\":[{\"@type\":\"SearchAction\",\"target\":{\"@type\":\"EntryPoint\",\"urlTemplate\":\"https:\\\/\\\/deseopatisserie.com\\\/de\\\/?s={search_term_string}\"},\"query-input\":{\"@type\":\"PropertyValueSpecification\",\"valueRequired\":true,\"valueName\":\"search_term_string\"}}],\"inLanguage\":\"de\"}]}<\/script>\n<!-- \/ Yoast SEO plugin. -->","yoast_head_json":{"title":"Schokoladen-Inschrift auf der Torte - Cukiernia DESEO Warszawa","robots":{"index":"index","follow":"follow","max-snippet":"max-snippet:-1","max-image-preview":"max-image-preview:large","max-video-preview":"max-video-preview:-1"},"canonical":"https:\/\/deseopatisserie.com\/de\/produkt\/schokoladen-inschrift-auf-der-torte\/","og_locale":"de_DE","og_type":"article","og_title":"Schokoladen-Inschrift auf der Torte - Cukiernia DESEO Warszawa","og_description":"Dekorieren Sie den Kuchen mit einer Schokoladenbeschriftung, die mit einem speziellen 3D-Drucker f\u00fcr Lebensmittel hergestellt wurde. Dank der Verwendung eines Druckers wird die Beschriftung gleichm\u00e4\u00dfig und \u00e4sthetisch ansprechend. Die l\u00e4ngste Inschrift auf einem 1 kg Kuchen mit einem Durchmesser von 18 cm sollte nicht mehr als 22 Zeichen umfassen, was in etwa so viele Zeichen sind wie der Satz \"Happy Birthday\". Bitte geben Sie das ausgew\u00e4hlte Passwort in das Textfeld ein.","og_url":"https:\/\/deseopatisserie.com\/de\/produkt\/schokoladen-inschrift-auf-der-torte\/","og_site_name":"DESEO","og_image":[{"width":2500,"height":1667,"url":"https:\/\/deseopatisserie.com\/\/wp-content\/uploads\/2020\/04\/Napis_na_tort.jpg","type":"image\/jpeg"}],"twitter_card":"summary_large_image","schema":{"@context":"https:\/\/schema.org","@graph":[{"@type":"WebPage","@id":"https:\/\/deseopatisserie.com\/de\/produkt\/schokoladen-inschrift-auf-der-torte\/","url":"https:\/\/deseopatisserie.com\/de\/produkt\/schokoladen-inschrift-auf-der-torte\/","name":"Schokoladen-Inschrift auf der Torte - Cukiernia DESEO Warszawa","isPartOf":{"@id":"https:\/\/deseopatisserie.com\/de\/#website"},"primaryImageOfPage":{"@id":"https:\/\/deseopatisserie.com\/de\/produkt\/schokoladen-inschrift-auf-der-torte\/#primaryimage"},"image":{"@id":"https:\/\/deseopatisserie.com\/de\/produkt\/schokoladen-inschrift-auf-der-torte\/#primaryimage"},"thumbnailUrl":"https:\/\/deseopatisserie.com\/\/wp-content\/uploads\/2020\/04\/Napis_na_tort.jpg","datePublished":"2020-04-25T13:25:24+00:00","breadcrumb":{"@id":"https:\/\/deseopatisserie.com\/de\/produkt\/schokoladen-inschrift-auf-der-torte\/#breadcrumb"},"inLanguage":"de","potentialAction":[{"@type":"ReadAction","target":["https:\/\/deseopatisserie.com\/de\/produkt\/schokoladen-inschrift-auf-der-torte\/"]}]},{"@type":"ImageObject","inLanguage":"de","@id":"https:\/\/deseopatisserie.com\/de\/produkt\/schokoladen-inschrift-auf-der-torte\/#primaryimage","url":"https:\/\/deseopatisserie.com\/\/wp-content\/uploads\/2020\/04\/Napis_na_tort.jpg","contentUrl":"https:\/\/deseopatisserie.com\/\/wp-content\/uploads\/2020\/04\/Napis_na_tort.jpg","width":2500,"height":1667},{"@type":"BreadcrumbList","@id":"https:\/\/deseopatisserie.com\/de\/produkt\/schokoladen-inschrift-auf-der-torte\/#breadcrumb","itemListElement":[{"@type":"ListItem","position":1,"name":"Strona g\u0142\u00f3wna","item":"https:\/\/deseopatisserie.com\/de\/homepage\/"},{"@type":"ListItem","position":2,"name":"Schokoladen-Inschrift auf der Torte"}]},{"@type":"WebSite","@id":"https:\/\/deseopatisserie.com\/de\/#website","url":"https:\/\/deseopatisserie.com\/de\/","name":"DESEO","description":"Patisserie &amp; Chocolaterie","potentialAction":[{"@type":"SearchAction","target":{"@type":"EntryPoint","urlTemplate":"https:\/\/deseopatisserie.com\/de\/?s={search_term_string}"},"query-input":{"@type":"PropertyValueSpecification","valueRequired":true,"valueName":"search_term_string"}}],"inLanguage":"de"}]}},"_links":{"self":[{"href":"https:\/\/deseopatisserie.com\/de\/wp-json\/wp\/v2\/product\/92437","targetHints":{"allow":["GET"]}}],"collection":[{"href":"https:\/\/deseopatisserie.com\/de\/wp-json\/wp\/v2\/product"}],"about":[{"href":"https:\/\/deseopatisserie.com\/de\/wp-json\/wp\/v2\/types\/product"}],"wp:featuredmedia":[{"embeddable":true,"href":"https:\/\/deseopatisserie.com\/de\/wp-json\/wp\/v2\/media\/79939"}],"wp:attachment":[{"href":"https:\/\/deseopatisserie.com\/de\/wp-json\/wp\/v2\/media?parent=92437"}],"wp:term":[{"taxonomy":"product_brand","embeddable":true,"href":"https:\/\/deseopatisserie.com\/de\/wp-json\/wp\/v2\/product_brand?post=92437"},{"taxonomy":"product_cat","embeddable":true,"href":"https:\/\/deseopatisserie.com\/de\/wp-json\/wp\/v2\/product_cat?post=92437"},{"taxonomy":"product_tag","embeddable":true,"href":"https:\/\/deseopatisserie.com\/de\/wp-json\/wp\/v2\/product_tag?post=92437"}],"curies":[{"name":"wp","href":"https:\/\/api.w.org\/{rel}","templated":true}]}}