{"id":92403,"date":"2020-04-24T12:45:57","date_gmt":"2020-04-24T10:45:57","guid":{"rendered":"https:\/\/deseopatisserie.com\/produkt\/tesoro\/"},"modified":"2020-04-24T12:45:57","modified_gmt":"2020-04-24T10:45:57","slug":"tesoro","status":"publish","type":"product","link":"https:\/\/deseopatisserie.com\/de\/produkt\/tesoro\/","title":{"rendered":"Tesoro"},"content":{"rendered":"","protected":false},"excerpt":{"rendered":"<p>Wei\u00dfe Schokoladenganache mit Haselnusspaste \/ salzige Haselnusspraline \/ gesalzenes Karamell \/ glutenfreier Haselnussbiskuitkuchen \/ trockener Schokoladen\u00fcberzug mit Haselnussst\u00fcckchen Tesoro ist eine echte nussige Geschmacksexplosion, die Quintessenz dessen, was das Beste an N\u00fcssen ist. Unter der Kuppel aus trockener Schokolade versteckten wir fluffige Haselnussmousse, fl\u00fcssige s\u00fc\u00dfe und salzige Nusspraline und gesalzenes Karamell. S\u00fcchtig machender Geschmack! Jeder weitere Bissen dieses Kekses l\u00e4sst uns in den verr\u00fcckten Himmel entf\u00fchren.<\/p>\n","protected":false},"featured_media":80061,"template":"","meta":{"_acf_changed":false},"product_brand":[],"product_cat":[1750],"product_tag":[],"class_list":{"0":"post-92403","1":"product","2":"type-product","3":"status-publish","4":"has-post-thumbnail","6":"product_cat-petit-gateau-kekse","8":"first","9":"instock","10":"taxable","11":"shipping-taxable","12":"purchasable","13":"product-type-simple"},"acf":[],"yoast_head":"<!-- This site is optimized with the Yoast SEO plugin v27.4 - https:\/\/yoast.com\/product\/yoast-seo-wordpress\/ -->\n<title>Tesoro Torte - DESEO Konditorei Warschau<\/title>\n<meta name=\"description\" content=\"Unter der Kuppel aus trockener Schokolade versteckten wir fluffige Haselnussmousse, fl\u00fcssige s\u00fc\u00dfe und salzige Nusspraline und gesalzenes Karamell.\" \/>\n<meta name=\"robots\" content=\"index, follow, max-snippet:-1, max-image-preview:large, max-video-preview:-1\" \/>\n<link rel=\"canonical\" href=\"https:\/\/deseopatisserie.com\/de\/produkt\/tesoro\/\" \/>\n<meta property=\"og:locale\" content=\"de_DE\" \/>\n<meta property=\"og:type\" content=\"article\" \/>\n<meta property=\"og:title\" content=\"DESEO Tesoro\" \/>\n<meta property=\"og:description\" content=\"Unter der Kuppel aus trockener Schokolade versteckten wir fluffige Haselnussmousse, fl\u00fcssige s\u00fc\u00dfe und salzige Nusspraline und gesalzenes Karamell.\" \/>\n<meta property=\"og:url\" content=\"https:\/\/deseopatisserie.com\/de\/produkt\/tesoro\/\" \/>\n<meta property=\"og:site_name\" content=\"DESEO\" \/>\n<meta property=\"og:image\" content=\"https:\/\/deseopatisserie.com\/wp-content\/uploads\/2020\/04\/Tesoro_4c.jpg\" \/>\n<meta name=\"twitter:card\" content=\"summary_large_image\" \/>\n<script type=\"application\/ld+json\" class=\"yoast-schema-graph\">{\"@context\":\"https:\\\/\\\/schema.org\",\"@graph\":[{\"@type\":\"WebPage\",\"@id\":\"https:\\\/\\\/deseopatisserie.com\\\/de\\\/produkt\\\/tesoro\\\/\",\"url\":\"https:\\\/\\\/deseopatisserie.com\\\/de\\\/produkt\\\/tesoro\\\/\",\"name\":\"Tesoro Torte - DESEO Konditorei Warschau\",\"isPartOf\":{\"@id\":\"https:\\\/\\\/deseopatisserie.com\\\/de\\\/#website\"},\"primaryImageOfPage\":{\"@id\":\"https:\\\/\\\/deseopatisserie.com\\\/de\\\/produkt\\\/tesoro\\\/#primaryimage\"},\"image\":{\"@id\":\"https:\\\/\\\/deseopatisserie.com\\\/de\\\/produkt\\\/tesoro\\\/#primaryimage\"},\"thumbnailUrl\":\"https:\\\/\\\/deseopatisserie.com\\\/\\\/wp-content\\\/uploads\\\/2020\\\/04\\\/Tesoro.jpg\",\"datePublished\":\"2020-04-24T10:45:57+00:00\",\"description\":\"Unter der Kuppel aus trockener Schokolade versteckten wir fluffige Haselnussmousse, fl\u00fcssige s\u00fc\u00dfe und salzige Nusspraline und gesalzenes Karamell.\",\"breadcrumb\":{\"@id\":\"https:\\\/\\\/deseopatisserie.com\\\/de\\\/produkt\\\/tesoro\\\/#breadcrumb\"},\"inLanguage\":\"de\",\"potentialAction\":[{\"@type\":\"ReadAction\",\"target\":[\"https:\\\/\\\/deseopatisserie.com\\\/de\\\/produkt\\\/tesoro\\\/\"]}]},{\"@type\":\"ImageObject\",\"inLanguage\":\"de\",\"@id\":\"https:\\\/\\\/deseopatisserie.com\\\/de\\\/produkt\\\/tesoro\\\/#primaryimage\",\"url\":\"https:\\\/\\\/deseopatisserie.com\\\/\\\/wp-content\\\/uploads\\\/2020\\\/04\\\/Tesoro.jpg\",\"contentUrl\":\"https:\\\/\\\/deseopatisserie.com\\\/\\\/wp-content\\\/uploads\\\/2020\\\/04\\\/Tesoro.jpg\",\"width\":600,\"height\":400},{\"@type\":\"BreadcrumbList\",\"@id\":\"https:\\\/\\\/deseopatisserie.com\\\/de\\\/produkt\\\/tesoro\\\/#breadcrumb\",\"itemListElement\":[{\"@type\":\"ListItem\",\"position\":1,\"name\":\"Strona g\u0142\u00f3wna\",\"item\":\"https:\\\/\\\/deseopatisserie.com\\\/de\\\/homepage\\\/\"},{\"@type\":\"ListItem\",\"position\":2,\"name\":\"Tesoro\"}]},{\"@type\":\"WebSite\",\"@id\":\"https:\\\/\\\/deseopatisserie.com\\\/de\\\/#website\",\"url\":\"https:\\\/\\\/deseopatisserie.com\\\/de\\\/\",\"name\":\"DESEO\",\"description\":\"Patisserie &amp; Chocolaterie\",\"potentialAction\":[{\"@type\":\"SearchAction\",\"target\":{\"@type\":\"EntryPoint\",\"urlTemplate\":\"https:\\\/\\\/deseopatisserie.com\\\/de\\\/?s={search_term_string}\"},\"query-input\":{\"@type\":\"PropertyValueSpecification\",\"valueRequired\":true,\"valueName\":\"search_term_string\"}}],\"inLanguage\":\"de\"}]}<\/script>\n<!-- \/ Yoast SEO plugin. -->","yoast_head_json":{"title":"Tesoro Torte - DESEO Konditorei Warschau","description":"Unter der Kuppel aus trockener Schokolade versteckten wir fluffige Haselnussmousse, fl\u00fcssige s\u00fc\u00dfe und salzige Nusspraline und gesalzenes Karamell.","robots":{"index":"index","follow":"follow","max-snippet":"max-snippet:-1","max-image-preview":"max-image-preview:large","max-video-preview":"max-video-preview:-1"},"canonical":"https:\/\/deseopatisserie.com\/de\/produkt\/tesoro\/","og_locale":"de_DE","og_type":"article","og_title":"DESEO Tesoro","og_description":"Unter der Kuppel aus trockener Schokolade versteckten wir fluffige Haselnussmousse, fl\u00fcssige s\u00fc\u00dfe und salzige Nusspraline und gesalzenes Karamell.","og_url":"https:\/\/deseopatisserie.com\/de\/produkt\/tesoro\/","og_site_name":"DESEO","og_image":[{"url":"https:\/\/deseopatisserie.com\/wp-content\/uploads\/2020\/04\/Tesoro_4c.jpg","type":"","width":"","height":""}],"twitter_card":"summary_large_image","schema":{"@context":"https:\/\/schema.org","@graph":[{"@type":"WebPage","@id":"https:\/\/deseopatisserie.com\/de\/produkt\/tesoro\/","url":"https:\/\/deseopatisserie.com\/de\/produkt\/tesoro\/","name":"Tesoro Torte - DESEO Konditorei Warschau","isPartOf":{"@id":"https:\/\/deseopatisserie.com\/de\/#website"},"primaryImageOfPage":{"@id":"https:\/\/deseopatisserie.com\/de\/produkt\/tesoro\/#primaryimage"},"image":{"@id":"https:\/\/deseopatisserie.com\/de\/produkt\/tesoro\/#primaryimage"},"thumbnailUrl":"https:\/\/deseopatisserie.com\/\/wp-content\/uploads\/2020\/04\/Tesoro.jpg","datePublished":"2020-04-24T10:45:57+00:00","description":"Unter der Kuppel aus trockener Schokolade versteckten wir fluffige Haselnussmousse, fl\u00fcssige s\u00fc\u00dfe und salzige Nusspraline und gesalzenes Karamell.","breadcrumb":{"@id":"https:\/\/deseopatisserie.com\/de\/produkt\/tesoro\/#breadcrumb"},"inLanguage":"de","potentialAction":[{"@type":"ReadAction","target":["https:\/\/deseopatisserie.com\/de\/produkt\/tesoro\/"]}]},{"@type":"ImageObject","inLanguage":"de","@id":"https:\/\/deseopatisserie.com\/de\/produkt\/tesoro\/#primaryimage","url":"https:\/\/deseopatisserie.com\/\/wp-content\/uploads\/2020\/04\/Tesoro.jpg","contentUrl":"https:\/\/deseopatisserie.com\/\/wp-content\/uploads\/2020\/04\/Tesoro.jpg","width":600,"height":400},{"@type":"BreadcrumbList","@id":"https:\/\/deseopatisserie.com\/de\/produkt\/tesoro\/#breadcrumb","itemListElement":[{"@type":"ListItem","position":1,"name":"Strona g\u0142\u00f3wna","item":"https:\/\/deseopatisserie.com\/de\/homepage\/"},{"@type":"ListItem","position":2,"name":"Tesoro"}]},{"@type":"WebSite","@id":"https:\/\/deseopatisserie.com\/de\/#website","url":"https:\/\/deseopatisserie.com\/de\/","name":"DESEO","description":"Patisserie &amp; Chocolaterie","potentialAction":[{"@type":"SearchAction","target":{"@type":"EntryPoint","urlTemplate":"https:\/\/deseopatisserie.com\/de\/?s={search_term_string}"},"query-input":{"@type":"PropertyValueSpecification","valueRequired":true,"valueName":"search_term_string"}}],"inLanguage":"de"}]}},"_links":{"self":[{"href":"https:\/\/deseopatisserie.com\/de\/wp-json\/wp\/v2\/product\/92403","targetHints":{"allow":["GET"]}}],"collection":[{"href":"https:\/\/deseopatisserie.com\/de\/wp-json\/wp\/v2\/product"}],"about":[{"href":"https:\/\/deseopatisserie.com\/de\/wp-json\/wp\/v2\/types\/product"}],"wp:featuredmedia":[{"embeddable":true,"href":"https:\/\/deseopatisserie.com\/de\/wp-json\/wp\/v2\/media\/80061"}],"wp:attachment":[{"href":"https:\/\/deseopatisserie.com\/de\/wp-json\/wp\/v2\/media?parent=92403"}],"wp:term":[{"taxonomy":"product_brand","embeddable":true,"href":"https:\/\/deseopatisserie.com\/de\/wp-json\/wp\/v2\/product_brand?post=92403"},{"taxonomy":"product_cat","embeddable":true,"href":"https:\/\/deseopatisserie.com\/de\/wp-json\/wp\/v2\/product_cat?post=92403"},{"taxonomy":"product_tag","embeddable":true,"href":"https:\/\/deseopatisserie.com\/de\/wp-json\/wp\/v2\/product_tag?post=92403"}],"curies":[{"name":"wp","href":"https:\/\/api.w.org\/{rel}","templated":true}]}}