{"id":92393,"date":"2020-04-22T10:03:18","date_gmt":"2020-04-22T08:03:18","guid":{"rendered":"https:\/\/deseopatisserie.com\/produkt\/eis-m\/"},"modified":"2020-04-22T10:03:18","modified_gmt":"2020-04-22T08:03:18","slug":"eis-m","status":"publish","type":"product","link":"https:\/\/deseopatisserie.com\/de\/produkt\/eis-m\/","title":{"rendered":"Eis M"},"content":{"rendered":"","protected":false},"excerpt":{"rendered":"<p style=\"font-weight: 400;\">Wir stellen unser Eis nach der handwerklichen Methode mit den hochwertigsten Zutaten her. Sie k\u00f6nnen sie vor Ort probieren oder in speziellen Thermopacks mit nach Hause nehmen, die in den Gr\u00f6\u00dfen S (300 g), M (450 g), L (675 g) und XL (900 g) erh\u00e4ltlich sind. <\/p>\n<p style=\"font-weight: 400;\">M\u00f6chten Sie mehr \u00fcber handwerklich hergestelltes Eis erfahren? <a href=\"https:\/\/deseopatisserie.com\/odkryj-nowe-smaki-lodow-rzemieslniczych-deseo\/\" data-saferedirecturl=\"https:\/\/www.google.com\/url?q=https:\/\/deseopatisserie.com\/odkryj-nowe-smaki-lodow-rzemieslniczych-deseo\/&amp;source=gmail&amp;ust=1722683214686000&amp;usg=AOvVaw3k7fSHaBa71PSRzPJMWCA3\">Schauen Sie es sich hier an<\/a>. <\/p>\n","protected":false},"featured_media":85534,"template":"","meta":{"_acf_changed":false},"product_brand":[],"product_cat":[2607],"product_tag":[],"class_list":{"0":"post-92393","1":"product","2":"type-product","3":"status-publish","4":"has-post-thumbnail","6":"product_cat-eis","8":"first","9":"instock","10":"taxable","11":"shipping-taxable","12":"purchasable","13":"product-type-simple"},"acf":[],"yoast_head":"<!-- This site is optimized with the Yoast SEO plugin v27.4 - https:\/\/yoast.com\/product\/yoast-seo-wordpress\/ -->\n<title>Eis M - Cukiernia DESEO Warszawa<\/title>\n<meta name=\"description\" content=\"Unser Eis wird nach der handwerklichen Methode mit den hochwertigsten Zutaten hergestellt. Sie k\u00f6nnen sie vor Ort probieren oder mitnehmen.\" \/>\n<meta name=\"robots\" content=\"index, follow, max-snippet:-1, max-image-preview:large, max-video-preview:-1\" \/>\n<link rel=\"canonical\" href=\"https:\/\/deseopatisserie.com\/de\/produkt\/eis-m\/\" \/>\n<meta property=\"og:locale\" content=\"de_DE\" \/>\n<meta property=\"og:type\" content=\"article\" \/>\n<meta property=\"og:title\" content=\"Eis M\" \/>\n<meta property=\"og:description\" content=\"Unser Eis wird nach der handwerklichen Methode mit den hochwertigsten Zutaten hergestellt. Sie k\u00f6nnen sie vor Ort probieren oder in speziellen Thermopacks mit nach Hause nehmen.\" \/>\n<meta property=\"og:url\" content=\"https:\/\/deseopatisserie.com\/de\/produkt\/eis-m\/\" \/>\n<meta property=\"og:site_name\" content=\"DESEO\" \/>\n<meta property=\"og:image\" content=\"https:\/\/deseopatisserie.com\/wp-content\/uploads\/2020\/04\/lody-M-3-1024x683.jpg\" \/>\n<meta name=\"twitter:card\" content=\"summary_large_image\" \/>\n<script type=\"application\/ld+json\" class=\"yoast-schema-graph\">{\"@context\":\"https:\\\/\\\/schema.org\",\"@graph\":[{\"@type\":\"WebPage\",\"@id\":\"https:\\\/\\\/deseopatisserie.com\\\/de\\\/produkt\\\/eis-m\\\/\",\"url\":\"https:\\\/\\\/deseopatisserie.com\\\/de\\\/produkt\\\/eis-m\\\/\",\"name\":\"Eis M - Cukiernia DESEO Warszawa\",\"isPartOf\":{\"@id\":\"https:\\\/\\\/deseopatisserie.com\\\/de\\\/#website\"},\"primaryImageOfPage\":{\"@id\":\"https:\\\/\\\/deseopatisserie.com\\\/de\\\/produkt\\\/eis-m\\\/#primaryimage\"},\"image\":{\"@id\":\"https:\\\/\\\/deseopatisserie.com\\\/de\\\/produkt\\\/eis-m\\\/#primaryimage\"},\"thumbnailUrl\":\"https:\\\/\\\/deseopatisserie.com\\\/\\\/wp-content\\\/uploads\\\/2020\\\/04\\\/lody-M-2-scaled.jpg\",\"datePublished\":\"2020-04-22T08:03:18+00:00\",\"description\":\"Unser Eis wird nach der handwerklichen Methode mit den hochwertigsten Zutaten hergestellt. Sie k\u00f6nnen sie vor Ort probieren oder mitnehmen.\",\"breadcrumb\":{\"@id\":\"https:\\\/\\\/deseopatisserie.com\\\/de\\\/produkt\\\/eis-m\\\/#breadcrumb\"},\"inLanguage\":\"de\",\"potentialAction\":[{\"@type\":\"ReadAction\",\"target\":[\"https:\\\/\\\/deseopatisserie.com\\\/de\\\/produkt\\\/eis-m\\\/\"]}]},{\"@type\":\"ImageObject\",\"inLanguage\":\"de\",\"@id\":\"https:\\\/\\\/deseopatisserie.com\\\/de\\\/produkt\\\/eis-m\\\/#primaryimage\",\"url\":\"https:\\\/\\\/deseopatisserie.com\\\/\\\/wp-content\\\/uploads\\\/2020\\\/04\\\/lody-M-2-scaled.jpg\",\"contentUrl\":\"https:\\\/\\\/deseopatisserie.com\\\/\\\/wp-content\\\/uploads\\\/2020\\\/04\\\/lody-M-2-scaled.jpg\",\"width\":2560,\"height\":1707},{\"@type\":\"BreadcrumbList\",\"@id\":\"https:\\\/\\\/deseopatisserie.com\\\/de\\\/produkt\\\/eis-m\\\/#breadcrumb\",\"itemListElement\":[{\"@type\":\"ListItem\",\"position\":1,\"name\":\"Strona g\u0142\u00f3wna\",\"item\":\"https:\\\/\\\/deseopatisserie.com\\\/de\\\/homepage\\\/\"},{\"@type\":\"ListItem\",\"position\":2,\"name\":\"Eis M\"}]},{\"@type\":\"WebSite\",\"@id\":\"https:\\\/\\\/deseopatisserie.com\\\/de\\\/#website\",\"url\":\"https:\\\/\\\/deseopatisserie.com\\\/de\\\/\",\"name\":\"DESEO\",\"description\":\"Patisserie &amp; Chocolaterie\",\"potentialAction\":[{\"@type\":\"SearchAction\",\"target\":{\"@type\":\"EntryPoint\",\"urlTemplate\":\"https:\\\/\\\/deseopatisserie.com\\\/de\\\/?s={search_term_string}\"},\"query-input\":{\"@type\":\"PropertyValueSpecification\",\"valueRequired\":true,\"valueName\":\"search_term_string\"}}],\"inLanguage\":\"de\"}]}<\/script>\n<!-- \/ Yoast SEO plugin. -->","yoast_head_json":{"title":"Eis M - Cukiernia DESEO Warszawa","description":"Unser Eis wird nach der handwerklichen Methode mit den hochwertigsten Zutaten hergestellt. Sie k\u00f6nnen sie vor Ort probieren oder mitnehmen.","robots":{"index":"index","follow":"follow","max-snippet":"max-snippet:-1","max-image-preview":"max-image-preview:large","max-video-preview":"max-video-preview:-1"},"canonical":"https:\/\/deseopatisserie.com\/de\/produkt\/eis-m\/","og_locale":"de_DE","og_type":"article","og_title":"Eis M","og_description":"Unser Eis wird nach der handwerklichen Methode mit den hochwertigsten Zutaten hergestellt. Sie k\u00f6nnen sie vor Ort probieren oder in speziellen Thermopacks mit nach Hause nehmen.","og_url":"https:\/\/deseopatisserie.com\/de\/produkt\/eis-m\/","og_site_name":"DESEO","og_image":[{"url":"https:\/\/deseopatisserie.com\/wp-content\/uploads\/2020\/04\/lody-M-3-1024x683.jpg","type":"","width":"","height":""}],"twitter_card":"summary_large_image","schema":{"@context":"https:\/\/schema.org","@graph":[{"@type":"WebPage","@id":"https:\/\/deseopatisserie.com\/de\/produkt\/eis-m\/","url":"https:\/\/deseopatisserie.com\/de\/produkt\/eis-m\/","name":"Eis M - Cukiernia DESEO Warszawa","isPartOf":{"@id":"https:\/\/deseopatisserie.com\/de\/#website"},"primaryImageOfPage":{"@id":"https:\/\/deseopatisserie.com\/de\/produkt\/eis-m\/#primaryimage"},"image":{"@id":"https:\/\/deseopatisserie.com\/de\/produkt\/eis-m\/#primaryimage"},"thumbnailUrl":"https:\/\/deseopatisserie.com\/\/wp-content\/uploads\/2020\/04\/lody-M-2-scaled.jpg","datePublished":"2020-04-22T08:03:18+00:00","description":"Unser Eis wird nach der handwerklichen Methode mit den hochwertigsten Zutaten hergestellt. Sie k\u00f6nnen sie vor Ort probieren oder mitnehmen.","breadcrumb":{"@id":"https:\/\/deseopatisserie.com\/de\/produkt\/eis-m\/#breadcrumb"},"inLanguage":"de","potentialAction":[{"@type":"ReadAction","target":["https:\/\/deseopatisserie.com\/de\/produkt\/eis-m\/"]}]},{"@type":"ImageObject","inLanguage":"de","@id":"https:\/\/deseopatisserie.com\/de\/produkt\/eis-m\/#primaryimage","url":"https:\/\/deseopatisserie.com\/\/wp-content\/uploads\/2020\/04\/lody-M-2-scaled.jpg","contentUrl":"https:\/\/deseopatisserie.com\/\/wp-content\/uploads\/2020\/04\/lody-M-2-scaled.jpg","width":2560,"height":1707},{"@type":"BreadcrumbList","@id":"https:\/\/deseopatisserie.com\/de\/produkt\/eis-m\/#breadcrumb","itemListElement":[{"@type":"ListItem","position":1,"name":"Strona g\u0142\u00f3wna","item":"https:\/\/deseopatisserie.com\/de\/homepage\/"},{"@type":"ListItem","position":2,"name":"Eis M"}]},{"@type":"WebSite","@id":"https:\/\/deseopatisserie.com\/de\/#website","url":"https:\/\/deseopatisserie.com\/de\/","name":"DESEO","description":"Patisserie &amp; Chocolaterie","potentialAction":[{"@type":"SearchAction","target":{"@type":"EntryPoint","urlTemplate":"https:\/\/deseopatisserie.com\/de\/?s={search_term_string}"},"query-input":{"@type":"PropertyValueSpecification","valueRequired":true,"valueName":"search_term_string"}}],"inLanguage":"de"}]}},"_links":{"self":[{"href":"https:\/\/deseopatisserie.com\/de\/wp-json\/wp\/v2\/product\/92393","targetHints":{"allow":["GET"]}}],"collection":[{"href":"https:\/\/deseopatisserie.com\/de\/wp-json\/wp\/v2\/product"}],"about":[{"href":"https:\/\/deseopatisserie.com\/de\/wp-json\/wp\/v2\/types\/product"}],"wp:featuredmedia":[{"embeddable":true,"href":"https:\/\/deseopatisserie.com\/de\/wp-json\/wp\/v2\/media\/85534"}],"wp:attachment":[{"href":"https:\/\/deseopatisserie.com\/de\/wp-json\/wp\/v2\/media?parent=92393"}],"wp:term":[{"taxonomy":"product_brand","embeddable":true,"href":"https:\/\/deseopatisserie.com\/de\/wp-json\/wp\/v2\/product_brand?post=92393"},{"taxonomy":"product_cat","embeddable":true,"href":"https:\/\/deseopatisserie.com\/de\/wp-json\/wp\/v2\/product_cat?post=92393"},{"taxonomy":"product_tag","embeddable":true,"href":"https:\/\/deseopatisserie.com\/de\/wp-json\/wp\/v2\/product_tag?post=92393"}],"curies":[{"name":"wp","href":"https:\/\/api.w.org\/{rel}","templated":true}]}}