{"id":92351,"date":"2021-11-23T15:40:14","date_gmt":"2021-11-23T14:40:14","guid":{"rendered":"https:\/\/deseopatisserie.com\/produkt\/azia-2-0-kuchen\/"},"modified":"2021-11-23T15:40:14","modified_gmt":"2021-11-23T14:40:14","slug":"azia-2-0-kuchen","status":"publish","type":"product","link":"https:\/\/deseopatisserie.com\/de\/produkt\/azia-2-0-kuchen\/","title":{"rendered":"Azia 2.0 Kuchen"},"content":{"rendered":"","protected":false},"excerpt":{"rendered":"<p>Mousse mit Kaffir, Ingwer, Basilikum \/ Einlage \u2013 Ananas, Passionsfrucht, Mango, Kalamansi \/ Kokosnuss-Biskuitkuchen \/ M\u00fcrbeteig mit ger\u00f6steter wei\u00dfer Schokolade \/ exotisches Maracujagelee \/ Dekoration aus wei\u00dfer Schokolade<\/p>\n<p>&nbsp;<\/p>\n<p>Der Azia 2.0-Kuchen ist eine Kombination aus erfrischenden, exotischen Fr\u00fcchten mit einer zarten Mousse, die mit Ingwer aufgegossen ist. Das Ganze ist auf einem Kokos-Biskuitkuchen. Es passt perfekt zu den Aromen von Fans von erfrischenderen, saureren Desserts.  <\/p>\n","protected":false},"featured_media":127692,"template":"","meta":{"_acf_changed":false},"product_brand":[],"product_cat":[2612],"product_tag":[],"class_list":{"0":"post-92351","1":"product","2":"type-product","3":"status-publish","4":"has-post-thumbnail","6":"product_cat-kuchen","8":"first","9":"instock","10":"taxable","11":"shipping-taxable","12":"purchasable","13":"product-type-variable"},"acf":[],"yoast_head":"<!-- This site is optimized with the Yoast SEO plugin v27.5 - https:\/\/yoast.com\/product\/yoast-seo-wordpress\/ -->\n<title>Azia 2.0 Kuchen - Cukiernia DESEO Warszawa<\/title>\n<meta name=\"description\" content=\"Der Azia 2.0-Kuchen ist eine Kombination aus erfrischenden, exotischen Fr\u00fcchten mit einer zarten Mousse, die mit Ingwer aufgegossen ist. Das Ganze ist auf einem Kokos-Biskuitkuchen.\" \/>\n<meta name=\"robots\" content=\"index, follow, max-snippet:-1, max-image-preview:large, max-video-preview:-1\" \/>\n<link rel=\"canonical\" href=\"https:\/\/deseopatisserie.com\/de\/produkt\/azia-2-0-kuchen\/\" \/>\n<meta property=\"og:locale\" content=\"de_DE\" \/>\n<meta property=\"og:type\" content=\"article\" \/>\n<meta property=\"og:title\" content=\"Azia 2.0 Kuchen\" \/>\n<meta property=\"og:description\" content=\"Der Azia 2.0-Kuchen ist eine Kombination aus erfrischenden, exotischen Fr\u00fcchten mit einer zarten Mousse, die mit Ingwer aufgegossen ist. Das Ganze ist auf einem Kokos-Biskuitkuchen.\" \/>\n<meta property=\"og:url\" content=\"https:\/\/deseopatisserie.com\/de\/produkt\/azia-2-0-kuchen\/\" \/>\n<meta property=\"og:site_name\" content=\"DESEO\" \/>\n<meta property=\"og:image\" content=\"https:\/\/deseopatisserie.com\/wp-content\/uploads\/2021\/09\/Tort-Azia-2.0._1-1024x683.jpg\" \/>\n<meta name=\"twitter:card\" content=\"summary_large_image\" \/>\n<script type=\"application\/ld+json\" class=\"yoast-schema-graph\">{\"@context\":\"https:\\\/\\\/schema.org\",\"@graph\":[{\"@type\":\"WebPage\",\"@id\":\"https:\\\/\\\/deseopatisserie.com\\\/de\\\/produkt\\\/azia-2-0-kuchen\\\/\",\"url\":\"https:\\\/\\\/deseopatisserie.com\\\/de\\\/produkt\\\/azia-2-0-kuchen\\\/\",\"name\":\"Azia 2.0 Kuchen - Cukiernia DESEO Warszawa\",\"isPartOf\":{\"@id\":\"https:\\\/\\\/deseopatisserie.com\\\/de\\\/#website\"},\"primaryImageOfPage\":{\"@id\":\"https:\\\/\\\/deseopatisserie.com\\\/de\\\/produkt\\\/azia-2-0-kuchen\\\/#primaryimage\"},\"image\":{\"@id\":\"https:\\\/\\\/deseopatisserie.com\\\/de\\\/produkt\\\/azia-2-0-kuchen\\\/#primaryimage\"},\"thumbnailUrl\":\"https:\\\/\\\/deseopatisserie.com\\\/\\\/wp-content\\\/uploads\\\/2021\\\/11\\\/04A5322.jpg\",\"datePublished\":\"2021-11-23T14:40:14+00:00\",\"description\":\"Der Azia 2.0-Kuchen ist eine Kombination aus erfrischenden, exotischen Fr\u00fcchten mit einer zarten Mousse, die mit Ingwer aufgegossen ist. Das Ganze ist auf einem Kokos-Biskuitkuchen.\",\"breadcrumb\":{\"@id\":\"https:\\\/\\\/deseopatisserie.com\\\/de\\\/produkt\\\/azia-2-0-kuchen\\\/#breadcrumb\"},\"inLanguage\":\"de\",\"potentialAction\":[{\"@type\":\"ReadAction\",\"target\":[\"https:\\\/\\\/deseopatisserie.com\\\/de\\\/produkt\\\/azia-2-0-kuchen\\\/\"]}]},{\"@type\":\"ImageObject\",\"inLanguage\":\"de\",\"@id\":\"https:\\\/\\\/deseopatisserie.com\\\/de\\\/produkt\\\/azia-2-0-kuchen\\\/#primaryimage\",\"url\":\"https:\\\/\\\/deseopatisserie.com\\\/\\\/wp-content\\\/uploads\\\/2021\\\/11\\\/04A5322.jpg\",\"contentUrl\":\"https:\\\/\\\/deseopatisserie.com\\\/\\\/wp-content\\\/uploads\\\/2021\\\/11\\\/04A5322.jpg\",\"width\":2500,\"height\":1667,\"caption\":\"tort Azia 2.0, DESEO\"},{\"@type\":\"BreadcrumbList\",\"@id\":\"https:\\\/\\\/deseopatisserie.com\\\/de\\\/produkt\\\/azia-2-0-kuchen\\\/#breadcrumb\",\"itemListElement\":[{\"@type\":\"ListItem\",\"position\":1,\"name\":\"Strona g\u0142\u00f3wna\",\"item\":\"https:\\\/\\\/deseopatisserie.com\\\/de\\\/homepage\\\/\"},{\"@type\":\"ListItem\",\"position\":2,\"name\":\"Azia 2.0 Kuchen\"}]},{\"@type\":\"WebSite\",\"@id\":\"https:\\\/\\\/deseopatisserie.com\\\/de\\\/#website\",\"url\":\"https:\\\/\\\/deseopatisserie.com\\\/de\\\/\",\"name\":\"DESEO\",\"description\":\"Patisserie &amp; Chocolaterie\",\"potentialAction\":[{\"@type\":\"SearchAction\",\"target\":{\"@type\":\"EntryPoint\",\"urlTemplate\":\"https:\\\/\\\/deseopatisserie.com\\\/de\\\/?s={search_term_string}\"},\"query-input\":{\"@type\":\"PropertyValueSpecification\",\"valueRequired\":true,\"valueName\":\"search_term_string\"}}],\"inLanguage\":\"de\"}]}<\/script>\n<!-- \/ Yoast SEO plugin. -->","yoast_head_json":{"title":"Azia 2.0 Kuchen - Cukiernia DESEO Warszawa","description":"Der Azia 2.0-Kuchen ist eine Kombination aus erfrischenden, exotischen Fr\u00fcchten mit einer zarten Mousse, die mit Ingwer aufgegossen ist. Das Ganze ist auf einem Kokos-Biskuitkuchen.","robots":{"index":"index","follow":"follow","max-snippet":"max-snippet:-1","max-image-preview":"max-image-preview:large","max-video-preview":"max-video-preview:-1"},"canonical":"https:\/\/deseopatisserie.com\/de\/produkt\/azia-2-0-kuchen\/","og_locale":"de_DE","og_type":"article","og_title":"Azia 2.0 Kuchen","og_description":"Der Azia 2.0-Kuchen ist eine Kombination aus erfrischenden, exotischen Fr\u00fcchten mit einer zarten Mousse, die mit Ingwer aufgegossen ist. Das Ganze ist auf einem Kokos-Biskuitkuchen.","og_url":"https:\/\/deseopatisserie.com\/de\/produkt\/azia-2-0-kuchen\/","og_site_name":"DESEO","og_image":[{"url":"https:\/\/deseopatisserie.com\/wp-content\/uploads\/2021\/09\/Tort-Azia-2.0._1-1024x683.jpg","type":"","width":"","height":""}],"twitter_card":"summary_large_image","schema":{"@context":"https:\/\/schema.org","@graph":[{"@type":"WebPage","@id":"https:\/\/deseopatisserie.com\/de\/produkt\/azia-2-0-kuchen\/","url":"https:\/\/deseopatisserie.com\/de\/produkt\/azia-2-0-kuchen\/","name":"Azia 2.0 Kuchen - Cukiernia DESEO Warszawa","isPartOf":{"@id":"https:\/\/deseopatisserie.com\/de\/#website"},"primaryImageOfPage":{"@id":"https:\/\/deseopatisserie.com\/de\/produkt\/azia-2-0-kuchen\/#primaryimage"},"image":{"@id":"https:\/\/deseopatisserie.com\/de\/produkt\/azia-2-0-kuchen\/#primaryimage"},"thumbnailUrl":"https:\/\/deseopatisserie.com\/\/wp-content\/uploads\/2021\/11\/04A5322.jpg","datePublished":"2021-11-23T14:40:14+00:00","description":"Der Azia 2.0-Kuchen ist eine Kombination aus erfrischenden, exotischen Fr\u00fcchten mit einer zarten Mousse, die mit Ingwer aufgegossen ist. Das Ganze ist auf einem Kokos-Biskuitkuchen.","breadcrumb":{"@id":"https:\/\/deseopatisserie.com\/de\/produkt\/azia-2-0-kuchen\/#breadcrumb"},"inLanguage":"de","potentialAction":[{"@type":"ReadAction","target":["https:\/\/deseopatisserie.com\/de\/produkt\/azia-2-0-kuchen\/"]}]},{"@type":"ImageObject","inLanguage":"de","@id":"https:\/\/deseopatisserie.com\/de\/produkt\/azia-2-0-kuchen\/#primaryimage","url":"https:\/\/deseopatisserie.com\/\/wp-content\/uploads\/2021\/11\/04A5322.jpg","contentUrl":"https:\/\/deseopatisserie.com\/\/wp-content\/uploads\/2021\/11\/04A5322.jpg","width":2500,"height":1667,"caption":"tort Azia 2.0, DESEO"},{"@type":"BreadcrumbList","@id":"https:\/\/deseopatisserie.com\/de\/produkt\/azia-2-0-kuchen\/#breadcrumb","itemListElement":[{"@type":"ListItem","position":1,"name":"Strona g\u0142\u00f3wna","item":"https:\/\/deseopatisserie.com\/de\/homepage\/"},{"@type":"ListItem","position":2,"name":"Azia 2.0 Kuchen"}]},{"@type":"WebSite","@id":"https:\/\/deseopatisserie.com\/de\/#website","url":"https:\/\/deseopatisserie.com\/de\/","name":"DESEO","description":"Patisserie &amp; Chocolaterie","potentialAction":[{"@type":"SearchAction","target":{"@type":"EntryPoint","urlTemplate":"https:\/\/deseopatisserie.com\/de\/?s={search_term_string}"},"query-input":{"@type":"PropertyValueSpecification","valueRequired":true,"valueName":"search_term_string"}}],"inLanguage":"de"}]}},"_links":{"self":[{"href":"https:\/\/deseopatisserie.com\/de\/wp-json\/wp\/v2\/product\/92351","targetHints":{"allow":["GET"]}}],"collection":[{"href":"https:\/\/deseopatisserie.com\/de\/wp-json\/wp\/v2\/product"}],"about":[{"href":"https:\/\/deseopatisserie.com\/de\/wp-json\/wp\/v2\/types\/product"}],"wp:featuredmedia":[{"embeddable":true,"href":"https:\/\/deseopatisserie.com\/de\/wp-json\/wp\/v2\/media\/127692"}],"wp:attachment":[{"href":"https:\/\/deseopatisserie.com\/de\/wp-json\/wp\/v2\/media?parent=92351"}],"wp:term":[{"taxonomy":"product_brand","embeddable":true,"href":"https:\/\/deseopatisserie.com\/de\/wp-json\/wp\/v2\/product_brand?post=92351"},{"taxonomy":"product_cat","embeddable":true,"href":"https:\/\/deseopatisserie.com\/de\/wp-json\/wp\/v2\/product_cat?post=92351"},{"taxonomy":"product_tag","embeddable":true,"href":"https:\/\/deseopatisserie.com\/de\/wp-json\/wp\/v2\/product_tag?post=92351"}],"curies":[{"name":"wp","href":"https:\/\/api.w.org\/{rel}","templated":true}]}}