{"id":92344,"date":"2021-11-15T18:01:13","date_gmt":"2021-11-15T17:01:13","guid":{"rendered":"https:\/\/deseopatisserie.com\/produkt\/schokoladen-weihnachtslebkuchen\/"},"modified":"2025-04-02T15:50:05","modified_gmt":"2025-04-02T13:50:05","slug":"schokoladen-weihnachtslebkuchen","status":"publish","type":"product","link":"https:\/\/deseopatisserie.com\/de\/produkt\/schokoladen-weihnachtslebkuchen\/","title":{"rendered":"Schokoladen-Weihnachtslebkuchen"},"content":{"rendered":"","protected":false},"excerpt":{"rendered":"<p data-pm-slice=\"1 1 []\">Dry Chocolate Mexico 70% entstand dank der Reise der DESEO-Sch\u00f6pfer \u0141ukasz und Natalia nach Mittelamerika auf der Suche nach Schokoladeninspirationen. Eines der &#8222;Souvenirs&#8220; von der Reise war ein P\u00e4ckchen Kakaobohnen direkt von einer Plantage in Mexiko. Auf der Basis dieser Bohnen wurde die Mexico 70% Schokolade kreiert, die einen dunklen Charakter und eine au\u00dfergew\u00f6hnliche Tiefe hat und mit dem Aroma von Brombeeren und reifen roten Fr\u00fcchten verf\u00fchrt.  <\/p>\n<p data-pm-slice=\"1 1 []\">Basierend auf Samen aus Mexiko haben wir auch <strong>Weihnachtslebkuchenschokolade<\/strong> kreiert. Wir haben die trockene Schokolade mit Gew\u00fcrzen versehen. Dank ihnen hat Schokolade einen wunderbaren Lebkuchengeschmack und -aroma. \u00d6ffnen Sie einfach die Weihnachtsverpackung, um den Zauber von Weihnachten zu sp\u00fcren.   <\/p>\n<p data-pm-slice=\"1 1 []\">Weihnachtslebkuchen Schokolade ist die erste unserer Weihnachtsschokoladen. Anscheinend sorgen allein schon die Grafiken auf der Verpackung f\u00fcr festliche Stimmung. <\/p>\n","protected":false},"featured_media":83003,"template":"","meta":{"_acf_changed":false},"product_brand":[],"product_cat":[2608,2008],"product_tag":[],"class_list":{"0":"post-92344","1":"product","2":"type-product","3":"status-publish","4":"has-post-thumbnail","6":"product_cat-bean-to-bar-pralinen","7":"product_cat-weihnachten","9":"first","10":"outofstock","11":"taxable","12":"shipping-taxable","13":"purchasable","14":"product-type-simple"},"acf":[],"yoast_head":"<!-- This site is optimized with the Yoast SEO plugin v27.4 - https:\/\/yoast.com\/product\/yoast-seo-wordpress\/ -->\n<title>Schokoladen-Weihnachtslebkuchen - Cukiernia DESEO Warszawa<\/title>\n<meta name=\"description\" content=\"Basierend auf Samen aus Mexiko haben wir auch Weihnachtslebkuchenschokolade kreiert. Wir haben die trockene Schokolade mit Gew\u00fcrzen versehen. Dank ihnen hat Schokolade einen wunderbaren Lebkuchengeschmack und -aroma. \u00d6ffnen Sie einfach die Weihnachtsverpackung, um den Zauber von Weihnachten zu sp\u00fcren.\" \/>\n<meta name=\"robots\" content=\"index, follow, max-snippet:-1, max-image-preview:large, max-video-preview:-1\" \/>\n<link rel=\"canonical\" href=\"https:\/\/deseopatisserie.com\/de\/produkt\/schokoladen-weihnachtslebkuchen\/\" \/>\n<meta property=\"og:locale\" content=\"de_DE\" \/>\n<meta property=\"og:type\" content=\"article\" \/>\n<meta property=\"og:title\" content=\"DESEO | WEIHNACHTLICHE LEBKUCHEN SCHOKOLADE\" \/>\n<meta property=\"og:description\" content=\"Basierend auf Samen aus Mexiko haben wir auch Weihnachtslebkuchenschokolade kreiert. Wir haben die trockene Schokolade mit Gew\u00fcrzen versehen. Dank ihnen hat Schokolade einen wunderbaren Lebkuchengeschmack und -aroma. \u00d6ffnen Sie einfach die Weihnachtsverpackung, um den Zauber von Weihnachten zu sp\u00fcren.\" \/>\n<meta property=\"og:url\" content=\"https:\/\/deseopatisserie.com\/de\/produkt\/schokoladen-weihnachtslebkuchen\/\" \/>\n<meta property=\"og:site_name\" content=\"DESEO\" \/>\n<meta property=\"article:modified_time\" content=\"2025-04-02T13:50:05+00:00\" \/>\n<meta property=\"og:image\" content=\"https:\/\/deseopatisserie.com\/wp-content\/uploads\/2021\/11\/004A8617-1024x683.jpg\" \/>\n<meta name=\"twitter:card\" content=\"summary_large_image\" \/>\n<meta name=\"twitter:label1\" content=\"Gesch\u00e4tzte Lesezeit\" \/>\n\t<meta name=\"twitter:data1\" content=\"1\u00a0Minute\" \/>\n<script type=\"application\/ld+json\" class=\"yoast-schema-graph\">{\"@context\":\"https:\\\/\\\/schema.org\",\"@graph\":[{\"@type\":\"WebPage\",\"@id\":\"https:\\\/\\\/deseopatisserie.com\\\/de\\\/produkt\\\/schokoladen-weihnachtslebkuchen\\\/\",\"url\":\"https:\\\/\\\/deseopatisserie.com\\\/de\\\/produkt\\\/schokoladen-weihnachtslebkuchen\\\/\",\"name\":\"Schokoladen-Weihnachtslebkuchen - Cukiernia DESEO Warszawa\",\"isPartOf\":{\"@id\":\"https:\\\/\\\/deseopatisserie.com\\\/de\\\/#website\"},\"primaryImageOfPage\":{\"@id\":\"https:\\\/\\\/deseopatisserie.com\\\/de\\\/produkt\\\/schokoladen-weihnachtslebkuchen\\\/#primaryimage\"},\"image\":{\"@id\":\"https:\\\/\\\/deseopatisserie.com\\\/de\\\/produkt\\\/schokoladen-weihnachtslebkuchen\\\/#primaryimage\"},\"thumbnailUrl\":\"https:\\\/\\\/deseopatisserie.com\\\/\\\/wp-content\\\/uploads\\\/2021\\\/11\\\/004A8617.jpg\",\"datePublished\":\"2021-11-15T17:01:13+00:00\",\"dateModified\":\"2025-04-02T13:50:05+00:00\",\"description\":\"Basierend auf Samen aus Mexiko haben wir auch Weihnachtslebkuchenschokolade kreiert. Wir haben die trockene Schokolade mit Gew\u00fcrzen versehen. Dank ihnen hat Schokolade einen wunderbaren Lebkuchengeschmack und -aroma. \u00d6ffnen Sie einfach die Weihnachtsverpackung, um den Zauber von Weihnachten zu sp\u00fcren.\",\"breadcrumb\":{\"@id\":\"https:\\\/\\\/deseopatisserie.com\\\/de\\\/produkt\\\/schokoladen-weihnachtslebkuchen\\\/#breadcrumb\"},\"inLanguage\":\"de\",\"potentialAction\":[{\"@type\":\"ReadAction\",\"target\":[\"https:\\\/\\\/deseopatisserie.com\\\/de\\\/produkt\\\/schokoladen-weihnachtslebkuchen\\\/\"]}]},{\"@type\":\"ImageObject\",\"inLanguage\":\"de\",\"@id\":\"https:\\\/\\\/deseopatisserie.com\\\/de\\\/produkt\\\/schokoladen-weihnachtslebkuchen\\\/#primaryimage\",\"url\":\"https:\\\/\\\/deseopatisserie.com\\\/\\\/wp-content\\\/uploads\\\/2021\\\/11\\\/004A8617.jpg\",\"contentUrl\":\"https:\\\/\\\/deseopatisserie.com\\\/\\\/wp-content\\\/uploads\\\/2021\\\/11\\\/004A8617.jpg\",\"width\":1800,\"height\":1200},{\"@type\":\"BreadcrumbList\",\"@id\":\"https:\\\/\\\/deseopatisserie.com\\\/de\\\/produkt\\\/schokoladen-weihnachtslebkuchen\\\/#breadcrumb\",\"itemListElement\":[{\"@type\":\"ListItem\",\"position\":1,\"name\":\"Strona g\u0142\u00f3wna\",\"item\":\"https:\\\/\\\/deseopatisserie.com\\\/de\\\/homepage\\\/\"},{\"@type\":\"ListItem\",\"position\":2,\"name\":\"Schokoladen-Weihnachtslebkuchen\"}]},{\"@type\":\"WebSite\",\"@id\":\"https:\\\/\\\/deseopatisserie.com\\\/de\\\/#website\",\"url\":\"https:\\\/\\\/deseopatisserie.com\\\/de\\\/\",\"name\":\"DESEO\",\"description\":\"Patisserie &amp; Chocolaterie\",\"potentialAction\":[{\"@type\":\"SearchAction\",\"target\":{\"@type\":\"EntryPoint\",\"urlTemplate\":\"https:\\\/\\\/deseopatisserie.com\\\/de\\\/?s={search_term_string}\"},\"query-input\":{\"@type\":\"PropertyValueSpecification\",\"valueRequired\":true,\"valueName\":\"search_term_string\"}}],\"inLanguage\":\"de\"}]}<\/script>\n<!-- \/ Yoast SEO plugin. -->","yoast_head_json":{"title":"Schokoladen-Weihnachtslebkuchen - Cukiernia DESEO Warszawa","description":"Basierend auf Samen aus Mexiko haben wir auch Weihnachtslebkuchenschokolade kreiert. Wir haben die trockene Schokolade mit Gew\u00fcrzen versehen. Dank ihnen hat Schokolade einen wunderbaren Lebkuchengeschmack und -aroma. \u00d6ffnen Sie einfach die Weihnachtsverpackung, um den Zauber von Weihnachten zu sp\u00fcren.","robots":{"index":"index","follow":"follow","max-snippet":"max-snippet:-1","max-image-preview":"max-image-preview:large","max-video-preview":"max-video-preview:-1"},"canonical":"https:\/\/deseopatisserie.com\/de\/produkt\/schokoladen-weihnachtslebkuchen\/","og_locale":"de_DE","og_type":"article","og_title":"DESEO | WEIHNACHTLICHE LEBKUCHEN SCHOKOLADE","og_description":"Basierend auf Samen aus Mexiko haben wir auch Weihnachtslebkuchenschokolade kreiert. Wir haben die trockene Schokolade mit Gew\u00fcrzen versehen. Dank ihnen hat Schokolade einen wunderbaren Lebkuchengeschmack und -aroma. \u00d6ffnen Sie einfach die Weihnachtsverpackung, um den Zauber von Weihnachten zu sp\u00fcren.","og_url":"https:\/\/deseopatisserie.com\/de\/produkt\/schokoladen-weihnachtslebkuchen\/","og_site_name":"DESEO","article_modified_time":"2025-04-02T13:50:05+00:00","og_image":[{"url":"https:\/\/deseopatisserie.com\/wp-content\/uploads\/2021\/11\/004A8617-1024x683.jpg","type":"","width":"","height":""}],"twitter_card":"summary_large_image","twitter_misc":{"Gesch\u00e4tzte Lesezeit":"1\u00a0Minute"},"schema":{"@context":"https:\/\/schema.org","@graph":[{"@type":"WebPage","@id":"https:\/\/deseopatisserie.com\/de\/produkt\/schokoladen-weihnachtslebkuchen\/","url":"https:\/\/deseopatisserie.com\/de\/produkt\/schokoladen-weihnachtslebkuchen\/","name":"Schokoladen-Weihnachtslebkuchen - Cukiernia DESEO Warszawa","isPartOf":{"@id":"https:\/\/deseopatisserie.com\/de\/#website"},"primaryImageOfPage":{"@id":"https:\/\/deseopatisserie.com\/de\/produkt\/schokoladen-weihnachtslebkuchen\/#primaryimage"},"image":{"@id":"https:\/\/deseopatisserie.com\/de\/produkt\/schokoladen-weihnachtslebkuchen\/#primaryimage"},"thumbnailUrl":"https:\/\/deseopatisserie.com\/\/wp-content\/uploads\/2021\/11\/004A8617.jpg","datePublished":"2021-11-15T17:01:13+00:00","dateModified":"2025-04-02T13:50:05+00:00","description":"Basierend auf Samen aus Mexiko haben wir auch Weihnachtslebkuchenschokolade kreiert. Wir haben die trockene Schokolade mit Gew\u00fcrzen versehen. Dank ihnen hat Schokolade einen wunderbaren Lebkuchengeschmack und -aroma. \u00d6ffnen Sie einfach die Weihnachtsverpackung, um den Zauber von Weihnachten zu sp\u00fcren.","breadcrumb":{"@id":"https:\/\/deseopatisserie.com\/de\/produkt\/schokoladen-weihnachtslebkuchen\/#breadcrumb"},"inLanguage":"de","potentialAction":[{"@type":"ReadAction","target":["https:\/\/deseopatisserie.com\/de\/produkt\/schokoladen-weihnachtslebkuchen\/"]}]},{"@type":"ImageObject","inLanguage":"de","@id":"https:\/\/deseopatisserie.com\/de\/produkt\/schokoladen-weihnachtslebkuchen\/#primaryimage","url":"https:\/\/deseopatisserie.com\/\/wp-content\/uploads\/2021\/11\/004A8617.jpg","contentUrl":"https:\/\/deseopatisserie.com\/\/wp-content\/uploads\/2021\/11\/004A8617.jpg","width":1800,"height":1200},{"@type":"BreadcrumbList","@id":"https:\/\/deseopatisserie.com\/de\/produkt\/schokoladen-weihnachtslebkuchen\/#breadcrumb","itemListElement":[{"@type":"ListItem","position":1,"name":"Strona g\u0142\u00f3wna","item":"https:\/\/deseopatisserie.com\/de\/homepage\/"},{"@type":"ListItem","position":2,"name":"Schokoladen-Weihnachtslebkuchen"}]},{"@type":"WebSite","@id":"https:\/\/deseopatisserie.com\/de\/#website","url":"https:\/\/deseopatisserie.com\/de\/","name":"DESEO","description":"Patisserie &amp; Chocolaterie","potentialAction":[{"@type":"SearchAction","target":{"@type":"EntryPoint","urlTemplate":"https:\/\/deseopatisserie.com\/de\/?s={search_term_string}"},"query-input":{"@type":"PropertyValueSpecification","valueRequired":true,"valueName":"search_term_string"}}],"inLanguage":"de"}]}},"_links":{"self":[{"href":"https:\/\/deseopatisserie.com\/de\/wp-json\/wp\/v2\/product\/92344","targetHints":{"allow":["GET"]}}],"collection":[{"href":"https:\/\/deseopatisserie.com\/de\/wp-json\/wp\/v2\/product"}],"about":[{"href":"https:\/\/deseopatisserie.com\/de\/wp-json\/wp\/v2\/types\/product"}],"wp:featuredmedia":[{"embeddable":true,"href":"https:\/\/deseopatisserie.com\/de\/wp-json\/wp\/v2\/media\/83003"}],"wp:attachment":[{"href":"https:\/\/deseopatisserie.com\/de\/wp-json\/wp\/v2\/media?parent=92344"}],"wp:term":[{"taxonomy":"product_brand","embeddable":true,"href":"https:\/\/deseopatisserie.com\/de\/wp-json\/wp\/v2\/product_brand?post=92344"},{"taxonomy":"product_cat","embeddable":true,"href":"https:\/\/deseopatisserie.com\/de\/wp-json\/wp\/v2\/product_cat?post=92344"},{"taxonomy":"product_tag","embeddable":true,"href":"https:\/\/deseopatisserie.com\/de\/wp-json\/wp\/v2\/product_tag?post=92344"}],"curies":[{"name":"wp","href":"https:\/\/api.w.org\/{rel}","templated":true}]}}