{"id":92339,"date":"2021-11-04T16:02:16","date_gmt":"2021-11-04T15:02:16","guid":{"rendered":"https:\/\/deseopatisserie.com\/produkt\/pistazien-knusperschokolade\/"},"modified":"2025-04-02T15:50:10","modified_gmt":"2025-04-02T13:50:10","slug":"pistazien-knusperschokolade","status":"publish","type":"product","link":"https:\/\/deseopatisserie.com\/de\/produkt\/pistazien-knusperschokolade\/","title":{"rendered":"Pistazien-Knusperschokolade"},"content":{"rendered":"","protected":false},"excerpt":{"rendered":"<p>Dieser Riegel besteht aus 3 Elementen: wei\u00dfe Schokoladenbohne zum Riegel, 100% Pistazienpaste, die von uns in unserer Werkstatt hergestellt wird, und Paillet\u00e9 Feuilletine Crisp, der wie kleine goldene Waffeln aussieht. Die Schokolade ist stark pistazienhaft, zergeht im Mund und am Ende sind es kleine, knusprige Elemente, die die Textur aufbrechen.<\/p>\n<p>Die Pistazien-Knusperschokolade wurde zweimal von der Jury des prestigetr\u00e4chtigen Wettbewerbs International Chocolate Awards <strong>ausgezeichnet<\/strong> , dessen Hauptziel es ist, Unternehmen zu unterst\u00fctzen, die sich auf die Herstellung hochwertiger Schokoladenprodukte spezialisiert haben. In der Kategorie &#8222;Wei\u00dfe Schokolade mit F\u00fcllung oder Einschl\u00fcssen&#8220; erhielt unsere Schokolade 2023 eine <strong>Silbermedaille <\/strong>und 2022 eine Goldmedaille<strong> !<\/strong> Die International Chocolate Awards werden seit 2012 verliehen und die Jury setzt sich aus unabh\u00e4ngigen Bean-to-Bar-Schokoladenspezialisten aus Gro\u00dfbritannien, den USA und Italien zusammen. <\/p>\n","protected":false},"featured_media":126029,"template":"","meta":{"_acf_changed":false},"product_brand":[],"product_cat":[2608,2609],"product_tag":[],"class_list":{"0":"post-92339","1":"product","2":"type-product","3":"status-publish","4":"has-post-thumbnail","6":"product_cat-bean-to-bar-pralinen","7":"product_cat-schokolade-snacks","9":"first","10":"instock","11":"taxable","12":"shipping-taxable","13":"purchasable","14":"product-type-simple"},"acf":[],"yoast_head":"<!-- This site is optimized with the Yoast SEO plugin v27.4 - https:\/\/yoast.com\/product\/yoast-seo-wordpress\/ -->\n<title>Pistazien-Knusperschokolade - Cukiernia DESEO Warszawa<\/title>\n<meta name=\"description\" content=\"Die Schokolade ist stark pistazienhaft, zergeht im Mund und am Ende sind es kleine, knusprige Elemente, die die Textur aufbrechen.\" \/>\n<meta name=\"robots\" content=\"index, follow, max-snippet:-1, max-image-preview:large, max-video-preview:-1\" \/>\n<link rel=\"canonical\" href=\"https:\/\/deseopatisserie.com\/de\/produkt\/pistazien-knusperschokolade\/\" \/>\n<meta property=\"og:locale\" content=\"de_DE\" \/>\n<meta property=\"og:type\" content=\"article\" \/>\n<meta property=\"og:title\" content=\"Pistazien-Knusperschokolade\" \/>\n<meta property=\"og:description\" content=\"Die Schokolade ist stark pistazienhaft, zergeht im Mund und am Ende sind es kleine, knusprige Elemente, die die Textur aufbrechen.\" \/>\n<meta property=\"og:url\" content=\"https:\/\/deseopatisserie.com\/de\/produkt\/pistazien-knusperschokolade\/\" \/>\n<meta property=\"og:site_name\" content=\"DESEO\" \/>\n<meta property=\"article:modified_time\" content=\"2025-04-02T13:50:10+00:00\" \/>\n<meta property=\"og:image\" content=\"https:\/\/deseopatisserie.com\/wp-content\/uploads\/2021\/11\/czeko-PISTACHIO-gold-ICA-zm-600x400-silver-2023.jpg\" \/>\n<meta name=\"twitter:card\" content=\"summary_large_image\" \/>\n<script type=\"application\/ld+json\" class=\"yoast-schema-graph\">{\"@context\":\"https:\\\/\\\/schema.org\",\"@graph\":[{\"@type\":\"WebPage\",\"@id\":\"https:\\\/\\\/deseopatisserie.com\\\/de\\\/produkt\\\/pistazien-knusperschokolade\\\/\",\"url\":\"https:\\\/\\\/deseopatisserie.com\\\/de\\\/produkt\\\/pistazien-knusperschokolade\\\/\",\"name\":\"Pistazien-Knusperschokolade - Cukiernia DESEO Warszawa\",\"isPartOf\":{\"@id\":\"https:\\\/\\\/deseopatisserie.com\\\/de\\\/#website\"},\"primaryImageOfPage\":{\"@id\":\"https:\\\/\\\/deseopatisserie.com\\\/de\\\/produkt\\\/pistazien-knusperschokolade\\\/#primaryimage\"},\"image\":{\"@id\":\"https:\\\/\\\/deseopatisserie.com\\\/de\\\/produkt\\\/pistazien-knusperschokolade\\\/#primaryimage\"},\"thumbnailUrl\":\"https:\\\/\\\/deseopatisserie.com\\\/\\\/wp-content\\\/uploads\\\/2021\\\/11\\\/czekolada-pistacjowa.png\",\"datePublished\":\"2021-11-04T15:02:16+00:00\",\"dateModified\":\"2025-04-02T13:50:10+00:00\",\"description\":\"Die Schokolade ist stark pistazienhaft, zergeht im Mund und am Ende sind es kleine, knusprige Elemente, die die Textur aufbrechen.\",\"breadcrumb\":{\"@id\":\"https:\\\/\\\/deseopatisserie.com\\\/de\\\/produkt\\\/pistazien-knusperschokolade\\\/#breadcrumb\"},\"inLanguage\":\"de\",\"potentialAction\":[{\"@type\":\"ReadAction\",\"target\":[\"https:\\\/\\\/deseopatisserie.com\\\/de\\\/produkt\\\/pistazien-knusperschokolade\\\/\"]}]},{\"@type\":\"ImageObject\",\"inLanguage\":\"de\",\"@id\":\"https:\\\/\\\/deseopatisserie.com\\\/de\\\/produkt\\\/pistazien-knusperschokolade\\\/#primaryimage\",\"url\":\"https:\\\/\\\/deseopatisserie.com\\\/\\\/wp-content\\\/uploads\\\/2021\\\/11\\\/czekolada-pistacjowa.png\",\"contentUrl\":\"https:\\\/\\\/deseopatisserie.com\\\/\\\/wp-content\\\/uploads\\\/2021\\\/11\\\/czekolada-pistacjowa.png\",\"width\":2048,\"height\":1365},{\"@type\":\"BreadcrumbList\",\"@id\":\"https:\\\/\\\/deseopatisserie.com\\\/de\\\/produkt\\\/pistazien-knusperschokolade\\\/#breadcrumb\",\"itemListElement\":[{\"@type\":\"ListItem\",\"position\":1,\"name\":\"Strona g\u0142\u00f3wna\",\"item\":\"https:\\\/\\\/deseopatisserie.com\\\/de\\\/homepage\\\/\"},{\"@type\":\"ListItem\",\"position\":2,\"name\":\"Pistazien-Knusperschokolade\"}]},{\"@type\":\"WebSite\",\"@id\":\"https:\\\/\\\/deseopatisserie.com\\\/de\\\/#website\",\"url\":\"https:\\\/\\\/deseopatisserie.com\\\/de\\\/\",\"name\":\"DESEO\",\"description\":\"Patisserie &amp; Chocolaterie\",\"potentialAction\":[{\"@type\":\"SearchAction\",\"target\":{\"@type\":\"EntryPoint\",\"urlTemplate\":\"https:\\\/\\\/deseopatisserie.com\\\/de\\\/?s={search_term_string}\"},\"query-input\":{\"@type\":\"PropertyValueSpecification\",\"valueRequired\":true,\"valueName\":\"search_term_string\"}}],\"inLanguage\":\"de\"}]}<\/script>\n<!-- \/ Yoast SEO plugin. -->","yoast_head_json":{"title":"Pistazien-Knusperschokolade - Cukiernia DESEO Warszawa","description":"Die Schokolade ist stark pistazienhaft, zergeht im Mund und am Ende sind es kleine, knusprige Elemente, die die Textur aufbrechen.","robots":{"index":"index","follow":"follow","max-snippet":"max-snippet:-1","max-image-preview":"max-image-preview:large","max-video-preview":"max-video-preview:-1"},"canonical":"https:\/\/deseopatisserie.com\/de\/produkt\/pistazien-knusperschokolade\/","og_locale":"de_DE","og_type":"article","og_title":"Pistazien-Knusperschokolade","og_description":"Die Schokolade ist stark pistazienhaft, zergeht im Mund und am Ende sind es kleine, knusprige Elemente, die die Textur aufbrechen.","og_url":"https:\/\/deseopatisserie.com\/de\/produkt\/pistazien-knusperschokolade\/","og_site_name":"DESEO","article_modified_time":"2025-04-02T13:50:10+00:00","og_image":[{"url":"https:\/\/deseopatisserie.com\/wp-content\/uploads\/2021\/11\/czeko-PISTACHIO-gold-ICA-zm-600x400-silver-2023.jpg","type":"","width":"","height":""}],"twitter_card":"summary_large_image","schema":{"@context":"https:\/\/schema.org","@graph":[{"@type":"WebPage","@id":"https:\/\/deseopatisserie.com\/de\/produkt\/pistazien-knusperschokolade\/","url":"https:\/\/deseopatisserie.com\/de\/produkt\/pistazien-knusperschokolade\/","name":"Pistazien-Knusperschokolade - Cukiernia DESEO Warszawa","isPartOf":{"@id":"https:\/\/deseopatisserie.com\/de\/#website"},"primaryImageOfPage":{"@id":"https:\/\/deseopatisserie.com\/de\/produkt\/pistazien-knusperschokolade\/#primaryimage"},"image":{"@id":"https:\/\/deseopatisserie.com\/de\/produkt\/pistazien-knusperschokolade\/#primaryimage"},"thumbnailUrl":"https:\/\/deseopatisserie.com\/\/wp-content\/uploads\/2021\/11\/czekolada-pistacjowa.png","datePublished":"2021-11-04T15:02:16+00:00","dateModified":"2025-04-02T13:50:10+00:00","description":"Die Schokolade ist stark pistazienhaft, zergeht im Mund und am Ende sind es kleine, knusprige Elemente, die die Textur aufbrechen.","breadcrumb":{"@id":"https:\/\/deseopatisserie.com\/de\/produkt\/pistazien-knusperschokolade\/#breadcrumb"},"inLanguage":"de","potentialAction":[{"@type":"ReadAction","target":["https:\/\/deseopatisserie.com\/de\/produkt\/pistazien-knusperschokolade\/"]}]},{"@type":"ImageObject","inLanguage":"de","@id":"https:\/\/deseopatisserie.com\/de\/produkt\/pistazien-knusperschokolade\/#primaryimage","url":"https:\/\/deseopatisserie.com\/\/wp-content\/uploads\/2021\/11\/czekolada-pistacjowa.png","contentUrl":"https:\/\/deseopatisserie.com\/\/wp-content\/uploads\/2021\/11\/czekolada-pistacjowa.png","width":2048,"height":1365},{"@type":"BreadcrumbList","@id":"https:\/\/deseopatisserie.com\/de\/produkt\/pistazien-knusperschokolade\/#breadcrumb","itemListElement":[{"@type":"ListItem","position":1,"name":"Strona g\u0142\u00f3wna","item":"https:\/\/deseopatisserie.com\/de\/homepage\/"},{"@type":"ListItem","position":2,"name":"Pistazien-Knusperschokolade"}]},{"@type":"WebSite","@id":"https:\/\/deseopatisserie.com\/de\/#website","url":"https:\/\/deseopatisserie.com\/de\/","name":"DESEO","description":"Patisserie &amp; Chocolaterie","potentialAction":[{"@type":"SearchAction","target":{"@type":"EntryPoint","urlTemplate":"https:\/\/deseopatisserie.com\/de\/?s={search_term_string}"},"query-input":{"@type":"PropertyValueSpecification","valueRequired":true,"valueName":"search_term_string"}}],"inLanguage":"de"}]}},"_links":{"self":[{"href":"https:\/\/deseopatisserie.com\/de\/wp-json\/wp\/v2\/product\/92339","targetHints":{"allow":["GET"]}}],"collection":[{"href":"https:\/\/deseopatisserie.com\/de\/wp-json\/wp\/v2\/product"}],"about":[{"href":"https:\/\/deseopatisserie.com\/de\/wp-json\/wp\/v2\/types\/product"}],"wp:featuredmedia":[{"embeddable":true,"href":"https:\/\/deseopatisserie.com\/de\/wp-json\/wp\/v2\/media\/126029"}],"wp:attachment":[{"href":"https:\/\/deseopatisserie.com\/de\/wp-json\/wp\/v2\/media?parent=92339"}],"wp:term":[{"taxonomy":"product_brand","embeddable":true,"href":"https:\/\/deseopatisserie.com\/de\/wp-json\/wp\/v2\/product_brand?post=92339"},{"taxonomy":"product_cat","embeddable":true,"href":"https:\/\/deseopatisserie.com\/de\/wp-json\/wp\/v2\/product_cat?post=92339"},{"taxonomy":"product_tag","embeddable":true,"href":"https:\/\/deseopatisserie.com\/de\/wp-json\/wp\/v2\/product_tag?post=92339"}],"curies":[{"name":"wp","href":"https:\/\/api.w.org\/{rel}","templated":true}]}}