{"id":92313,"date":"2021-09-09T10:55:01","date_gmt":"2021-09-09T08:55:01","guid":{"rendered":"https:\/\/deseopatisserie.com\/produkt\/weisse-schokoladentropfen-1kg\/"},"modified":"2025-04-02T15:49:35","modified_gmt":"2025-04-02T13:49:35","slug":"weisse-schokoladentropfen-1kg","status":"publish","type":"product","link":"https:\/\/deseopatisserie.com\/de\/produkt\/weisse-schokoladentropfen-1kg\/","title":{"rendered":"Wei\u00dfe Schokoladentropfen 1kg"},"content":{"rendered":"","protected":false},"excerpt":{"rendered":"<p>Wei\u00dfe Schokolade mit einem intensiven Geschmack von Vollmilch und einer cremigen Textur. Es ist eine ideale Wahl nicht nur f\u00fcr Liebhaber von S\u00fc\u00dfigkeiten, sondern auch f\u00fcr Liebhaber von Backen und kulinarischen Experimenten. <\/p>\n<p>Schokolade wird in handlichen Tropfen \u2013 Lutschtabletten \u2013 hergestellt, dank derer sie leicht zu messen und zu schmelzen ist.<\/p>\n<p><strong>Verwenden Sie es in Ihrer eigenen K\u00fcche, um Folgendes zuzubereiten:<\/strong><\/p>\n<p>&#8211; s\u00fc\u00dfes Geb\u00e4ck: Cupcakes mit Obst und Schokoladenst\u00fcckchen, Blondies, K\u00e4sekuchen, Obstkuchen<\/p>\n<p>&#8211; Bel\u00e4ge und Saucen f\u00fcr Kuchen, Pfannkuchen, Pfannkuchen, Desserts und Eiscreme,<\/p>\n<p>&#8211; Cremes f\u00fcr Kuchen und Kuchen und samtige Mousse,<\/p>\n<p>&#8211; Chips f\u00fcr Kuchen<\/p>\n<p>&#8211; Fondue, in Schokolade getauchte Fr\u00fcchte, Schokoladenbrunnen,<\/p>\n<p>&#8211; Kokosnusstr\u00fcffel oder wei\u00dfe Schokoladenriegel,<\/p>\n<p>&#8211; Pralinen, hausgemachte Schokolade mit ausgew\u00e4hlten Toppings und Schokoladendekorationen.<\/p>\n<p>Schmeckt gro\u00dfartig, wenn es direkt von der Packung \ud83d\ude0a gegessen wird<\/p>\n<p><strong>\ud83d\udc49 Laden Sie das kostenlose <span style=\"color: #bf883b;\"><a style=\"color: #bf883b;\" href=\"https:\/\/deseopatisserie.com\/de\/produkt\/haselnuss-e-book-deseo\/\">EHANUT E-Book DESEO<\/a> <\/span>herunter und bereiten Sie k\u00f6stliche Desserts mit unseren Schokoladentropfen zu!<\/strong><\/p>\n","protected":false},"featured_media":85412,"template":"","meta":{"_acf_changed":false},"product_brand":[],"product_cat":[2646,2668,2609],"product_tag":[],"class_list":{"0":"post-92313","1":"product","2":"type-product","3":"status-publish","4":"has-post-thumbnail","6":"product_cat-produkte-fur-cafes-und-konditoreien","7":"product_cat-schoko-tropfen","8":"product_cat-schokolade-snacks","10":"first","11":"instock","12":"taxable","13":"shipping-taxable","14":"purchasable","15":"product-type-simple"},"acf":[],"yoast_head":"<!-- This site is optimized with the Yoast SEO plugin v27.4 - https:\/\/yoast.com\/product\/yoast-seo-wordpress\/ -->\n<title>Wei\u00dfe Schokoladentropfen 1kg - Cukiernia DESEO Warszawa<\/title>\n<meta name=\"description\" content=\"Wei\u00dfe Schokolade mit einem intensiven Geschmack von Vollmilch und einer cremigen Textur. Es ist die perfekte Wahl nicht nur f\u00fcr Liebhaber von S\u00fc\u00dfigkeiten!\" \/>\n<meta name=\"robots\" content=\"index, follow, max-snippet:-1, max-image-preview:large, max-video-preview:-1\" \/>\n<link rel=\"canonical\" href=\"https:\/\/deseopatisserie.com\/de\/produkt\/weisse-schokoladentropfen-1kg\/\" \/>\n<meta property=\"og:locale\" content=\"de_DE\" \/>\n<meta property=\"og:type\" content=\"article\" \/>\n<meta property=\"og:title\" content=\"DESEO Drops wei\u00dfe Schokolade 1kg\" \/>\n<meta property=\"og:description\" content=\"Wei\u00dfe Schokolade mit einem intensiven Geschmack von Vollmilch und einer cremigen Textur. Es ist die perfekte Wahl nicht nur f\u00fcr Liebhaber von S\u00fc\u00dfigkeiten!\" \/>\n<meta property=\"og:url\" content=\"https:\/\/deseopatisserie.com\/de\/produkt\/weisse-schokoladentropfen-1kg\/\" \/>\n<meta property=\"og:site_name\" content=\"DESEO\" \/>\n<meta property=\"article:modified_time\" content=\"2025-04-02T13:49:35+00:00\" \/>\n<meta property=\"og:image\" content=\"https:\/\/deseopatisserie.com\/wp-content\/uploads\/2021\/09\/allegro-czekolada_BIALA_dropsy-1kg-300x300.jpg\" \/>\n<meta name=\"twitter:card\" content=\"summary_large_image\" \/>\n<script type=\"application\/ld+json\" class=\"yoast-schema-graph\">{\"@context\":\"https:\\\/\\\/schema.org\",\"@graph\":[{\"@type\":\"WebPage\",\"@id\":\"https:\\\/\\\/deseopatisserie.com\\\/de\\\/produkt\\\/weisse-schokoladentropfen-1kg\\\/\",\"url\":\"https:\\\/\\\/deseopatisserie.com\\\/de\\\/produkt\\\/weisse-schokoladentropfen-1kg\\\/\",\"name\":\"Wei\u00dfe Schokoladentropfen 1kg - Cukiernia DESEO Warszawa\",\"isPartOf\":{\"@id\":\"https:\\\/\\\/deseopatisserie.com\\\/de\\\/#website\"},\"primaryImageOfPage\":{\"@id\":\"https:\\\/\\\/deseopatisserie.com\\\/de\\\/produkt\\\/weisse-schokoladentropfen-1kg\\\/#primaryimage\"},\"image\":{\"@id\":\"https:\\\/\\\/deseopatisserie.com\\\/de\\\/produkt\\\/weisse-schokoladentropfen-1kg\\\/#primaryimage\"},\"thumbnailUrl\":\"https:\\\/\\\/deseopatisserie.com\\\/\\\/wp-content\\\/uploads\\\/2021\\\/09\\\/allegro-czekolada_BIALA_dropsy-1kg.jpg\",\"datePublished\":\"2021-09-09T08:55:01+00:00\",\"dateModified\":\"2025-04-02T13:49:35+00:00\",\"description\":\"Wei\u00dfe Schokolade mit einem intensiven Geschmack von Vollmilch und einer cremigen Textur. Es ist die perfekte Wahl nicht nur f\u00fcr Liebhaber von S\u00fc\u00dfigkeiten!\",\"breadcrumb\":{\"@id\":\"https:\\\/\\\/deseopatisserie.com\\\/de\\\/produkt\\\/weisse-schokoladentropfen-1kg\\\/#breadcrumb\"},\"inLanguage\":\"de\",\"potentialAction\":[{\"@type\":\"ReadAction\",\"target\":[\"https:\\\/\\\/deseopatisserie.com\\\/de\\\/produkt\\\/weisse-schokoladentropfen-1kg\\\/\"]}]},{\"@type\":\"ImageObject\",\"inLanguage\":\"de\",\"@id\":\"https:\\\/\\\/deseopatisserie.com\\\/de\\\/produkt\\\/weisse-schokoladentropfen-1kg\\\/#primaryimage\",\"url\":\"https:\\\/\\\/deseopatisserie.com\\\/\\\/wp-content\\\/uploads\\\/2021\\\/09\\\/allegro-czekolada_BIALA_dropsy-1kg.jpg\",\"contentUrl\":\"https:\\\/\\\/deseopatisserie.com\\\/\\\/wp-content\\\/uploads\\\/2021\\\/09\\\/allegro-czekolada_BIALA_dropsy-1kg.jpg\",\"width\":1080,\"height\":1080},{\"@type\":\"BreadcrumbList\",\"@id\":\"https:\\\/\\\/deseopatisserie.com\\\/de\\\/produkt\\\/weisse-schokoladentropfen-1kg\\\/#breadcrumb\",\"itemListElement\":[{\"@type\":\"ListItem\",\"position\":1,\"name\":\"Strona g\u0142\u00f3wna\",\"item\":\"https:\\\/\\\/deseopatisserie.com\\\/de\\\/homepage\\\/\"},{\"@type\":\"ListItem\",\"position\":2,\"name\":\"Wei\u00dfe Schokoladentropfen 1kg\"}]},{\"@type\":\"WebSite\",\"@id\":\"https:\\\/\\\/deseopatisserie.com\\\/de\\\/#website\",\"url\":\"https:\\\/\\\/deseopatisserie.com\\\/de\\\/\",\"name\":\"DESEO\",\"description\":\"Patisserie &amp; Chocolaterie\",\"potentialAction\":[{\"@type\":\"SearchAction\",\"target\":{\"@type\":\"EntryPoint\",\"urlTemplate\":\"https:\\\/\\\/deseopatisserie.com\\\/de\\\/?s={search_term_string}\"},\"query-input\":{\"@type\":\"PropertyValueSpecification\",\"valueRequired\":true,\"valueName\":\"search_term_string\"}}],\"inLanguage\":\"de\"}]}<\/script>\n<!-- \/ Yoast SEO plugin. -->","yoast_head_json":{"title":"Wei\u00dfe Schokoladentropfen 1kg - Cukiernia DESEO Warszawa","description":"Wei\u00dfe Schokolade mit einem intensiven Geschmack von Vollmilch und einer cremigen Textur. Es ist die perfekte Wahl nicht nur f\u00fcr Liebhaber von S\u00fc\u00dfigkeiten!","robots":{"index":"index","follow":"follow","max-snippet":"max-snippet:-1","max-image-preview":"max-image-preview:large","max-video-preview":"max-video-preview:-1"},"canonical":"https:\/\/deseopatisserie.com\/de\/produkt\/weisse-schokoladentropfen-1kg\/","og_locale":"de_DE","og_type":"article","og_title":"DESEO Drops wei\u00dfe Schokolade 1kg","og_description":"Wei\u00dfe Schokolade mit einem intensiven Geschmack von Vollmilch und einer cremigen Textur. Es ist die perfekte Wahl nicht nur f\u00fcr Liebhaber von S\u00fc\u00dfigkeiten!","og_url":"https:\/\/deseopatisserie.com\/de\/produkt\/weisse-schokoladentropfen-1kg\/","og_site_name":"DESEO","article_modified_time":"2025-04-02T13:49:35+00:00","og_image":[{"url":"https:\/\/deseopatisserie.com\/wp-content\/uploads\/2021\/09\/allegro-czekolada_BIALA_dropsy-1kg-300x300.jpg","type":"","width":"","height":""}],"twitter_card":"summary_large_image","schema":{"@context":"https:\/\/schema.org","@graph":[{"@type":"WebPage","@id":"https:\/\/deseopatisserie.com\/de\/produkt\/weisse-schokoladentropfen-1kg\/","url":"https:\/\/deseopatisserie.com\/de\/produkt\/weisse-schokoladentropfen-1kg\/","name":"Wei\u00dfe Schokoladentropfen 1kg - Cukiernia DESEO Warszawa","isPartOf":{"@id":"https:\/\/deseopatisserie.com\/de\/#website"},"primaryImageOfPage":{"@id":"https:\/\/deseopatisserie.com\/de\/produkt\/weisse-schokoladentropfen-1kg\/#primaryimage"},"image":{"@id":"https:\/\/deseopatisserie.com\/de\/produkt\/weisse-schokoladentropfen-1kg\/#primaryimage"},"thumbnailUrl":"https:\/\/deseopatisserie.com\/\/wp-content\/uploads\/2021\/09\/allegro-czekolada_BIALA_dropsy-1kg.jpg","datePublished":"2021-09-09T08:55:01+00:00","dateModified":"2025-04-02T13:49:35+00:00","description":"Wei\u00dfe Schokolade mit einem intensiven Geschmack von Vollmilch und einer cremigen Textur. Es ist die perfekte Wahl nicht nur f\u00fcr Liebhaber von S\u00fc\u00dfigkeiten!","breadcrumb":{"@id":"https:\/\/deseopatisserie.com\/de\/produkt\/weisse-schokoladentropfen-1kg\/#breadcrumb"},"inLanguage":"de","potentialAction":[{"@type":"ReadAction","target":["https:\/\/deseopatisserie.com\/de\/produkt\/weisse-schokoladentropfen-1kg\/"]}]},{"@type":"ImageObject","inLanguage":"de","@id":"https:\/\/deseopatisserie.com\/de\/produkt\/weisse-schokoladentropfen-1kg\/#primaryimage","url":"https:\/\/deseopatisserie.com\/\/wp-content\/uploads\/2021\/09\/allegro-czekolada_BIALA_dropsy-1kg.jpg","contentUrl":"https:\/\/deseopatisserie.com\/\/wp-content\/uploads\/2021\/09\/allegro-czekolada_BIALA_dropsy-1kg.jpg","width":1080,"height":1080},{"@type":"BreadcrumbList","@id":"https:\/\/deseopatisserie.com\/de\/produkt\/weisse-schokoladentropfen-1kg\/#breadcrumb","itemListElement":[{"@type":"ListItem","position":1,"name":"Strona g\u0142\u00f3wna","item":"https:\/\/deseopatisserie.com\/de\/homepage\/"},{"@type":"ListItem","position":2,"name":"Wei\u00dfe Schokoladentropfen 1kg"}]},{"@type":"WebSite","@id":"https:\/\/deseopatisserie.com\/de\/#website","url":"https:\/\/deseopatisserie.com\/de\/","name":"DESEO","description":"Patisserie &amp; Chocolaterie","potentialAction":[{"@type":"SearchAction","target":{"@type":"EntryPoint","urlTemplate":"https:\/\/deseopatisserie.com\/de\/?s={search_term_string}"},"query-input":{"@type":"PropertyValueSpecification","valueRequired":true,"valueName":"search_term_string"}}],"inLanguage":"de"}]}},"_links":{"self":[{"href":"https:\/\/deseopatisserie.com\/de\/wp-json\/wp\/v2\/product\/92313","targetHints":{"allow":["GET"]}}],"collection":[{"href":"https:\/\/deseopatisserie.com\/de\/wp-json\/wp\/v2\/product"}],"about":[{"href":"https:\/\/deseopatisserie.com\/de\/wp-json\/wp\/v2\/types\/product"}],"wp:featuredmedia":[{"embeddable":true,"href":"https:\/\/deseopatisserie.com\/de\/wp-json\/wp\/v2\/media\/85412"}],"wp:attachment":[{"href":"https:\/\/deseopatisserie.com\/de\/wp-json\/wp\/v2\/media?parent=92313"}],"wp:term":[{"taxonomy":"product_brand","embeddable":true,"href":"https:\/\/deseopatisserie.com\/de\/wp-json\/wp\/v2\/product_brand?post=92313"},{"taxonomy":"product_cat","embeddable":true,"href":"https:\/\/deseopatisserie.com\/de\/wp-json\/wp\/v2\/product_cat?post=92313"},{"taxonomy":"product_tag","embeddable":true,"href":"https:\/\/deseopatisserie.com\/de\/wp-json\/wp\/v2\/product_tag?post=92313"}],"curies":[{"name":"wp","href":"https:\/\/api.w.org\/{rel}","templated":true}]}}