{"id":92306,"date":"2021-08-06T12:15:15","date_gmt":"2021-08-06T10:15:15","guid":{"rendered":"https:\/\/deseopatisserie.com\/produkt\/einhorn-kuchen\/"},"modified":"2021-08-06T12:15:15","modified_gmt":"2021-08-06T10:15:15","slug":"einhorn-kuchen","status":"publish","type":"product","link":"https:\/\/deseopatisserie.com\/de\/produkt\/einhorn-kuchen\/","title":{"rendered":"Einhorn-Kuchen"},"content":{"rendered":"","protected":false},"excerpt":{"rendered":"<p>Die Einhorn-Geburtstagstorte ist ein Vorschlag f\u00fcr unsere j\u00fcngsten G\u00e4ste, die m\u00e4rchenhafte Motive und alle Rosat\u00f6ne lieben. Den Kuchen haben wir mit wei\u00dfem Glacage dekoriert. Um den Kuchen herum befindet sich ein wei\u00dfer Schokobohnenreifen, der mit Wildleder auf Kakaobutterbasis bemalt ist. Die Oberseite des Kuchens ist mit einer Regenbogen-Einhorn-M\u00e4hne verziert, die aus zwei Arten von Sahne besteht &#8211; Butter und Vanille-Ganache. Dazu handgefertigte Ohren und ein Einhornhorn, die aus Zuckerteig hergestellt sind. Das Aussehen der Torte begeistert nicht nur Kinder, sondern auch Erwachsene \ud83d\ude42 Du kannst den Einhorn Kuchen in deiner Lieblingsgeschmacksrichtung w\u00e4hlen. Nachfolgend finden Sie alle erh\u00e4ltlich: <strong>Lorena<\/strong> \u2013 Bourbon-Mousse mit Vanille aus Madagaskar \/ Rotes Fruchtgelee \u2013 Erdbeere, Kirsche, Himbeere \/ Vanille-Namelaka-Creme \/ Vanille-Crisp \/ Vanille-Biskuitkuchen \/ <strong>Chantilly Operncreme<\/strong> \u2013 Kaffeemousse \/ Schokoladenbohnencreme \u2013 bis \u2013 Dominikanischer Dunkelmilchriegel 52% \/ Namelaka-Creme auf Basis von Karamellschokolade \/ knusprig knusprig mit Kaffeepraline \/ Joconde-Biskuitkuchen in Kaffeesirup getr\u00e4nkt mit Chopin-Lik\u00f6r     <\/p>\n<p><strong>Nocciola<\/strong> \u2013 Haselnussmousse \/ Namelaka-Creme mit Haselnussgeschmack \/ Haselnusspraline \/ Karamellcreme \/ Milchschokoladen-Crisp mit Haseln\u00fcssen \/ Fresamore-Erdnuss-Biskuitkuchen \u2013 Chantilly-Mousse mit Vanille Bourbon aus Madagaskar \/ wei\u00dfer Schokoladen-Crisp mit Mandelbl\u00e4ttchen und gefriergetrockneten Erdbeeren \/ Spinat-Biskuitkuchen mit Orangenschale \/ Gelee mit ganzen Erdbeeren <strong>Nicaragua<\/strong> <strong> \u2013 trockene Schokoladenganache Nicaragua 70% \/ Karamell und trockene Schokoladenganache Nicaragua 70% \/ trockene Schokoladenmousse Nicaragua 70% \/ Moelleux-Kuchen auf Basis von trockener Schokolade Nicaragua 70% \/ <strong>knusprig mit<\/strong> Bella-Nibs \u2013 Himbeermousse \/ Himbeermarmelade mit Bergamotte \/ Mini-Vanille-K\u00e4sekuchen \/ zarter Joconde-Biskuitkuchen mit Limette<\/strong><\/p>\n<p><strong>Azia 2.0<\/strong> \u2013 wei\u00dfe Schokoladenmousse mit Ingwer und Kaffirlimettenbl\u00e4ttern \/ fl\u00fcssiges Inneres auf der Basis von Passionsfrucht, Mango und Calamansi mit frischen Ananasst\u00fccken \/ Kokosnuss-Biskuitkuchen \/ M\u00fcrbeteig mit ger\u00f6steter wei\u00dfer Schokolade<strong><strong><strong>Pistazien<\/strong><br \/>\n<\/strong><\/strong> \u2013 Pistazienmousse \/ Pistazien-Namelaka \/ Pistazienenpraline \/ knusprige Pistazien knusprig knusprig \/ Pistazien-Biskuitkuchen<\/p>\n<p>&nbsp;<\/p>\n","protected":false},"featured_media":82357,"template":"","meta":{"_acf_changed":false},"product_brand":[],"product_cat":[2653,2622,2612],"product_tag":[],"class_list":{"0":"post-92306","1":"product","2":"type-product","3":"status-publish","4":"has-post-thumbnail","6":"product_cat-einhorn-geburtstag","7":"product_cat-geburtstagskuchen","8":"product_cat-kuchen","10":"first","11":"instock","12":"taxable","13":"shipping-taxable","14":"purchasable","15":"product-type-variable"},"acf":[],"yoast_head":"<!-- This site is optimized with the Yoast SEO plugin v27.4 - https:\/\/yoast.com\/product\/yoast-seo-wordpress\/ -->\n<title>Einhorn-Kuchen - Cukiernia DESEO Warszawa<\/title>\n<meta name=\"description\" content=\"Die Einhorn-Geburtstagstorte ist ein Vorschlag f\u00fcr unsere j\u00fcngsten G\u00e4ste, die m\u00e4rchenhafte Motive und alle Rosat\u00f6ne lieben.\" \/>\n<meta name=\"robots\" content=\"index, follow, max-snippet:-1, max-image-preview:large, max-video-preview:-1\" \/>\n<link rel=\"canonical\" href=\"https:\/\/deseopatisserie.com\/de\/produkt\/einhorn-kuchen\/\" \/>\n<meta property=\"og:locale\" content=\"de_DE\" \/>\n<meta property=\"og:type\" content=\"article\" \/>\n<meta property=\"og:title\" content=\"Einhorn-Kuchen\" \/>\n<meta property=\"og:description\" content=\"Die Einhorn-Geburtstagstorte ist ein Vorschlag f\u00fcr unsere j\u00fcngsten G\u00e4ste, die m\u00e4rchenhafte Motive und alle Rosat\u00f6ne lieben.\" \/>\n<meta property=\"og:url\" content=\"https:\/\/deseopatisserie.com\/de\/produkt\/einhorn-kuchen\/\" \/>\n<meta property=\"og:site_name\" content=\"DESEO\" \/>\n<meta property=\"og:image\" content=\"https:\/\/deseopatisserie.com\/wp-content\/uploads\/2024\/06\/Tort-urodzinowy-Jednorozec_6-1024x683.jpg\" \/>\n<meta name=\"twitter:card\" content=\"summary_large_image\" \/>\n<script type=\"application\/ld+json\" class=\"yoast-schema-graph\">{\"@context\":\"https:\\\/\\\/schema.org\",\"@graph\":[{\"@type\":\"WebPage\",\"@id\":\"https:\\\/\\\/deseopatisserie.com\\\/de\\\/produkt\\\/einhorn-kuchen\\\/\",\"url\":\"https:\\\/\\\/deseopatisserie.com\\\/de\\\/produkt\\\/einhorn-kuchen\\\/\",\"name\":\"Einhorn-Kuchen - Cukiernia DESEO Warszawa\",\"isPartOf\":{\"@id\":\"https:\\\/\\\/deseopatisserie.com\\\/de\\\/#website\"},\"primaryImageOfPage\":{\"@id\":\"https:\\\/\\\/deseopatisserie.com\\\/de\\\/produkt\\\/einhorn-kuchen\\\/#primaryimage\"},\"image\":{\"@id\":\"https:\\\/\\\/deseopatisserie.com\\\/de\\\/produkt\\\/einhorn-kuchen\\\/#primaryimage\"},\"thumbnailUrl\":\"https:\\\/\\\/deseopatisserie.com\\\/\\\/wp-content\\\/uploads\\\/2021\\\/08\\\/Tort-Jednorozec.jpg\",\"datePublished\":\"2021-08-06T10:15:15+00:00\",\"description\":\"Die Einhorn-Geburtstagstorte ist ein Vorschlag f\u00fcr unsere j\u00fcngsten G\u00e4ste, die m\u00e4rchenhafte Motive und alle Rosat\u00f6ne lieben.\",\"breadcrumb\":{\"@id\":\"https:\\\/\\\/deseopatisserie.com\\\/de\\\/produkt\\\/einhorn-kuchen\\\/#breadcrumb\"},\"inLanguage\":\"de\",\"potentialAction\":[{\"@type\":\"ReadAction\",\"target\":[\"https:\\\/\\\/deseopatisserie.com\\\/de\\\/produkt\\\/einhorn-kuchen\\\/\"]}]},{\"@type\":\"ImageObject\",\"inLanguage\":\"de\",\"@id\":\"https:\\\/\\\/deseopatisserie.com\\\/de\\\/produkt\\\/einhorn-kuchen\\\/#primaryimage\",\"url\":\"https:\\\/\\\/deseopatisserie.com\\\/\\\/wp-content\\\/uploads\\\/2021\\\/08\\\/Tort-Jednorozec.jpg\",\"contentUrl\":\"https:\\\/\\\/deseopatisserie.com\\\/\\\/wp-content\\\/uploads\\\/2021\\\/08\\\/Tort-Jednorozec.jpg\",\"width\":1200,\"height\":800},{\"@type\":\"BreadcrumbList\",\"@id\":\"https:\\\/\\\/deseopatisserie.com\\\/de\\\/produkt\\\/einhorn-kuchen\\\/#breadcrumb\",\"itemListElement\":[{\"@type\":\"ListItem\",\"position\":1,\"name\":\"Strona g\u0142\u00f3wna\",\"item\":\"https:\\\/\\\/deseopatisserie.com\\\/de\\\/homepage\\\/\"},{\"@type\":\"ListItem\",\"position\":2,\"name\":\"Einhorn-Kuchen\"}]},{\"@type\":\"WebSite\",\"@id\":\"https:\\\/\\\/deseopatisserie.com\\\/de\\\/#website\",\"url\":\"https:\\\/\\\/deseopatisserie.com\\\/de\\\/\",\"name\":\"DESEO\",\"description\":\"Patisserie &amp; Chocolaterie\",\"potentialAction\":[{\"@type\":\"SearchAction\",\"target\":{\"@type\":\"EntryPoint\",\"urlTemplate\":\"https:\\\/\\\/deseopatisserie.com\\\/de\\\/?s={search_term_string}\"},\"query-input\":{\"@type\":\"PropertyValueSpecification\",\"valueRequired\":true,\"valueName\":\"search_term_string\"}}],\"inLanguage\":\"de\"}]}<\/script>\n<!-- \/ Yoast SEO plugin. -->","yoast_head_json":{"title":"Einhorn-Kuchen - Cukiernia DESEO Warszawa","description":"Die Einhorn-Geburtstagstorte ist ein Vorschlag f\u00fcr unsere j\u00fcngsten G\u00e4ste, die m\u00e4rchenhafte Motive und alle Rosat\u00f6ne lieben.","robots":{"index":"index","follow":"follow","max-snippet":"max-snippet:-1","max-image-preview":"max-image-preview:large","max-video-preview":"max-video-preview:-1"},"canonical":"https:\/\/deseopatisserie.com\/de\/produkt\/einhorn-kuchen\/","og_locale":"de_DE","og_type":"article","og_title":"Einhorn-Kuchen","og_description":"Die Einhorn-Geburtstagstorte ist ein Vorschlag f\u00fcr unsere j\u00fcngsten G\u00e4ste, die m\u00e4rchenhafte Motive und alle Rosat\u00f6ne lieben.","og_url":"https:\/\/deseopatisserie.com\/de\/produkt\/einhorn-kuchen\/","og_site_name":"DESEO","og_image":[{"url":"https:\/\/deseopatisserie.com\/wp-content\/uploads\/2024\/06\/Tort-urodzinowy-Jednorozec_6-1024x683.jpg","type":"","width":"","height":""}],"twitter_card":"summary_large_image","schema":{"@context":"https:\/\/schema.org","@graph":[{"@type":"WebPage","@id":"https:\/\/deseopatisserie.com\/de\/produkt\/einhorn-kuchen\/","url":"https:\/\/deseopatisserie.com\/de\/produkt\/einhorn-kuchen\/","name":"Einhorn-Kuchen - Cukiernia DESEO Warszawa","isPartOf":{"@id":"https:\/\/deseopatisserie.com\/de\/#website"},"primaryImageOfPage":{"@id":"https:\/\/deseopatisserie.com\/de\/produkt\/einhorn-kuchen\/#primaryimage"},"image":{"@id":"https:\/\/deseopatisserie.com\/de\/produkt\/einhorn-kuchen\/#primaryimage"},"thumbnailUrl":"https:\/\/deseopatisserie.com\/\/wp-content\/uploads\/2021\/08\/Tort-Jednorozec.jpg","datePublished":"2021-08-06T10:15:15+00:00","description":"Die Einhorn-Geburtstagstorte ist ein Vorschlag f\u00fcr unsere j\u00fcngsten G\u00e4ste, die m\u00e4rchenhafte Motive und alle Rosat\u00f6ne lieben.","breadcrumb":{"@id":"https:\/\/deseopatisserie.com\/de\/produkt\/einhorn-kuchen\/#breadcrumb"},"inLanguage":"de","potentialAction":[{"@type":"ReadAction","target":["https:\/\/deseopatisserie.com\/de\/produkt\/einhorn-kuchen\/"]}]},{"@type":"ImageObject","inLanguage":"de","@id":"https:\/\/deseopatisserie.com\/de\/produkt\/einhorn-kuchen\/#primaryimage","url":"https:\/\/deseopatisserie.com\/\/wp-content\/uploads\/2021\/08\/Tort-Jednorozec.jpg","contentUrl":"https:\/\/deseopatisserie.com\/\/wp-content\/uploads\/2021\/08\/Tort-Jednorozec.jpg","width":1200,"height":800},{"@type":"BreadcrumbList","@id":"https:\/\/deseopatisserie.com\/de\/produkt\/einhorn-kuchen\/#breadcrumb","itemListElement":[{"@type":"ListItem","position":1,"name":"Strona g\u0142\u00f3wna","item":"https:\/\/deseopatisserie.com\/de\/homepage\/"},{"@type":"ListItem","position":2,"name":"Einhorn-Kuchen"}]},{"@type":"WebSite","@id":"https:\/\/deseopatisserie.com\/de\/#website","url":"https:\/\/deseopatisserie.com\/de\/","name":"DESEO","description":"Patisserie &amp; Chocolaterie","potentialAction":[{"@type":"SearchAction","target":{"@type":"EntryPoint","urlTemplate":"https:\/\/deseopatisserie.com\/de\/?s={search_term_string}"},"query-input":{"@type":"PropertyValueSpecification","valueRequired":true,"valueName":"search_term_string"}}],"inLanguage":"de"}]}},"_links":{"self":[{"href":"https:\/\/deseopatisserie.com\/de\/wp-json\/wp\/v2\/product\/92306","targetHints":{"allow":["GET"]}}],"collection":[{"href":"https:\/\/deseopatisserie.com\/de\/wp-json\/wp\/v2\/product"}],"about":[{"href":"https:\/\/deseopatisserie.com\/de\/wp-json\/wp\/v2\/types\/product"}],"wp:featuredmedia":[{"embeddable":true,"href":"https:\/\/deseopatisserie.com\/de\/wp-json\/wp\/v2\/media\/82357"}],"wp:attachment":[{"href":"https:\/\/deseopatisserie.com\/de\/wp-json\/wp\/v2\/media?parent=92306"}],"wp:term":[{"taxonomy":"product_brand","embeddable":true,"href":"https:\/\/deseopatisserie.com\/de\/wp-json\/wp\/v2\/product_brand?post=92306"},{"taxonomy":"product_cat","embeddable":true,"href":"https:\/\/deseopatisserie.com\/de\/wp-json\/wp\/v2\/product_cat?post=92306"},{"taxonomy":"product_tag","embeddable":true,"href":"https:\/\/deseopatisserie.com\/de\/wp-json\/wp\/v2\/product_tag?post=92306"}],"curies":[{"name":"wp","href":"https:\/\/api.w.org\/{rel}","templated":true}]}}