{"id":92296,"date":"2021-08-09T11:54:59","date_gmt":"2021-08-09T09:54:59","guid":{"rendered":"https:\/\/deseopatisserie.com\/produkt\/happy-birthday-tortenaufleger-silber\/"},"modified":"2025-04-02T15:49:28","modified_gmt":"2025-04-02T13:49:28","slug":"happy-birthday-tortenaufleger-silber","status":"publish","type":"product","link":"https:\/\/deseopatisserie.com\/de\/produkt\/happy-birthday-tortenaufleger-silber\/","title":{"rendered":"Happy Birthday Tortenaufleger &#8211; silber"},"content":{"rendered":"","protected":false},"excerpt":{"rendered":"<p>Silberner Tortenaufleger mit der Aufschrift Happy Birthday. Der Topper ist aus Spiegelpapier gefertigt. Seine H\u00f6he betr\u00e4gt ca. 22,5 cm.   <\/p>\n<p>Bei der Organisation von Geburtstagen oder anderen wichtigen Veranstaltungen lohnt es sich, auf den richtigen Rahmen zu achten \u2013 d.h. auf Accessoires. Sie schaffen eine magische Atmosph\u00e4re und machen die Zeremonie einzigartig.<\/p>\n<p>Eines der wichtigsten Elemente sind Tortendekorationen. Eine gro\u00dfartige Erg\u00e4nzung zu traditionellen Kerzen ist ein Tortenaufsatz, der sie wunderbar schm\u00fcckt und Einzigartigkeit verleiht. <\/p>\n","protected":false},"featured_media":82525,"template":"","meta":{"_acf_changed":false},"product_brand":[],"product_cat":[2653,2652,2654,2645,2651,2738],"product_tag":[],"class_list":{"0":"post-92296","1":"product","2":"type-product","3":"status-publish","4":"has-post-thumbnail","6":"product_cat-einhorn-geburtstag","7":"product_cat-geburtstag","8":"product_cat-geburtstag-des-pinken-liebhabers","9":"product_cat-geburtstag-fussball","10":"product_cat-geburtstags-gadgets","11":"product_cat-geburtstags-kosmos","13":"first","14":"instock","15":"taxable","16":"shipping-taxable","17":"purchasable","18":"product-type-simple"},"acf":[],"yoast_head":"<!-- This site is optimized with the Yoast SEO plugin v27.4 - https:\/\/yoast.com\/product\/yoast-seo-wordpress\/ -->\n<title>Happy Birthday Tortenaufleger - silber - Cukiernia DESEO Warszawa<\/title>\n<meta name=\"description\" content=\"Bei der Organisation einer Geburtstagsfeier lohnt es sich, auf das richtige Zubeh\u00f6r zu achten. Sie schaffen eine magische Atmosph\u00e4re und machen die Zeremonie einzigartig.\" \/>\n<meta name=\"robots\" content=\"index, follow, max-snippet:-1, max-image-preview:large, max-video-preview:-1\" \/>\n<link rel=\"canonical\" href=\"https:\/\/deseopatisserie.com\/de\/produkt\/happy-birthday-tortenaufleger-silber\/\" \/>\n<meta property=\"og:locale\" content=\"de_DE\" \/>\n<meta property=\"og:type\" content=\"article\" \/>\n<meta property=\"og:title\" content=\"Happy Birthday Tortenaufleger - silber\" \/>\n<meta property=\"og:description\" content=\"Bei der Organisation einer Geburtstagsfeier lohnt es sich, auf das richtige Zubeh\u00f6r zu achten. Sie schaffen eine magische Atmosph\u00e4re und machen die Zeremonie einzigartig.\" \/>\n<meta property=\"og:url\" content=\"https:\/\/deseopatisserie.com\/de\/produkt\/happy-birthday-tortenaufleger-silber\/\" \/>\n<meta property=\"og:site_name\" content=\"DESEO\" \/>\n<meta property=\"article:modified_time\" content=\"2025-04-02T13:49:28+00:00\" \/>\n<meta property=\"og:image\" content=\"https:\/\/deseopatisserie.com\/wp-content\/uploads\/2021\/08\/Topper-Happy-Birthday-srebrny.jpg\" \/>\n<meta name=\"twitter:card\" content=\"summary_large_image\" \/>\n<script type=\"application\/ld+json\" class=\"yoast-schema-graph\">{\"@context\":\"https:\\\/\\\/schema.org\",\"@graph\":[{\"@type\":\"WebPage\",\"@id\":\"https:\\\/\\\/deseopatisserie.com\\\/de\\\/produkt\\\/happy-birthday-tortenaufleger-silber\\\/\",\"url\":\"https:\\\/\\\/deseopatisserie.com\\\/de\\\/produkt\\\/happy-birthday-tortenaufleger-silber\\\/\",\"name\":\"Happy Birthday Tortenaufleger - silber - Cukiernia DESEO Warszawa\",\"isPartOf\":{\"@id\":\"https:\\\/\\\/deseopatisserie.com\\\/de\\\/#website\"},\"primaryImageOfPage\":{\"@id\":\"https:\\\/\\\/deseopatisserie.com\\\/de\\\/produkt\\\/happy-birthday-tortenaufleger-silber\\\/#primaryimage\"},\"image\":{\"@id\":\"https:\\\/\\\/deseopatisserie.com\\\/de\\\/produkt\\\/happy-birthday-tortenaufleger-silber\\\/#primaryimage\"},\"thumbnailUrl\":\"https:\\\/\\\/deseopatisserie.com\\\/\\\/wp-content\\\/uploads\\\/2021\\\/08\\\/Topper-Happy-Birthday-srebrny-1.jpg\",\"datePublished\":\"2021-08-09T09:54:59+00:00\",\"dateModified\":\"2025-04-02T13:49:28+00:00\",\"description\":\"Bei der Organisation einer Geburtstagsfeier lohnt es sich, auf das richtige Zubeh\u00f6r zu achten. Sie schaffen eine magische Atmosph\u00e4re und machen die Zeremonie einzigartig.\",\"breadcrumb\":{\"@id\":\"https:\\\/\\\/deseopatisserie.com\\\/de\\\/produkt\\\/happy-birthday-tortenaufleger-silber\\\/#breadcrumb\"},\"inLanguage\":\"de\",\"potentialAction\":[{\"@type\":\"ReadAction\",\"target\":[\"https:\\\/\\\/deseopatisserie.com\\\/de\\\/produkt\\\/happy-birthday-tortenaufleger-silber\\\/\"]}]},{\"@type\":\"ImageObject\",\"inLanguage\":\"de\",\"@id\":\"https:\\\/\\\/deseopatisserie.com\\\/de\\\/produkt\\\/happy-birthday-tortenaufleger-silber\\\/#primaryimage\",\"url\":\"https:\\\/\\\/deseopatisserie.com\\\/\\\/wp-content\\\/uploads\\\/2021\\\/08\\\/Topper-Happy-Birthday-srebrny-1.jpg\",\"contentUrl\":\"https:\\\/\\\/deseopatisserie.com\\\/\\\/wp-content\\\/uploads\\\/2021\\\/08\\\/Topper-Happy-Birthday-srebrny-1.jpg\",\"width\":800,\"height\":600},{\"@type\":\"BreadcrumbList\",\"@id\":\"https:\\\/\\\/deseopatisserie.com\\\/de\\\/produkt\\\/happy-birthday-tortenaufleger-silber\\\/#breadcrumb\",\"itemListElement\":[{\"@type\":\"ListItem\",\"position\":1,\"name\":\"Strona g\u0142\u00f3wna\",\"item\":\"https:\\\/\\\/deseopatisserie.com\\\/de\\\/homepage\\\/\"},{\"@type\":\"ListItem\",\"position\":2,\"name\":\"Happy Birthday Tortenaufleger &#8211; silber\"}]},{\"@type\":\"WebSite\",\"@id\":\"https:\\\/\\\/deseopatisserie.com\\\/de\\\/#website\",\"url\":\"https:\\\/\\\/deseopatisserie.com\\\/de\\\/\",\"name\":\"DESEO\",\"description\":\"Patisserie &amp; Chocolaterie\",\"potentialAction\":[{\"@type\":\"SearchAction\",\"target\":{\"@type\":\"EntryPoint\",\"urlTemplate\":\"https:\\\/\\\/deseopatisserie.com\\\/de\\\/?s={search_term_string}\"},\"query-input\":{\"@type\":\"PropertyValueSpecification\",\"valueRequired\":true,\"valueName\":\"search_term_string\"}}],\"inLanguage\":\"de\"}]}<\/script>\n<!-- \/ Yoast SEO plugin. -->","yoast_head_json":{"title":"Happy Birthday Tortenaufleger - silber - Cukiernia DESEO Warszawa","description":"Bei der Organisation einer Geburtstagsfeier lohnt es sich, auf das richtige Zubeh\u00f6r zu achten. Sie schaffen eine magische Atmosph\u00e4re und machen die Zeremonie einzigartig.","robots":{"index":"index","follow":"follow","max-snippet":"max-snippet:-1","max-image-preview":"max-image-preview:large","max-video-preview":"max-video-preview:-1"},"canonical":"https:\/\/deseopatisserie.com\/de\/produkt\/happy-birthday-tortenaufleger-silber\/","og_locale":"de_DE","og_type":"article","og_title":"Happy Birthday Tortenaufleger - silber","og_description":"Bei der Organisation einer Geburtstagsfeier lohnt es sich, auf das richtige Zubeh\u00f6r zu achten. Sie schaffen eine magische Atmosph\u00e4re und machen die Zeremonie einzigartig.","og_url":"https:\/\/deseopatisserie.com\/de\/produkt\/happy-birthday-tortenaufleger-silber\/","og_site_name":"DESEO","article_modified_time":"2025-04-02T13:49:28+00:00","og_image":[{"url":"https:\/\/deseopatisserie.com\/wp-content\/uploads\/2021\/08\/Topper-Happy-Birthday-srebrny.jpg","type":"","width":"","height":""}],"twitter_card":"summary_large_image","schema":{"@context":"https:\/\/schema.org","@graph":[{"@type":"WebPage","@id":"https:\/\/deseopatisserie.com\/de\/produkt\/happy-birthday-tortenaufleger-silber\/","url":"https:\/\/deseopatisserie.com\/de\/produkt\/happy-birthday-tortenaufleger-silber\/","name":"Happy Birthday Tortenaufleger - silber - Cukiernia DESEO Warszawa","isPartOf":{"@id":"https:\/\/deseopatisserie.com\/de\/#website"},"primaryImageOfPage":{"@id":"https:\/\/deseopatisserie.com\/de\/produkt\/happy-birthday-tortenaufleger-silber\/#primaryimage"},"image":{"@id":"https:\/\/deseopatisserie.com\/de\/produkt\/happy-birthday-tortenaufleger-silber\/#primaryimage"},"thumbnailUrl":"https:\/\/deseopatisserie.com\/\/wp-content\/uploads\/2021\/08\/Topper-Happy-Birthday-srebrny-1.jpg","datePublished":"2021-08-09T09:54:59+00:00","dateModified":"2025-04-02T13:49:28+00:00","description":"Bei der Organisation einer Geburtstagsfeier lohnt es sich, auf das richtige Zubeh\u00f6r zu achten. Sie schaffen eine magische Atmosph\u00e4re und machen die Zeremonie einzigartig.","breadcrumb":{"@id":"https:\/\/deseopatisserie.com\/de\/produkt\/happy-birthday-tortenaufleger-silber\/#breadcrumb"},"inLanguage":"de","potentialAction":[{"@type":"ReadAction","target":["https:\/\/deseopatisserie.com\/de\/produkt\/happy-birthday-tortenaufleger-silber\/"]}]},{"@type":"ImageObject","inLanguage":"de","@id":"https:\/\/deseopatisserie.com\/de\/produkt\/happy-birthday-tortenaufleger-silber\/#primaryimage","url":"https:\/\/deseopatisserie.com\/\/wp-content\/uploads\/2021\/08\/Topper-Happy-Birthday-srebrny-1.jpg","contentUrl":"https:\/\/deseopatisserie.com\/\/wp-content\/uploads\/2021\/08\/Topper-Happy-Birthday-srebrny-1.jpg","width":800,"height":600},{"@type":"BreadcrumbList","@id":"https:\/\/deseopatisserie.com\/de\/produkt\/happy-birthday-tortenaufleger-silber\/#breadcrumb","itemListElement":[{"@type":"ListItem","position":1,"name":"Strona g\u0142\u00f3wna","item":"https:\/\/deseopatisserie.com\/de\/homepage\/"},{"@type":"ListItem","position":2,"name":"Happy Birthday Tortenaufleger &#8211; silber"}]},{"@type":"WebSite","@id":"https:\/\/deseopatisserie.com\/de\/#website","url":"https:\/\/deseopatisserie.com\/de\/","name":"DESEO","description":"Patisserie &amp; Chocolaterie","potentialAction":[{"@type":"SearchAction","target":{"@type":"EntryPoint","urlTemplate":"https:\/\/deseopatisserie.com\/de\/?s={search_term_string}"},"query-input":{"@type":"PropertyValueSpecification","valueRequired":true,"valueName":"search_term_string"}}],"inLanguage":"de"}]}},"_links":{"self":[{"href":"https:\/\/deseopatisserie.com\/de\/wp-json\/wp\/v2\/product\/92296","targetHints":{"allow":["GET"]}}],"collection":[{"href":"https:\/\/deseopatisserie.com\/de\/wp-json\/wp\/v2\/product"}],"about":[{"href":"https:\/\/deseopatisserie.com\/de\/wp-json\/wp\/v2\/types\/product"}],"wp:featuredmedia":[{"embeddable":true,"href":"https:\/\/deseopatisserie.com\/de\/wp-json\/wp\/v2\/media\/82525"}],"wp:attachment":[{"href":"https:\/\/deseopatisserie.com\/de\/wp-json\/wp\/v2\/media?parent=92296"}],"wp:term":[{"taxonomy":"product_brand","embeddable":true,"href":"https:\/\/deseopatisserie.com\/de\/wp-json\/wp\/v2\/product_brand?post=92296"},{"taxonomy":"product_cat","embeddable":true,"href":"https:\/\/deseopatisserie.com\/de\/wp-json\/wp\/v2\/product_cat?post=92296"},{"taxonomy":"product_tag","embeddable":true,"href":"https:\/\/deseopatisserie.com\/de\/wp-json\/wp\/v2\/product_tag?post=92296"}],"curies":[{"name":"wp","href":"https:\/\/api.w.org\/{rel}","templated":true}]}}