{"id":92286,"date":"2021-08-06T12:11:43","date_gmt":"2021-08-06T10:11:43","guid":{"rendered":"https:\/\/deseopatisserie.com\/produkt\/rosa-liebhaber-kuchen\/"},"modified":"2025-04-02T15:49:16","modified_gmt":"2025-04-02T13:49:16","slug":"rosa-liebhaber-kuchen","status":"publish","type":"product","link":"https:\/\/deseopatisserie.com\/de\/produkt\/rosa-liebhaber-kuchen\/","title":{"rendered":"Rosa Liebhaber Kuchen"},"content":{"rendered":"","protected":false},"excerpt":{"rendered":"<p>Die Pink Lover Geburtstagstorte ist, wie der Name schon sagt, f\u00fcr Liebhaber der rosa Farbe. Ein dezentes, schn\u00f6rkelloses Finish in Form eines perlmuttfarbenen &#8222;Spinnennetzes&#8220; auf rosa Glacage verleiht dieser Torte Leichtigkeit und Eleganz. Um den Kuchen herum gibt es eine wei\u00dfe Schokoladenbohne zum Riegeln, die mit rosa Wildleder auf Kakaobutterbasis bemalt ist.<\/p>\n<p>&nbsp;<\/p>\n<p><strong>Sie k\u00f6nnen den Pink Lover Kuchen in Ihrer Lieblingsgeschmacksrichtung w\u00e4hlen.<\/strong><\/p>\n<p>Nachfolgend finden Sie alle verf\u00fcgbaren Geschmacksrichtungen:<\/p>\n<p><strong>Lorena<\/strong> \u2013 Bourbon-Mousse mit Vanille aus Madagaskar \/ Rotes Fruchtgelee \u2013 Erdbeere, Kirsche, Himbeere \/ Vanille-Namelaka-Creme \/ Vanille-Crisp \/ Vanille-Biskuitkuchen \/ Chantilly-Creme<br \/>\n<strong>Opera<\/strong> \u2013 Kaffeemousse \/ Schokoladenbohne \u2013 bis \u2013 Dominikana Zartbittermilchriegel 52% \/ Namelaka-Creme auf Basis von Karamellschokolade \/ knusprig knusprig knusprig mit Kaffeepraline \/ Joconde-Biskuit in Kaffeesirup getr\u00e4nkt mit Chopin-Lik\u00f6r<br \/>\n<strong>Nocciola<\/strong> \u2013 Haselnussmousse \/ Namelaka-Creme mit Haselnussgeschmack \/ Haselnuss-Praline \/ Karamellcreme \/ Haselnuss-Milchschokoladen-Crisp \/ Haselnuss-Biskuitkuchen<br \/>\n<strong>Fresamore<\/strong> \u2013 Chantilly-Mousse mit Bourbon-Vanille aus Madagaskar \/ wei\u00dfe Schokoladenchips mit Mandelbl\u00e4ttchen und gefriergetrockneten Erdbeeren \/ Spinat-Biskuitkuchen mit Orangenschale \/ Gelee mit ganzen Erdbeeren<br \/>\n<strong>Nicaragua<\/strong> \u2013 trockene Schokoladenganache Nicaragua 70% \/ Karamell und trockene Schokoladenganache Nicaragua 70% \/ trockene Schokoladenmousse Nicaragua 70% \/ Moelleux-Kuchen auf Basis von trockener Schokolade Nicaragua 70% \/ knusprig mit Nibs<br \/>\n<strong>Bella<\/strong> \u2013 Himbeermousse \/ Himbeermarmelade mit Bergamotte \/ Mini-Vanille-K\u00e4sekuchen \/ zarter Joconde-Biskuitkuchen mit Limette<br \/>\n<strong>Azia 2.0<\/strong> \u2013 wei\u00dfe Schokoladenmousse mit Ingwer und Kaffirlimettenbl\u00e4ttern \/ fl\u00fcssiges Inneres auf der Basis von Passionsfrucht, Mango und Calamansi mit frischen Ananasst\u00fccken \/ Kokosnuss-Biskuitkuchen \/ M\u00fcrbeteig mit ger\u00f6steter wei\u00dfer Schokolade<strong>Pistazien<br \/>\n<\/strong> \u2013 Pistazienmousse \/ Pistazien-Namelaka \/ Pistazienenpraline \/ knusprige Pistazien knusprig knusprig \/ Pistazien-Biskuitkuchen<\/p>\n","protected":false},"featured_media":82423,"template":"","meta":{"_acf_changed":false},"product_brand":[],"product_cat":[2654,2622,2612],"product_tag":[],"class_list":{"0":"post-92286","1":"product","2":"type-product","3":"status-publish","4":"has-post-thumbnail","6":"product_cat-geburtstag-des-pinken-liebhabers","7":"product_cat-geburtstagskuchen","8":"product_cat-kuchen","10":"first","11":"instock","12":"taxable","13":"shipping-taxable","14":"purchasable","15":"product-type-variable"},"acf":[],"yoast_head":"<!-- This site is optimized with the Yoast SEO plugin v27.5 - https:\/\/yoast.com\/product\/yoast-seo-wordpress\/ -->\n<title>Rosa Liebhaber Kuchen - Cukiernia DESEO Warszawa<\/title>\n<meta name=\"description\" content=\"Ein dezentes, schn\u00f6rkelloses Finish in Form eines perlmuttfarbenen &quot;Spinnennetzes&quot; auf rosa Glacage verleiht dieser Torte Leichtigkeit und Eleganz.\" \/>\n<meta name=\"robots\" content=\"index, follow, max-snippet:-1, max-image-preview:large, max-video-preview:-1\" \/>\n<link rel=\"canonical\" href=\"https:\/\/deseopatisserie.com\/de\/produkt\/rosa-liebhaber-kuchen\/\" \/>\n<meta property=\"og:locale\" content=\"de_DE\" \/>\n<meta property=\"og:type\" content=\"article\" \/>\n<meta property=\"og:title\" content=\"Rosa Liebhaber Kuchen\" \/>\n<meta property=\"og:description\" content=\"Ein dezentes, schn\u00f6rkelloses Finish in Form eines perlmuttfarbenen &quot;Spinnennetzes&quot; auf rosa Glacage verleiht dieser Torte Leichtigkeit und Eleganz.\" \/>\n<meta property=\"og:url\" content=\"https:\/\/deseopatisserie.com\/de\/produkt\/rosa-liebhaber-kuchen\/\" \/>\n<meta property=\"og:site_name\" content=\"DESEO\" \/>\n<meta property=\"article:modified_time\" content=\"2025-04-02T13:49:16+00:00\" \/>\n<meta property=\"og:image\" content=\"https:\/\/deseopatisserie.com\/wp-content\/uploads\/2021\/08\/Tort-Pink-Lover_1-1024x683.jpg\" \/>\n<meta name=\"twitter:card\" content=\"summary_large_image\" \/>\n<script type=\"application\/ld+json\" class=\"yoast-schema-graph\">{\"@context\":\"https:\\\/\\\/schema.org\",\"@graph\":[{\"@type\":\"WebPage\",\"@id\":\"https:\\\/\\\/deseopatisserie.com\\\/de\\\/produkt\\\/rosa-liebhaber-kuchen\\\/\",\"url\":\"https:\\\/\\\/deseopatisserie.com\\\/de\\\/produkt\\\/rosa-liebhaber-kuchen\\\/\",\"name\":\"Rosa Liebhaber Kuchen - Cukiernia DESEO Warszawa\",\"isPartOf\":{\"@id\":\"https:\\\/\\\/deseopatisserie.com\\\/de\\\/#website\"},\"primaryImageOfPage\":{\"@id\":\"https:\\\/\\\/deseopatisserie.com\\\/de\\\/produkt\\\/rosa-liebhaber-kuchen\\\/#primaryimage\"},\"image\":{\"@id\":\"https:\\\/\\\/deseopatisserie.com\\\/de\\\/produkt\\\/rosa-liebhaber-kuchen\\\/#primaryimage\"},\"thumbnailUrl\":\"https:\\\/\\\/deseopatisserie.com\\\/\\\/wp-content\\\/uploads\\\/2021\\\/08\\\/Tort-Pink-Lover-1.jpg\",\"datePublished\":\"2021-08-06T10:11:43+00:00\",\"dateModified\":\"2025-04-02T13:49:16+00:00\",\"description\":\"Ein dezentes, schn\u00f6rkelloses Finish in Form eines perlmuttfarbenen \\\"Spinnennetzes\\\" auf rosa Glacage verleiht dieser Torte Leichtigkeit und Eleganz.\",\"breadcrumb\":{\"@id\":\"https:\\\/\\\/deseopatisserie.com\\\/de\\\/produkt\\\/rosa-liebhaber-kuchen\\\/#breadcrumb\"},\"inLanguage\":\"de\",\"potentialAction\":[{\"@type\":\"ReadAction\",\"target\":[\"https:\\\/\\\/deseopatisserie.com\\\/de\\\/produkt\\\/rosa-liebhaber-kuchen\\\/\"]}]},{\"@type\":\"ImageObject\",\"inLanguage\":\"de\",\"@id\":\"https:\\\/\\\/deseopatisserie.com\\\/de\\\/produkt\\\/rosa-liebhaber-kuchen\\\/#primaryimage\",\"url\":\"https:\\\/\\\/deseopatisserie.com\\\/\\\/wp-content\\\/uploads\\\/2021\\\/08\\\/Tort-Pink-Lover-1.jpg\",\"contentUrl\":\"https:\\\/\\\/deseopatisserie.com\\\/\\\/wp-content\\\/uploads\\\/2021\\\/08\\\/Tort-Pink-Lover-1.jpg\",\"width\":1200,\"height\":800},{\"@type\":\"BreadcrumbList\",\"@id\":\"https:\\\/\\\/deseopatisserie.com\\\/de\\\/produkt\\\/rosa-liebhaber-kuchen\\\/#breadcrumb\",\"itemListElement\":[{\"@type\":\"ListItem\",\"position\":1,\"name\":\"Strona g\u0142\u00f3wna\",\"item\":\"https:\\\/\\\/deseopatisserie.com\\\/de\\\/homepage\\\/\"},{\"@type\":\"ListItem\",\"position\":2,\"name\":\"Rosa Liebhaber Kuchen\"}]},{\"@type\":\"WebSite\",\"@id\":\"https:\\\/\\\/deseopatisserie.com\\\/de\\\/#website\",\"url\":\"https:\\\/\\\/deseopatisserie.com\\\/de\\\/\",\"name\":\"DESEO\",\"description\":\"Patisserie &amp; Chocolaterie\",\"potentialAction\":[{\"@type\":\"SearchAction\",\"target\":{\"@type\":\"EntryPoint\",\"urlTemplate\":\"https:\\\/\\\/deseopatisserie.com\\\/de\\\/?s={search_term_string}\"},\"query-input\":{\"@type\":\"PropertyValueSpecification\",\"valueRequired\":true,\"valueName\":\"search_term_string\"}}],\"inLanguage\":\"de\"}]}<\/script>\n<!-- \/ Yoast SEO plugin. -->","yoast_head_json":{"title":"Rosa Liebhaber Kuchen - Cukiernia DESEO Warszawa","description":"Ein dezentes, schn\u00f6rkelloses Finish in Form eines perlmuttfarbenen \"Spinnennetzes\" auf rosa Glacage verleiht dieser Torte Leichtigkeit und Eleganz.","robots":{"index":"index","follow":"follow","max-snippet":"max-snippet:-1","max-image-preview":"max-image-preview:large","max-video-preview":"max-video-preview:-1"},"canonical":"https:\/\/deseopatisserie.com\/de\/produkt\/rosa-liebhaber-kuchen\/","og_locale":"de_DE","og_type":"article","og_title":"Rosa Liebhaber Kuchen","og_description":"Ein dezentes, schn\u00f6rkelloses Finish in Form eines perlmuttfarbenen \"Spinnennetzes\" auf rosa Glacage verleiht dieser Torte Leichtigkeit und Eleganz.","og_url":"https:\/\/deseopatisserie.com\/de\/produkt\/rosa-liebhaber-kuchen\/","og_site_name":"DESEO","article_modified_time":"2025-04-02T13:49:16+00:00","og_image":[{"url":"https:\/\/deseopatisserie.com\/wp-content\/uploads\/2021\/08\/Tort-Pink-Lover_1-1024x683.jpg","type":"","width":"","height":""}],"twitter_card":"summary_large_image","schema":{"@context":"https:\/\/schema.org","@graph":[{"@type":"WebPage","@id":"https:\/\/deseopatisserie.com\/de\/produkt\/rosa-liebhaber-kuchen\/","url":"https:\/\/deseopatisserie.com\/de\/produkt\/rosa-liebhaber-kuchen\/","name":"Rosa Liebhaber Kuchen - Cukiernia DESEO Warszawa","isPartOf":{"@id":"https:\/\/deseopatisserie.com\/de\/#website"},"primaryImageOfPage":{"@id":"https:\/\/deseopatisserie.com\/de\/produkt\/rosa-liebhaber-kuchen\/#primaryimage"},"image":{"@id":"https:\/\/deseopatisserie.com\/de\/produkt\/rosa-liebhaber-kuchen\/#primaryimage"},"thumbnailUrl":"https:\/\/deseopatisserie.com\/\/wp-content\/uploads\/2021\/08\/Tort-Pink-Lover-1.jpg","datePublished":"2021-08-06T10:11:43+00:00","dateModified":"2025-04-02T13:49:16+00:00","description":"Ein dezentes, schn\u00f6rkelloses Finish in Form eines perlmuttfarbenen \"Spinnennetzes\" auf rosa Glacage verleiht dieser Torte Leichtigkeit und Eleganz.","breadcrumb":{"@id":"https:\/\/deseopatisserie.com\/de\/produkt\/rosa-liebhaber-kuchen\/#breadcrumb"},"inLanguage":"de","potentialAction":[{"@type":"ReadAction","target":["https:\/\/deseopatisserie.com\/de\/produkt\/rosa-liebhaber-kuchen\/"]}]},{"@type":"ImageObject","inLanguage":"de","@id":"https:\/\/deseopatisserie.com\/de\/produkt\/rosa-liebhaber-kuchen\/#primaryimage","url":"https:\/\/deseopatisserie.com\/\/wp-content\/uploads\/2021\/08\/Tort-Pink-Lover-1.jpg","contentUrl":"https:\/\/deseopatisserie.com\/\/wp-content\/uploads\/2021\/08\/Tort-Pink-Lover-1.jpg","width":1200,"height":800},{"@type":"BreadcrumbList","@id":"https:\/\/deseopatisserie.com\/de\/produkt\/rosa-liebhaber-kuchen\/#breadcrumb","itemListElement":[{"@type":"ListItem","position":1,"name":"Strona g\u0142\u00f3wna","item":"https:\/\/deseopatisserie.com\/de\/homepage\/"},{"@type":"ListItem","position":2,"name":"Rosa Liebhaber Kuchen"}]},{"@type":"WebSite","@id":"https:\/\/deseopatisserie.com\/de\/#website","url":"https:\/\/deseopatisserie.com\/de\/","name":"DESEO","description":"Patisserie &amp; Chocolaterie","potentialAction":[{"@type":"SearchAction","target":{"@type":"EntryPoint","urlTemplate":"https:\/\/deseopatisserie.com\/de\/?s={search_term_string}"},"query-input":{"@type":"PropertyValueSpecification","valueRequired":true,"valueName":"search_term_string"}}],"inLanguage":"de"}]}},"_links":{"self":[{"href":"https:\/\/deseopatisserie.com\/de\/wp-json\/wp\/v2\/product\/92286","targetHints":{"allow":["GET"]}}],"collection":[{"href":"https:\/\/deseopatisserie.com\/de\/wp-json\/wp\/v2\/product"}],"about":[{"href":"https:\/\/deseopatisserie.com\/de\/wp-json\/wp\/v2\/types\/product"}],"wp:featuredmedia":[{"embeddable":true,"href":"https:\/\/deseopatisserie.com\/de\/wp-json\/wp\/v2\/media\/82423"}],"wp:attachment":[{"href":"https:\/\/deseopatisserie.com\/de\/wp-json\/wp\/v2\/media?parent=92286"}],"wp:term":[{"taxonomy":"product_brand","embeddable":true,"href":"https:\/\/deseopatisserie.com\/de\/wp-json\/wp\/v2\/product_brand?post=92286"},{"taxonomy":"product_cat","embeddable":true,"href":"https:\/\/deseopatisserie.com\/de\/wp-json\/wp\/v2\/product_cat?post=92286"},{"taxonomy":"product_tag","embeddable":true,"href":"https:\/\/deseopatisserie.com\/de\/wp-json\/wp\/v2\/product_tag?post=92286"}],"curies":[{"name":"wp","href":"https:\/\/api.w.org\/{rel}","templated":true}]}}