{"id":92283,"date":"2021-08-06T13:08:25","date_gmt":"2021-08-06T11:08:25","guid":{"rendered":"https:\/\/deseopatisserie.com\/produkt\/geburtstags-kosmos-set\/"},"modified":"2025-04-02T15:49:19","modified_gmt":"2025-04-02T13:49:19","slug":"geburtstags-kosmos-set","status":"publish","type":"product","link":"https:\/\/deseopatisserie.com\/de\/produkt\/geburtstags-kosmos-set\/","title":{"rendered":"Geburtstags-Kosmos-Set"},"content":{"rendered":"","protected":false},"excerpt":{"rendered":"<p>Das Kosmos-Geburtstagsset ist eine Sammlung aller notwendigen Gadgets, die f\u00fcr die Organisation einer Geburtstagsfeier f\u00fcr 12 Personen ben\u00f6tigt werden, einschlie\u00dflich einer sehr beeindruckenden KOSMOS-Torte. Die Tortendekoration besteht aus Schokolade und ist vollst\u00e4ndig essbar. Alle Elemente des Sets sind im Stil einer Torte gehalten. Das Leitmotiv ist Blau, Marineblau und Silber. Es ist ein Angebot f\u00fcr alle Kinder, deren Traum ein kosmischer Geburtstag ist!    <\/p>\n<p>Das Set enth\u00e4lt:<\/p>\n<p>&#8211; Kuchen mit KOSMOS-Dekoration &#8211; 1kg (7 Kuchensorten zur Auswahl, w\u00e4hlen Sie unten Ihren Favoriten)<\/p>\n<p>&#8211; 12 St\u00fcck silberne Becher (220ml),<\/p>\n<p>&#8211; 12 St\u00fcck Platten &#8211; Schl\u00e4ger,<\/p>\n<p>&#8211; 1 Set silberne Kerzen &#8211; 12 St\u00fcck (die H\u00f6he der Kerzen betr\u00e4gt ca. 12,5 cm)<\/p>\n<p>&#8211; 1 Packung Servietten mit Platz (20 St\u00fcck),<\/p>\n<p>&#8211; 1 Tortenaufleger mit der Aufschrift Happy Birthday in Silber.<\/p>\n","protected":false},"featured_media":82567,"template":"","meta":{"_acf_changed":false},"product_brand":[],"product_cat":[2738],"product_tag":[],"class_list":{"0":"post-92283","1":"product","2":"type-product","3":"status-publish","4":"has-post-thumbnail","6":"product_cat-geburtstags-kosmos","8":"first","9":"instock","10":"taxable","11":"shipping-taxable","12":"purchasable","13":"product-type-variable"},"acf":[],"yoast_head":"<!-- This site is optimized with the Yoast SEO plugin v27.5 - https:\/\/yoast.com\/product\/yoast-seo-wordpress\/ -->\n<title>Geburtstags-Kosmos-Set - Cukiernia DESEO Warszawa<\/title>\n<meta name=\"description\" content=\"Bei der Organisation einer Geburtstagsfeier lohnt es sich, auf das richtige Zubeh\u00f6r zu achten. Sie schaffen eine magische Atmosph\u00e4re und machen die Zeremonie einzigartig.\" \/>\n<meta name=\"robots\" content=\"index, follow, max-snippet:-1, max-image-preview:large, max-video-preview:-1\" \/>\n<link rel=\"canonical\" href=\"https:\/\/deseopatisserie.com\/de\/produkt\/geburtstags-kosmos-set\/\" \/>\n<meta property=\"og:locale\" content=\"de_DE\" \/>\n<meta property=\"og:type\" content=\"article\" \/>\n<meta property=\"og:title\" content=\"Geburtstags-Kosmos-Set\" \/>\n<meta property=\"og:description\" content=\"Bei der Organisation einer Geburtstagsfeier lohnt es sich, auf das richtige Zubeh\u00f6r zu achten. Sie schaffen eine magische Atmosph\u00e4re und machen die Zeremonie einzigartig.\" \/>\n<meta property=\"og:url\" content=\"https:\/\/deseopatisserie.com\/de\/produkt\/geburtstags-kosmos-set\/\" \/>\n<meta property=\"og:site_name\" content=\"DESEO\" \/>\n<meta property=\"article:modified_time\" content=\"2025-04-02T13:49:19+00:00\" \/>\n<meta property=\"og:image\" content=\"https:\/\/deseopatisserie.com\/wp-content\/uploads\/2021\/08\/Tort-urodzinowy-Kosmos_1-1024x683.jpg\" \/>\n<meta name=\"twitter:card\" content=\"summary_large_image\" \/>\n<script type=\"application\/ld+json\" class=\"yoast-schema-graph\">{\"@context\":\"https:\\\/\\\/schema.org\",\"@graph\":[{\"@type\":\"WebPage\",\"@id\":\"https:\\\/\\\/deseopatisserie.com\\\/de\\\/produkt\\\/geburtstags-kosmos-set\\\/\",\"url\":\"https:\\\/\\\/deseopatisserie.com\\\/de\\\/produkt\\\/geburtstags-kosmos-set\\\/\",\"name\":\"Geburtstags-Kosmos-Set - Cukiernia DESEO Warszawa\",\"isPartOf\":{\"@id\":\"https:\\\/\\\/deseopatisserie.com\\\/de\\\/#website\"},\"primaryImageOfPage\":{\"@id\":\"https:\\\/\\\/deseopatisserie.com\\\/de\\\/produkt\\\/geburtstags-kosmos-set\\\/#primaryimage\"},\"image\":{\"@id\":\"https:\\\/\\\/deseopatisserie.com\\\/de\\\/produkt\\\/geburtstags-kosmos-set\\\/#primaryimage\"},\"thumbnailUrl\":\"https:\\\/\\\/deseopatisserie.com\\\/\\\/wp-content\\\/uploads\\\/2021\\\/08\\\/Zestaw-Urodzinowy-KOSMOS_1.jpg\",\"datePublished\":\"2021-08-06T11:08:25+00:00\",\"dateModified\":\"2025-04-02T13:49:19+00:00\",\"description\":\"Bei der Organisation einer Geburtstagsfeier lohnt es sich, auf das richtige Zubeh\u00f6r zu achten. Sie schaffen eine magische Atmosph\u00e4re und machen die Zeremonie einzigartig.\",\"breadcrumb\":{\"@id\":\"https:\\\/\\\/deseopatisserie.com\\\/de\\\/produkt\\\/geburtstags-kosmos-set\\\/#breadcrumb\"},\"inLanguage\":\"de\",\"potentialAction\":[{\"@type\":\"ReadAction\",\"target\":[\"https:\\\/\\\/deseopatisserie.com\\\/de\\\/produkt\\\/geburtstags-kosmos-set\\\/\"]}]},{\"@type\":\"ImageObject\",\"inLanguage\":\"de\",\"@id\":\"https:\\\/\\\/deseopatisserie.com\\\/de\\\/produkt\\\/geburtstags-kosmos-set\\\/#primaryimage\",\"url\":\"https:\\\/\\\/deseopatisserie.com\\\/\\\/wp-content\\\/uploads\\\/2021\\\/08\\\/Zestaw-Urodzinowy-KOSMOS_1.jpg\",\"contentUrl\":\"https:\\\/\\\/deseopatisserie.com\\\/\\\/wp-content\\\/uploads\\\/2021\\\/08\\\/Zestaw-Urodzinowy-KOSMOS_1.jpg\",\"width\":1200,\"height\":800},{\"@type\":\"BreadcrumbList\",\"@id\":\"https:\\\/\\\/deseopatisserie.com\\\/de\\\/produkt\\\/geburtstags-kosmos-set\\\/#breadcrumb\",\"itemListElement\":[{\"@type\":\"ListItem\",\"position\":1,\"name\":\"Strona g\u0142\u00f3wna\",\"item\":\"https:\\\/\\\/deseopatisserie.com\\\/de\\\/homepage\\\/\"},{\"@type\":\"ListItem\",\"position\":2,\"name\":\"Geburtstags-Kosmos-Set\"}]},{\"@type\":\"WebSite\",\"@id\":\"https:\\\/\\\/deseopatisserie.com\\\/de\\\/#website\",\"url\":\"https:\\\/\\\/deseopatisserie.com\\\/de\\\/\",\"name\":\"DESEO\",\"description\":\"Patisserie &amp; Chocolaterie\",\"potentialAction\":[{\"@type\":\"SearchAction\",\"target\":{\"@type\":\"EntryPoint\",\"urlTemplate\":\"https:\\\/\\\/deseopatisserie.com\\\/de\\\/?s={search_term_string}\"},\"query-input\":{\"@type\":\"PropertyValueSpecification\",\"valueRequired\":true,\"valueName\":\"search_term_string\"}}],\"inLanguage\":\"de\"}]}<\/script>\n<!-- \/ Yoast SEO plugin. -->","yoast_head_json":{"title":"Geburtstags-Kosmos-Set - Cukiernia DESEO Warszawa","description":"Bei der Organisation einer Geburtstagsfeier lohnt es sich, auf das richtige Zubeh\u00f6r zu achten. Sie schaffen eine magische Atmosph\u00e4re und machen die Zeremonie einzigartig.","robots":{"index":"index","follow":"follow","max-snippet":"max-snippet:-1","max-image-preview":"max-image-preview:large","max-video-preview":"max-video-preview:-1"},"canonical":"https:\/\/deseopatisserie.com\/de\/produkt\/geburtstags-kosmos-set\/","og_locale":"de_DE","og_type":"article","og_title":"Geburtstags-Kosmos-Set","og_description":"Bei der Organisation einer Geburtstagsfeier lohnt es sich, auf das richtige Zubeh\u00f6r zu achten. Sie schaffen eine magische Atmosph\u00e4re und machen die Zeremonie einzigartig.","og_url":"https:\/\/deseopatisserie.com\/de\/produkt\/geburtstags-kosmos-set\/","og_site_name":"DESEO","article_modified_time":"2025-04-02T13:49:19+00:00","og_image":[{"url":"https:\/\/deseopatisserie.com\/wp-content\/uploads\/2021\/08\/Tort-urodzinowy-Kosmos_1-1024x683.jpg","type":"","width":"","height":""}],"twitter_card":"summary_large_image","schema":{"@context":"https:\/\/schema.org","@graph":[{"@type":"WebPage","@id":"https:\/\/deseopatisserie.com\/de\/produkt\/geburtstags-kosmos-set\/","url":"https:\/\/deseopatisserie.com\/de\/produkt\/geburtstags-kosmos-set\/","name":"Geburtstags-Kosmos-Set - Cukiernia DESEO Warszawa","isPartOf":{"@id":"https:\/\/deseopatisserie.com\/de\/#website"},"primaryImageOfPage":{"@id":"https:\/\/deseopatisserie.com\/de\/produkt\/geburtstags-kosmos-set\/#primaryimage"},"image":{"@id":"https:\/\/deseopatisserie.com\/de\/produkt\/geburtstags-kosmos-set\/#primaryimage"},"thumbnailUrl":"https:\/\/deseopatisserie.com\/\/wp-content\/uploads\/2021\/08\/Zestaw-Urodzinowy-KOSMOS_1.jpg","datePublished":"2021-08-06T11:08:25+00:00","dateModified":"2025-04-02T13:49:19+00:00","description":"Bei der Organisation einer Geburtstagsfeier lohnt es sich, auf das richtige Zubeh\u00f6r zu achten. Sie schaffen eine magische Atmosph\u00e4re und machen die Zeremonie einzigartig.","breadcrumb":{"@id":"https:\/\/deseopatisserie.com\/de\/produkt\/geburtstags-kosmos-set\/#breadcrumb"},"inLanguage":"de","potentialAction":[{"@type":"ReadAction","target":["https:\/\/deseopatisserie.com\/de\/produkt\/geburtstags-kosmos-set\/"]}]},{"@type":"ImageObject","inLanguage":"de","@id":"https:\/\/deseopatisserie.com\/de\/produkt\/geburtstags-kosmos-set\/#primaryimage","url":"https:\/\/deseopatisserie.com\/\/wp-content\/uploads\/2021\/08\/Zestaw-Urodzinowy-KOSMOS_1.jpg","contentUrl":"https:\/\/deseopatisserie.com\/\/wp-content\/uploads\/2021\/08\/Zestaw-Urodzinowy-KOSMOS_1.jpg","width":1200,"height":800},{"@type":"BreadcrumbList","@id":"https:\/\/deseopatisserie.com\/de\/produkt\/geburtstags-kosmos-set\/#breadcrumb","itemListElement":[{"@type":"ListItem","position":1,"name":"Strona g\u0142\u00f3wna","item":"https:\/\/deseopatisserie.com\/de\/homepage\/"},{"@type":"ListItem","position":2,"name":"Geburtstags-Kosmos-Set"}]},{"@type":"WebSite","@id":"https:\/\/deseopatisserie.com\/de\/#website","url":"https:\/\/deseopatisserie.com\/de\/","name":"DESEO","description":"Patisserie &amp; Chocolaterie","potentialAction":[{"@type":"SearchAction","target":{"@type":"EntryPoint","urlTemplate":"https:\/\/deseopatisserie.com\/de\/?s={search_term_string}"},"query-input":{"@type":"PropertyValueSpecification","valueRequired":true,"valueName":"search_term_string"}}],"inLanguage":"de"}]}},"_links":{"self":[{"href":"https:\/\/deseopatisserie.com\/de\/wp-json\/wp\/v2\/product\/92283","targetHints":{"allow":["GET"]}}],"collection":[{"href":"https:\/\/deseopatisserie.com\/de\/wp-json\/wp\/v2\/product"}],"about":[{"href":"https:\/\/deseopatisserie.com\/de\/wp-json\/wp\/v2\/types\/product"}],"wp:featuredmedia":[{"embeddable":true,"href":"https:\/\/deseopatisserie.com\/de\/wp-json\/wp\/v2\/media\/82567"}],"wp:attachment":[{"href":"https:\/\/deseopatisserie.com\/de\/wp-json\/wp\/v2\/media?parent=92283"}],"wp:term":[{"taxonomy":"product_brand","embeddable":true,"href":"https:\/\/deseopatisserie.com\/de\/wp-json\/wp\/v2\/product_brand?post=92283"},{"taxonomy":"product_cat","embeddable":true,"href":"https:\/\/deseopatisserie.com\/de\/wp-json\/wp\/v2\/product_cat?post=92283"},{"taxonomy":"product_tag","embeddable":true,"href":"https:\/\/deseopatisserie.com\/de\/wp-json\/wp\/v2\/product_tag?post=92283"}],"curies":[{"name":"wp","href":"https:\/\/api.w.org\/{rel}","templated":true}]}}