{"id":92263,"date":"2021-08-05T12:29:12","date_gmt":"2021-08-05T10:29:12","guid":{"rendered":"https:\/\/deseopatisserie.com\/produkt\/kosmos-kuchen\/"},"modified":"2025-04-02T15:48:44","modified_gmt":"2025-04-02T13:48:44","slug":"kosmos-kuchen","status":"publish","type":"product","link":"https:\/\/deseopatisserie.com\/de\/produkt\/kosmos-kuchen\/","title":{"rendered":"Kosmos Kuchen"},"content":{"rendered":"","protected":false},"excerpt":{"rendered":"<p>Die Kosmos-Geburtstagstorte ist unser Angebot f\u00fcr Liebhaber von Sternen, Planeten, Galaxien, Raumfahrt und Raketen. Der Kuchen war mit kosmischer Galaxie auf der Basis von wei\u00dfen Schokoladenbohnen zum Riegeln bedeckt. Und alle Dekorationen auf der Torte sind handgemacht, auch von unserer Bohne bis zur Tafelschokolade \u2013 das hei\u00dft, sie sind essbar \ud83d\ude42  <\/p>\n<p>Sie k\u00f6nnen den Kosmos-Kuchen in Ihrer Lieblingsgeschmacksrichtung w\u00e4hlen.<\/p>\n<p>Sie k\u00f6nnen alle unten finden:<\/p>\n<p><strong>Lorena<\/strong> \u2013 Bourbon-Mousse mit Vanille aus Madagaskar \/ Rotes Fruchtgelee \u2013 Erdbeere, Kirsche, Himbeere \/ Vanille-Namelaka-Creme \/ Vanille-Crisp \/ Vanille-Biskuitkuchen \/ Chantilly-Creme<br \/>\n<strong>Opera<\/strong> \u2013 Kaffeemousse \/ Schokoladenbohne \u2013 bis \u2013 Dominikana Zartbittermilchriegel 52% \/ Namelaka-Creme auf Basis von Karamellschokolade \/ knusprig knusprig knusprig mit Kaffeepraline \/ Joconde-Biskuit in Kaffeesirup getr\u00e4nkt mit Chopin-Lik\u00f6r<br \/>\n<strong>Nocciola<\/strong> \u2013 Haselnussmousse \/ Namelaka-Creme mit Haselnussgeschmack \/ Haselnuss-Praline \/ Karamellcreme \/ Haselnuss-Milchschokoladen-Crisp \/ Haselnuss-Biskuitkuchen<br \/>\n<strong>Fresamore<\/strong> \u2013 Chantilly-Mousse mit Bourbon-Vanille aus Madagaskar \/ wei\u00dfe Schokoladenchips mit Mandelbl\u00e4ttchen und gefriergetrockneten Erdbeeren \/ Spinat-Biskuitkuchen mit Orangenschale \/ Gelee mit ganzen Erdbeeren<br \/>\n<strong>Nicaragua<\/strong> \u2013 trockene Schokoladenganache Nicaragua 70% \/ Karamell und trockene Schokoladenganache Nicaragua 70% \/ trockene Schokoladenmousse Nicaragua 70% \/ Moelleux-Kuchen auf Basis von trockener Schokolade Nicaragua 70% \/ knusprig mit Nibs<br \/>\n<strong>Bella<\/strong> \u2013 Himbeermousse \/ Himbeermarmelade mit Bergamotte \/ Mini-Vanille-K\u00e4sekuchen \/ zarter Joconde-Biskuitkuchen mit Limette<br \/>\n<strong>Azia 2.0<\/strong> \u2013 wei\u00dfe Schokoladenmousse mit Ingwer und Kaffirlimettenbl\u00e4ttern \/ fl\u00fcssiges Inneres auf der Basis von Passionsfrucht, Mango und Calamansi mit frischen Ananasst\u00fccken \/ Kokosnuss-Biskuitkuchen \/ M\u00fcrbeteig mit ger\u00f6steter wei\u00dfer Schokolade<strong>Pistazien<br \/>\n<\/strong> \u2013 Pistazienmousse \/ Pistazien-Namelaka \/ Pistazienenpraline \/ knusprige Pistazien knusprig knusprig \/ Pistazien-Biskuitkuchen<\/p>\n<p>&nbsp;<\/p>\n","protected":false},"featured_media":82605,"template":"","meta":{"_acf_changed":false},"product_brand":[],"product_cat":[2738,2622,2612],"product_tag":[],"class_list":{"0":"post-92263","1":"product","2":"type-product","3":"status-publish","4":"has-post-thumbnail","6":"product_cat-geburtstags-kosmos","7":"product_cat-geburtstagskuchen","8":"product_cat-kuchen","10":"first","11":"instock","12":"taxable","13":"shipping-taxable","14":"purchasable","15":"product-type-variable"},"acf":[],"yoast_head":"<!-- This site is optimized with the Yoast SEO plugin v27.4 - https:\/\/yoast.com\/product\/yoast-seo-wordpress\/ -->\n<title>Kosmos Kuchen - Cukiernia DESEO Warszawa<\/title>\n<meta name=\"description\" content=\"Die Kosmos-Geburtstagstorte ist unser Vorschlag f\u00fcr Liebhaber von Sternen und Planeten. Alle Dekorationen auf der Torte sind handgefertigt.\" \/>\n<meta name=\"robots\" content=\"index, follow, max-snippet:-1, max-image-preview:large, max-video-preview:-1\" \/>\n<link rel=\"canonical\" href=\"https:\/\/deseopatisserie.com\/de\/produkt\/kosmos-kuchen\/\" \/>\n<meta property=\"og:locale\" content=\"de_DE\" \/>\n<meta property=\"og:type\" content=\"article\" \/>\n<meta property=\"og:title\" content=\"Kosmos Kuchen\" \/>\n<meta property=\"og:description\" content=\"Die Kosmos-Geburtstagstorte ist unser Vorschlag f\u00fcr Liebhaber von Sternen und Planeten. Alle Dekorationen auf der Torte sind handgefertigt.\" \/>\n<meta property=\"og:url\" content=\"https:\/\/deseopatisserie.com\/de\/produkt\/kosmos-kuchen\/\" \/>\n<meta property=\"og:site_name\" content=\"DESEO\" \/>\n<meta property=\"article:modified_time\" content=\"2025-04-02T13:48:44+00:00\" \/>\n<meta property=\"og:image\" content=\"https:\/\/deseopatisserie.com\/wp-content\/uploads\/2024\/06\/Tort-urodzinowy-Kosmos_1-1-1024x683.jpg\" \/>\n<meta name=\"twitter:card\" content=\"summary_large_image\" \/>\n<script type=\"application\/ld+json\" class=\"yoast-schema-graph\">{\"@context\":\"https:\\\/\\\/schema.org\",\"@graph\":[{\"@type\":\"WebPage\",\"@id\":\"https:\\\/\\\/deseopatisserie.com\\\/de\\\/produkt\\\/kosmos-kuchen\\\/\",\"url\":\"https:\\\/\\\/deseopatisserie.com\\\/de\\\/produkt\\\/kosmos-kuchen\\\/\",\"name\":\"Kosmos Kuchen - Cukiernia DESEO Warszawa\",\"isPartOf\":{\"@id\":\"https:\\\/\\\/deseopatisserie.com\\\/de\\\/#website\"},\"primaryImageOfPage\":{\"@id\":\"https:\\\/\\\/deseopatisserie.com\\\/de\\\/produkt\\\/kosmos-kuchen\\\/#primaryimage\"},\"image\":{\"@id\":\"https:\\\/\\\/deseopatisserie.com\\\/de\\\/produkt\\\/kosmos-kuchen\\\/#primaryimage\"},\"thumbnailUrl\":\"https:\\\/\\\/deseopatisserie.com\\\/\\\/wp-content\\\/uploads\\\/2021\\\/08\\\/Tort-urodzinowy-Kosmos_1-1.jpg\",\"datePublished\":\"2021-08-05T10:29:12+00:00\",\"dateModified\":\"2025-04-02T13:48:44+00:00\",\"description\":\"Die Kosmos-Geburtstagstorte ist unser Vorschlag f\u00fcr Liebhaber von Sternen und Planeten. Alle Dekorationen auf der Torte sind handgefertigt.\",\"breadcrumb\":{\"@id\":\"https:\\\/\\\/deseopatisserie.com\\\/de\\\/produkt\\\/kosmos-kuchen\\\/#breadcrumb\"},\"inLanguage\":\"de\",\"potentialAction\":[{\"@type\":\"ReadAction\",\"target\":[\"https:\\\/\\\/deseopatisserie.com\\\/de\\\/produkt\\\/kosmos-kuchen\\\/\"]}]},{\"@type\":\"ImageObject\",\"inLanguage\":\"de\",\"@id\":\"https:\\\/\\\/deseopatisserie.com\\\/de\\\/produkt\\\/kosmos-kuchen\\\/#primaryimage\",\"url\":\"https:\\\/\\\/deseopatisserie.com\\\/\\\/wp-content\\\/uploads\\\/2021\\\/08\\\/Tort-urodzinowy-Kosmos_1-1.jpg\",\"contentUrl\":\"https:\\\/\\\/deseopatisserie.com\\\/\\\/wp-content\\\/uploads\\\/2021\\\/08\\\/Tort-urodzinowy-Kosmos_1-1.jpg\",\"width\":1200,\"height\":800},{\"@type\":\"BreadcrumbList\",\"@id\":\"https:\\\/\\\/deseopatisserie.com\\\/de\\\/produkt\\\/kosmos-kuchen\\\/#breadcrumb\",\"itemListElement\":[{\"@type\":\"ListItem\",\"position\":1,\"name\":\"Strona g\u0142\u00f3wna\",\"item\":\"https:\\\/\\\/deseopatisserie.com\\\/de\\\/homepage\\\/\"},{\"@type\":\"ListItem\",\"position\":2,\"name\":\"Kosmos Kuchen\"}]},{\"@type\":\"WebSite\",\"@id\":\"https:\\\/\\\/deseopatisserie.com\\\/de\\\/#website\",\"url\":\"https:\\\/\\\/deseopatisserie.com\\\/de\\\/\",\"name\":\"DESEO\",\"description\":\"Patisserie &amp; Chocolaterie\",\"potentialAction\":[{\"@type\":\"SearchAction\",\"target\":{\"@type\":\"EntryPoint\",\"urlTemplate\":\"https:\\\/\\\/deseopatisserie.com\\\/de\\\/?s={search_term_string}\"},\"query-input\":{\"@type\":\"PropertyValueSpecification\",\"valueRequired\":true,\"valueName\":\"search_term_string\"}}],\"inLanguage\":\"de\"}]}<\/script>\n<!-- \/ Yoast SEO plugin. -->","yoast_head_json":{"title":"Kosmos Kuchen - Cukiernia DESEO Warszawa","description":"Die Kosmos-Geburtstagstorte ist unser Vorschlag f\u00fcr Liebhaber von Sternen und Planeten. Alle Dekorationen auf der Torte sind handgefertigt.","robots":{"index":"index","follow":"follow","max-snippet":"max-snippet:-1","max-image-preview":"max-image-preview:large","max-video-preview":"max-video-preview:-1"},"canonical":"https:\/\/deseopatisserie.com\/de\/produkt\/kosmos-kuchen\/","og_locale":"de_DE","og_type":"article","og_title":"Kosmos Kuchen","og_description":"Die Kosmos-Geburtstagstorte ist unser Vorschlag f\u00fcr Liebhaber von Sternen und Planeten. Alle Dekorationen auf der Torte sind handgefertigt.","og_url":"https:\/\/deseopatisserie.com\/de\/produkt\/kosmos-kuchen\/","og_site_name":"DESEO","article_modified_time":"2025-04-02T13:48:44+00:00","og_image":[{"url":"https:\/\/deseopatisserie.com\/wp-content\/uploads\/2024\/06\/Tort-urodzinowy-Kosmos_1-1-1024x683.jpg","type":"","width":"","height":""}],"twitter_card":"summary_large_image","schema":{"@context":"https:\/\/schema.org","@graph":[{"@type":"WebPage","@id":"https:\/\/deseopatisserie.com\/de\/produkt\/kosmos-kuchen\/","url":"https:\/\/deseopatisserie.com\/de\/produkt\/kosmos-kuchen\/","name":"Kosmos Kuchen - Cukiernia DESEO Warszawa","isPartOf":{"@id":"https:\/\/deseopatisserie.com\/de\/#website"},"primaryImageOfPage":{"@id":"https:\/\/deseopatisserie.com\/de\/produkt\/kosmos-kuchen\/#primaryimage"},"image":{"@id":"https:\/\/deseopatisserie.com\/de\/produkt\/kosmos-kuchen\/#primaryimage"},"thumbnailUrl":"https:\/\/deseopatisserie.com\/\/wp-content\/uploads\/2021\/08\/Tort-urodzinowy-Kosmos_1-1.jpg","datePublished":"2021-08-05T10:29:12+00:00","dateModified":"2025-04-02T13:48:44+00:00","description":"Die Kosmos-Geburtstagstorte ist unser Vorschlag f\u00fcr Liebhaber von Sternen und Planeten. Alle Dekorationen auf der Torte sind handgefertigt.","breadcrumb":{"@id":"https:\/\/deseopatisserie.com\/de\/produkt\/kosmos-kuchen\/#breadcrumb"},"inLanguage":"de","potentialAction":[{"@type":"ReadAction","target":["https:\/\/deseopatisserie.com\/de\/produkt\/kosmos-kuchen\/"]}]},{"@type":"ImageObject","inLanguage":"de","@id":"https:\/\/deseopatisserie.com\/de\/produkt\/kosmos-kuchen\/#primaryimage","url":"https:\/\/deseopatisserie.com\/\/wp-content\/uploads\/2021\/08\/Tort-urodzinowy-Kosmos_1-1.jpg","contentUrl":"https:\/\/deseopatisserie.com\/\/wp-content\/uploads\/2021\/08\/Tort-urodzinowy-Kosmos_1-1.jpg","width":1200,"height":800},{"@type":"BreadcrumbList","@id":"https:\/\/deseopatisserie.com\/de\/produkt\/kosmos-kuchen\/#breadcrumb","itemListElement":[{"@type":"ListItem","position":1,"name":"Strona g\u0142\u00f3wna","item":"https:\/\/deseopatisserie.com\/de\/homepage\/"},{"@type":"ListItem","position":2,"name":"Kosmos Kuchen"}]},{"@type":"WebSite","@id":"https:\/\/deseopatisserie.com\/de\/#website","url":"https:\/\/deseopatisserie.com\/de\/","name":"DESEO","description":"Patisserie &amp; Chocolaterie","potentialAction":[{"@type":"SearchAction","target":{"@type":"EntryPoint","urlTemplate":"https:\/\/deseopatisserie.com\/de\/?s={search_term_string}"},"query-input":{"@type":"PropertyValueSpecification","valueRequired":true,"valueName":"search_term_string"}}],"inLanguage":"de"}]}},"_links":{"self":[{"href":"https:\/\/deseopatisserie.com\/de\/wp-json\/wp\/v2\/product\/92263","targetHints":{"allow":["GET"]}}],"collection":[{"href":"https:\/\/deseopatisserie.com\/de\/wp-json\/wp\/v2\/product"}],"about":[{"href":"https:\/\/deseopatisserie.com\/de\/wp-json\/wp\/v2\/types\/product"}],"wp:featuredmedia":[{"embeddable":true,"href":"https:\/\/deseopatisserie.com\/de\/wp-json\/wp\/v2\/media\/82605"}],"wp:attachment":[{"href":"https:\/\/deseopatisserie.com\/de\/wp-json\/wp\/v2\/media?parent=92263"}],"wp:term":[{"taxonomy":"product_brand","embeddable":true,"href":"https:\/\/deseopatisserie.com\/de\/wp-json\/wp\/v2\/product_brand?post=92263"},{"taxonomy":"product_cat","embeddable":true,"href":"https:\/\/deseopatisserie.com\/de\/wp-json\/wp\/v2\/product_cat?post=92263"},{"taxonomy":"product_tag","embeddable":true,"href":"https:\/\/deseopatisserie.com\/de\/wp-json\/wp\/v2\/product_tag?post=92263"}],"curies":[{"name":"wp","href":"https:\/\/api.w.org\/{rel}","templated":true}]}}